{"id":1022,"date":"2024-02-29T14:05:07","date_gmt":"2024-02-29T14:05:07","guid":{"rendered":"https:\/\/web.sanjuan.gob.ar\/bibliotecaambiental\/?page_id=1022"},"modified":"2024-05-08T15:19:31","modified_gmt":"2024-05-08T15:19:31","slug":"1022-2","status":"publish","type":"page","link":"https:\/\/web.sanjuan.gob.ar\/bibliotecaambiental\/1022-2\/","title":{"rendered":"Elementor #1022"},"content":{"rendered":"\t\t<div data-elementor-type=\"wp-page\" data-elementor-id=\"1022\" class=\"elementor elementor-1022\">\n\t\t\t\t\t\t<section class=\"elementor-section elementor-top-section elementor-element elementor-element-7a21ba3 elementor-section-boxed elementor-section-height-default elementor-section-height-default\" data-id=\"7a21ba3\" data-element_type=\"section\" data-e-type=\"section\">\n\t\t\t\t\t\t<div class=\"elementor-container elementor-column-gap-default\">\n\t\t\t\t\t<div class=\"elementor-column elementor-col-100 elementor-top-column elementor-element elementor-element-20d8316\" data-id=\"20d8316\" data-element_type=\"column\" data-e-type=\"column\">\n\t\t\t<div class=\"elementor-widget-wrap elementor-element-populated\">\n\t\t\t\t\t\t<div class=\"elementor-element elementor-element-3c7ec70 elementor-widget__width-initial elementor-widget elementor-widget-image\" data-id=\"3c7ec70\" data-element_type=\"widget\" data-e-type=\"widget\" data-widget_type=\"image.default\">\n\t\t\t\t<div class=\"elementor-widget-container\">\n\t\t\t\t\t\t\t\t\t\t\t\t\t\t\t<img fetchpriority=\"high\" decoding=\"async\" width=\"1024\" height=\"257\" src=\"https:\/\/web.sanjuan.gob.ar\/bibliotecaambiental\/wp-content\/uploads\/sites\/10\/2024\/03\/LOGO-2-1024x257.jpeg\" class=\"attachment-large size-large wp-image-1025\" alt=\"\" srcset=\"https:\/\/web.sanjuan.gob.ar\/bibliotecaambiental\/wp-content\/uploads\/sites\/10\/2024\/03\/LOGO-2-1024x257.jpeg 1024w, https:\/\/web.sanjuan.gob.ar\/bibliotecaambiental\/wp-content\/uploads\/sites\/10\/2024\/03\/LOGO-2-300x75.jpeg 300w, https:\/\/web.sanjuan.gob.ar\/bibliotecaambiental\/wp-content\/uploads\/sites\/10\/2024\/03\/LOGO-2-768x193.jpeg 768w, https:\/\/web.sanjuan.gob.ar\/bibliotecaambiental\/wp-content\/uploads\/sites\/10\/2024\/03\/LOGO-2-1536x386.jpeg 1536w, https:\/\/web.sanjuan.gob.ar\/bibliotecaambiental\/wp-content\/uploads\/sites\/10\/2024\/03\/LOGO-2.jpeg 1600w\" sizes=\"(max-width: 1024px) 100vw, 1024px\" \/>\t\t\t\t\t\t\t\t\t\t\t\t\t\t\t<\/div>\n\t\t\t\t<\/div>\n\t\t\t\t\t<\/div>\n\t\t<\/div>\n\t\t\t\t\t<\/div>\n\t\t<\/section>\n\t\t\t\t<section class=\"elementor-section elementor-top-section elementor-element elementor-element-ec4d04c elementor-section-boxed elementor-section-height-default elementor-section-height-default\" data-id=\"ec4d04c\" data-element_type=\"section\" data-e-type=\"section\">\n\t\t\t\t\t\t<div class=\"elementor-container elementor-column-gap-default\">\n\t\t\t\t\t<div class=\"elementor-column elementor-col-50 elementor-top-column elementor-element elementor-element-9159d34\" data-id=\"9159d34\" data-element_type=\"column\" data-e-type=\"column\">\n\t\t\t<div class=\"elementor-widget-wrap elementor-element-populated\">\n\t\t\t\t\t\t<div class=\"elementor-element elementor-element-c01c945 elementor-widget__width-initial elementor-widget elementor-widget-text-editor\" data-id=\"c01c945\" data-element_type=\"widget\" data-e-type=\"widget\" data-widget_type=\"text-editor.default\">\n\t\t\t\t<div class=\"elementor-widget-container\">\n\t\t\t\t\t\t\t\t\t<p style=\"text-align: center\">En el a\u00f1o 2023, el Gobierno de San Juan, a trav\u00e9s de la Secretar\u00eda de Estado de Ambiente y Desarrollo Sustentable, se crea el \u00e1rea \u201cTENENCIA RESPONSABLE DE ANIMALES DE COMPA\u00d1IA\u201d dependiente del Direcci\u00f3n de Ecolog\u00eda Urbana de la Subsecretaria de Conservaci\u00f3n, que tiene como objetivo provocar un cambio cultural en materia de protecci\u00f3n animal, favorecer y fomentar la tenencia responsable de animales de compa\u00f1\u00eda (caninos y felinos) y el cuidado de perros potencialmente peligrosos, tendiendo al mejoramiento sanitario y al bienestar general.<\/p><p style=\"text-align: justify\">Adem\u00e1s, el mismo busca apoyar la adopci\u00f3n y conducir el control poblacional, a trav\u00e9s de las campa\u00f1as de esterilizaci\u00f3n masiva, que se llevan a cabo en los distintos departamentos de la provincia dando apoyo a los quir\u00f3fanos municipales.<\/p><p style=\"text-align: justify\">\u201cTenencia Responsable\u201d se apoya en tres pilares fundamentales para su total desarrollo, como son educaci\u00f3n, esterilizaci\u00f3n y legislaci\u00f3n y fiscalizaci\u00f3n.<\/p><p style=\"text-align: justify\">El primero de estos pilares es la educaci\u00f3n ambiental, que se ejecuta mediante la educaci\u00f3n formal, a trav\u00e9s de los municipios y clubes ambientales escolares, mediante capacitaciones a sus docentes gu\u00edas, difusi\u00f3n a trav\u00e9s de ONG\u00b4s proteccionistas, jornadas de reflexi\u00f3n y campa\u00f1as de adopci\u00f3n.<\/p><p style=\"text-align: justify\">El segundo pilar es la esterilizaci\u00f3n y vacunaci\u00f3n masiva, para ello actualmente hay en funcionamiento tres quir\u00f3fanos para esterilizaci\u00f3n de animales de compa\u00f1\u00eda, es decir, perros y gatos, machos y hembras. Los quir\u00f3fanos trabajan en forma simult\u00e1nea e ininterrumpida en diferentes puntos cr\u00edticos de la Provincia atendiendo a las necesidades requeridas por cada departamento. Tambi\u00e9n en estas campa\u00f1as se provee la posibilidad, a los tenedores de animales potencialmente peligrosos, de colocar el chip de identificaci\u00f3n e incorporaci\u00f3n al registro.<\/p><p style=\"text-align: justify\">En cuanto al tercer pilar, legislaci\u00f3n, a fines del 2019, fue sancionada la Ley 2005-L, de \u00abTenencia responsable de animales de compa\u00f1\u00eda\u00bb, generando un gran avance en la materia. La mencionada Ley tiene por objeto, crear un r\u00e9gimen de protecci\u00f3n, bienestar y tenencia responsable de los animales de compa\u00f1\u00eda y adem\u00e1s establece como autoridad de aplicaci\u00f3n el Poder Ejecutivo a trav\u00e9s de la Secretaria de Ambiente y Desarrollo Sustentable.<\/p><p style=\"text-align: justify\">Por otro lado, en el a\u00f1o 2020 fue sancionada la Ley 2190-L \u201cLey de Tenencia Responsable de Perros Potencialmente Peligrosos\u201d, cuyo<strong>\u00a0<\/strong>objetivo es regular el control, registro y protecci\u00f3n de perros potencialmente peligrosos, para garantizar la preservaci\u00f3n de la vida y la integridad f\u00edsica de personas y animales; y los derechos y obligaciones de los propietarios, tenedores o guardadores responsables y de los criaderos.<\/p><p style=\"text-align: justify\">Para poner en pr\u00e1ctica estas normativas, el \u00e1rea de Tenencia encargada de recepcionar las denuncias y acudir a constatar las mismas, es fiscalizaci\u00f3n, cuyo objetivo es brindar un servicio de asistencia a la problem\u00e1tica de la comunidad, en relaci\u00f3n a posibles infracciones de las Leyes vigentes, esto a su vez se trabaja en conjunto con representantes de ONG proteccionistas, Polic\u00eda de San Juan y Polic\u00eda Ecol\u00f3gica.<\/p>\t\t\t\t\t\t\t\t<\/div>\n\t\t\t\t<\/div>\n\t\t\t\t<div class=\"elementor-element elementor-element-a831c0c elementor-widget__width-initial elementor-absolute elementor-widget elementor-widget-image\" data-id=\"a831c0c\" data-element_type=\"widget\" data-e-type=\"widget\" data-settings=\"{&quot;_position&quot;:&quot;absolute&quot;}\" data-widget_type=\"image.default\">\n\t\t\t\t<div class=\"elementor-widget-container\">\n\t\t\t\t\t\t\t\t\t\t\t\t\t\t\t<img decoding=\"async\" width=\"772\" height=\"799\" src=\"https:\/\/web.sanjuan.gob.ar\/bibliotecaambiental\/wp-content\/uploads\/sites\/10\/2024\/03\/LOGO-1.jpeg\" class=\"attachment-large size-large wp-image-1026\" alt=\"\" srcset=\"https:\/\/web.sanjuan.gob.ar\/bibliotecaambiental\/wp-content\/uploads\/sites\/10\/2024\/03\/LOGO-1.jpeg 772w, https:\/\/web.sanjuan.gob.ar\/bibliotecaambiental\/wp-content\/uploads\/sites\/10\/2024\/03\/LOGO-1-290x300.jpeg 290w, https:\/\/web.sanjuan.gob.ar\/bibliotecaambiental\/wp-content\/uploads\/sites\/10\/2024\/03\/LOGO-1-768x795.jpeg 768w\" sizes=\"(max-width: 772px) 100vw, 772px\" \/>\t\t\t\t\t\t\t\t\t\t\t\t\t\t\t<\/div>\n\t\t\t\t<\/div>\n\t\t\t\t\t<\/div>\n\t\t<\/div>\n\t\t\t\t<div class=\"elementor-column elementor-col-50 elementor-top-column elementor-element elementor-element-15a34ca\" data-id=\"15a34ca\" data-element_type=\"column\" data-e-type=\"column\">\n\t\t\t<div class=\"elementor-widget-wrap elementor-element-populated\">\n\t\t\t\t\t\t<div class=\"elementor-element elementor-element-c09b55a elementor-widget elementor-widget-video\" data-id=\"c09b55a\" data-element_type=\"widget\" data-e-type=\"widget\" data-settings=\"{&quot;youtube_url&quot;:&quot;https:\\\/\\\/youtu.be\\\/JxyhFccWmjg&quot;,&quot;video_type&quot;:&quot;youtube&quot;,&quot;controls&quot;:&quot;yes&quot;}\" data-widget_type=\"video.default\">\n\t\t\t\t<div class=\"elementor-widget-container\">\n\t\t\t\t\t\t\t<div class=\"elementor-wrapper elementor-open-inline\">\n\t\t\t<div class=\"elementor-video\"><\/div>\t\t<\/div>\n\t\t\t\t\t\t<\/div>\n\t\t\t\t<\/div>\n\t\t\t\t<div class=\"elementor-element elementor-element-c0c5145 elementor-widget elementor-widget-video\" data-id=\"c0c5145\" data-element_type=\"widget\" data-e-type=\"widget\" data-settings=\"{&quot;youtube_url&quot;:&quot;https:\\\/\\\/youtu.be\\\/1YVAo99X9Ro&quot;,&quot;video_type&quot;:&quot;youtube&quot;,&quot;controls&quot;:&quot;yes&quot;}\" data-widget_type=\"video.default\">\n\t\t\t\t<div class=\"elementor-widget-container\">\n\t\t\t\t\t\t\t<div class=\"elementor-wrapper elementor-open-inline\">\n\t\t\t<div class=\"elementor-video\"><\/div>\t\t<\/div>\n\t\t\t\t\t\t<\/div>\n\t\t\t\t<\/div>\n\t\t\t\t\t<\/div>\n\t\t<\/div>\n\t\t\t\t\t<\/div>\n\t\t<\/section>\n\t\t\t\t<section class=\"elementor-section elementor-top-section elementor-element elementor-element-84ff760 elementor-section-boxed elementor-section-height-default elementor-section-height-default\" data-id=\"84ff760\" data-element_type=\"section\" data-e-type=\"section\">\n\t\t\t\t\t\t<div class=\"elementor-container elementor-column-gap-default\">\n\t\t\t\t\t<div class=\"elementor-column elementor-col-100 elementor-top-column elementor-element elementor-element-9bf5b7d\" data-id=\"9bf5b7d\" data-element_type=\"column\" data-e-type=\"column\">\n\t\t\t<div class=\"elementor-widget-wrap elementor-element-populated\">\n\t\t\t\t\t\t<div class=\"elementor-element elementor-element-8ba8b17 elementor-widget elementor-widget-text-editor\" data-id=\"8ba8b17\" data-element_type=\"widget\" data-e-type=\"widget\" data-widget_type=\"text-editor.default\">\n\t\t\t\t<div class=\"elementor-widget-container\">\n\t\t\t\t\t\t\t\t\t<p style=\"text-align: center\">Contacto del \u00e1rea Tenencia Responsable <a href=\"https:\/\/wa.me\/+5492644305057\/?text=Buenos dias\" data-wplink-url-error=\"true\">2644305057<\/a>\/ 4305937<\/p>\t\t\t\t\t\t\t\t<\/div>\n\t\t\t\t<\/div>\n\t\t\t\t\t<\/div>\n\t\t<\/div>\n\t\t\t\t\t<\/div>\n\t\t<\/section>\n\t\t\t\t<\/div>\n\t\t","protected":false},"excerpt":{"rendered":"<p>En el a\u00f1o 2023, el Gobierno de San Juan, a trav\u00e9s de la Secretar\u00eda de Estado de Ambiente y Desarrollo Sustentable, se crea el \u00e1rea \u201cTENENCIA RESPONSABLE DE ANIMALES DE COMPA\u00d1IA\u201d dependiente del Direcci\u00f3n de Ecolog\u00eda Urbana de la Subsecretaria de Conservaci\u00f3n, que tiene como objetivo provocar un cambio cultural en materia de protecci\u00f3n animal,&hellip;&nbsp;<a href=\"https:\/\/web.sanjuan.gob.ar\/bibliotecaambiental\/1022-2\/\" rel=\"bookmark\">Leer m\u00e1s &raquo;<span class=\"screen-reader-text\">Elementor #1022<\/span><\/a><\/p>\n","protected":false},"author":13,"featured_media":0,"parent":0,"menu_order":0,"comment_status":"closed","ping_status":"closed","template":"","meta":{"neve_meta_sidebar":"","neve_meta_container":"","neve_meta_enable_content_width":"off","neve_meta_content_width":100,"neve_meta_title_alignment":"","neve_meta_author_avatar":"","neve_post_elements_order":"","neve_meta_disable_header":"on","neve_meta_disable_footer":"on","neve_meta_disable_title":"on","footnotes":""},"class_list":["post-1022","page","type-page","status-publish","hentry"],"_links":{"self":[{"href":"https:\/\/web.sanjuan.gob.ar\/bibliotecaambiental\/wp-json\/wp\/v2\/pages\/1022","targetHints":{"allow":["GET"]}}],"collection":[{"href":"https:\/\/web.sanjuan.gob.ar\/bibliotecaambiental\/wp-json\/wp\/v2\/pages"}],"about":[{"href":"https:\/\/web.sanjuan.gob.ar\/bibliotecaambiental\/wp-json\/wp\/v2\/types\/page"}],"author":[{"embeddable":true,"href":"https:\/\/web.sanjuan.gob.ar\/bibliotecaambiental\/wp-json\/wp\/v2\/users\/13"}],"replies":[{"embeddable":true,"href":"https:\/\/web.sanjuan.gob.ar\/bibliotecaambiental\/wp-json\/wp\/v2\/comments?post=1022"}],"version-history":[{"count":3,"href":"https:\/\/web.sanjuan.gob.ar\/bibliotecaambiental\/wp-json\/wp\/v2\/pages\/1022\/revisions"}],"predecessor-version":[{"id":1044,"href":"https:\/\/web.sanjuan.gob.ar\/bibliotecaambiental\/wp-json\/wp\/v2\/pages\/1022\/revisions\/1044"}],"wp:attachment":[{"href":"https:\/\/web.sanjuan.gob.ar\/bibliotecaambiental\/wp-json\/wp\/v2\/media?parent=1022"}],"curies":[{"name":"wp","href":"https:\/\/api.w.org\/{rel}","templated":true}]}}