{"id":509,"date":"2021-01-26T13:18:23","date_gmt":"2021-01-26T13:18:23","guid":{"rendered":"https:\/\/web.sanjuan.gob.ar\/bibliotecaambiental\/?page_id=509"},"modified":"2021-01-26T13:48:16","modified_gmt":"2021-01-26T13:48:16","slug":"peliculas","status":"publish","type":"page","link":"https:\/\/web.sanjuan.gob.ar\/bibliotecaambiental\/peliculas\/","title":{"rendered":"Pel\u00edculas"},"content":{"rendered":"\t\t<div data-elementor-type=\"wp-page\" data-elementor-id=\"509\" class=\"elementor elementor-509\">\n\t\t\t\t\t\t<section class=\"elementor-section elementor-top-section elementor-element elementor-element-ddfbbcf elementor-section-boxed elementor-section-height-default elementor-section-height-default\" data-id=\"ddfbbcf\" data-element_type=\"section\" data-e-type=\"section\" data-settings=\"{&quot;background_background&quot;:&quot;classic&quot;}\">\n\t\t\t\t\t\t\t<div class=\"elementor-background-overlay\"><\/div>\n\t\t\t\t\t\t\t<div class=\"elementor-container elementor-column-gap-default\">\n\t\t\t\t\t<div class=\"elementor-column elementor-col-100 elementor-top-column elementor-element elementor-element-a4c049b\" data-id=\"a4c049b\" data-element_type=\"column\" data-e-type=\"column\">\n\t\t\t<div class=\"elementor-widget-wrap elementor-element-populated\">\n\t\t\t\t\t\t<div class=\"elementor-element elementor-element-169be4f elementor-widget elementor-widget-heading\" data-id=\"169be4f\" data-element_type=\"widget\" data-e-type=\"widget\" data-widget_type=\"heading.default\">\n\t\t\t\t<div class=\"elementor-widget-container\">\n\t\t\t\t\t<h2 class=\"elementor-heading-title elementor-size-medium\">Pel\u00edculas<\/h2>\t\t\t\t<\/div>\n\t\t\t\t<\/div>\n\t\t\t\t\t<\/div>\n\t\t<\/div>\n\t\t\t\t\t<\/div>\n\t\t<\/section>\n\t\t\t\t<section class=\"elementor-section elementor-top-section elementor-element elementor-element-7b165d1 elementor-section-stretched elementor-section-boxed elementor-section-height-default elementor-section-height-default\" data-id=\"7b165d1\" data-element_type=\"section\" data-e-type=\"section\" data-settings=\"{&quot;background_background&quot;:&quot;classic&quot;,&quot;stretch_section&quot;:&quot;section-stretched&quot;}\">\n\t\t\t\t\t\t<div class=\"elementor-container elementor-column-gap-wider\">\n\t\t\t\t\t<div class=\"elementor-column elementor-col-100 elementor-top-column elementor-element elementor-element-257ff8b\" data-id=\"257ff8b\" data-element_type=\"column\" data-e-type=\"column\">\n\t\t\t<div class=\"elementor-widget-wrap elementor-element-populated\">\n\t\t\t\t\t\t<section class=\"elementor-section elementor-inner-section elementor-element elementor-element-5222187 elementor-section-boxed elementor-section-height-default elementor-section-height-default\" data-id=\"5222187\" data-element_type=\"section\" data-e-type=\"section\">\n\t\t\t\t\t\t<div class=\"elementor-container elementor-column-gap-default\">\n\t\t\t\t\t<div class=\"elementor-column elementor-col-33 elementor-inner-column elementor-element elementor-element-178de84\" data-id=\"178de84\" data-element_type=\"column\" data-e-type=\"column\">\n\t\t\t<div class=\"elementor-widget-wrap elementor-element-populated\">\n\t\t\t\t\t\t<div class=\"elementor-element elementor-element-0576d12 elementor-widget elementor-widget-heading\" data-id=\"0576d12\" data-element_type=\"widget\" data-e-type=\"widget\" data-widget_type=\"heading.default\">\n\t\t\t\t<div class=\"elementor-widget-container\">\n\t\t\t\t\t<h2 class=\"elementor-heading-title elementor-size-default\">Antes que sea Tarde<\/h2>\t\t\t\t<\/div>\n\t\t\t\t<\/div>\n\t\t\t\t<div class=\"elementor-element elementor-element-d85febd elementor-widget elementor-widget-image\" data-id=\"d85febd\" data-element_type=\"widget\" data-e-type=\"widget\" data-widget_type=\"image.default\">\n\t\t\t\t<div class=\"elementor-widget-container\">\n\t\t\t\t\t\t\t\t\t\t\t\t\t\t\t<img fetchpriority=\"high\" decoding=\"async\" width=\"768\" height=\"432\" src=\"https:\/\/web.sanjuan.gob.ar\/bibliotecaambiental\/wp-content\/uploads\/sites\/10\/2021\/01\/antes-que-sea-tarde-768x432.jpg\" class=\"attachment-medium_large size-medium_large wp-image-512\" alt=\"\" srcset=\"https:\/\/web.sanjuan.gob.ar\/bibliotecaambiental\/wp-content\/uploads\/sites\/10\/2021\/01\/antes-que-sea-tarde-768x432.jpg 768w, https:\/\/web.sanjuan.gob.ar\/bibliotecaambiental\/wp-content\/uploads\/sites\/10\/2021\/01\/antes-que-sea-tarde-300x169.jpg 300w, https:\/\/web.sanjuan.gob.ar\/bibliotecaambiental\/wp-content\/uploads\/sites\/10\/2021\/01\/antes-que-sea-tarde.jpg 1024w\" sizes=\"(max-width: 768px) 100vw, 768px\" \/>\t\t\t\t\t\t\t\t\t\t\t\t\t\t\t<\/div>\n\t\t\t\t<\/div>\n\t\t\t\t<div class=\"elementor-element elementor-element-728b91e elementor-widget elementor-widget-text-editor\" data-id=\"728b91e\" data-element_type=\"widget\" data-e-type=\"widget\" data-widget_type=\"text-editor.default\">\n\t\t\t\t<div class=\"elementor-widget-container\">\n\t\t\t\t\t\t\t\t\t<p><span style=\"font-size: 10pt;\"><b>Director<\/b>: Leonardo DiCaprio<\/span><br \/><span style=\"font-size: 10pt;\"><b>A\u00f1o<\/b>: Octubre de 2016<\/span><br \/><span style=\"font-size: 10pt;\"><b>Duraci\u00f3n<\/b>: 1h 35\u2019<\/span><br \/><span style=\"font-size: 10pt;\"><b>Tipo<\/b>: Documental<\/span><br \/><span style=\"font-size: 10pt;\"><b>Descripci\u00f3n<\/b>: Este documental trata sobre el cambio clim\u00e1tico, el cual se estren\u00f3 en NatGeo el 30 de octubre de 2016. Fue emitido en 171 pa\u00edses y 45 idiomas.<\/span><br \/><span style=\"font-size: 10pt;\">Tratar de explicar, mediante el arte, las consecuencias del cambio clim\u00e1tico, es la estrategia de Leonardo DiCaprio en Antes que sea tarde (Before the flood).\u00a0<\/span><\/p>\t\t\t\t\t\t\t\t<\/div>\n\t\t\t\t<\/div>\n\t\t\t\t\t<\/div>\n\t\t<\/div>\n\t\t\t\t<div class=\"elementor-column elementor-col-33 elementor-inner-column elementor-element elementor-element-7f10557\" data-id=\"7f10557\" data-element_type=\"column\" data-e-type=\"column\">\n\t\t\t<div class=\"elementor-widget-wrap elementor-element-populated\">\n\t\t\t\t\t\t<div class=\"elementor-element elementor-element-f87f348 elementor-widget elementor-widget-heading\" data-id=\"f87f348\" data-element_type=\"widget\" data-e-type=\"widget\" data-widget_type=\"heading.default\">\n\t\t\t\t<div class=\"elementor-widget-container\">\n\t\t\t\t\t<h2 class=\"elementor-heading-title elementor-size-default\">La Hora 11<\/h2>\t\t\t\t<\/div>\n\t\t\t\t<\/div>\n\t\t\t\t<div class=\"elementor-element elementor-element-5af01ee elementor-widget elementor-widget-image\" data-id=\"5af01ee\" data-element_type=\"widget\" data-e-type=\"widget\" data-widget_type=\"image.default\">\n\t\t\t\t<div class=\"elementor-widget-container\">\n\t\t\t\t\t\t\t\t\t\t\t\t\t\t\t<img decoding=\"async\" width=\"768\" height=\"353\" src=\"https:\/\/web.sanjuan.gob.ar\/bibliotecaambiental\/wp-content\/uploads\/sites\/10\/2021\/01\/La-hora-11-768x353.jpg\" class=\"attachment-medium_large size-medium_large wp-image-513\" alt=\"\" srcset=\"https:\/\/web.sanjuan.gob.ar\/bibliotecaambiental\/wp-content\/uploads\/sites\/10\/2021\/01\/La-hora-11-768x353.jpg 768w, https:\/\/web.sanjuan.gob.ar\/bibliotecaambiental\/wp-content\/uploads\/sites\/10\/2021\/01\/La-hora-11-300x138.jpg 300w, https:\/\/web.sanjuan.gob.ar\/bibliotecaambiental\/wp-content\/uploads\/sites\/10\/2021\/01\/La-hora-11.jpg 800w\" sizes=\"(max-width: 768px) 100vw, 768px\" \/>\t\t\t\t\t\t\t\t\t\t\t\t\t\t\t<\/div>\n\t\t\t\t<\/div>\n\t\t\t\t<div class=\"elementor-element elementor-element-01288a8 elementor-widget elementor-widget-text-editor\" data-id=\"01288a8\" data-element_type=\"widget\" data-e-type=\"widget\" data-widget_type=\"text-editor.default\">\n\t\t\t\t<div class=\"elementor-widget-container\">\n\t\t\t\t\t\t\t\t\t<p><span style=\"font-size: 10pt;\"><b>Direcci\u00f3n<\/b>: Nadia Conners, Leila Conners y la Producci\u00f3n de Leonardo DiCaprio<br \/><\/span><span style=\"font-size: 10pt;\"><b>A\u00f1o<\/b>: Diciembre de 2007<br \/><\/span><span style=\"font-size: 10pt;\"><b>Duraci\u00f3n<\/b>: 1h 28\u2019<br \/><\/span><span style=\"font-size: 10pt;\"><b>Descripci\u00f3n<\/b>: La hora 11 es un recorrido sobre la profunda y preocupante crisis ecol\u00f3gica actual, fundamentada en los muchos fen\u00f3menos tales como la sequ\u00eda, el hambre, las inundaciones o la lluvia \u00e1cida, entre otras secuelas que la tierra experimenta todo causado por el cambio clim\u00e1tico. La pel\u00edcula tiene tambi\u00e9n como objetivo concientizar en el grave peligro que esta la humanidad, adem\u00e1s, incluye soluciones pr\u00e1cticas para ayudar a restaurar y proteger los ecosistemas del planeta que en los \u00faltimos a\u00f1os se han venido deteriorando aceleradamente.\u00a0<\/span><\/p>\t\t\t\t\t\t\t\t<\/div>\n\t\t\t\t<\/div>\n\t\t\t\t\t<\/div>\n\t\t<\/div>\n\t\t\t\t<div class=\"elementor-column elementor-col-33 elementor-inner-column elementor-element elementor-element-155db82\" data-id=\"155db82\" data-element_type=\"column\" data-e-type=\"column\">\n\t\t\t<div class=\"elementor-widget-wrap elementor-element-populated\">\n\t\t\t\t\t\t<div class=\"elementor-element elementor-element-ef6dfe3 elementor-widget elementor-widget-heading\" data-id=\"ef6dfe3\" data-element_type=\"widget\" data-e-type=\"widget\" data-widget_type=\"heading.default\">\n\t\t\t\t<div class=\"elementor-widget-container\">\n\t\t\t\t\t<h2 class=\"elementor-heading-title elementor-size-default\">La Verdad Inc\u00f3moda 2<\/h2>\t\t\t\t<\/div>\n\t\t\t\t<\/div>\n\t\t\t\t<div class=\"elementor-element elementor-element-276d561 elementor-widget elementor-widget-image\" data-id=\"276d561\" data-element_type=\"widget\" data-e-type=\"widget\" data-widget_type=\"image.default\">\n\t\t\t\t<div class=\"elementor-widget-container\">\n\t\t\t\t\t\t\t\t\t\t\t\t\t\t\t<img decoding=\"async\" width=\"768\" height=\"432\" src=\"https:\/\/web.sanjuan.gob.ar\/bibliotecaambiental\/wp-content\/uploads\/sites\/10\/2021\/01\/verdad-incomoda-2-768x432.jpg\" class=\"attachment-medium_large size-medium_large wp-image-514\" alt=\"\" srcset=\"https:\/\/web.sanjuan.gob.ar\/bibliotecaambiental\/wp-content\/uploads\/sites\/10\/2021\/01\/verdad-incomoda-2-768x432.jpg 768w, https:\/\/web.sanjuan.gob.ar\/bibliotecaambiental\/wp-content\/uploads\/sites\/10\/2021\/01\/verdad-incomoda-2-300x169.jpg 300w, https:\/\/web.sanjuan.gob.ar\/bibliotecaambiental\/wp-content\/uploads\/sites\/10\/2021\/01\/verdad-incomoda-2-1024x576.jpg 1024w, https:\/\/web.sanjuan.gob.ar\/bibliotecaambiental\/wp-content\/uploads\/sites\/10\/2021\/01\/verdad-incomoda-2.jpg 1280w\" sizes=\"(max-width: 768px) 100vw, 768px\" \/>\t\t\t\t\t\t\t\t\t\t\t\t\t\t\t<\/div>\n\t\t\t\t<\/div>\n\t\t\t\t<div class=\"elementor-element elementor-element-658c097 elementor-widget elementor-widget-text-editor\" data-id=\"658c097\" data-element_type=\"widget\" data-e-type=\"widget\" data-widget_type=\"text-editor.default\">\n\t\t\t\t<div class=\"elementor-widget-container\">\n\t\t\t\t\t\t\t\t\t<p><span style=\"font-size: 10pt;\"><b>A\u00f1o<\/b>: 2017<\/span><br \/><span style=\"font-size: 10pt;\"><b>Clasificaci\u00f3n por edades<\/b>: +7<\/span><br \/><span style=\"font-size: 10pt;\"><b>Duraci\u00f3n<\/b>: 1h 38&#8242;<\/span><br \/><span style=\"font-size: 10pt;\"><b>Protagonista<\/b>: Al Gore<\/span><br \/><span style=\"font-size: 10pt;\"><b>G\u00e9nero<\/b>: Documental<\/span><br \/><span style=\"font-size: 10pt;\"><b>Descripci\u00f3n<\/b>: Han pasado 10 a\u00f1os del documental \u00abuna verdad inc\u00f3moda\u00bb y Al Gore sigue su incansable lucha por el cambio clim\u00e1tico para demostrar que a\u00fan podemos salvar el planeta.<\/span><\/p>\t\t\t\t\t\t\t\t<\/div>\n\t\t\t\t<\/div>\n\t\t\t\t\t<\/div>\n\t\t<\/div>\n\t\t\t\t\t<\/div>\n\t\t<\/section>\n\t\t\t\t<section class=\"elementor-section elementor-inner-section elementor-element elementor-element-9f4698a elementor-section-boxed elementor-section-height-default elementor-section-height-default\" data-id=\"9f4698a\" data-element_type=\"section\" data-e-type=\"section\">\n\t\t\t\t\t\t<div class=\"elementor-container elementor-column-gap-default\">\n\t\t\t\t\t<div class=\"elementor-column elementor-col-33 elementor-inner-column elementor-element elementor-element-7ec39e7\" data-id=\"7ec39e7\" data-element_type=\"column\" data-e-type=\"column\">\n\t\t\t<div class=\"elementor-widget-wrap elementor-element-populated\">\n\t\t\t\t\t\t<div class=\"elementor-element elementor-element-ba083eb elementor-widget elementor-widget-heading\" data-id=\"ba083eb\" data-element_type=\"widget\" data-e-type=\"widget\" data-widget_type=\"heading.default\">\n\t\t\t\t<div class=\"elementor-widget-container\">\n\t\t\t\t\t<h2 class=\"elementor-heading-title elementor-size-default\">Con los Pies en la Tierra<\/h2>\t\t\t\t<\/div>\n\t\t\t\t<\/div>\n\t\t\t\t<div class=\"elementor-element elementor-element-815b5a2 elementor-widget elementor-widget-image\" data-id=\"815b5a2\" data-element_type=\"widget\" data-e-type=\"widget\" data-widget_type=\"image.default\">\n\t\t\t\t<div class=\"elementor-widget-container\">\n\t\t\t\t\t\t\t\t\t\t\t\t\t\t\t<img loading=\"lazy\" decoding=\"async\" width=\"1024\" height=\"576\" src=\"https:\/\/web.sanjuan.gob.ar\/bibliotecaambiental\/wp-content\/uploads\/sites\/10\/2021\/01\/pies-en-la-tierra-1024x576.jpg\" class=\"attachment-large size-large wp-image-515\" alt=\"\" srcset=\"https:\/\/web.sanjuan.gob.ar\/bibliotecaambiental\/wp-content\/uploads\/sites\/10\/2021\/01\/pies-en-la-tierra-1024x576.jpg 1024w, https:\/\/web.sanjuan.gob.ar\/bibliotecaambiental\/wp-content\/uploads\/sites\/10\/2021\/01\/pies-en-la-tierra-300x169.jpg 300w, https:\/\/web.sanjuan.gob.ar\/bibliotecaambiental\/wp-content\/uploads\/sites\/10\/2021\/01\/pies-en-la-tierra-768x432.jpg 768w, https:\/\/web.sanjuan.gob.ar\/bibliotecaambiental\/wp-content\/uploads\/sites\/10\/2021\/01\/pies-en-la-tierra.jpg 1280w\" sizes=\"(max-width: 1024px) 100vw, 1024px\" \/>\t\t\t\t\t\t\t\t\t\t\t\t\t\t\t<\/div>\n\t\t\t\t<\/div>\n\t\t\t\t<div class=\"elementor-element elementor-element-292404d elementor-widget elementor-widget-text-editor\" data-id=\"292404d\" data-element_type=\"widget\" data-e-type=\"widget\" data-widget_type=\"text-editor.default\">\n\t\t\t\t<div class=\"elementor-widget-container\">\n\t\t\t\t\t\t\t\t\t<p><span style=\"font-size: 10pt;\"><strong>A\u00f1o<\/strong>: 2020<br \/><\/span><span style=\"font-size: 10pt;\"><strong>Clasificaci\u00f3n por edades<\/strong>: +7<br \/><\/span><span style=\"font-size: 10pt;\"><strong>Duraci\u00f3n<\/strong>:\u00a0 8 cap\u00edtulos (1 temporada)<br \/><\/span><span style=\"font-size: 10pt;\"><strong>Protagonista<\/strong>: Zac Efron, Darin Olien<br \/><\/span><span style=\"font-size: 10pt;\"><strong>G\u00e9nero<\/strong>: Documental<br \/><\/span><span style=\"font-size: 10pt;\"><strong>Descripci\u00f3n<\/strong>: El actor Zac Efron visita muchos pa\u00edses junto a Darin Olien, experto en salud y bienestar, en un programa de viajes que busca formas de vivir saludables y sostenibles.<\/span><\/p>\t\t\t\t\t\t\t\t<\/div>\n\t\t\t\t<\/div>\n\t\t\t\t\t<\/div>\n\t\t<\/div>\n\t\t\t\t<div class=\"elementor-column elementor-col-33 elementor-inner-column elementor-element elementor-element-74b3dab\" data-id=\"74b3dab\" data-element_type=\"column\" data-e-type=\"column\">\n\t\t\t<div class=\"elementor-widget-wrap elementor-element-populated\">\n\t\t\t\t\t\t<div class=\"elementor-element elementor-element-c78ec64 elementor-widget elementor-widget-heading\" data-id=\"c78ec64\" data-element_type=\"widget\" data-e-type=\"widget\" data-widget_type=\"heading.default\">\n\t\t\t\t<div class=\"elementor-widget-container\">\n\t\t\t\t\t<h2 class=\"elementor-heading-title elementor-size-default\">Un Oc\u00e9ano de Pl\u00e1stico<\/h2>\t\t\t\t<\/div>\n\t\t\t\t<\/div>\n\t\t\t\t<div class=\"elementor-element elementor-element-d992879 elementor-widget elementor-widget-image\" data-id=\"d992879\" data-element_type=\"widget\" data-e-type=\"widget\" data-widget_type=\"image.default\">\n\t\t\t\t<div class=\"elementor-widget-container\">\n\t\t\t\t\t\t\t\t\t\t\t\t\t\t\t<img loading=\"lazy\" decoding=\"async\" width=\"800\" height=\"450\" src=\"https:\/\/web.sanjuan.gob.ar\/bibliotecaambiental\/wp-content\/uploads\/sites\/10\/2021\/01\/un-oceano-plastico.jpg\" class=\"attachment-large size-large wp-image-519\" alt=\"\" srcset=\"https:\/\/web.sanjuan.gob.ar\/bibliotecaambiental\/wp-content\/uploads\/sites\/10\/2021\/01\/un-oceano-plastico.jpg 800w, https:\/\/web.sanjuan.gob.ar\/bibliotecaambiental\/wp-content\/uploads\/sites\/10\/2021\/01\/un-oceano-plastico-300x169.jpg 300w, https:\/\/web.sanjuan.gob.ar\/bibliotecaambiental\/wp-content\/uploads\/sites\/10\/2021\/01\/un-oceano-plastico-768x432.jpg 768w\" sizes=\"(max-width: 800px) 100vw, 800px\" \/>\t\t\t\t\t\t\t\t\t\t\t\t\t\t\t<\/div>\n\t\t\t\t<\/div>\n\t\t\t\t<div class=\"elementor-element elementor-element-6730dde elementor-widget elementor-widget-text-editor\" data-id=\"6730dde\" data-element_type=\"widget\" data-e-type=\"widget\" data-widget_type=\"text-editor.default\">\n\t\t\t\t<div class=\"elementor-widget-container\">\n\t\t\t\t\t\t\t\t\t<p><span style=\"font-size: 10pt;\"><strong>A\u00f1o<\/strong>: 2016<br \/><\/span><span style=\"font-size: 10pt;\"><strong>Clasificaci\u00f3n por edades<\/strong>: +13<br \/><\/span><span style=\"font-size: 10pt;\"><strong>Duraci\u00f3n<\/strong>: 1h 40&#8242;<br \/><\/span><span style=\"font-size: 10pt;\"><strong>Direcci\u00f3n<\/strong>:\u00a0 Craig Leeson, Mindy Elliott<br \/><\/span><span style=\"font-size: 10pt;\"><strong>Protagonistas<\/strong>: Tanya Streeter<br \/><\/span><span style=\"font-size: 10pt;\"><strong>G\u00e9nero<\/strong>: Documentales<br \/><\/span><span style=\"font-size: 10pt;\"><strong>Descripci\u00f3n<\/strong>: Cuando descubre que los oc\u00e9anos de la Tierra est\u00e1n llenos de residuos pl\u00e1sticos, un cineasta investiga su impacto ambiental.<\/span><\/p>\t\t\t\t\t\t\t\t<\/div>\n\t\t\t\t<\/div>\n\t\t\t\t\t<\/div>\n\t\t<\/div>\n\t\t\t\t<div class=\"elementor-column elementor-col-33 elementor-inner-column elementor-element elementor-element-6dccfb2\" data-id=\"6dccfb2\" data-element_type=\"column\" data-e-type=\"column\">\n\t\t\t<div class=\"elementor-widget-wrap elementor-element-populated\">\n\t\t\t\t\t\t<div class=\"elementor-element elementor-element-1ef9fa9 elementor-widget elementor-widget-heading\" data-id=\"1ef9fa9\" data-element_type=\"widget\" data-e-type=\"widget\" data-widget_type=\"heading.default\">\n\t\t\t\t<div class=\"elementor-widget-container\">\n\t\t\t\t\t<h2 class=\"elementor-heading-title elementor-size-default\">Nuestro Planeta<\/h2>\t\t\t\t<\/div>\n\t\t\t\t<\/div>\n\t\t\t\t<div class=\"elementor-element elementor-element-47c36ca elementor-widget elementor-widget-image\" data-id=\"47c36ca\" data-element_type=\"widget\" data-e-type=\"widget\" data-widget_type=\"image.default\">\n\t\t\t\t<div class=\"elementor-widget-container\">\n\t\t\t\t\t\t\t\t\t\t\t\t\t\t\t<img loading=\"lazy\" decoding=\"async\" width=\"800\" height=\"450\" src=\"https:\/\/web.sanjuan.gob.ar\/bibliotecaambiental\/wp-content\/uploads\/sites\/10\/2021\/01\/nuestro-planeta.jpg\" class=\"attachment-large size-large wp-image-523\" alt=\"\" srcset=\"https:\/\/web.sanjuan.gob.ar\/bibliotecaambiental\/wp-content\/uploads\/sites\/10\/2021\/01\/nuestro-planeta.jpg 800w, https:\/\/web.sanjuan.gob.ar\/bibliotecaambiental\/wp-content\/uploads\/sites\/10\/2021\/01\/nuestro-planeta-300x169.jpg 300w, https:\/\/web.sanjuan.gob.ar\/bibliotecaambiental\/wp-content\/uploads\/sites\/10\/2021\/01\/nuestro-planeta-768x432.jpg 768w\" sizes=\"(max-width: 800px) 100vw, 800px\" \/>\t\t\t\t\t\t\t\t\t\t\t\t\t\t\t<\/div>\n\t\t\t\t<\/div>\n\t\t\t\t<div class=\"elementor-element elementor-element-13df50a elementor-widget elementor-widget-text-editor\" data-id=\"13df50a\" data-element_type=\"widget\" data-e-type=\"widget\" data-widget_type=\"text-editor.default\">\n\t\t\t\t<div class=\"elementor-widget-container\">\n\t\t\t\t\t\t\t\t\t<p><span style=\"font-size: 10pt;\"><strong>A\u00f1o<\/strong>: 2019<\/span><br \/><span style=\"font-size: 10pt;\"><strong>Clasificaci\u00f3n por edades<\/strong>: +7<\/span><br \/><span style=\"font-size: 10pt;\"><strong>Duraci\u00f3n<\/strong>:\u00a0 8 cap\u00edtulos (1 temporada)<\/span><br \/><span style=\"font-size: 10pt;\"><strong>Direcci\u00f3n<\/strong>: Alastair Fothergill, Keith Scholey, Colin Butfield<\/span><br \/><span style=\"font-size: 10pt;\"><strong>G\u00e9nero<\/strong>: Documental<\/span><br \/><span style=\"font-size: 10pt;\"><strong>Descripci\u00f3n<\/strong>: Nuestro planeta es una revolucionaria colaboraci\u00f3n de cuatro a\u00f1os entre Netflix, Silverback Films y WWF. Explora las abundantes maravillas naturales, las especies ic\u00f3nicas y las escenas de la vida silvestre que a\u00fan prevalecen, y revela los principales problemas que amenazan con urgencia su existencia.\u00a0 Su misi\u00f3n es inspirar a personas de todo el mundo para que comprendan nuestro planeta y los desaf\u00edos a los que se enfrenta.<\/span><\/p>\t\t\t\t\t\t\t\t<\/div>\n\t\t\t\t<\/div>\n\t\t\t\t\t<\/div>\n\t\t<\/div>\n\t\t\t\t\t<\/div>\n\t\t<\/section>\n\t\t\t\t\t<\/div>\n\t\t<\/div>\n\t\t\t\t\t<\/div>\n\t\t<\/section>\n\t\t\t\t<\/div>\n\t\t","protected":false},"excerpt":{"rendered":"<p>Pel\u00edculas Antes que sea Tarde Director: Leonardo DiCaprioA\u00f1o: Octubre de 2016Duraci\u00f3n: 1h 35\u2019Tipo: DocumentalDescripci\u00f3n: Este documental trata sobre el cambio clim\u00e1tico, el cual se estren\u00f3 en NatGeo el 30 de octubre de 2016. Fue emitido en 171 pa\u00edses y 45 idiomas.Tratar de explicar, mediante el arte, las consecuencias del cambio clim\u00e1tico, es la estrategia de&hellip;&nbsp;<a href=\"https:\/\/web.sanjuan.gob.ar\/bibliotecaambiental\/peliculas\/\" rel=\"bookmark\">Leer m\u00e1s &raquo;<span class=\"screen-reader-text\">Pel\u00edculas<\/span><\/a><\/p>\n","protected":false},"author":4,"featured_media":0,"parent":0,"menu_order":0,"comment_status":"closed","ping_status":"closed","template":"elementor_header_footer","meta":{"neve_meta_sidebar":"","neve_meta_container":"","neve_meta_enable_content_width":"off","neve_meta_content_width":100,"neve_meta_title_alignment":"","neve_meta_author_avatar":"","neve_post_elements_order":"","neve_meta_disable_header":"","neve_meta_disable_footer":"","neve_meta_disable_title":"","footnotes":""},"class_list":["post-509","page","type-page","status-publish","hentry"],"_links":{"self":[{"href":"https:\/\/web.sanjuan.gob.ar\/bibliotecaambiental\/wp-json\/wp\/v2\/pages\/509","targetHints":{"allow":["GET"]}}],"collection":[{"href":"https:\/\/web.sanjuan.gob.ar\/bibliotecaambiental\/wp-json\/wp\/v2\/pages"}],"about":[{"href":"https:\/\/web.sanjuan.gob.ar\/bibliotecaambiental\/wp-json\/wp\/v2\/types\/page"}],"author":[{"embeddable":true,"href":"https:\/\/web.sanjuan.gob.ar\/bibliotecaambiental\/wp-json\/wp\/v2\/users\/4"}],"replies":[{"embeddable":true,"href":"https:\/\/web.sanjuan.gob.ar\/bibliotecaambiental\/wp-json\/wp\/v2\/comments?post=509"}],"version-history":[{"count":4,"href":"https:\/\/web.sanjuan.gob.ar\/bibliotecaambiental\/wp-json\/wp\/v2\/pages\/509\/revisions"}],"predecessor-version":[{"id":959,"href":"https:\/\/web.sanjuan.gob.ar\/bibliotecaambiental\/wp-json\/wp\/v2\/pages\/509\/revisions\/959"}],"wp:attachment":[{"href":"https:\/\/web.sanjuan.gob.ar\/bibliotecaambiental\/wp-json\/wp\/v2\/media?parent=509"}],"curies":[{"name":"wp","href":"https:\/\/api.w.org\/{rel}","templated":true}]}}