{"id":1336,"date":"2013-04-07T21:13:52","date_gmt":"2013-04-07T21:13:52","guid":{"rendered":"http:\/\/www.kriesi.at\/themes\/enfold\/?page_id=1336"},"modified":"2013-04-07T21:13:52","modified_gmt":"2013-04-07T21:13:52","slug":"blog-grid","status":"publish","type":"page","link":"https:\/\/web.sanjuan.gob.ar\/capacitacion\/blog\/blog-grid\/","title":{"rendered":"Blog Grid"},"content":{"rendered":"<div  data-slideshow-options=\"{&quot;animation&quot;:&quot;fade&quot;,&quot;autoplay&quot;:false,&quot;loop_autoplay&quot;:&quot;once&quot;,&quot;interval&quot;:5,&quot;loop_manual&quot;:&quot;manual-endless&quot;,&quot;autoplay_stopper&quot;:false,&quot;noNavigation&quot;:false,&quot;show_slide_delay&quot;:90}\" class='avia-content-slider avia-content-grid-active avia-content-slider1 avia-content-slider-odd  avia-builder-el-0  avia-builder-el-no-sibling  av-slideshow-ui av-control-default   av-no-slider-navigation av-slideshow-manual av-loop-once av-loop-manual-endless '  itemscope=\"itemscope\" itemtype=\"https:\/\/schema.org\/Blog\" ><div class=\"avia-content-slider-inner\"><div class=\"slide-entry-wrap\"><article class='slide-entry flex_column  post-entry post-entry-4130 slide-entry-overview slide-loop-1 slide-parity-odd  av_one_third first fake-thumbnail posttype-post post-format-standard'  itemscope=\"itemscope\" itemtype=\"https:\/\/schema.org\/CreativeWork\" ><a href='https:\/\/web.sanjuan.gob.ar\/capacitacion\/2023\/05\/16\/programa-de-capacitacion-inicial-del-ministerio-de-salud-publica-de-san-juan\/' data-rel='slide-1' class='slide-image' title='PROGRAMA DE CAPACITACI\u00d3N INICIAL DEL MINISTERIO DE SALUD P\u00daBLICA DE SAN JUAN'><span class='fallback-post-type-icon avia-svg-icon avia-font-svg_entypo-fontello' data-av_svg_icon='pencil' data-av_iconset='svg_entypo-fontello'><svg version=\"1.1\" xmlns=\"http:\/\/www.w3.org\/2000\/svg\" width=\"25\" height=\"32\" viewBox=\"0 0 25 32\" preserveAspectRatio=\"xMidYMid meet\" role=\"graphics-symbol\" aria-hidden=\"true\">\n<path d=\"M22.976 5.44q1.024 1.024 1.504 2.048t0.48 1.536v0.512l-8.064 8.064-9.28 9.216-7.616 1.664 1.6-7.68 9.28-9.216 8.064-8.064q1.728-0.384 4.032 1.92zM7.168 25.92l0.768-0.768q-0.064-1.408-1.664-3.008-0.704-0.704-1.44-1.12t-1.12-0.416l-0.448-0.064-0.704 0.768-0.576 2.56q0.896 0.512 1.472 1.088 0.768 0.768 1.152 1.536z\"><\/path>\n<\/svg><\/span><span class='slider-fallback-image'><img decoding=\"async\" fetchpriority=\"high\" width=\"487\" height=\"354\" src=\"https:\/\/web.sanjuan.gob.ar\/capacitacion\/wp-content\/uploads\/sites\/14\/2021\/11\/Dibujo-5.png\" class=\"wp-image-3906 avia-img-lazy-loading-not-3906 attachment-portfolio size-portfolio wp-post-image\" alt=\"\" srcset=\"https:\/\/web.sanjuan.gob.ar\/capacitacion\/wp-content\/uploads\/sites\/14\/2021\/11\/Dibujo-5.png 487w, https:\/\/web.sanjuan.gob.ar\/capacitacion\/wp-content\/uploads\/sites\/14\/2021\/11\/Dibujo-5-300x218.png 300w\" sizes=\"(max-width: 487px) 100vw, 487px\" \/><\/span><\/a><div class=\"slide-content\"><header class=\"entry-content-header\" aria-label=\"Slide: PROGRAMA DE CAPACITACI\u00d3N INICIAL DEL MINISTERIO DE SALUD P\u00daBLICA DE SAN JUAN\"><h3 class='slide-entry-title entry-title '  itemprop=\"headline\" ><a href='https:\/\/web.sanjuan.gob.ar\/capacitacion\/2023\/05\/16\/programa-de-capacitacion-inicial-del-ministerio-de-salud-publica-de-san-juan\/' title='PROGRAMA DE CAPACITACI\u00d3N INICIAL DEL MINISTERIO DE SALUD P\u00daBLICA DE SAN JUAN'>PROGRAMA DE CAPACITACI\u00d3N INICIAL DEL MINISTERIO DE SALUD P\u00daBLICA DE SAN JUAN<\/a><\/h3><span class=\"av-vertical-delimiter\"><\/span><\/header><div class=\"slide-meta\"><time class='slide-meta-time updated'  itemprop=\"datePublished\" datetime=\"2023-05-16T14:47:48+00:00\" >16 de mayo de 2023<\/time><\/div><div class='slide-entry-excerpt entry-content'  itemprop=\"text\" >BIENVENIDOS AL PROGRAMA \r\n\r\nDE CAPACITACI\u00d3N INICIAL \r\n\r\nDEL\u2026<\/div><\/div><footer class=\"entry-footer\"><\/footer><span class='hidden'>\n\t\t\t\t<span class='av-structured-data'  itemprop=\"image\" itemscope=\"itemscope\" itemtype=\"https:\/\/schema.org\/ImageObject\" >\n\t\t\t\t\t\t<span itemprop='url'>https:\/\/web.sanjuan.gob.ar\/capacitacion\/wp-content\/uploads\/sites\/14\/2024\/01\/Isologo-Gobierno-de-San-Juan-Ministerio-de-Economia-Finanzas-Haciendas.png<\/span>\n\t\t\t\t\t\t<span itemprop='height'>0<\/span>\n\t\t\t\t\t\t<span itemprop='width'>0<\/span>\n\t\t\t\t<\/span>\n\t\t\t\t<span class='av-structured-data'  itemprop=\"publisher\" itemtype=\"https:\/\/schema.org\/Organization\" itemscope=\"itemscope\" >\n\t\t\t\t\t\t<span itemprop='name'>glucero<\/span>\n\t\t\t\t\t\t<span itemprop='logo' itemscope itemtype='https:\/\/schema.org\/ImageObject'>\n\t\t\t\t\t\t\t<span itemprop='url'>https:\/\/web.sanjuan.gob.ar\/capacitacion\/wp-content\/uploads\/sites\/14\/2024\/01\/Isologo-Gobierno-de-San-Juan-Ministerio-de-Economia-Finanzas-Haciendas.png<\/span>\n\t\t\t\t\t\t<\/span>\n\t\t\t\t<\/span><span class='av-structured-data'  itemprop=\"author\" itemscope=\"itemscope\" itemtype=\"https:\/\/schema.org\/Person\" ><span itemprop='name'>glucero<\/span><\/span><span class='av-structured-data'  itemprop=\"datePublished\" datetime=\"2013-04-07T21:13:52+00:00\" >2023-05-16 14:47:48<\/span><span class='av-structured-data'  itemprop=\"dateModified\" itemtype=\"https:\/\/schema.org\/dateModified\" >2023-05-16 14:47:59<\/span><span class='av-structured-data'  itemprop=\"mainEntityOfPage\" itemtype=\"https:\/\/schema.org\/mainEntityOfPage\" ><span itemprop='name'>PROGRAMA DE CAPACITACI\u00d3N INICIAL DEL MINISTERIO DE SALUD P\u00daBLICA DE SAN JUAN<\/span><\/span><\/span><\/article><article class='slide-entry flex_column  post-entry post-entry-4115 slide-entry-overview slide-loop-2 slide-parity-even  av_one_third  real-thumbnail posttype-post post-format-standard'  itemscope=\"itemscope\" itemtype=\"https:\/\/schema.org\/CreativeWork\" ><a href='https:\/\/web.sanjuan.gob.ar\/capacitacion\/2023\/04\/24\/portal-de-capacitacion-inap-2\/' data-rel='slide-1' class='slide-image' title='Portal de Capacitaci\u00f3n &#8211; INAP'><img decoding=\"async\" fetchpriority=\"high\" width=\"451\" height=\"400\" src=\"https:\/\/web.sanjuan.gob.ar\/capacitacion\/wp-content\/uploads\/sites\/14\/2021\/11\/INAP-451x400.png\" class=\"wp-image-3878 avia-img-lazy-loading-not-3878 attachment-portfolio size-portfolio wp-post-image\" alt=\"\" \/><\/a><div class=\"slide-content\"><header class=\"entry-content-header\" aria-label=\"Slide: Portal de Capacitaci\u00f3n - INAP\"><h3 class='slide-entry-title entry-title '  itemprop=\"headline\" ><a href='https:\/\/web.sanjuan.gob.ar\/capacitacion\/2023\/04\/24\/portal-de-capacitacion-inap-2\/' title='Portal de Capacitaci\u00f3n &#8211; INAP'>Portal de Capacitaci\u00f3n &#8211; INAP<\/a><\/h3><span class=\"av-vertical-delimiter\"><\/span><\/header><div class=\"slide-meta\"><time class='slide-meta-time updated'  itemprop=\"datePublished\" datetime=\"2023-04-24T14:11:13+00:00\" >24 de abril de 2023<\/time><\/div><div class='slide-entry-excerpt entry-content'  itemprop=\"text\" >Actividades implementadas desde el INAP\r\n\u00a0(Instituto Nacional\u2026<\/div><\/div><footer class=\"entry-footer\"><\/footer><span class='hidden'>\n\t\t\t\t<span class='av-structured-data'  itemprop=\"image\" itemscope=\"itemscope\" itemtype=\"https:\/\/schema.org\/ImageObject\" >\n\t\t\t\t\t\t<span itemprop='url'>https:\/\/web.sanjuan.gob.ar\/capacitacion\/wp-content\/uploads\/sites\/14\/2021\/11\/INAP.png<\/span>\n\t\t\t\t\t\t<span itemprop='height'>441<\/span>\n\t\t\t\t\t\t<span itemprop='width'>451<\/span>\n\t\t\t\t<\/span>\n\t\t\t\t<span class='av-structured-data'  itemprop=\"publisher\" itemtype=\"https:\/\/schema.org\/Organization\" itemscope=\"itemscope\" >\n\t\t\t\t\t\t<span itemprop='name'>glucero<\/span>\n\t\t\t\t\t\t<span itemprop='logo' itemscope itemtype='https:\/\/schema.org\/ImageObject'>\n\t\t\t\t\t\t\t<span itemprop='url'>https:\/\/web.sanjuan.gob.ar\/capacitacion\/wp-content\/uploads\/sites\/14\/2024\/01\/Isologo-Gobierno-de-San-Juan-Ministerio-de-Economia-Finanzas-Haciendas.png<\/span>\n\t\t\t\t\t\t<\/span>\n\t\t\t\t<\/span><span class='av-structured-data'  itemprop=\"author\" itemscope=\"itemscope\" itemtype=\"https:\/\/schema.org\/Person\" ><span itemprop='name'>glucero<\/span><\/span><span class='av-structured-data'  itemprop=\"datePublished\" datetime=\"2013-04-07T21:13:52+00:00\" >2023-04-24 14:11:13<\/span><span class='av-structured-data'  itemprop=\"dateModified\" itemtype=\"https:\/\/schema.org\/dateModified\" >2023-06-30 15:55:13<\/span><span class='av-structured-data'  itemprop=\"mainEntityOfPage\" itemtype=\"https:\/\/schema.org\/mainEntityOfPage\" ><span itemprop='name'>Portal de Capacitaci\u00f3n &#8211; INAP<\/span><\/span><\/span><\/article><article class='slide-entry flex_column  post-entry post-entry-3858 slide-entry-overview slide-loop-3 slide-parity-odd  av_one_third  real-thumbnail posttype-post post-format-standard'  itemscope=\"itemscope\" itemtype=\"https:\/\/schema.org\/CreativeWork\" ><a href='https:\/\/web.sanjuan.gob.ar\/capacitacion\/2023\/02\/03\/quien-fue-mmicaela\/' data-rel='slide-1' class='slide-image' title='Capacitaci\u00f3n Ley Micaela'><img decoding=\"async\" fetchpriority=\"high\" width=\"495\" height=\"367\" src=\"https:\/\/web.sanjuan.gob.ar\/capacitacion\/wp-content\/uploads\/sites\/14\/2021\/11\/Ley-Micaela-495x367.png\" class=\"wp-image-3867 avia-img-lazy-loading-not-3867 attachment-portfolio size-portfolio wp-post-image\" alt=\"\" \/><\/a><div class=\"slide-content\"><header class=\"entry-content-header\" aria-label=\"Slide: Capacitaci\u00f3n Ley Micaela\"><h3 class='slide-entry-title entry-title '  itemprop=\"headline\" ><a href='https:\/\/web.sanjuan.gob.ar\/capacitacion\/2023\/02\/03\/quien-fue-mmicaela\/' title='Capacitaci\u00f3n Ley Micaela'>Capacitaci\u00f3n Ley Micaela<\/a><\/h3><span class=\"av-vertical-delimiter\"><\/span><\/header><div class=\"slide-meta\"><time class='slide-meta-time updated'  itemprop=\"datePublished\" datetime=\"2023-02-03T10:56:29+00:00\" >3 de febrero de 2023<\/time><\/div><div class='slide-entry-excerpt entry-content'  itemprop=\"text\" >La ley Nacional N\u00b0 27.499 sancionada el 19 de diciembre de 2018\u2026<\/div><\/div><footer class=\"entry-footer\"><\/footer><span class='hidden'>\n\t\t\t\t<span class='av-structured-data'  itemprop=\"image\" itemscope=\"itemscope\" itemtype=\"https:\/\/schema.org\/ImageObject\" >\n\t\t\t\t\t\t<span itemprop='url'>https:\/\/web.sanjuan.gob.ar\/capacitacion\/wp-content\/uploads\/sites\/14\/2021\/11\/Ley-Micaela.png<\/span>\n\t\t\t\t\t\t<span itemprop='height'>367<\/span>\n\t\t\t\t\t\t<span itemprop='width'>657<\/span>\n\t\t\t\t<\/span>\n\t\t\t\t<span class='av-structured-data'  itemprop=\"publisher\" itemtype=\"https:\/\/schema.org\/Organization\" itemscope=\"itemscope\" >\n\t\t\t\t\t\t<span itemprop='name'>glucero<\/span>\n\t\t\t\t\t\t<span itemprop='logo' itemscope itemtype='https:\/\/schema.org\/ImageObject'>\n\t\t\t\t\t\t\t<span itemprop='url'>https:\/\/web.sanjuan.gob.ar\/capacitacion\/wp-content\/uploads\/sites\/14\/2024\/01\/Isologo-Gobierno-de-San-Juan-Ministerio-de-Economia-Finanzas-Haciendas.png<\/span>\n\t\t\t\t\t\t<\/span>\n\t\t\t\t<\/span><span class='av-structured-data'  itemprop=\"author\" itemscope=\"itemscope\" itemtype=\"https:\/\/schema.org\/Person\" ><span itemprop='name'>glucero<\/span><\/span><span class='av-structured-data'  itemprop=\"datePublished\" datetime=\"2013-04-07T21:13:52+00:00\" >2023-02-03 10:56:29<\/span><span class='av-structured-data'  itemprop=\"dateModified\" itemtype=\"https:\/\/schema.org\/dateModified\" >2023-02-13 22:18:34<\/span><span class='av-structured-data'  itemprop=\"mainEntityOfPage\" itemtype=\"https:\/\/schema.org\/mainEntityOfPage\" ><span itemprop='name'>Capacitaci\u00f3n Ley Micaela<\/span><\/span><\/span><\/article><\/div><div class=\"slide-entry-wrap\"><article class='slide-entry flex_column  post-entry post-entry-4063 slide-entry-overview slide-loop-4 slide-parity-odd  av_one_third first fake-thumbnail posttype-post post-format-standard'  itemscope=\"itemscope\" itemtype=\"https:\/\/schema.org\/CreativeWork\" ><a href='https:\/\/web.sanjuan.gob.ar\/capacitacion\/2023\/01\/03\/capacitacion-ingresos-y-promociones-nivel-1-pase-a-planta\/' data-rel='slide-1' class='slide-image' title='Capacitaci\u00f3n Ingresos y Promociones &#8211; Nivel 1 &#8211; Pase a Planta &#8211; Administrativos'><span class='fallback-post-type-icon avia-svg-icon avia-font-svg_entypo-fontello' data-av_svg_icon='pencil' data-av_iconset='svg_entypo-fontello'><svg version=\"1.1\" xmlns=\"http:\/\/www.w3.org\/2000\/svg\" width=\"25\" height=\"32\" viewBox=\"0 0 25 32\" preserveAspectRatio=\"xMidYMid meet\" role=\"graphics-symbol\" aria-hidden=\"true\">\n<path d=\"M22.976 5.44q1.024 1.024 1.504 2.048t0.48 1.536v0.512l-8.064 8.064-9.28 9.216-7.616 1.664 1.6-7.68 9.28-9.216 8.064-8.064q1.728-0.384 4.032 1.92zM7.168 25.92l0.768-0.768q-0.064-1.408-1.664-3.008-0.704-0.704-1.44-1.12t-1.12-0.416l-0.448-0.064-0.704 0.768-0.576 2.56q0.896 0.512 1.472 1.088 0.768 0.768 1.152 1.536z\"><\/path>\n<\/svg><\/span><span class='slider-fallback-image'><img decoding=\"async\" fetchpriority=\"high\" width=\"487\" height=\"354\" src=\"https:\/\/web.sanjuan.gob.ar\/capacitacion\/wp-content\/uploads\/sites\/14\/2021\/11\/Dibujo-5.png\" class=\"wp-image-3906 avia-img-lazy-loading-not-3906 attachment-portfolio size-portfolio wp-post-image\" alt=\"\" srcset=\"https:\/\/web.sanjuan.gob.ar\/capacitacion\/wp-content\/uploads\/sites\/14\/2021\/11\/Dibujo-5.png 487w, https:\/\/web.sanjuan.gob.ar\/capacitacion\/wp-content\/uploads\/sites\/14\/2021\/11\/Dibujo-5-300x218.png 300w\" sizes=\"(max-width: 487px) 100vw, 487px\" \/><\/span><\/a><div class=\"slide-content\"><header class=\"entry-content-header\" aria-label=\"Slide: Capacitaci\u00f3n Ingresos y Promociones - Nivel 1 - Pase a Planta - Administrativos\"><h3 class='slide-entry-title entry-title '  itemprop=\"headline\" ><a href='https:\/\/web.sanjuan.gob.ar\/capacitacion\/2023\/01\/03\/capacitacion-ingresos-y-promociones-nivel-1-pase-a-planta\/' title='Capacitaci\u00f3n Ingresos y Promociones &#8211; Nivel 1 &#8211; Pase a Planta &#8211; Administrativos'>Capacitaci\u00f3n Ingresos y Promociones &#8211; Nivel 1 &#8211; Pase a Planta &#8211; Administrativos<\/a><\/h3><span class=\"av-vertical-delimiter\"><\/span><\/header><div class=\"slide-meta\"><time class='slide-meta-time updated'  itemprop=\"datePublished\" datetime=\"2023-01-03T15:05:50+00:00\" >3 de enero de 2023<\/time><\/div><div class='slide-entry-excerpt entry-content'  itemprop=\"text\" >PRESENTACI\u00d3N:\r\nBienvenidas y bienvenidos a la P\u00e1gina de la\u2026<\/div><\/div><footer class=\"entry-footer\"><\/footer><span class='hidden'>\n\t\t\t\t<span class='av-structured-data'  itemprop=\"image\" itemscope=\"itemscope\" itemtype=\"https:\/\/schema.org\/ImageObject\" >\n\t\t\t\t\t\t<span itemprop='url'>https:\/\/web.sanjuan.gob.ar\/capacitacion\/wp-content\/uploads\/sites\/14\/2024\/01\/Isologo-Gobierno-de-San-Juan-Ministerio-de-Economia-Finanzas-Haciendas.png<\/span>\n\t\t\t\t\t\t<span itemprop='height'>0<\/span>\n\t\t\t\t\t\t<span itemprop='width'>0<\/span>\n\t\t\t\t<\/span>\n\t\t\t\t<span class='av-structured-data'  itemprop=\"publisher\" itemtype=\"https:\/\/schema.org\/Organization\" itemscope=\"itemscope\" >\n\t\t\t\t\t\t<span itemprop='name'>glucero<\/span>\n\t\t\t\t\t\t<span itemprop='logo' itemscope itemtype='https:\/\/schema.org\/ImageObject'>\n\t\t\t\t\t\t\t<span itemprop='url'>https:\/\/web.sanjuan.gob.ar\/capacitacion\/wp-content\/uploads\/sites\/14\/2024\/01\/Isologo-Gobierno-de-San-Juan-Ministerio-de-Economia-Finanzas-Haciendas.png<\/span>\n\t\t\t\t\t\t<\/span>\n\t\t\t\t<\/span><span class='av-structured-data'  itemprop=\"author\" itemscope=\"itemscope\" itemtype=\"https:\/\/schema.org\/Person\" ><span itemprop='name'>glucero<\/span><\/span><span class='av-structured-data'  itemprop=\"datePublished\" datetime=\"2013-04-07T21:13:52+00:00\" >2023-01-03 15:05:50<\/span><span class='av-structured-data'  itemprop=\"dateModified\" itemtype=\"https:\/\/schema.org\/dateModified\" >2023-02-03 14:52:51<\/span><span class='av-structured-data'  itemprop=\"mainEntityOfPage\" itemtype=\"https:\/\/schema.org\/mainEntityOfPage\" ><span itemprop='name'>Capacitaci\u00f3n Ingresos y Promociones &#8211; Nivel 1 &#8211; Pase a Planta &#8211; Administrativos<\/span><\/span><\/span><\/article><article class='slide-entry flex_column  post-entry post-entry-4013 slide-entry-overview slide-loop-5 slide-parity-even  av_one_third  real-thumbnail posttype-post post-format-standard'  itemscope=\"itemscope\" itemtype=\"https:\/\/schema.org\/CreativeWork\" ><a href='https:\/\/web.sanjuan.gob.ar\/capacitacion\/2022\/06\/15\/prevencion-de-accidentes-por-monoxido-de-carbono\/' data-rel='slide-1' class='slide-image' title='Prevenci\u00f3n de Accidentes por Mon\u00f3xido de Carbono'><img decoding=\"async\" fetchpriority=\"high\" width=\"456\" height=\"294\" src=\"https:\/\/web.sanjuan.gob.ar\/capacitacion\/wp-content\/uploads\/sites\/14\/2022\/06\/envenenamiento-con-CO-cafydma.jpg\" class=\"wp-image-4015 avia-img-lazy-loading-not-4015 attachment-portfolio size-portfolio wp-post-image\" alt=\"\" srcset=\"https:\/\/web.sanjuan.gob.ar\/capacitacion\/wp-content\/uploads\/sites\/14\/2022\/06\/envenenamiento-con-CO-cafydma.jpg 456w, https:\/\/web.sanjuan.gob.ar\/capacitacion\/wp-content\/uploads\/sites\/14\/2022\/06\/envenenamiento-con-CO-cafydma-300x193.jpg 300w\" sizes=\"(max-width: 456px) 100vw, 456px\" \/><\/a><div class=\"slide-content\"><header class=\"entry-content-header\" aria-label=\"Slide: Prevenci\u00f3n de Accidentes por Mon\u00f3xido de Carbono\"><h3 class='slide-entry-title entry-title '  itemprop=\"headline\" ><a href='https:\/\/web.sanjuan.gob.ar\/capacitacion\/2022\/06\/15\/prevencion-de-accidentes-por-monoxido-de-carbono\/' title='Prevenci\u00f3n de Accidentes por Mon\u00f3xido de Carbono'>Prevenci\u00f3n de Accidentes por Mon\u00f3xido de Carbono<\/a><\/h3><span class=\"av-vertical-delimiter\"><\/span><\/header><div class=\"slide-meta\"><time class='slide-meta-time updated'  itemprop=\"datePublished\" datetime=\"2022-06-15T14:35:18+00:00\" >15 de junio de 2022<\/time><\/div><div class='slide-entry-excerpt entry-content'  itemprop=\"text\" >Bienvenidos\u00a0 tod@s!\r\nDesde el \u00c1rea de Capacitaci\u00f3n, en conjunto\u2026<\/div><\/div><footer class=\"entry-footer\"><\/footer><span class='hidden'>\n\t\t\t\t<span class='av-structured-data'  itemprop=\"image\" itemscope=\"itemscope\" itemtype=\"https:\/\/schema.org\/ImageObject\" >\n\t\t\t\t\t\t<span itemprop='url'>https:\/\/web.sanjuan.gob.ar\/capacitacion\/wp-content\/uploads\/sites\/14\/2022\/06\/envenenamiento-con-CO-cafydma.jpg<\/span>\n\t\t\t\t\t\t<span itemprop='height'>294<\/span>\n\t\t\t\t\t\t<span itemprop='width'>456<\/span>\n\t\t\t\t<\/span>\n\t\t\t\t<span class='av-structured-data'  itemprop=\"publisher\" itemtype=\"https:\/\/schema.org\/Organization\" itemscope=\"itemscope\" >\n\t\t\t\t\t\t<span itemprop='name'>glucero<\/span>\n\t\t\t\t\t\t<span itemprop='logo' itemscope itemtype='https:\/\/schema.org\/ImageObject'>\n\t\t\t\t\t\t\t<span itemprop='url'>https:\/\/web.sanjuan.gob.ar\/capacitacion\/wp-content\/uploads\/sites\/14\/2024\/01\/Isologo-Gobierno-de-San-Juan-Ministerio-de-Economia-Finanzas-Haciendas.png<\/span>\n\t\t\t\t\t\t<\/span>\n\t\t\t\t<\/span><span class='av-structured-data'  itemprop=\"author\" itemscope=\"itemscope\" itemtype=\"https:\/\/schema.org\/Person\" ><span itemprop='name'>glucero<\/span><\/span><span class='av-structured-data'  itemprop=\"datePublished\" datetime=\"2013-04-07T21:13:52+00:00\" >2022-06-15 14:35:18<\/span><span class='av-structured-data'  itemprop=\"dateModified\" itemtype=\"https:\/\/schema.org\/dateModified\" >2022-08-09 12:38:29<\/span><span class='av-structured-data'  itemprop=\"mainEntityOfPage\" itemtype=\"https:\/\/schema.org\/mainEntityOfPage\" ><span itemprop='name'>Prevenci\u00f3n de Accidentes por Mon\u00f3xido de Carbono<\/span><\/span><\/span><\/article><article class='slide-entry flex_column  post-entry post-entry-3919 slide-entry-overview slide-loop-6 slide-parity-odd  post-entry-last  av_one_third  real-thumbnail posttype-post post-format-standard'  itemscope=\"itemscope\" itemtype=\"https:\/\/schema.org\/CreativeWork\" ><a href='https:\/\/web.sanjuan.gob.ar\/capacitacion\/2021\/11\/24\/procedimientos-de-art-para-referentes-administrativos\/' data-rel='slide-1' class='slide-image' title='Procedimientos de ART para referentes administrativos'><img decoding=\"async\" fetchpriority=\"high\" width=\"487\" height=\"354\" src=\"https:\/\/web.sanjuan.gob.ar\/capacitacion\/wp-content\/uploads\/sites\/14\/2021\/11\/Dibujo-5.png\" class=\"wp-image-3906 avia-img-lazy-loading-not-3906 attachment-portfolio size-portfolio wp-post-image\" alt=\"\" srcset=\"https:\/\/web.sanjuan.gob.ar\/capacitacion\/wp-content\/uploads\/sites\/14\/2021\/11\/Dibujo-5.png 487w, https:\/\/web.sanjuan.gob.ar\/capacitacion\/wp-content\/uploads\/sites\/14\/2021\/11\/Dibujo-5-300x218.png 300w\" sizes=\"(max-width: 487px) 100vw, 487px\" \/><\/a><div class=\"slide-content\"><header class=\"entry-content-header\" aria-label=\"Slide: Procedimientos de ART para referentes administrativos\"><h3 class='slide-entry-title entry-title '  itemprop=\"headline\" ><a href='https:\/\/web.sanjuan.gob.ar\/capacitacion\/2021\/11\/24\/procedimientos-de-art-para-referentes-administrativos\/' title='Procedimientos de ART para referentes administrativos'>Procedimientos de ART para referentes administrativos<\/a><\/h3><span class=\"av-vertical-delimiter\"><\/span><\/header><div class=\"slide-meta\"><time class='slide-meta-time updated'  itemprop=\"datePublished\" datetime=\"2021-11-24T04:48:12+00:00\" >24 de noviembre de 2021<\/time><\/div><div class='slide-entry-excerpt entry-content'  itemprop=\"text\" >Descripci\u00f3n de la capacitaci\u00f3n: Comprender y desarrollar correctamente\u2026<\/div><\/div><footer class=\"entry-footer\"><\/footer><span class='hidden'>\n\t\t\t\t<span class='av-structured-data'  itemprop=\"image\" itemscope=\"itemscope\" itemtype=\"https:\/\/schema.org\/ImageObject\" >\n\t\t\t\t\t\t<span itemprop='url'>https:\/\/web.sanjuan.gob.ar\/capacitacion\/wp-content\/uploads\/sites\/14\/2021\/11\/Dibujo-5.png<\/span>\n\t\t\t\t\t\t<span itemprop='height'>354<\/span>\n\t\t\t\t\t\t<span itemprop='width'>487<\/span>\n\t\t\t\t<\/span>\n\t\t\t\t<span class='av-structured-data'  itemprop=\"publisher\" itemtype=\"https:\/\/schema.org\/Organization\" itemscope=\"itemscope\" >\n\t\t\t\t\t\t<span itemprop='name'>glucero<\/span>\n\t\t\t\t\t\t<span itemprop='logo' itemscope itemtype='https:\/\/schema.org\/ImageObject'>\n\t\t\t\t\t\t\t<span itemprop='url'>https:\/\/web.sanjuan.gob.ar\/capacitacion\/wp-content\/uploads\/sites\/14\/2024\/01\/Isologo-Gobierno-de-San-Juan-Ministerio-de-Economia-Finanzas-Haciendas.png<\/span>\n\t\t\t\t\t\t<\/span>\n\t\t\t\t<\/span><span class='av-structured-data'  itemprop=\"author\" itemscope=\"itemscope\" itemtype=\"https:\/\/schema.org\/Person\" ><span itemprop='name'>glucero<\/span><\/span><span class='av-structured-data'  itemprop=\"datePublished\" datetime=\"2013-04-07T21:13:52+00:00\" >2021-11-24 04:48:12<\/span><span class='av-structured-data'  itemprop=\"dateModified\" itemtype=\"https:\/\/schema.org\/dateModified\" >2022-08-08 16:41:45<\/span><span class='av-structured-data'  itemprop=\"mainEntityOfPage\" itemtype=\"https:\/\/schema.org\/mainEntityOfPage\" ><span itemprop='name'>Procedimientos de ART para referentes administrativos<\/span><\/span><\/span><\/article><\/div><\/div><div class='pagination-wrap pagination-slider'><nav class='pagination'><span class='pagination-meta'>P\u00e1gina 1 de 2<\/span><span class='current'>1<\/span><a href='https:\/\/web.sanjuan.gob.ar\/capacitacion\/wp-json\/wp\/v2\/pages\/1336\/?avia-element-paging=2' class='inactive next_page' >2<\/a><\/nav>\n<\/div><\/div>\n","protected":false},"excerpt":{"rendered":"","protected":false},"author":4,"featured_media":0,"parent":731,"menu_order":0,"comment_status":"open","ping_status":"open","template":"","meta":{"footnotes":""},"class_list":["post-1336","page","type-page","status-publish","hentry"],"_links":{"self":[{"href":"https:\/\/web.sanjuan.gob.ar\/capacitacion\/wp-json\/wp\/v2\/pages\/1336","targetHints":{"allow":["GET"]}}],"collection":[{"href":"https:\/\/web.sanjuan.gob.ar\/capacitacion\/wp-json\/wp\/v2\/pages"}],"about":[{"href":"https:\/\/web.sanjuan.gob.ar\/capacitacion\/wp-json\/wp\/v2\/types\/page"}],"author":[{"embeddable":true,"href":"https:\/\/web.sanjuan.gob.ar\/capacitacion\/wp-json\/wp\/v2\/users\/4"}],"replies":[{"embeddable":true,"href":"https:\/\/web.sanjuan.gob.ar\/capacitacion\/wp-json\/wp\/v2\/comments?post=1336"}],"version-history":[{"count":1,"href":"https:\/\/web.sanjuan.gob.ar\/capacitacion\/wp-json\/wp\/v2\/pages\/1336\/revisions"}],"predecessor-version":[{"id":3280,"href":"https:\/\/web.sanjuan.gob.ar\/capacitacion\/wp-json\/wp\/v2\/pages\/1336\/revisions\/3280"}],"up":[{"embeddable":true,"href":"https:\/\/web.sanjuan.gob.ar\/capacitacion\/wp-json\/wp\/v2\/pages\/731"}],"wp:attachment":[{"href":"https:\/\/web.sanjuan.gob.ar\/capacitacion\/wp-json\/wp\/v2\/media?parent=1336"}],"curies":[{"name":"wp","href":"https:\/\/api.w.org\/{rel}","templated":true}]}}