{"id":2590,"date":"2013-10-21T12:39:03","date_gmt":"2013-10-21T12:39:03","guid":{"rendered":"http:\/\/www.kriesi.at\/themes\/enfold\/?page_id=2590"},"modified":"2013-10-21T12:39:03","modified_gmt":"2013-10-21T12:39:03","slug":"masonry-blog","status":"publish","type":"page","link":"https:\/\/web.sanjuan.gob.ar\/capacitacion\/blog\/masonry-blog\/","title":{"rendered":"Masonry Blog"},"content":{"rendered":"<div id='av-masonry-1' class='av-masonry av-av_masonry_entries-1705abefa2f65af084adcef1d68d1437 noHover av-fixed-size av-1px-gap av-hover-overlay-active av-masonry-animation-active av-masonry-col-automatic av-caption-always av-caption-style- av-masonry-entries ' data-post_id=\"2590\"><div class='av-masonry-sort main_color av-sort-yes' data-masonry-id='1' ><div class='av-sort-by-term  ' data-av-allowed-sort='[\"especificos-app_sort\",\"generales-app_sort\",\"higiene-y-seguridad_sort\",\"ingresos-app_sort\",\"ley-micaela_sort\",\"plan-federal-inap_sort\",\"sin-categoria_sort\"]' ><a href=\"#\" data-filter=\"all_sort\" class=\"all_sort_button active_sort\"><span class=\"inner_sort_button\"><span>Todo<\/span><small class=\"avia-term-count\"> 10 <\/small><\/span><\/a><span class='text-sep especificos-app_sort_sep avia_show_sort'>\/<\/span><a href=\"#\" data-filter=\"especificos-app_sort\" class=\"especificos-app_sort_button avia_show_sort\" ><span class=\"inner_sort_button\"><span>Espec\u00edficos APP<\/span><small class='avia-term-count'> 5 <\/small><\/span><\/a><span class='text-sep generales-app_sort_sep avia_show_sort'>\/<\/span><a href=\"#\" data-filter=\"generales-app_sort\" class=\"generales-app_sort_button avia_show_sort\" ><span class=\"inner_sort_button\"><span>Generales APP<\/span><small class='avia-term-count'> 4 <\/small><\/span><\/a><span class='text-sep higiene-y-seguridad_sort_sep avia_show_sort'>\/<\/span><a href=\"#\" data-filter=\"higiene-y-seguridad_sort\" class=\"higiene-y-seguridad_sort_button avia_show_sort\" ><span class=\"inner_sort_button\"><span>Higiene y Seguridad<\/span><small class='avia-term-count'> 1 <\/small><\/span><\/a><span class='text-sep ingresos-app_sort_sep avia_show_sort'>\/<\/span><a href=\"#\" data-filter=\"ingresos-app_sort\" class=\"ingresos-app_sort_button avia_show_sort\" ><span class=\"inner_sort_button\"><span>Ingresos APP<\/span><small class='avia-term-count'> 1 <\/small><\/span><\/a><span class='text-sep ley-micaela_sort_sep avia_show_sort'>\/<\/span><a href=\"#\" data-filter=\"ley-micaela_sort\" class=\"ley-micaela_sort_button avia_show_sort\" ><span class=\"inner_sort_button\"><span>Ley Micaela<\/span><small class='avia-term-count'> 1 <\/small><\/span><\/a><span class='text-sep plan-federal-inap_sort_sep avia_show_sort'>\/<\/span><a href=\"#\" data-filter=\"plan-federal-inap_sort\" class=\"plan-federal-inap_sort_button avia_show_sort\" ><span class=\"inner_sort_button\"><span>Plan Federal INAP<\/span><small class='avia-term-count'> 1 <\/small><\/span><\/a><span class='text-sep sin-categoria_sort_sep avia_show_sort'>\/<\/span><a href=\"#\" data-filter=\"sin-categoria_sort\" class=\"sin-categoria_sort_button avia_show_sort\" ><span class=\"inner_sort_button\"><span>Sin categor\u00eda<\/span><small class='avia-term-count'> 2 <\/small><\/span><\/a><\/div><\/div><div class=\"av-masonry-container isotope av-js-disabled\"><div class='av-masonry-entry isotope-item av-masonry-item-no-image all_sort sin-categoria_sort  plan-federal-inap_sort  generales-app_sort  ley-micaela_sort  ingresos-app_sort  higiene-y-seguridad_sort  especificos-app_sort '><\/div><a href=\"https:\/\/web.sanjuan.gob.ar\/capacitacion\/2023\/05\/16\/programa-de-capacitacion-inicial-del-ministerio-de-salud-publica-de-san-juan\/\"  id='av-masonry-1-item-4130' data-av-masonry-item='4130' class='av-masonry-entry isotope-item post-4130 post type-post status-publish format-standard hentry category-sin-categoria all_sort sin-categoria_sort  av-masonry-item-no-image' title=\"PROGRAMA DE CAPACITACI\u00d3N INICIAL DEL MINISTERIO DE SALUD P\u00daBLICA DE SAN JUAN\"   itemscope=\"itemscope\" itemtype=\"https:\/\/schema.org\/CreativeWork\" ><div class='av-inner-masonry-sizer'><\/div><figure class='av-inner-masonry main_color'><figcaption class='av-inner-masonry-content site-background'><div class='av-inner-masonry-content-pos'><div class='av-inner-masonry-content-pos-content'><div class='avia-arrow'><\/div><h3 class='av-masonry-entry-title entry-title '  itemprop=\"headline\" >PROGRAMA DE CAPACITACI\u00d3N INICIAL DEL MINISTERIO DE SALUD P\u00daBLICA DE SAN JUAN<\/h3><div class='av-masonry-entry-content entry-content'  itemprop=\"text\" >BIENVENIDOS AL PROGRAMA <br \/>\r\n<br \/>\r\nDE CAPACITACI\u00d3N INICIAL <br \/>\r\n<br \/>\r\nDEL\u2026<\/div><span class='av-masonry-date meta-color updated'>16 de mayo de 2023<\/span><span class=\"av-masonry-text-sep text-sep-author\">\/<\/span><span class='av-masonry-author meta-color author'><span class='fn'>por glucero<\/span><\/span><\/div><\/div><\/figcaption><\/figure><\/a><!--end av-masonry entry--><a href=\"https:\/\/web.sanjuan.gob.ar\/capacitacion\/2023\/04\/24\/portal-de-capacitacion-inap-2\/\"  id='av-masonry-1-item-4115' data-av-masonry-item='4115' class='av-masonry-entry isotope-item post-4115 post type-post status-publish format-standard has-post-thumbnail hentry category-plan-federal-inap all_sort plan-federal-inap_sort  av-masonry-item-with-image av-grid-img' title=\"INAP\"   itemscope=\"itemscope\" itemtype=\"https:\/\/schema.org\/CreativeWork\" ><div class='av-inner-masonry-sizer'><\/div><figure class='av-inner-masonry main_color'><div class=\"av-masonry-outerimage-container\"><div class='av-masonry-image-container' style=\"background-image: url(https:\/\/web.sanjuan.gob.ar\/capacitacion\/wp-content\/uploads\/sites\/14\/2021\/11\/INAP.png);\"  title=\"INAP\" ><\/div><\/div><figcaption class='av-inner-masonry-content site-background'><div class='av-inner-masonry-content-pos'><div class='av-inner-masonry-content-pos-content'><div class='avia-arrow'><\/div><h3 class='av-masonry-entry-title entry-title '  itemprop=\"headline\" >Portal de Capacitaci\u00f3n &#8211; INAP<\/h3><div class='av-masonry-entry-content entry-content'  itemprop=\"text\" >Actividades implementadas desde el INAP<br \/>\r\n\u00a0(Instituto Nacional\u2026<\/div><span class='av-masonry-date meta-color updated'>24 de abril de 2023<\/span><span class=\"av-masonry-text-sep text-sep-author\">\/<\/span><span class='av-masonry-author meta-color author'><span class='fn'>por glucero<\/span><\/span><\/div><\/div><\/figcaption><\/figure><\/a><!--end av-masonry entry--><a href=\"https:\/\/web.sanjuan.gob.ar\/capacitacion\/2023\/02\/03\/quien-fue-mmicaela\/\"  id='av-masonry-1-item-3858' data-av-masonry-item='3858' class='av-masonry-entry isotope-item post-3858 post type-post status-publish format-standard has-post-thumbnail hentry category-generales-app category-ley-micaela all_sort generales-app_sort  ley-micaela_sort  av-masonry-item-with-image av-grid-img' title=\"Ley Micaela\"   itemscope=\"itemscope\" itemtype=\"https:\/\/schema.org\/CreativeWork\" ><div class='av-inner-masonry-sizer'><\/div><figure class='av-inner-masonry main_color'><div class=\"av-masonry-outerimage-container\"><div class='av-masonry-image-container' style=\"background-image: url(https:\/\/web.sanjuan.gob.ar\/capacitacion\/wp-content\/uploads\/sites\/14\/2021\/11\/Ley-Micaela.png);\"  title=\"Ley Micaela\" ><\/div><\/div><figcaption class='av-inner-masonry-content site-background'><div class='av-inner-masonry-content-pos'><div class='av-inner-masonry-content-pos-content'><div class='avia-arrow'><\/div><h3 class='av-masonry-entry-title entry-title '  itemprop=\"headline\" >Capacitaci\u00f3n Ley Micaela<\/h3><div class='av-masonry-entry-content entry-content'  itemprop=\"text\" >La ley Nacional N\u00b0 27.499 sancionada el 19 de diciembre de 2018\u2026<\/div><span class='av-masonry-date meta-color updated'>3 de febrero de 2023<\/span><span class=\"av-masonry-text-sep text-sep-author\">\/<\/span><span class='av-masonry-author meta-color author'><span class='fn'>por glucero<\/span><\/span><\/div><\/div><\/figcaption><\/figure><\/a><!--end av-masonry entry--><a href=\"https:\/\/web.sanjuan.gob.ar\/capacitacion\/2023\/01\/03\/capacitacion-ingresos-y-promociones-nivel-1-pase-a-planta\/\"  id='av-masonry-1-item-4063' data-av-masonry-item='4063' class='av-masonry-entry isotope-item post-4063 post type-post status-publish format-standard hentry category-ingresos-app category-sin-categoria all_sort ingresos-app_sort  sin-categoria_sort  av-masonry-item-no-image' title=\"Capacitaci\u00f3n Ingresos y Promociones &#8211; Nivel 1 &#8211; Pase a Planta &#8211; Administrativos\"   itemscope=\"itemscope\" itemtype=\"https:\/\/schema.org\/CreativeWork\" ><div class='av-inner-masonry-sizer'><\/div><figure class='av-inner-masonry main_color'><figcaption class='av-inner-masonry-content site-background'><div class='av-inner-masonry-content-pos'><div class='av-inner-masonry-content-pos-content'><div class='avia-arrow'><\/div><h3 class='av-masonry-entry-title entry-title '  itemprop=\"headline\" >Capacitaci\u00f3n Ingresos y Promociones &#8211; Nivel 1 &#8211; Pase a Planta &#8211; Administrativos<\/h3><div class='av-masonry-entry-content entry-content'  itemprop=\"text\" >PRESENTACI\u00d3N:<br \/>\r\nBienvenidas y bienvenidos a la P\u00e1gina de la\u2026<\/div><span class='av-masonry-date meta-color updated'>3 de enero de 2023<\/span><span class=\"av-masonry-text-sep text-sep-author\">\/<\/span><span class='av-masonry-author meta-color author'><span class='fn'>por glucero<\/span><\/span><\/div><\/div><\/figcaption><\/figure><\/a><!--end av-masonry entry--><a href=\"https:\/\/web.sanjuan.gob.ar\/capacitacion\/2022\/06\/15\/prevencion-de-accidentes-por-monoxido-de-carbono\/\"  id='av-masonry-1-item-4013' data-av-masonry-item='4013' class='av-masonry-entry isotope-item post-4013 post type-post status-publish format-standard has-post-thumbnail hentry category-higiene-y-seguridad tag-monoxido all_sort higiene-y-seguridad_sort  av-masonry-item-with-image av-grid-img' title=\"envenenamiento-con-CO-cafydma\"   itemscope=\"itemscope\" itemtype=\"https:\/\/schema.org\/CreativeWork\" ><div class='av-inner-masonry-sizer'><\/div><figure class='av-inner-masonry main_color'><div class=\"av-masonry-outerimage-container\"><div class='av-masonry-image-container' style=\"background-image: url(https:\/\/web.sanjuan.gob.ar\/capacitacion\/wp-content\/uploads\/sites\/14\/2022\/06\/envenenamiento-con-CO-cafydma.jpg);\"  title=\"envenenamiento-con-CO-cafydma\" ><\/div><\/div><figcaption class='av-inner-masonry-content site-background'><div class='av-inner-masonry-content-pos'><div class='av-inner-masonry-content-pos-content'><div class='avia-arrow'><\/div><h3 class='av-masonry-entry-title entry-title '  itemprop=\"headline\" >Prevenci\u00f3n de Accidentes por Mon\u00f3xido de Carbono<\/h3><div class='av-masonry-entry-content entry-content'  itemprop=\"text\" >Bienvenidos\u00a0 tod@s!<br \/>\r\nDesde el \u00c1rea de Capacitaci\u00f3n, en conjunto\u2026<\/div><span class='av-masonry-date meta-color updated'>15 de junio de 2022<\/span><span class=\"av-masonry-text-sep text-sep-author\">\/<\/span><span class='av-masonry-author meta-color author'><span class='fn'>por glucero<\/span><\/span><\/div><\/div><\/figcaption><\/figure><\/a><!--end av-masonry entry--><a href=\"https:\/\/web.sanjuan.gob.ar\/capacitacion\/2021\/11\/24\/procedimientos-de-art-para-referentes-administrativos\/\"  id='av-masonry-1-item-3919' data-av-masonry-item='3919' class='av-masonry-entry isotope-item post-3919 post type-post status-publish format-standard has-post-thumbnail hentry category-especificos-app all_sort especificos-app_sort  av-masonry-item-with-image av-grid-img' title=\"Dibujo 5\"   itemscope=\"itemscope\" itemtype=\"https:\/\/schema.org\/CreativeWork\" ><div class='av-inner-masonry-sizer'><\/div><figure class='av-inner-masonry main_color'><div class=\"av-masonry-outerimage-container\"><div class='av-masonry-image-container' style=\"background-image: url(https:\/\/web.sanjuan.gob.ar\/capacitacion\/wp-content\/uploads\/sites\/14\/2021\/11\/Dibujo-5.png);\"  title=\"Dibujo 5\" ><\/div><\/div><figcaption class='av-inner-masonry-content site-background'><div class='av-inner-masonry-content-pos'><div class='av-inner-masonry-content-pos-content'><div class='avia-arrow'><\/div><h3 class='av-masonry-entry-title entry-title '  itemprop=\"headline\" >Procedimientos de ART para referentes administrativos<\/h3><div class='av-masonry-entry-content entry-content'  itemprop=\"text\" >Descripci\u00f3n de la capacitaci\u00f3n: Comprender y desarrollar correctamente\u2026<\/div><span class='av-masonry-date meta-color updated'>24 de noviembre de 2021<\/span><span class=\"av-masonry-text-sep text-sep-author\">\/<\/span><span class='av-masonry-author meta-color author'><span class='fn'>por glucero<\/span><\/span><\/div><\/div><\/figcaption><\/figure><\/a><!--end av-masonry entry--><a href=\"https:\/\/web.sanjuan.gob.ar\/capacitacion\/2021\/11\/24\/gestion-de-compras-siif\/\"  id='av-masonry-1-item-3916' data-av-masonry-item='3916' class='av-masonry-entry isotope-item post-3916 post type-post status-publish format-standard has-post-thumbnail hentry category-especificos-app category-generales-app all_sort especificos-app_sort  generales-app_sort  av-masonry-item-with-image av-grid-img' title=\"Dibujo 2\"   itemscope=\"itemscope\" itemtype=\"https:\/\/schema.org\/CreativeWork\" ><div class='av-inner-masonry-sizer'><\/div><figure class='av-inner-masonry main_color'><div class=\"av-masonry-outerimage-container\"><div class='av-masonry-image-container' style=\"background-image: url(https:\/\/web.sanjuan.gob.ar\/capacitacion\/wp-content\/uploads\/sites\/14\/2021\/11\/Dibujo-2.png);\"  title=\"Dibujo 2\" ><\/div><\/div><figcaption class='av-inner-masonry-content site-background'><div class='av-inner-masonry-content-pos'><div class='av-inner-masonry-content-pos-content'><div class='avia-arrow'><\/div><h3 class='av-masonry-entry-title entry-title '  itemprop=\"headline\" >Gesti\u00f3n de Compras &#8211; SIIF<\/h3><div class='av-masonry-entry-content entry-content'  itemprop=\"text\" >La presente capacitaci\u00f3n que constar\u00e1 de 3 m\u00f3dulos de acceso\u2026<\/div><span class='av-masonry-date meta-color updated'>24 de noviembre de 2021<\/span><span class=\"av-masonry-text-sep text-sep-author\">\/<\/span><span class='av-masonry-author meta-color author'><span class='fn'>por glucero<\/span><\/span><\/div><\/div><\/figcaption><\/figure><\/a><!--end av-masonry entry--><a href=\"https:\/\/web.sanjuan.gob.ar\/capacitacion\/2021\/11\/23\/inscripcion-a-la-capacitacion-siged\/\"  id='av-masonry-1-item-3908' data-av-masonry-item='3908' class='av-masonry-entry isotope-item post-3908 post type-post status-publish format-standard has-post-thumbnail hentry category-especificos-app category-generales-app all_sort especificos-app_sort  generales-app_sort  av-masonry-item-with-image av-grid-img' title=\"Dibujo 6\"   itemscope=\"itemscope\" itemtype=\"https:\/\/schema.org\/CreativeWork\" ><div class='av-inner-masonry-sizer'><\/div><figure class='av-inner-masonry main_color'><div class=\"av-masonry-outerimage-container\"><div class='av-masonry-image-container' style=\"background-image: url(https:\/\/web.sanjuan.gob.ar\/capacitacion\/wp-content\/uploads\/sites\/14\/2021\/11\/Dibujo-6.png);\"  title=\"Dibujo 6\" ><\/div><\/div><figcaption class='av-inner-masonry-content site-background'><div class='av-inner-masonry-content-pos'><div class='av-inner-masonry-content-pos-content'><div class='avia-arrow'><\/div><h3 class='av-masonry-entry-title entry-title '  itemprop=\"headline\" >Capacitaci\u00f3n: SIGED<\/h3><div class='av-masonry-entry-content entry-content'  itemprop=\"text\" >SIGED<br \/>\nEl sistema SIGED\u00a0 es el sistema de Gesti\u00f3n de Documentos\u2026<\/div><span class='av-masonry-date meta-color updated'>23 de noviembre de 2021<\/span><span class=\"av-masonry-text-sep text-sep-author\">\/<\/span><span class='av-masonry-author meta-color author'><span class='fn'>por glucero<\/span><\/span><\/div><\/div><\/figcaption><\/figure><\/a><!--end av-masonry entry--><a href=\"https:\/\/web.sanjuan.gob.ar\/capacitacion\/2021\/11\/19\/acompanamiento-para-la-jubilacion\/\"  id='av-masonry-1-item-3897' data-av-masonry-item='3897' class='av-masonry-entry isotope-item post-3897 post type-post status-publish format-standard has-post-thumbnail hentry category-especificos-app category-generales-app all_sort especificos-app_sort  generales-app_sort  av-masonry-item-with-image av-grid-img' title=\"Jubilados Activos\"   itemscope=\"itemscope\" itemtype=\"https:\/\/schema.org\/CreativeWork\" ><div class='av-inner-masonry-sizer'><\/div><figure class='av-inner-masonry main_color'><div class=\"av-masonry-outerimage-container\"><div class='av-masonry-image-container' style=\"background-image: url(https:\/\/web.sanjuan.gob.ar\/capacitacion\/wp-content\/uploads\/sites\/14\/2021\/11\/Jubilados-Activos.png);\"  title=\"Jubilados Activos\" ><\/div><\/div><figcaption class='av-inner-masonry-content site-background'><div class='av-inner-masonry-content-pos'><div class='av-inner-masonry-content-pos-content'><div class='avia-arrow'><\/div><h3 class='av-masonry-entry-title entry-title '  itemprop=\"headline\" >ACOMPA\u00d1AMIENTO PARA LA JUBILACI\u00d3N<\/h3><div class='av-masonry-entry-content entry-content'  itemprop=\"text\" >Como un modo de hacer concreto el agradecimiento del\u00a0Gobierno\u2026<\/div><span class='av-masonry-date meta-color updated'>19 de noviembre de 2021<\/span><span class=\"av-masonry-text-sep text-sep-author\">\/<\/span><span class='av-masonry-author meta-color author'><span class='fn'>por glucero<\/span><\/span><\/div><\/div><\/figcaption><\/figure><\/a><!--end av-masonry entry--><a href=\"https:\/\/web.sanjuan.gob.ar\/capacitacion\/2021\/09\/22\/gestion-de-compras-siif-grupo-1\/\"  id='av-masonry-1-item-3773' data-av-masonry-item='3773' class='av-masonry-entry isotope-item post-3773 post type-post status-publish format-standard has-post-thumbnail hentry category-especificos-app all_sort especificos-app_sort  av-masonry-item-with-image av-grid-img' title=\"Psitio 0.3\"   itemscope=\"itemscope\" itemtype=\"https:\/\/schema.org\/CreativeWork\" ><div class='av-inner-masonry-sizer'><\/div><figure class='av-inner-masonry main_color'><div class=\"av-masonry-outerimage-container\"><div class='av-masonry-image-container' style=\"background-image: url(https:\/\/web.sanjuan.gob.ar\/capacitacion\/wp-content\/uploads\/sites\/14\/2021\/09\/Psitio-0.3-470x705.jpg);\"  title=\"Psitio 0.3\" ><\/div><\/div><figcaption class='av-inner-masonry-content site-background'><div class='av-inner-masonry-content-pos'><div class='av-inner-masonry-content-pos-content'><div class='avia-arrow'><\/div><h3 class='av-masonry-entry-title entry-title '  itemprop=\"headline\" >Gesti\u00f3n de Compras &#8211; SIIF Grupo 1<\/h3><div class='av-masonry-entry-content entry-content'  itemprop=\"text\" >La presente capacitaci\u00f3n constar\u00e1 de 5 m\u00f3dulos de acceso virtual.<br \/>\nFecha:\u2026<\/div><span class='av-masonry-date meta-color updated'>22 de septiembre de 2021<\/span><span class=\"av-masonry-text-sep text-sep-author\">\/<\/span><span class='av-masonry-author meta-color author'><span class='fn'>por glucero<\/span><\/span><\/div><\/div><\/figcaption><\/figure><\/a><!--end av-masonry entry--><\/div><a class='av-masonry-pagination av-masonry-load-more' href='#load-more'  data-link='category'  data-term_rel='IN'  data-wc_prod_visible=''  data-wc_prod_hidden=''  data-wc_prod_featured=''  data-wc_prod_sale=''  data-prod_order_by=''  data-prod_order=''  data-date_filter=''  data-date_filter_start=''  data-date_filter_end=''  data-date_filter_format='yy\/mm\/dd'  data-period_filter_unit_1=''  data-period_filter_unit_2=''  data-page_element_filter=''  data-sort='yes'  data-query_orderby='date'  data-query_order='DESC'  data-caption_elements='title excerpt'  data-caption_styling=''  data-caption_display='always'  data-img_copyright=''  data-size='fixed manually'  data-orientation=''  data-image_size='masonry'  data-gap='1px'  data-columns='automatic'  data-av-desktop-columns=''  data-av-medium-columns=''  data-av-small-columns=''  data-av-mini-columns=''  data-items='10'  data-paginate='load_more'  data-color=''  data-custom_bg=''  data-img_copyright_font=''  data-av-desktop-font-img_copyright_font=''  data-av-medium-font-img_copyright_font=''  data-av-small-font-img_copyright_font=''  data-av-mini-font-img_copyright_font=''  data-img_copyright_color=''  data-img_copyright_bg=''  data-animation='active'  data-animation_duration=''  data-animation_custom_bg_color=''  data-animation_custom_bg_color_multi_list=''  data-animation_z_index_curtain='100'  data-overlay_fx='active'  data-img_scrset=''  data-lazy_loading='disabled'  data-av-desktop-hide=''  data-av-medium-hide=''  data-av-small-hide=''  data-av-mini-hide=''  data-alb_description=''  data-id=''  data-custom_class=''  data-template_class=''  data-av_uid=''  data-sc_version='1.0'  data-ids=''  data-action=''  data-post_type='post, page, attachment, revision, nav_menu_item, custom_css, customize_changeset, oembed_cache, user_request, wp_block, wp_template, wp_template_part, wp_global_styles, wp_navigation, wp_font_family, wp_font_face, alb_custom_layout, avia_framework_post, wpcf7_contact_form, wprss_feed_item, wpra-logger, portfolio'  data-offset='0'  data-container_links='active'  data-link_dest=''  data-lightbox_text=''  data-container_class='av-masonry-entries'  data-auto_ratio='1.7'  data-set_breadcrumb='1'  data-custom_markup=''  data-taxonomy='category'  data-categories='30,29,38,25,24,31,1'  data-avno='2806dcb0d5'>Cargar m\u00e1s<\/a><\/div>\n","protected":false},"excerpt":{"rendered":"","protected":false},"author":4,"featured_media":0,"parent":731,"menu_order":0,"comment_status":"open","ping_status":"open","template":"","meta":{"footnotes":""},"class_list":["post-2590","page","type-page","status-publish","hentry"],"_links":{"self":[{"href":"https:\/\/web.sanjuan.gob.ar\/capacitacion\/wp-json\/wp\/v2\/pages\/2590","targetHints":{"allow":["GET"]}}],"collection":[{"href":"https:\/\/web.sanjuan.gob.ar\/capacitacion\/wp-json\/wp\/v2\/pages"}],"about":[{"href":"https:\/\/web.sanjuan.gob.ar\/capacitacion\/wp-json\/wp\/v2\/types\/page"}],"author":[{"embeddable":true,"href":"https:\/\/web.sanjuan.gob.ar\/capacitacion\/wp-json\/wp\/v2\/users\/4"}],"replies":[{"embeddable":true,"href":"https:\/\/web.sanjuan.gob.ar\/capacitacion\/wp-json\/wp\/v2\/comments?post=2590"}],"version-history":[{"count":0,"href":"https:\/\/web.sanjuan.gob.ar\/capacitacion\/wp-json\/wp\/v2\/pages\/2590\/revisions"}],"up":[{"embeddable":true,"href":"https:\/\/web.sanjuan.gob.ar\/capacitacion\/wp-json\/wp\/v2\/pages\/731"}],"wp:attachment":[{"href":"https:\/\/web.sanjuan.gob.ar\/capacitacion\/wp-json\/wp\/v2\/media?parent=2590"}],"curies":[{"name":"wp","href":"https:\/\/api.w.org\/{rel}","templated":true}]}}