{"id":3378,"date":"2021-08-23T10:43:24","date_gmt":"2021-08-23T10:43:24","guid":{"rendered":"https:\/\/web.sanjuan.gob.ar\/capacitacion\/?page_id=3378"},"modified":"2021-08-25T12:16:36","modified_gmt":"2021-08-25T12:16:36","slug":"quien-fue","status":"publish","type":"page","link":"https:\/\/web.sanjuan.gob.ar\/capacitacion\/quien-fue\/","title":{"rendered":"Qui\u00e9n Fue"},"content":{"rendered":"<p><img loading=\"lazy\" decoding=\"async\" width=\"2561\" height=\"538\" src=\"https:\/\/web.sanjuan.gob.ar\/capacitacion\/wp-content\/uploads\/sites\/14\/2021\/08\/banermica-1.png\" alt=\"\" \/><br \/>\n\t\t\t\t\t\t\t\t\t\t\t\t\t\t\t<img loading=\"lazy\" decoding=\"async\" width=\"300\" height=\"33\" src=\"https:\/\/web.sanjuan.gob.ar\/capacitacion\/wp-content\/uploads\/sites\/14\/2021\/08\/linea1-300x33.png\" alt=\"\" \/>\t\t\t\t\t\t\t\t\t\t\t\t\t\t\t<\/p>\n<h1>\u00bfQui\u00e9n fue Micaela Garc\u00eda?<\/h1>\n<p dir=\"ltr\">El 1\u00b0 de abril de 2017 Micaela, una joven de 21 a\u00f1os, sali\u00f3 de un boliche en Gualeguay y nadie m\u00e1s supo de ella, hasta que, una semana despu\u00e9s, apareciera muerta en un campo de la zona. Su femicida Sebasti\u00e1n Wagner, estaba cumpliendo una pena de nueve a\u00f1os por otros dos ataques sexuales cometidos en julio y noviembre del 2010. Sin embargo desde enero del 2016, contaba con salidas transitorias, hasta que el Juez de Ejecuci\u00f3n de Penas de Gualeguay Carlos Rossi, le concedi\u00f3 la libertad condicional, a pesar de que los informes del Servicio Penitenciario y del Equipo T\u00e9cnico Criminol\u00f3gico lo desaconsejaban. En octubre del 2017 Wagner fue condenado a prisi\u00f3n perpetua por el femicidio de Micaela Garc\u00eda, mientras que Nestor Pav\u00f3n, su jefe en un lavadero de Gualeguay, recibi\u00f3 una sentencia de cinco a\u00f1os como c\u00f3mplice.<\/p>\n<p dir=\"ltr\">Actualmente, existe una Fundaci\u00f3n que lleva su nombre, a trav\u00e9s de la cual su padre N\u00e9stor Garc\u00eda y su madre Andrea Lescano, impulsaron el Proyecto de la Ley Micaela en el Congreso de la Naci\u00f3n. Su muerte conmovi\u00f3 al pa\u00eds entero, su legado promete multiplicarse.<\/p>\n<p dir=\"ltr\"><strong>La<\/strong>\u00a0<strong>ley Nacional N\u00b0 27.499,<\/strong>\u00a0sancionada el 19 de diciembre de 2018 y conocida como \u201cLey Micaela\u201d, establece la capacitaci\u00f3n permanente obligatoria en G\u00e9nero y Violencia contra las Mujeres, para todas las personas que cumplen funciones en todos los niveles y jerarqu\u00edas en los tres Poderes Ejecutivo, Legislativo y Judicial, del Estado Argentino.<\/p>\n<p dir=\"ltr\"><strong>Objetivo de la Ley:<\/strong><\/p>\n<p dir=\"ltr\">\u201cCapacitar y sensibilizar a quienes integran los diferentes estamentos del Estado en tem\u00e1ticas de G\u00e9nero y Violencia contra las mujeres\u2026\u201d<\/p>\n<p dir=\"ltr\">Deber que asumi\u00f3 Argentina en la Convenci\u00f3n Interamericana para prevenir, sancionar y erradicar la violencia contra la mujer. (Belem Do Par\u00e1.)<\/p>\n<p dir=\"ltr\">Achicar la brecha entre los avances normativos y las pr\u00e1cticas cotidianas.<\/p>\n<p dir=\"ltr\"><strong>Enfoque de la Ley:<\/strong><\/p>\n<p dir=\"ltr\">Igualdad y equidad de g\u00e9nero, para promover la remoci\u00f3n de patrones socioculturales que naturalizan y sostienen la desigualdad de g\u00e9nero y las relaciones de poder sobre las mujeres.<\/p>\n<p dir=\"ltr\"><strong>\u00bfC\u00d3MO?<\/strong><\/p>\n<p dir=\"ltr\">Proporcionar conocimiento, t\u00e9cnicas y herramientas para desarrollar habilidades, y cambiar actitudes y comportamientos.<\/p>\n<p dir=\"ltr\">Conocer las bases de la desigualdad para poder desterrarla, tener una sociedad igualitaria m\u00e1s all\u00e1 de su condici\u00f3n de g\u00e9nero u orientaci\u00f3n sexual y que tengan las mismas oportunidades para desarrollarse.<\/p>\n<p dir=\"ltr\">La capacitaci\u00f3n para la igualdad de g\u00e9nero es parte integral de nuestros compromisos con la igualdad de derechos humanos para todas y todos.(ONU)<\/p>\n<p dir=\"ltr\">El Estado tiene la obligaci\u00f3n de promover la igualdad y erradicar la violencia, esa es la tarea que tenemos que llevar adelante.<\/p>\n<p dir=\"ltr\">La Provincia de San Juan adhiri\u00f3 a la Ley Nacional 27.499 mediante la Ley Provincial N\u00b0 2007 A, que entr\u00f3 en vigencia el d\u00eda 15 de Enero del A\u00f1o 2020, promoviendo as\u00ed la capacitaci\u00f3n para la igualdad de g\u00e9nero en todos los estamentos estales de los tres poderes del Estado Provincial y Municipal. Invitando a los municipios en su art\u00edculo quinto a la adhesi\u00f3n en igual sentido.<\/p>\n<p dir=\"ltr\">Seg\u00fan la Ley Provincial de Adhesi\u00f3n a la Ley Micaela el \u00f3rgano de Aplicaci\u00f3n de la capacitaci\u00f3n obligatoria es el Ministerio de Desarrollo Humano y Promoci\u00f3n Social a trav\u00e9s de la Direcci\u00f3n de la Mujer.<\/p>\n<p dir=\"ltr\"> Como se refiere anteriormente, la Ley Nacional 27.499 se la conoce como Ley Micaela. Y en efecto, lleva el nombre por Micaela Garc\u00eda la joven oriunda de Concepci\u00f3n del Uruguay Provincia de Entre R\u00edos, que estudiaba en Gualeguay Educaci\u00f3n F\u00edsica.<\/p>\n<div class='avia-iframe-wrap'><iframe loading=\"lazy\" title=\"Ley Micaela: Tu sonrisa como bandera - Spot 01\" width=\"1500\" height=\"844\" src=\"https:\/\/www.youtube.com\/embed\/j8Qx4gHoaQk?feature=oembed\" frameborder=\"0\" allow=\"accelerometer; autoplay; clipboard-write; encrypted-media; gyroscope; picture-in-picture\" allowfullscreen><\/iframe><\/div>\n","protected":false},"excerpt":{"rendered":"<p>\u00bfQui\u00e9n fue Micaela Garc\u00eda? El 1\u00b0 de abril de 2017 Micaela, una joven de 21 a\u00f1os, sali\u00f3 de un boliche en Gualeguay y nadie m\u00e1s supo de ella, hasta que, una semana despu\u00e9s, apareciera muerta en un campo de la zona. Su femicida Sebasti\u00e1n Wagner, estaba cumpliendo una pena de nueve a\u00f1os por otros dos [&hellip;]<\/p>\n","protected":false},"author":14,"featured_media":0,"parent":0,"menu_order":0,"comment_status":"closed","ping_status":"closed","template":"elementor_header_footer","meta":{"footnotes":""},"class_list":["post-3378","page","type-page","status-publish","hentry"],"_links":{"self":[{"href":"https:\/\/web.sanjuan.gob.ar\/capacitacion\/wp-json\/wp\/v2\/pages\/3378","targetHints":{"allow":["GET"]}}],"collection":[{"href":"https:\/\/web.sanjuan.gob.ar\/capacitacion\/wp-json\/wp\/v2\/pages"}],"about":[{"href":"https:\/\/web.sanjuan.gob.ar\/capacitacion\/wp-json\/wp\/v2\/types\/page"}],"author":[{"embeddable":true,"href":"https:\/\/web.sanjuan.gob.ar\/capacitacion\/wp-json\/wp\/v2\/users\/14"}],"replies":[{"embeddable":true,"href":"https:\/\/web.sanjuan.gob.ar\/capacitacion\/wp-json\/wp\/v2\/comments?post=3378"}],"version-history":[{"count":3,"href":"https:\/\/web.sanjuan.gob.ar\/capacitacion\/wp-json\/wp\/v2\/pages\/3378\/revisions"}],"predecessor-version":[{"id":3586,"href":"https:\/\/web.sanjuan.gob.ar\/capacitacion\/wp-json\/wp\/v2\/pages\/3378\/revisions\/3586"}],"wp:attachment":[{"href":"https:\/\/web.sanjuan.gob.ar\/capacitacion\/wp-json\/wp\/v2\/media?parent=3378"}],"curies":[{"name":"wp","href":"https:\/\/api.w.org\/{rel}","templated":true}]}}