{"id":3396,"date":"2021-08-23T11:17:46","date_gmt":"2021-08-23T11:17:46","guid":{"rendered":"https:\/\/web.sanjuan.gob.ar\/capacitacion\/?page_id=3396"},"modified":"2021-11-11T14:49:54","modified_gmt":"2021-11-11T14:49:54","slug":"nuestras","status":"publish","type":"page","link":"https:\/\/web.sanjuan.gob.ar\/capacitacion\/nuestras\/","title":{"rendered":"Nuestras"},"content":{"rendered":"<p><img loading=\"lazy\" decoding=\"async\" width=\"2561\" height=\"538\" src=\"https:\/\/web.sanjuan.gob.ar\/capacitacion\/wp-content\/uploads\/sites\/14\/2021\/08\/banermica-1.png\" alt=\"\" srcset=\"https:\/\/web.sanjuan.gob.ar\/capacitacion\/wp-content\/uploads\/sites\/14\/2021\/08\/banermica-1.png 2561w, https:\/\/web.sanjuan.gob.ar\/capacitacion\/wp-content\/uploads\/sites\/14\/2021\/08\/banermica-1-300x63.png 300w, https:\/\/web.sanjuan.gob.ar\/capacitacion\/wp-content\/uploads\/sites\/14\/2021\/08\/banermica-1-1030x216.png 1030w, https:\/\/web.sanjuan.gob.ar\/capacitacion\/wp-content\/uploads\/sites\/14\/2021\/08\/banermica-1-768x161.png 768w, https:\/\/web.sanjuan.gob.ar\/capacitacion\/wp-content\/uploads\/sites\/14\/2021\/08\/banermica-1-1536x323.png 1536w, https:\/\/web.sanjuan.gob.ar\/capacitacion\/wp-content\/uploads\/sites\/14\/2021\/08\/banermica-1-2048x430.png 2048w, https:\/\/web.sanjuan.gob.ar\/capacitacion\/wp-content\/uploads\/sites\/14\/2021\/08\/banermica-1-1500x315.png 1500w, https:\/\/web.sanjuan.gob.ar\/capacitacion\/wp-content\/uploads\/sites\/14\/2021\/08\/banermica-1-705x148.png 705w\" sizes=\"auto, (max-width: 2561px) 100vw, 2561px\" \/><br \/>\n\t\t\t\t\t\t\t\t\t\t\t\t\t\t\t<img loading=\"lazy\" decoding=\"async\" width=\"300\" height=\"33\" src=\"https:\/\/web.sanjuan.gob.ar\/capacitacion\/wp-content\/uploads\/sites\/14\/2021\/08\/linea1-300x33.png\" alt=\"\" srcset=\"https:\/\/web.sanjuan.gob.ar\/capacitacion\/wp-content\/uploads\/sites\/14\/2021\/08\/linea1-300x33.png 300w, https:\/\/web.sanjuan.gob.ar\/capacitacion\/wp-content\/uploads\/sites\/14\/2021\/08\/linea1.png 312w\" sizes=\"auto, (max-width: 300px) 100vw, 300px\" \/>\t\t\t\t\t\t\t\t\t\t\t\t\t\t\t<\/p>\n<h1>Nuestras \u00abMicaelas\u00bb<\/h1>\n<p>\t\tDesde la Direcci\u00f3n de la Mujer cre\u00edmos fundamental mostrar los rostros de las sanjuaninas v\u00edctimas de femicidio,\u00a0<strong>\u00abNuestras Micaelas\u00bb<\/strong>\u00a0Rostros que nos conmueven, nos interpelan, im\u00e1genes contra el Olvido.Nhttps:\/\/youtu.be\/s7FhDCW8LOM<\/p>\n","protected":false},"excerpt":{"rendered":"<p>Nuestras \u00abMicaelas\u00bb Desde la Direcci\u00f3n de la Mujer cre\u00edmos fundamental mostrar los rostros de las sanjuaninas v\u00edctimas de femicidio,\u00a0\u00abNuestras Micaelas\u00bb\u00a0Rostros que nos conmueven, nos interpelan, im\u00e1genes contra el Olvido.Nhttps:\/\/youtu.be\/s7FhDCW8LOM<\/p>\n","protected":false},"author":14,"featured_media":0,"parent":0,"menu_order":0,"comment_status":"closed","ping_status":"closed","template":"elementor_header_footer","meta":{"footnotes":""},"class_list":["post-3396","page","type-page","status-publish","hentry"],"_links":{"self":[{"href":"https:\/\/web.sanjuan.gob.ar\/capacitacion\/wp-json\/wp\/v2\/pages\/3396","targetHints":{"allow":["GET"]}}],"collection":[{"href":"https:\/\/web.sanjuan.gob.ar\/capacitacion\/wp-json\/wp\/v2\/pages"}],"about":[{"href":"https:\/\/web.sanjuan.gob.ar\/capacitacion\/wp-json\/wp\/v2\/types\/page"}],"author":[{"embeddable":true,"href":"https:\/\/web.sanjuan.gob.ar\/capacitacion\/wp-json\/wp\/v2\/users\/14"}],"replies":[{"embeddable":true,"href":"https:\/\/web.sanjuan.gob.ar\/capacitacion\/wp-json\/wp\/v2\/comments?post=3396"}],"version-history":[{"count":3,"href":"https:\/\/web.sanjuan.gob.ar\/capacitacion\/wp-json\/wp\/v2\/pages\/3396\/revisions"}],"predecessor-version":[{"id":3857,"href":"https:\/\/web.sanjuan.gob.ar\/capacitacion\/wp-json\/wp\/v2\/pages\/3396\/revisions\/3857"}],"wp:attachment":[{"href":"https:\/\/web.sanjuan.gob.ar\/capacitacion\/wp-json\/wp\/v2\/media?parent=3396"}],"curies":[{"name":"wp","href":"https:\/\/api.w.org\/{rel}","templated":true}]}}