{"id":3465,"date":"2021-08-24T10:19:04","date_gmt":"2021-08-24T10:19:04","guid":{"rendered":"https:\/\/web.sanjuan.gob.ar\/capacitacion\/?page_id=3465"},"modified":"2021-08-24T10:47:33","modified_gmt":"2021-08-24T10:47:33","slug":"objetivos","status":"publish","type":"page","link":"https:\/\/web.sanjuan.gob.ar\/capacitacion\/objetivos\/","title":{"rendered":"Objetivos"},"content":{"rendered":"<p><img loading=\"lazy\" decoding=\"async\" width=\"2561\" height=\"538\" src=\"https:\/\/web.sanjuan.gob.ar\/capacitacion\/wp-content\/uploads\/sites\/14\/2021\/08\/banermica-1.png\" alt=\"\" \/><br \/>\n\t\t\t\t\t\t\t\t\t\t\t\t\t\t\t<img loading=\"lazy\" decoding=\"async\" width=\"300\" height=\"33\" src=\"https:\/\/web.sanjuan.gob.ar\/capacitacion\/wp-content\/uploads\/sites\/14\/2021\/08\/linea1-300x33.png\" alt=\"\" \/>\t\t\t\t\t\t\t\t\t\t\t\t\t\t\t<\/p>\n<h1>Objetivos y metodolog\u00eda de la Capacitaci\u00f3n<\/h1>\n<p dir=\"ltr\"><strong>El objetivo est\u00e1 enunciado en la LEY N\u00ba 2007-A &#8211; ART\u00cdCULO 1\u00ba.- (Adhesi\u00f3n)<\/strong><\/p>\n<p dir=\"ltr\"><em>\u201c&#8230;con el objetivo de que los servidores y funcionarios del Estado provincial desarrollen y afiancen actitudes, saberes, valores y pr\u00e1cticas que contribuyan a prevenir y erradicar la violencia de g\u00e9nero\u201d<\/em><\/p>\n<p dir=\"ltr\">\n<h2>Ley Micaela<\/h2>\n<p>La capacitaci\u00f3n se desarrolla en el marco de la Ley N\u00ba 27.499 \u201cMicaela\u201d vigente en nuestro pa\u00eds desde diciembre del 2018. Dicha ley responde a la necesidad de la formaci\u00f3n en temas de g\u00e9nero y violencia contra las mujeres en los \u00e1mbitos p\u00fablicos.\u00a0La Provincia de San Juan adhiri\u00f3 a la Ley Nacional 27.499 mediante la Ley Provincial N\u00b0 2007 A, que entr\u00f3 en vigencia el d\u00eda 15 de Enero del A\u00f1o 2020, promoviendo as\u00ed la capacitaci\u00f3n para la igualdad de g\u00e9nero en todos los estamentos estales de los tres poderes del Estado Provincial,\u00a0invitando a los municipios en su art\u00edculo quinto a la adhesi\u00f3n en igual sentido.<\/p>\n<h2>Se espera que al finalizar el recorrido por los contenidos se logre:<\/h2>\n<p dir=\"ltr\">Sensibilizar a todas y todos los agentes y funcionarias y funcionarios de la Provincia\u00a0en relaci\u00f3n a\u00a0actitudes, saberes, valores y pr\u00e1cticas que contribuyan a prevenir y erradicar la violencia de g\u00e9nero.<\/p>\n<p dir=\"ltr\">Aprehender\u00a0conceptos claves sobre la discriminaci\u00f3n por raz\u00f3n de g\u00e9nero y su impacto en la vida de quienes la padecen.<\/p>\n<p dir=\"ltr\">Aportar el marco cient\u00edfico y normativo necesario para comprender la violencia contra las mujeres como fen\u00f3meno social.<\/p>\n<h2>Metodolog\u00eda y Modalidad.<\/h2>\n<p dir=\"ltr\">La\u00a0capacitaci\u00f3n\u00a0se encontrar\u00e1 disponible de manera permanente.<\/p>\n<p dir=\"ltr\">Contendr\u00e1\u00a0una\u00a0parte\u00a0te\u00f3rica y otra pr\u00e1ctica con cuestionario de evaluaci\u00f3n.<\/p>\n<p dir=\"ltr\">La modalidad es a distancia, autogestionando la apropiaci\u00f3n de los contenidos.<\/p>\n<h2>Expectativas de logro:<br \/>\n<\/h2>\n<p dir=\"ltr\">Se\u00a0busca\u00a0que\u00a0quienes realicen\u00a0la capacitaci\u00f3n puedan reflexionar sobre pr\u00e1cticas cotidianas profundamente naturalizadas en nuestra sociedad, que reproducen las desigualdades entre varones y mujeres, para trabajar por la transformaci\u00f3n de las mismas.<\/p>\n<p dir=\"ltr\">Se\u00a0busca\u00a0brindar los elementos te\u00f3ricos necesarios para corrernos de los sentidos comunes dominantes\u00a0e impedir\u00a0la reproducci\u00f3n del sexismo conociendo sus manifestaciones.<\/p>\n","protected":false},"excerpt":{"rendered":"<p>Objetivos y metodolog\u00eda de la Capacitaci\u00f3n El objetivo est\u00e1 enunciado en la LEY N\u00ba 2007-A &#8211; ART\u00cdCULO 1\u00ba.- (Adhesi\u00f3n) \u201c&#8230;con el objetivo de que los servidores y funcionarios del Estado provincial desarrollen y afiancen actitudes, saberes, valores y pr\u00e1cticas que contribuyan a prevenir y erradicar la violencia de g\u00e9nero\u201d Ley Micaela La capacitaci\u00f3n se desarrolla [&hellip;]<\/p>\n","protected":false},"author":14,"featured_media":0,"parent":0,"menu_order":0,"comment_status":"closed","ping_status":"closed","template":"elementor_header_footer","meta":{"footnotes":""},"class_list":["post-3465","page","type-page","status-publish","hentry"],"_links":{"self":[{"href":"https:\/\/web.sanjuan.gob.ar\/capacitacion\/wp-json\/wp\/v2\/pages\/3465","targetHints":{"allow":["GET"]}}],"collection":[{"href":"https:\/\/web.sanjuan.gob.ar\/capacitacion\/wp-json\/wp\/v2\/pages"}],"about":[{"href":"https:\/\/web.sanjuan.gob.ar\/capacitacion\/wp-json\/wp\/v2\/types\/page"}],"author":[{"embeddable":true,"href":"https:\/\/web.sanjuan.gob.ar\/capacitacion\/wp-json\/wp\/v2\/users\/14"}],"replies":[{"embeddable":true,"href":"https:\/\/web.sanjuan.gob.ar\/capacitacion\/wp-json\/wp\/v2\/comments?post=3465"}],"version-history":[{"count":3,"href":"https:\/\/web.sanjuan.gob.ar\/capacitacion\/wp-json\/wp\/v2\/pages\/3465\/revisions"}],"predecessor-version":[{"id":3491,"href":"https:\/\/web.sanjuan.gob.ar\/capacitacion\/wp-json\/wp\/v2\/pages\/3465\/revisions\/3491"}],"wp:attachment":[{"href":"https:\/\/web.sanjuan.gob.ar\/capacitacion\/wp-json\/wp\/v2\/media?parent=3465"}],"curies":[{"name":"wp","href":"https:\/\/api.w.org\/{rel}","templated":true}]}}