{"id":3795,"date":"2021-10-06T11:32:23","date_gmt":"2021-10-06T11:32:23","guid":{"rendered":"https:\/\/web.sanjuan.gob.ar\/capacitacion\/?page_id=3795"},"modified":"2021-10-06T11:34:26","modified_gmt":"2021-10-06T11:34:26","slug":"ley-micaela2","status":"publish","type":"page","link":"https:\/\/web.sanjuan.gob.ar\/capacitacion\/ley-micaela2\/","title":{"rendered":"Ley Micaela2"},"content":{"rendered":"<p><img loading=\"lazy\" decoding=\"async\" src=\"https:\/\/web.sanjuan.gob.ar\/capacitacion\/wp-content\/uploads\/sites\/14\/2021\/08\/banermica-1.png\" alt=\"\" width=\"2561\" height=\"538\" \/><br \/>\n<img loading=\"lazy\" decoding=\"async\" src=\"https:\/\/web.sanjuan.gob.ar\/capacitacion\/wp-content\/uploads\/sites\/14\/2021\/08\/linea1-300x33.png\" alt=\"\" width=\"300\" height=\"33\" \/><\/p>\n<h1>Ley Micaela<\/h1>\n<p>La ley Nacional N\u00b0 27.499 sancionada el 19 de diciembre de 2018 y conocida como \u201cLey Micaela\u201d, establece la capacitaci\u00f3n permanente obligatoria en G\u00e9nero y Violencia contra las Mujeres, para todas las personas que cumplen funciones en todos los niveles y jerarqu\u00edas en los tres Poderes Ejecutivo, Legislativo y Judicial, del Estado Argentino.<\/p>\n<p><img loading=\"lazy\" decoding=\"async\" src=\"https:\/\/web.sanjuan.gob.ar\/capacitacion\/wp-content\/uploads\/sites\/14\/2021\/08\/Micaela-2-300x203.png\" alt=\"\" width=\"300\" height=\"203\" \/><\/p>\n<p>La Provincia de San Juan adhiri\u00f3 a la Ley Nacional 27.499 mediante la Ley Provincial N\u00b0 2007 A, que entr\u00f3 en vigencia el d\u00eda 15 de Enero del A\u00f1o 2020, promoviendo as\u00ed la capacitaci\u00f3n para la igualdad de g\u00e9nero en todos los estamentos estales de los tres poderes del Estado Provincial, invitando a los municipios en su art\u00edculo quinto a la adhesi\u00f3n en igual sentido.<\/p>\n<p>Seg\u00fan la Ley Provincial de Adhesi\u00f3n a la Ley Micaela el \u00f3rgano de Aplicaci\u00f3n de la capacitaci\u00f3n obligatoria es el <strong>Ministerio de Desarrollo Humano y Promoci\u00f3n Social a trav\u00e9s de la Direcci\u00f3n de la Mujer.<\/strong><\/p>\n<h2>Noticias de las Capacitaciones en Ley Micaela<\/h2>\n<figure><img decoding=\"async\" src=\"https:\/\/web.sanjuan.gob.ar\/capacitacion\/wp-content\/uploads\/sites\/14\/2021\/08\/EmbeddedImage3.png\" alt=\"EmbeddedImage(3)\" \/><\/figure>\n<figure><img decoding=\"async\" src=\"https:\/\/web.sanjuan.gob.ar\/capacitacion\/wp-content\/uploads\/sites\/14\/2021\/08\/Ley-Micaela-04.png\" alt=\"Ley Micaela 04\" \/><\/figure>\n<figure><img decoding=\"async\" src=\"https:\/\/web.sanjuan.gob.ar\/capacitacion\/wp-content\/uploads\/sites\/14\/2021\/08\/EmbeddedImage1.png\" alt=\"EmbeddedImage(1)\" \/><\/figure>\n<figure><img decoding=\"async\" src=\"https:\/\/web.sanjuan.gob.ar\/capacitacion\/wp-content\/uploads\/sites\/14\/2021\/08\/EmbeddedImage2.png\" alt=\"EmbeddedImage(2)\" \/><\/figure>\n<p>Anterior<br \/>\nSiguiente<\/p>\n<figure><a href=\"https:\/\/sisanjuan.gob.ar\/desarrollo-humano-y-promocion-social\/2020-10-05\/26348-desarrollo-humano-y-la-corte-de-justicia-capacitaron-a-los-intendentes-sobre-la-ley-micaela\" target=\"_blank\" rel=\"noopener\"><img loading=\"lazy\" decoding=\"async\" src=\"https:\/\/web.sanjuan.gob.ar\/capacitacion\/wp-content\/uploads\/sites\/14\/2021\/08\/EmbeddedImage4.png\" alt=\"\" width=\"451\" height=\"451\" \/><\/a><\/figure>\n<p>Desarrollo Humano y la Corte de justicia capacitaron a los intendentes sobre la Ley Micaela<\/p>\n<figure><a href=\"https:\/\/sisanjuan.gob.ar\/desarrollo-humano-y-promocion-social\/2020-10-01\/26253-desarrollo-humano-capacita-a-los-ministerios-de-gobierno-y-hacienda-sobre-la-ley-micaela\" target=\"_blank\" rel=\"noopener\"><img loading=\"lazy\" decoding=\"async\" src=\"https:\/\/web.sanjuan.gob.ar\/capacitacion\/wp-content\/uploads\/sites\/14\/2021\/08\/Ley-Micaela-003.jpg\" alt=\"\" width=\"689\" height=\"684\" \/><\/a><\/figure>\n<p>Desarrollo Humano capacita a los ministerios de Gobierno y Hacienda sobre la Ley Micaela<\/p>\n<figure><a href=\"https:\/\/sisanjuan.gob.ar\/desarrollo-humano-y-promocion-social\/2020-08-09\/24748-micaela-cumpliria-anos-y-san-juan-se-compromete-a-concientizar-a-la-planta-estatal\" target=\"_blank\" rel=\"noopener\"><img loading=\"lazy\" decoding=\"async\" src=\"https:\/\/web.sanjuan.gob.ar\/capacitacion\/wp-content\/uploads\/sites\/14\/2021\/08\/EmbeddedImage5.png\" alt=\"\" width=\"449\" height=\"449\" \/><\/a><\/figure>\n<p>Micaela cumplir\u00eda a\u00f1os<\/p>\n<figure><a href=\"https:\/\/sisanjuan.gob.ar\/desarrollo-humano-y-promocion-social\/2021-04-28\/31532-los-funcionarios-de-la-municipalidad-de-chimbas-se-capacitaron-en-la-ley-micaela\" target=\"_blank\" rel=\"noopener\"><img loading=\"lazy\" decoding=\"async\" src=\"https:\/\/web.sanjuan.gob.ar\/capacitacion\/wp-content\/uploads\/sites\/14\/2021\/08\/Ley-Micaela-042.png\" alt=\"\" width=\"449\" height=\"449\" \/><\/a><\/figure>\n<p>Desarrollo Humano contin\u00faa capacitando en la Ley Micaela<\/p>\n","protected":false},"excerpt":{"rendered":"<p>Ley Micaela La ley Nacional N\u00b0 27.499 sancionada el 19 de diciembre de 2018 y conocida como \u201cLey Micaela\u201d, establece la capacitaci\u00f3n permanente obligatoria en G\u00e9nero y Violencia contra las Mujeres, para todas las personas que cumplen funciones en todos los niveles y jerarqu\u00edas en los tres Poderes Ejecutivo, Legislativo y Judicial, del Estado Argentino. [&hellip;]<\/p>\n","protected":false},"author":14,"featured_media":0,"parent":0,"menu_order":0,"comment_status":"closed","ping_status":"closed","template":"","meta":{"footnotes":""},"class_list":["post-3795","page","type-page","status-publish","hentry"],"_links":{"self":[{"href":"https:\/\/web.sanjuan.gob.ar\/capacitacion\/wp-json\/wp\/v2\/pages\/3795","targetHints":{"allow":["GET"]}}],"collection":[{"href":"https:\/\/web.sanjuan.gob.ar\/capacitacion\/wp-json\/wp\/v2\/pages"}],"about":[{"href":"https:\/\/web.sanjuan.gob.ar\/capacitacion\/wp-json\/wp\/v2\/types\/page"}],"author":[{"embeddable":true,"href":"https:\/\/web.sanjuan.gob.ar\/capacitacion\/wp-json\/wp\/v2\/users\/14"}],"replies":[{"embeddable":true,"href":"https:\/\/web.sanjuan.gob.ar\/capacitacion\/wp-json\/wp\/v2\/comments?post=3795"}],"version-history":[{"count":4,"href":"https:\/\/web.sanjuan.gob.ar\/capacitacion\/wp-json\/wp\/v2\/pages\/3795\/revisions"}],"predecessor-version":[{"id":3815,"href":"https:\/\/web.sanjuan.gob.ar\/capacitacion\/wp-json\/wp\/v2\/pages\/3795\/revisions\/3815"}],"wp:attachment":[{"href":"https:\/\/web.sanjuan.gob.ar\/capacitacion\/wp-json\/wp\/v2\/media?parent=3795"}],"curies":[{"name":"wp","href":"https:\/\/api.w.org\/{rel}","templated":true}]}}