{"id":1479,"date":"2022-10-14T11:23:53","date_gmt":"2022-10-14T11:23:53","guid":{"rendered":"https:\/\/web.sanjuan.gob.ar\/cgp\/?page_id=1479"},"modified":"2025-09-24T15:19:11","modified_gmt":"2025-09-24T15:19:11","slug":"auditores-y-arqueadores","status":"publish","type":"page","link":"https:\/\/web.sanjuan.gob.ar\/cgp\/auditores-y-arqueadores\/","title":{"rendered":"AUDITORES Y ARQUEADORES"},"content":{"rendered":"\t\t<div data-elementor-type=\"wp-page\" data-elementor-id=\"1479\" class=\"elementor elementor-1479\">\n\t\t\t\t<div class=\"elementor-element elementor-element-5fd0443 e-con-full e-flex e-con e-parent\" data-id=\"5fd0443\" data-element_type=\"container\" data-e-type=\"container\" data-settings=\"{&quot;background_background&quot;:&quot;classic&quot;}\">\n\t\t<div class=\"elementor-element elementor-element-6d4b197 e-con-full e-flex elementor-invisible e-con e-child\" data-id=\"6d4b197\" data-element_type=\"container\" data-e-type=\"container\" data-settings=\"{&quot;animation&quot;:&quot;fadeIn&quot;}\">\n\t\t<div class=\"elementor-element elementor-element-81d0b36 e-con-full e-flex e-con e-child\" data-id=\"81d0b36\" data-element_type=\"container\" data-e-type=\"container\">\n\t\t\t\t<div class=\"elementor-element elementor-element-ffa2742 elementor-invisible elementor-widget elementor-widget-image\" data-id=\"ffa2742\" data-element_type=\"widget\" data-e-type=\"widget\" data-settings=\"{&quot;_animation&quot;:&quot;fadeIn&quot;}\" data-widget_type=\"image.default\">\n\t\t\t\t<div class=\"elementor-widget-container\">\n\t\t\t\t\t\t\t\t\t\t\t\t\t\t\t<img fetchpriority=\"high\" decoding=\"async\" width=\"2048\" height=\"512\" src=\"https:\/\/web.sanjuan.gob.ar\/cgp\/wp-content\/uploads\/sites\/17\/2025\/09\/Recurso-1.png\" class=\"attachment-2048x2048 size-2048x2048 wp-image-3676\" alt=\"\" srcset=\"https:\/\/web.sanjuan.gob.ar\/cgp\/wp-content\/uploads\/sites\/17\/2025\/09\/Recurso-1.png 2048w, https:\/\/web.sanjuan.gob.ar\/cgp\/wp-content\/uploads\/sites\/17\/2025\/09\/Recurso-1-300x75.png 300w, https:\/\/web.sanjuan.gob.ar\/cgp\/wp-content\/uploads\/sites\/17\/2025\/09\/Recurso-1-1024x256.png 1024w, https:\/\/web.sanjuan.gob.ar\/cgp\/wp-content\/uploads\/sites\/17\/2025\/09\/Recurso-1-768x192.png 768w, https:\/\/web.sanjuan.gob.ar\/cgp\/wp-content\/uploads\/sites\/17\/2025\/09\/Recurso-1-1536x384.png 1536w\" sizes=\"(max-width: 2048px) 100vw, 2048px\" \/>\t\t\t\t\t\t\t\t\t\t\t\t\t\t\t<\/div>\n\t\t\t\t<\/div>\n\t\t\t\t<\/div>\n\t\t\t\t<\/div>\n\t\t\t\t<\/div>\n\t\t<div class=\"elementor-element elementor-element-9400228 e-flex e-con-boxed e-con e-parent\" data-id=\"9400228\" data-element_type=\"container\" data-e-type=\"container\">\n\t\t\t\t\t<div class=\"e-con-inner\">\n\t\t<div class=\"elementor-element elementor-element-479b79b e-con-full e-flex e-con e-child\" data-id=\"479b79b\" data-element_type=\"container\" data-e-type=\"container\">\n\t\t<div class=\"elementor-element elementor-element-53e6ece e-con-full e-flex elementor-invisible e-con e-child\" data-id=\"53e6ece\" data-element_type=\"container\" data-e-type=\"container\" data-settings=\"{&quot;animation&quot;:&quot;fadeIn&quot;,&quot;animation_mobile&quot;:&quot;fadeInUp&quot;,&quot;animation_delay&quot;:0}\">\n\t\t\t\t<div class=\"elementor-element elementor-element-59c2da9 elementor-align-left elementor-widget elementor-widget-button\" data-id=\"59c2da9\" data-element_type=\"widget\" data-e-type=\"widget\" data-widget_type=\"button.default\">\n\t\t\t\t<div class=\"elementor-widget-container\">\n\t\t\t\t\t\t\t\t\t<div class=\"elementor-button-wrapper\">\n\t\t\t\t\t<a class=\"elementor-button elementor-button-link elementor-size-sm\" href=\"https:\/\/web.sanjuan.gob.ar\/cgp\/test_inicio\/\">\n\t\t\t\t\t\t<span class=\"elementor-button-content-wrapper\">\n\t\t\t\t\t\t<span class=\"elementor-button-icon\">\n\t\t\t\t<i aria-hidden=\"true\" class=\"fas fa-arrow-left\"><\/i>\t\t\t<\/span>\n\t\t\t\t\t\t\t\t<\/span>\n\t\t\t\t\t<\/a>\n\t\t\t\t<\/div>\n\t\t\t\t\t\t\t\t<\/div>\n\t\t\t\t<\/div>\n\t\t\t\t<div class=\"elementor-element elementor-element-4d0bbe8 elementor-align-left elementor-widget elementor-widget-button\" data-id=\"4d0bbe8\" data-element_type=\"widget\" data-e-type=\"widget\" data-widget_type=\"button.default\">\n\t\t\t\t<div class=\"elementor-widget-container\">\n\t\t\t\t\t\t\t\t\t<div class=\"elementor-button-wrapper\">\n\t\t\t\t\t<a class=\"elementor-button elementor-button-link elementor-size-sm\" href=\"https:\/\/web.sanjuan.gob.ar\/cgp\/test_inicio\/\">\n\t\t\t\t\t\t<span class=\"elementor-button-content-wrapper\">\n\t\t\t\t\t\t\t\t\t<span class=\"elementor-button-text\">Atr\u00e1s<\/span>\n\t\t\t\t\t<\/span>\n\t\t\t\t\t<\/a>\n\t\t\t\t<\/div>\n\t\t\t\t\t\t\t\t<\/div>\n\t\t\t\t<\/div>\n\t\t\t\t<\/div>\n\t\t\t\t<\/div>\n\t\t\t\t\t<\/div>\n\t\t\t\t<\/div>\n\t\t\t\t<section class=\"elementor-section elementor-top-section elementor-element elementor-element-c687f84 elementor-section-boxed elementor-section-height-default elementor-section-height-default elementor-invisible\" data-id=\"c687f84\" data-element_type=\"section\" data-e-type=\"section\" data-settings=\"{&quot;animation&quot;:&quot;fadeIn&quot;}\">\n\t\t\t\t\t\t<div class=\"elementor-container elementor-column-gap-default\">\n\t\t\t\t\t<div class=\"elementor-column elementor-col-100 elementor-top-column elementor-element elementor-element-3149c97\" data-id=\"3149c97\" data-element_type=\"column\" data-e-type=\"column\">\n\t\t\t<div class=\"elementor-widget-wrap elementor-element-populated\">\n\t\t\t\t\t\t<div class=\"elementor-element elementor-element-b159596 elementor-widget elementor-widget-text-editor\" data-id=\"b159596\" data-element_type=\"widget\" data-e-type=\"widget\" data-widget_type=\"text-editor.default\">\n\t\t\t\t<div class=\"elementor-widget-container\">\n\t\t\t\t\t\t\t\t\t<p>A trav\u00e9s de sus Auditores de Sueldos y Arqueadores, la Contadur\u00eda General realiza un control interno sobre la Administraci\u00f3n P\u00fablica Provincial, en lo que refiere a sueldos, honorarios, arqueos de fondos y valores de los responsables de las habilitaciones, tesorer\u00edas y cajas recaudadoras de la provincia.<\/p>\t\t\t\t\t\t\t\t<\/div>\n\t\t\t\t<\/div>\n\t\t\t\t\t<\/div>\n\t\t<\/div>\n\t\t\t\t\t<\/div>\n\t\t<\/section>\n\t\t\t\t<section class=\"elementor-section elementor-top-section elementor-element elementor-element-2360552 elementor-section-boxed elementor-section-height-default elementor-section-height-default elementor-invisible\" data-id=\"2360552\" data-element_type=\"section\" data-e-type=\"section\" data-settings=\"{&quot;background_background&quot;:&quot;classic&quot;,&quot;animation&quot;:&quot;fadeIn&quot;}\">\n\t\t\t\t\t\t<div class=\"elementor-container elementor-column-gap-default\">\n\t\t\t\t\t<div class=\"elementor-column elementor-col-100 elementor-top-column elementor-element elementor-element-ff61f74\" data-id=\"ff61f74\" data-element_type=\"column\" data-e-type=\"column\">\n\t\t\t<div class=\"elementor-widget-wrap elementor-element-populated\">\n\t\t\t\t\t\t<div class=\"elementor-element elementor-element-1f6bfc3 elementor-widget elementor-widget-text-editor\" data-id=\"1f6bfc3\" data-element_type=\"widget\" data-e-type=\"widget\" data-widget_type=\"text-editor.default\">\n\t\t\t\t<div class=\"elementor-widget-container\">\n\t\t\t\t\t\t\t\t\t<p>-Supervisar cumplimiento de las normas de control interno<br \/>-Poner en conocimiento al Contador Fiscal General de los distintos actos que acarrearen perjuicios a la hacienda p\u00fablica.<br \/>-Ejecutar la auditor\u00eda de sueldo asegurando el cumplimiento de normas legales y contables.<\/p><h6><b>Centro C\u00edvico de San Juan<\/b> \u2013 <span style=\"font-weight: normal\">1\u00ba Piso N\u00facleo 6<\/span><\/h6><h6><strong style=\"font-style: inherit;color: var( --e-global-color-text )\">Email:<\/strong><span style=\"color: #991f00\"><a style=\"font-style: inherit;font-weight: inherit;background-color: #f6f6f6;color: #991f00\" href=\"mailto:auditoriatecnica@sanjuan.gov.ar\"><strong> auditoresarqueadores@sanjuan.gov.ar\u00a0<\/strong><\/a><\/span><\/h6><h6>Email auditores de sueldos: <span style=\"color: #991f00\">auditoriasueldos@sanjuan.gov.ar<\/span><\/h6><h6><b>Tel\u00e9fono<\/b>:\u00a0<span style=\"color: #bf3822\"><strong>430 6619 \u2013 6620<\/strong><\/span><\/h6><p><span style=\"color: #bf3822\"><strong>\u00a0<\/strong><\/span><\/p><p><span style=\"color: #bf3822\"><strong>Auditor\u00eda T\u00e9cnica en Obras P\u00fablicas<\/strong><\/span><\/p><p>-Intervenir en los aspectos t\u00e9cnicos durante las distintas etapas de la contrataci\u00f3n y ejecuci\u00f3n de obras p\u00fablicas hasta su recepci\u00f3n definitiva.<br \/>-Asesorar en forma t\u00e9cnica para el ejercicio del control interno de la hacienda p\u00fablica que compete a CGP.<\/p><p><strong>Centro C\u00edvico de San Juan<\/strong> \u2013 4\u00ba Piso N\u00facleo 3<br \/><strong>Email:<\/strong><span style=\"color: #991f00\"><a style=\"color: #991f00\" href=\"mailto:auditoriatecnica@sanjuan.gov.ar\"><strong>\u00a0auditoriatecnica@sanjuan.gov.ar<\/strong><\/a><\/span><br \/><strong>Tel\u00e9fono:<\/strong> <span style=\"color: #bf3822\"><strong>430 5442<\/strong><\/span><\/p><p><span style=\"color: #bf3822\"><strong>\u00a0<\/strong><\/span><\/p>\t\t\t\t\t\t\t\t<\/div>\n\t\t\t\t<\/div>\n\t\t\t\t\t<\/div>\n\t\t<\/div>\n\t\t\t\t\t<\/div>\n\t\t<\/section>\n\t\t\t\t<\/div>\n\t\t","protected":false},"excerpt":{"rendered":"<p>Atr\u00e1s A trav\u00e9s de sus Auditores de Sueldos y Arqueadores, la Contadur\u00eda General realiza un control interno sobre la Administraci\u00f3n P\u00fablica Provincial, en lo que refiere a sueldos, honorarios, arqueos de fondos y valores de los responsables de las habilitaciones, tesorer\u00edas y cajas recaudadoras de la provincia. -Supervisar cumplimiento de las normas de control interno-Poner [&hellip;]<\/p>\n","protected":false},"author":27,"featured_media":0,"parent":0,"menu_order":0,"comment_status":"closed","ping_status":"closed","template":"elementor_header_footer","meta":{"site-sidebar-layout":"no-sidebar","site-content-layout":"page-builder","ast-site-content-layout":"default","site-content-style":"default","site-sidebar-style":"default","ast-global-header-display":"","ast-banner-title-visibility":"","ast-main-header-display":"","ast-hfb-above-header-display":"","ast-hfb-below-header-display":"","ast-hfb-mobile-header-display":"","site-post-title":"disabled","ast-breadcrumbs-content":"","ast-featured-img":"disabled","footer-sml-layout":"","ast-disable-related-posts":"","theme-transparent-header-meta":"default","adv-header-id-meta":"","stick-header-meta":"","header-above-stick-meta":"","header-main-stick-meta":"","header-below-stick-meta":"","astra-migrate-meta-layouts":"default","ast-page-background-enabled":"default","ast-page-background-meta":{"desktop":{"background-color":"var(--ast-global-color-4)","background-image":"","background-repeat":"repeat","background-position":"center center","background-size":"auto","background-attachment":"scroll","background-type":"","background-media":"","overlay-type":"","overlay-color":"","overlay-opacity":"","overlay-gradient":""},"tablet":{"background-color":"","background-image":"","background-repeat":"repeat","background-position":"center center","background-size":"auto","background-attachment":"scroll","background-type":"","background-media":"","overlay-type":"","overlay-color":"","overlay-opacity":"","overlay-gradient":""},"mobile":{"background-color":"","background-image":"","background-repeat":"repeat","background-position":"center center","background-size":"auto","background-attachment":"scroll","background-type":"","background-media":"","overlay-type":"","overlay-color":"","overlay-opacity":"","overlay-gradient":""}},"ast-content-background-meta":{"desktop":{"background-color":"var(--ast-global-color-5)","background-image":"","background-repeat":"repeat","background-position":"center center","background-size":"auto","background-attachment":"scroll","background-type":"","background-media":"","overlay-type":"","overlay-color":"","overlay-opacity":"","overlay-gradient":""},"tablet":{"background-color":"var(--ast-global-color-5)","background-image":"","background-repeat":"repeat","background-position":"center center","background-size":"auto","background-attachment":"scroll","background-type":"","background-media":"","overlay-type":"","overlay-color":"","overlay-opacity":"","overlay-gradient":""},"mobile":{"background-color":"var(--ast-global-color-5)","background-image":"","background-repeat":"repeat","background-position":"center center","background-size":"auto","background-attachment":"scroll","background-type":"","background-media":"","overlay-type":"","overlay-color":"","overlay-opacity":"","overlay-gradient":""}},"footnotes":""},"class_list":["post-1479","page","type-page","status-publish","hentry"],"_links":{"self":[{"href":"https:\/\/web.sanjuan.gob.ar\/cgp\/wp-json\/wp\/v2\/pages\/1479","targetHints":{"allow":["GET"]}}],"collection":[{"href":"https:\/\/web.sanjuan.gob.ar\/cgp\/wp-json\/wp\/v2\/pages"}],"about":[{"href":"https:\/\/web.sanjuan.gob.ar\/cgp\/wp-json\/wp\/v2\/types\/page"}],"author":[{"embeddable":true,"href":"https:\/\/web.sanjuan.gob.ar\/cgp\/wp-json\/wp\/v2\/users\/27"}],"replies":[{"embeddable":true,"href":"https:\/\/web.sanjuan.gob.ar\/cgp\/wp-json\/wp\/v2\/comments?post=1479"}],"version-history":[{"count":3,"href":"https:\/\/web.sanjuan.gob.ar\/cgp\/wp-json\/wp\/v2\/pages\/1479\/revisions"}],"predecessor-version":[{"id":3837,"href":"https:\/\/web.sanjuan.gob.ar\/cgp\/wp-json\/wp\/v2\/pages\/1479\/revisions\/3837"}],"wp:attachment":[{"href":"https:\/\/web.sanjuan.gob.ar\/cgp\/wp-json\/wp\/v2\/media?parent=1479"}],"curies":[{"name":"wp","href":"https:\/\/api.w.org\/{rel}","templated":true}]}}