{"id":443,"date":"2025-04-24T11:59:31","date_gmt":"2025-04-24T14:59:31","guid":{"rendered":"https:\/\/web.sanjuan.gob.ar\/cultura\/?page_id=443"},"modified":"2025-06-17T13:07:33","modified_gmt":"2025-06-17T16:07:33","slug":"direccion-de-artes-escenicas","status":"publish","type":"page","link":"https:\/\/web.sanjuan.gob.ar\/cultura\/direcciones\/direccion-de-artes-escenicas\/","title":{"rendered":"Direcci\u00f3n de Artes Esc\u00e9nicas"},"content":{"rendered":"\t\t<div data-elementor-type=\"wp-page\" data-elementor-id=\"443\" class=\"elementor elementor-443\">\n\t\t\t\t\t\t<section class=\"elementor-section elementor-top-section elementor-element elementor-element-4f30ee1f elementor-section-boxed elementor-section-height-default elementor-section-height-default\" data-id=\"4f30ee1f\" data-element_type=\"section\" data-e-type=\"section\">\n\t\t\t\t\t\t<div class=\"elementor-container elementor-column-gap-default\">\n\t\t\t\t\t<div class=\"elementor-column elementor-col-100 elementor-top-column elementor-element elementor-element-24c0c85\" data-id=\"24c0c85\" data-element_type=\"column\" data-e-type=\"column\">\n\t\t\t<div class=\"elementor-widget-wrap elementor-element-populated\">\n\t\t\t\t\t\t<div class=\"elementor-element elementor-element-3b9a34e9 elementor-widget elementor-widget-theme-post-featured-image elementor-widget-image\" data-id=\"3b9a34e9\" data-element_type=\"widget\" data-e-type=\"widget\" data-widget_type=\"theme-post-featured-image.default\">\n\t\t\t\t<div class=\"elementor-widget-container\">\n\t\t\t\t\t\t\t\t\t\t\t\t\t\t\t<img fetchpriority=\"high\" decoding=\"async\" width=\"800\" height=\"250\" src=\"https:\/\/web.sanjuan.gob.ar\/cultura\/wp-content\/uploads\/sites\/26\/2025\/06\/banner-arte-escenicas.png\" class=\"attachment-full size-full wp-image-1371\" alt=\"\" srcset=\"https:\/\/web.sanjuan.gob.ar\/cultura\/wp-content\/uploads\/sites\/26\/2025\/06\/banner-arte-escenicas.png 800w, https:\/\/web.sanjuan.gob.ar\/cultura\/wp-content\/uploads\/sites\/26\/2025\/06\/banner-arte-escenicas-300x94.png 300w, https:\/\/web.sanjuan.gob.ar\/cultura\/wp-content\/uploads\/sites\/26\/2025\/06\/banner-arte-escenicas-768x240.png 768w\" sizes=\"(max-width: 800px) 100vw, 800px\" \/>\t\t\t\t\t\t\t\t\t\t\t\t\t\t\t<\/div>\n\t\t\t\t<\/div>\n\t\t\t\t\t<\/div>\n\t\t<\/div>\n\t\t\t\t\t<\/div>\n\t\t<\/section>\n\t\t\t\t<section class=\"elementor-section elementor-top-section elementor-element elementor-element-4069345b elementor-section-boxed elementor-section-height-default elementor-section-height-default\" data-id=\"4069345b\" data-element_type=\"section\" data-e-type=\"section\">\n\t\t\t\t\t\t<div class=\"elementor-container elementor-column-gap-default\">\n\t\t\t\t\t<div class=\"elementor-column elementor-col-100 elementor-top-column elementor-element elementor-element-3d62efc4\" data-id=\"3d62efc4\" data-element_type=\"column\" data-e-type=\"column\">\n\t\t\t<div class=\"elementor-widget-wrap elementor-element-populated\">\n\t\t\t\t\t\t<div class=\"elementor-element elementor-element-1cc86275 elementor-widget elementor-widget-eael-breadcrumbs\" data-id=\"1cc86275\" data-element_type=\"widget\" data-e-type=\"widget\" data-widget_type=\"eael-breadcrumbs.default\">\n\t\t\t\t<div class=\"elementor-widget-container\">\n\t\t\t\t\t\t\t<div class=\"eael-breadcrumbs\">\n\t\t\t<div class=\"eael-breadcrumbs__content\"><a href=\"https:\/\/web.sanjuan.gob.ar\/cultura\">Inicio<\/a> <span class=\"eael-breadcrumb-separator\">\/<\/span> <span class = \"eael-current\">P\u00e1gina<\/span><\/div>\t\t<\/div>\n\t\t\t\t\t\t<\/div>\n\t\t\t\t<\/div>\n\t\t\t\t\t<\/div>\n\t\t<\/div>\n\t\t\t\t\t<\/div>\n\t\t<\/section>\n\t\t\t\t<section class=\"elementor-section elementor-top-section elementor-element elementor-element-1550daf9 elementor-section-boxed elementor-section-height-default elementor-section-height-default\" data-id=\"1550daf9\" data-element_type=\"section\" data-e-type=\"section\">\n\t\t\t\t\t\t<div class=\"elementor-container elementor-column-gap-default\">\n\t\t\t\t\t<div class=\"elementor-column elementor-col-100 elementor-top-column elementor-element elementor-element-4ff81289\" data-id=\"4ff81289\" data-element_type=\"column\" data-e-type=\"column\">\n\t\t\t<div class=\"elementor-widget-wrap elementor-element-populated\">\n\t\t\t\t\t\t\t<\/div>\n\t\t<\/div>\n\t\t\t\t\t<\/div>\n\t\t<\/section>\n\t\t\t\t<section class=\"elementor-section elementor-top-section elementor-element elementor-element-1361411c elementor-section-boxed elementor-section-height-default elementor-section-height-default\" data-id=\"1361411c\" data-element_type=\"section\" data-e-type=\"section\">\n\t\t\t\t\t\t<div class=\"elementor-container elementor-column-gap-default\">\n\t\t\t\t\t<div class=\"elementor-column elementor-col-100 elementor-top-column elementor-element elementor-element-348092e5\" data-id=\"348092e5\" data-element_type=\"column\" data-e-type=\"column\">\n\t\t\t<div class=\"elementor-widget-wrap elementor-element-populated\">\n\t\t\t\t\t\t<div class=\"elementor-element elementor-element-5bfaeb4f elementor-widget-divider--view-line elementor-widget elementor-widget-divider\" data-id=\"5bfaeb4f\" data-element_type=\"widget\" data-e-type=\"widget\" data-widget_type=\"divider.default\">\n\t\t\t\t<div class=\"elementor-widget-container\">\n\t\t\t\t\t\t\t<div class=\"elementor-divider\">\n\t\t\t<span class=\"elementor-divider-separator\">\n\t\t\t\t\t\t<\/span>\n\t\t<\/div>\n\t\t\t\t\t\t<\/div>\n\t\t\t\t<\/div>\n\t\t\t\t\t<\/div>\n\t\t<\/div>\n\t\t\t\t\t<\/div>\n\t\t<\/section>\n\t\t\t\t<section class=\"elementor-section elementor-top-section elementor-element elementor-element-1f1c8366 elementor-section-boxed elementor-section-height-default elementor-section-height-default\" data-id=\"1f1c8366\" data-element_type=\"section\" data-e-type=\"section\">\n\t\t\t\t\t\t<div class=\"elementor-container elementor-column-gap-extended\">\n\t\t\t\t\t<div class=\"elementor-column elementor-col-33 elementor-top-column elementor-element elementor-element-7eda6116\" data-id=\"7eda6116\" data-element_type=\"column\" data-e-type=\"column\">\n\t\t\t<div class=\"elementor-widget-wrap elementor-element-populated\">\n\t\t\t\t\t\t<div class=\"elementor-element elementor-element-151b71bd elementor-widget elementor-widget-text-editor\" data-id=\"151b71bd\" data-element_type=\"widget\" data-e-type=\"widget\" data-widget_type=\"text-editor.default\">\n\t\t\t\t<div class=\"elementor-widget-container\">\n\t\t\t\t\t\t\t\t\t<p><span style=\"font-weight: 400;\">La Direcci\u00f3n de Artes Esc\u00e9nicas, dependiente del Ministerio de Turismo, Cultura y Deporte, desarrolla y ejecuta estrategias para la producci\u00f3n y gesti\u00f3n de eventos culturales en la provincia de San Juan dentro de la danza, la expresi\u00f3n corporal, la m\u00fasica, el teatro, la pintura, con el objetivo de fortalecer el sector art\u00edstico y preservar el patrimonio cultural.<\/span><\/p><p><span style=\"font-weight: 400;\">Asimismo, trabaja en la producci\u00f3n de la <\/span><i><span style=\"font-weight: 400;\">Fiesta Nacional del Sol<\/span><\/i><span style=\"font-weight: 400;\"> y la <\/span><i><span style=\"font-weight: 400;\">Gala Patria<\/span><\/i><span style=\"font-weight: 400;\">, asegurando una articulaci\u00f3n eficiente entre municipios y diversos actores culturales.\u00a0<\/span><\/p><p><span style=\"font-weight: 400;\">La Direcci\u00f3n optimiza recursos y planificaci\u00f3n a trav\u00e9s de reuniones estrat\u00e9gicas, supervisi\u00f3n de contratos (Programa de arte en Espacios Compartidos) y coordinaci\u00f3n de infraestructura. Dentro de sus proyectos en desarrollo, se encuentra la organizaci\u00f3n del <\/span><i><span style=\"font-weight: 400;\">Pre-Laborde<\/span><\/i><span style=\"font-weight: 400;\"> y el <\/span><i><span style=\"font-weight: 400;\">D\u00eda Internacional de la Danza<\/span><\/i><span style=\"font-weight: 400;\">, con procesos activos de adquisici\u00f3n de materiales, gesti\u00f3n de jurados y planificaci\u00f3n operativa. Con cada acci\u00f3n, reafirma su compromiso con el crecimiento del arte y la cultura de San Juan.<\/span><\/p>\t\t\t\t\t\t\t\t<\/div>\n\t\t\t\t<\/div>\n\t\t\t\t\t<\/div>\n\t\t<\/div>\n\t\t\t\t<div class=\"elementor-column elementor-col-33 elementor-top-column elementor-element elementor-element-76a96de6\" data-id=\"76a96de6\" data-element_type=\"column\" data-e-type=\"column\">\n\t\t\t<div class=\"elementor-widget-wrap elementor-element-populated\">\n\t\t\t\t\t\t<div class=\"elementor-element elementor-element-3d902ce6 elementor-widget elementor-widget-google_maps\" data-id=\"3d902ce6\" data-element_type=\"widget\" data-e-type=\"widget\" data-widget_type=\"google_maps.default\">\n\t\t\t\t<div class=\"elementor-widget-container\">\n\t\t\t\t\t\t\t<div class=\"elementor-custom-embed\">\n\t\t\t<iframe loading=\"lazy\"\n\t\t\t\t\tsrc=\"https:\/\/maps.google.com\/maps?q=-31.532338%2C%20-68.537694&#038;t=m&#038;z=15&#038;output=embed&#038;iwloc=near\"\n\t\t\t\t\ttitle=\"-31.532338, -68.537694\"\n\t\t\t\t\taria-label=\"-31.532338, -68.537694\"\n\t\t\t><\/iframe>\n\t\t<\/div>\n\t\t\t\t\t\t<\/div>\n\t\t\t\t<\/div>\n\t\t\t\t\t<\/div>\n\t\t<\/div>\n\t\t\t\t<div class=\"elementor-column elementor-col-33 elementor-top-column elementor-element elementor-element-249e03eb\" data-id=\"249e03eb\" data-element_type=\"column\" data-e-type=\"column\">\n\t\t\t<div class=\"elementor-widget-wrap elementor-element-populated\">\n\t\t\t\t\t\t<div class=\"elementor-element elementor-element-58bdbed5 elementor-icon-list--layout-traditional elementor-list-item-link-full_width elementor-widget elementor-widget-icon-list\" data-id=\"58bdbed5\" data-element_type=\"widget\" data-e-type=\"widget\" data-widget_type=\"icon-list.default\">\n\t\t\t\t<div class=\"elementor-widget-container\">\n\t\t\t\t\t\t\t<ul class=\"elementor-icon-list-items\">\n\t\t\t\t\t\t\t<li class=\"elementor-icon-list-item\">\n\t\t\t\t\t\t\t\t\t\t\t<span class=\"elementor-icon-list-icon\">\n\t\t\t\t\t\t\t<i aria-hidden=\"true\" class=\"far fa-envelope\"><\/i>\t\t\t\t\t\t<\/span>\n\t\t\t\t\t\t\t\t\t\t<span class=\"elementor-icon-list-text\">artesescenicassanjuan@gmail.com<\/span>\n\t\t\t\t\t\t\t\t\t<\/li>\n\t\t\t\t\t\t\t\t<li class=\"elementor-icon-list-item\">\n\t\t\t\t\t\t\t\t\t\t\t<span class=\"elementor-icon-list-icon\">\n\t\t\t\t\t\t\t<i aria-hidden=\"true\" class=\"fas fa-map-marker-alt\"><\/i>\t\t\t\t\t\t<\/span>\n\t\t\t\t\t\t\t\t\t\t<span class=\"elementor-icon-list-text\">Complejo Ferro Urban\u00edstico, Av. Espa\u00f1a entre 25 de mayo y San Luis - San Juan, Argentina<\/span>\n\t\t\t\t\t\t\t\t\t<\/li>\n\t\t\t\t\t\t<\/ul>\n\t\t\t\t\t\t<\/div>\n\t\t\t\t<\/div>\n\t\t\t\t<div class=\"elementor-element elementor-element-4e31e82b elementor-widget-divider--view-line elementor-widget elementor-widget-divider\" data-id=\"4e31e82b\" data-element_type=\"widget\" data-e-type=\"widget\" data-widget_type=\"divider.default\">\n\t\t\t\t<div class=\"elementor-widget-container\">\n\t\t\t\t\t\t\t<div class=\"elementor-divider\">\n\t\t\t<span class=\"elementor-divider-separator\">\n\t\t\t\t\t\t<\/span>\n\t\t<\/div>\n\t\t\t\t\t\t<\/div>\n\t\t\t\t<\/div>\n\t\t\t\t<div class=\"elementor-element elementor-element-732c59b2 elementor-widget elementor-widget-text-editor\" data-id=\"732c59b2\" data-element_type=\"widget\" data-e-type=\"widget\" data-widget_type=\"text-editor.default\">\n\t\t\t\t<div class=\"elementor-widget-container\">\n\t\t\t\t\t\t\t\t\t<p>Director: <strong>Sergio Gonz\u00e1lez<\/strong><\/p>\t\t\t\t\t\t\t\t<\/div>\n\t\t\t\t<\/div>\n\t\t\t\t\t<\/div>\n\t\t<\/div>\n\t\t\t\t\t<\/div>\n\t\t<\/section>\n\t\t\t\t<section class=\"elementor-section elementor-top-section elementor-element elementor-element-72c11d20 elementor-section-boxed elementor-section-height-default elementor-section-height-default\" data-id=\"72c11d20\" data-element_type=\"section\" data-e-type=\"section\">\n\t\t\t\t\t\t<div class=\"elementor-container elementor-column-gap-default\">\n\t\t\t\t\t<div class=\"elementor-column elementor-col-100 elementor-top-column elementor-element elementor-element-19279589\" data-id=\"19279589\" data-element_type=\"column\" data-e-type=\"column\">\n\t\t\t<div class=\"elementor-widget-wrap elementor-element-populated\">\n\t\t\t\t\t\t<div class=\"elementor-element elementor-element-6e2c3040 elementor-widget-divider--view-line elementor-widget elementor-widget-divider\" data-id=\"6e2c3040\" data-element_type=\"widget\" data-e-type=\"widget\" data-widget_type=\"divider.default\">\n\t\t\t\t<div class=\"elementor-widget-container\">\n\t\t\t\t\t\t\t<div class=\"elementor-divider\">\n\t\t\t<span class=\"elementor-divider-separator\">\n\t\t\t\t\t\t<\/span>\n\t\t<\/div>\n\t\t\t\t\t\t<\/div>\n\t\t\t\t<\/div>\n\t\t\t\t\t<\/div>\n\t\t<\/div>\n\t\t\t\t\t<\/div>\n\t\t<\/section>\n\t\t\t\t<section class=\"elementor-section elementor-top-section elementor-element elementor-element-76a4ec00 elementor-section-boxed elementor-section-height-default elementor-section-height-default\" data-id=\"76a4ec00\" data-element_type=\"section\" data-e-type=\"section\">\n\t\t\t\t\t\t<div class=\"elementor-container elementor-column-gap-default\">\n\t\t\t\t\t<div class=\"elementor-column elementor-col-100 elementor-top-column elementor-element elementor-element-28984f58\" data-id=\"28984f58\" data-element_type=\"column\" data-e-type=\"column\">\n\t\t\t<div class=\"elementor-widget-wrap elementor-element-populated\">\n\t\t\t\t\t\t<div class=\"elementor-element elementor-element-721fccef elementor-widget elementor-widget-heading\" data-id=\"721fccef\" data-element_type=\"widget\" data-e-type=\"widget\" data-widget_type=\"heading.default\">\n\t\t\t\t<div class=\"elementor-widget-container\">\n\t\t\t\t\t<h3 class=\"elementor-heading-title elementor-size-default\">Art\u00edculos<\/h3>\t\t\t\t<\/div>\n\t\t\t\t<\/div>\n\t\t\t\t<div class=\"elementor-element elementor-element-1a8d6b52 elementor-grid-eael-col-4 elementor-grid-tablet-eael-col-2 elementor-grid-mobile-eael-col-1 elementor-widget elementor-widget-eael-post-grid\" data-id=\"1a8d6b52\" data-element_type=\"widget\" data-e-type=\"widget\" data-settings=\"{&quot;eael_post_grid_columns&quot;:&quot;eael-col-4&quot;,&quot;eael_post_grid_columns_tablet&quot;:&quot;eael-col-2&quot;,&quot;eael_post_grid_columns_mobile&quot;:&quot;eael-col-1&quot;}\" data-widget_type=\"eael-post-grid.default\">\n\t\t\t\t<div class=\"elementor-widget-container\">\n\t\t\t\t\t<div id=\"eael-post-grid-1a8d6b52\" class=\"eael-post-grid-container\">\n            <div class=\"eael-post-grid eael-post-appender eael-post-appender-1a8d6b52 eael-post-grid-style-one\" data-layout-mode=\"masonry\"><article class=\"eael-grid-post  eael-post-grid-column eael-pg-post-3242 category-convocatorias-direccion-de-artes-escenicas-sin-categoria\" data-id=\"3242\">\n        <div class=\"eael-grid-post-holder\">\n            <div class=\"eael-grid-post-holder-inner\"><div class=\"eael-entry-media\"><div class=\"eael-entry-overlay none\"><i class=\"fas fa-long-arrow-alt-right\" aria-hidden=\"true\"><\/i><a href=\"https:\/\/web.sanjuan.gob.ar\/cultura\/pre-laborde-2026-inscripcion\/\"><\/a><\/div><div class=\"eael-entry-thumbnail \">\n                <img decoding=\"async\" width=\"1080\" height=\"1350\" src=\"https:\/\/web.sanjuan.gob.ar\/cultura\/wp-content\/uploads\/sites\/26\/2025\/09\/PRELABORDE-SANJUAN.png\" class=\"attachment-full size-full wp-image-3243\" alt=\"\" srcset=\"https:\/\/web.sanjuan.gob.ar\/cultura\/wp-content\/uploads\/sites\/26\/2025\/09\/PRELABORDE-SANJUAN.png 1080w, https:\/\/web.sanjuan.gob.ar\/cultura\/wp-content\/uploads\/sites\/26\/2025\/09\/PRELABORDE-SANJUAN-240x300.png 240w, https:\/\/web.sanjuan.gob.ar\/cultura\/wp-content\/uploads\/sites\/26\/2025\/09\/PRELABORDE-SANJUAN-824x1030.png 824w, https:\/\/web.sanjuan.gob.ar\/cultura\/wp-content\/uploads\/sites\/26\/2025\/09\/PRELABORDE-SANJUAN-768x960.png 768w\" sizes=\"(max-width: 1080px) 100vw, 1080px\" \/>\n            <\/div>\n        <\/div><div class=\"eael-entry-wrapper\"><header class=\"eael-entry-header\"><h3 class=\"eael-entry-title\"><a class=\"eael-grid-post-link\" href=\"https:\/\/web.sanjuan.gob.ar\/cultura\/pre-laborde-2026-inscripcion\/\" title=\"Pre Laborde 2026 | Inscripci\u00f3n\">Pre Laborde 2026 | Inscripci\u00f3n<\/a><\/h3><\/header><div class=\"eael-entry-content\">\n                        <div class=\"eael-grid-post-excerpt\"><a href=\"https:\/\/web.sanjuan.gob.ar\/cultura\/pre-laborde-2026-inscripcion\/\" class=\"eael-post-elements-readmore-btn\">Leer m\u00e1s<\/a><\/div>\n                    <\/div><\/div><\/div>\n        <\/div>\n    <\/article><article class=\"eael-grid-post  eael-post-grid-column eael-pg-post-1563 category-direccion-de-artes-escenicas-eventos\" data-id=\"1563\">\n        <div class=\"eael-grid-post-holder\">\n            <div class=\"eael-grid-post-holder-inner\"><div class=\"eael-entry-media\"><div class=\"eael-entry-overlay none\"><i class=\"fas fa-long-arrow-alt-right\" aria-hidden=\"true\"><\/i><a href=\"https:\/\/web.sanjuan.gob.ar\/cultura\/bellydance-jornadas-de-celebracion-con-danza-arabe-y-formacion-artistica\/\"><\/a><\/div><div class=\"eael-entry-thumbnail \">\n                <img decoding=\"async\" width=\"800\" height=\"1000\" src=\"https:\/\/web.sanjuan.gob.ar\/cultura\/wp-content\/uploads\/sites\/26\/2025\/06\/bellydance-01-portada-.jpg\" class=\"attachment-full size-full wp-image-1564\" alt=\"\" srcset=\"https:\/\/web.sanjuan.gob.ar\/cultura\/wp-content\/uploads\/sites\/26\/2025\/06\/bellydance-01-portada-.jpg 800w, https:\/\/web.sanjuan.gob.ar\/cultura\/wp-content\/uploads\/sites\/26\/2025\/06\/bellydance-01-portada--240x300.jpg 240w, https:\/\/web.sanjuan.gob.ar\/cultura\/wp-content\/uploads\/sites\/26\/2025\/06\/bellydance-01-portada--768x960.jpg 768w\" sizes=\"(max-width: 800px) 100vw, 800px\" \/>\n            <\/div>\n        <\/div><div class=\"eael-entry-wrapper\"><header class=\"eael-entry-header\"><h3 class=\"eael-entry-title\"><a class=\"eael-grid-post-link\" href=\"https:\/\/web.sanjuan.gob.ar\/cultura\/bellydance-jornadas-de-celebracion-con-danza-arabe-y-formacion-artistica\/\" title=\"Bellydance. Jornadas de Celebraci\u00f3n con Danza \u00c1rabe y Formaci\u00f3n Art\u00edstica\">Bellydance. Jornadas de Celebraci\u00f3n con Danza \u00c1rabe y Formaci\u00f3n Art\u00edstica<\/a><\/h3><\/header><div class=\"eael-entry-content\">\n                        <div class=\"eael-grid-post-excerpt\"><a href=\"https:\/\/web.sanjuan.gob.ar\/cultura\/bellydance-jornadas-de-celebracion-con-danza-arabe-y-formacion-artistica\/\" class=\"eael-post-elements-readmore-btn\">Leer m\u00e1s<\/a><\/div>\n                    <\/div><\/div><\/div>\n        <\/div>\n    <\/article><\/div>\n            <div class=\"clearfix\"><\/div>\n        <\/div>\t\t\t\t<\/div>\n\t\t\t\t<\/div>\n\t\t\t\t\t<\/div>\n\t\t<\/div>\n\t\t\t\t\t<\/div>\n\t\t<\/section>\n\t\t\t\t<\/div>\n\t\t","protected":false},"excerpt":{"rendered":"<p>Inicio \/ P\u00e1gina La Direcci\u00f3n de Artes Esc\u00e9nicas, dependiente del Ministerio de Turismo, Cultura y Deporte, desarrolla y ejecuta estrategias [&hellip;]<\/p>\n","protected":false},"author":44,"featured_media":1371,"parent":46,"menu_order":0,"comment_status":"closed","ping_status":"closed","template":"","meta":{"_acf_changed":false,"site-sidebar-layout":"no-sidebar","site-content-layout":"","ast-site-content-layout":"full-width-container","site-content-style":"default","site-sidebar-style":"default","ast-global-header-display":"","ast-banner-title-visibility":"","ast-main-header-display":"","ast-hfb-above-header-display":"","ast-hfb-below-header-display":"","ast-hfb-mobile-header-display":"","site-post-title":"disabled","ast-breadcrumbs-content":"","ast-featured-img":"disabled","footer-sml-layout":"","ast-disable-related-posts":"","theme-transparent-header-meta":"default","adv-header-id-meta":"","stick-header-meta":"","header-above-stick-meta":"","header-main-stick-meta":"","header-below-stick-meta":"","astra-migrate-meta-layouts":"set","ast-page-background-enabled":"default","ast-page-background-meta":{"desktop":{"background-color":"var(--ast-global-color-5)","background-image":"","background-repeat":"repeat","background-position":"center center","background-size":"auto","background-attachment":"scroll","background-type":"","background-media":"","overlay-type":"","overlay-color":"","overlay-opacity":"","overlay-gradient":""},"tablet":{"background-color":"","background-image":"","background-repeat":"repeat","background-position":"center center","background-size":"auto","background-attachment":"scroll","background-type":"","background-media":"","overlay-type":"","overlay-color":"","overlay-opacity":"","overlay-gradient":""},"mobile":{"background-color":"","background-image":"","background-repeat":"repeat","background-position":"center center","background-size":"auto","background-attachment":"scroll","background-type":"","background-media":"","overlay-type":"","overlay-color":"","overlay-opacity":"","overlay-gradient":""}},"ast-content-background-meta":{"desktop":{"background-color":"var(--ast-global-color-4)","background-image":"","background-repeat":"repeat","background-position":"center center","background-size":"auto","background-attachment":"scroll","background-type":"","background-media":"","overlay-type":"","overlay-color":"","overlay-opacity":"","overlay-gradient":""},"tablet":{"background-color":"var(--ast-global-color-4)","background-image":"","background-repeat":"repeat","background-position":"center center","background-size":"auto","background-attachment":"scroll","background-type":"","background-media":"","overlay-type":"","overlay-color":"","overlay-opacity":"","overlay-gradient":""},"mobile":{"background-color":"var(--ast-global-color-4)","background-image":"","background-repeat":"repeat","background-position":"center center","background-size":"auto","background-attachment":"scroll","background-type":"","background-media":"","overlay-type":"","overlay-color":"","overlay-opacity":"","overlay-gradient":""}},"footnotes":""},"class_list":["post-443","page","type-page","status-publish","has-post-thumbnail","hentry"],"acf":[],"_links":{"self":[{"href":"https:\/\/web.sanjuan.gob.ar\/cultura\/wp-json\/wp\/v2\/pages\/443","targetHints":{"allow":["GET"]}}],"collection":[{"href":"https:\/\/web.sanjuan.gob.ar\/cultura\/wp-json\/wp\/v2\/pages"}],"about":[{"href":"https:\/\/web.sanjuan.gob.ar\/cultura\/wp-json\/wp\/v2\/types\/page"}],"author":[{"embeddable":true,"href":"https:\/\/web.sanjuan.gob.ar\/cultura\/wp-json\/wp\/v2\/users\/44"}],"replies":[{"embeddable":true,"href":"https:\/\/web.sanjuan.gob.ar\/cultura\/wp-json\/wp\/v2\/comments?post=443"}],"version-history":[{"count":3,"href":"https:\/\/web.sanjuan.gob.ar\/cultura\/wp-json\/wp\/v2\/pages\/443\/revisions"}],"predecessor-version":[{"id":1582,"href":"https:\/\/web.sanjuan.gob.ar\/cultura\/wp-json\/wp\/v2\/pages\/443\/revisions\/1582"}],"up":[{"embeddable":true,"href":"https:\/\/web.sanjuan.gob.ar\/cultura\/wp-json\/wp\/v2\/pages\/46"}],"wp:featuredmedia":[{"embeddable":true,"href":"https:\/\/web.sanjuan.gob.ar\/cultura\/wp-json\/wp\/v2\/media\/1371"}],"wp:attachment":[{"href":"https:\/\/web.sanjuan.gob.ar\/cultura\/wp-json\/wp\/v2\/media?parent=443"}],"curies":[{"name":"wp","href":"https:\/\/api.w.org\/{rel}","templated":true}]}}