{"id":46,"date":"2025-03-05T14:35:51","date_gmt":"2025-03-05T13:35:51","guid":{"rendered":"https:\/\/web.sanjuan.gob.ar\/cultura\/?page_id=46"},"modified":"2025-10-09T13:16:19","modified_gmt":"2025-10-09T16:16:19","slug":"direcciones","status":"publish","type":"page","link":"https:\/\/web.sanjuan.gob.ar\/cultura\/direcciones\/","title":{"rendered":"Direcciones"},"content":{"rendered":"\t\t<div data-elementor-type=\"wp-page\" data-elementor-id=\"46\" class=\"elementor elementor-46\">\n\t\t\t\t\t\t<section class=\"elementor-section elementor-top-section elementor-element elementor-element-c124236 elementor-section-boxed elementor-section-height-default elementor-section-height-default\" data-id=\"c124236\" data-element_type=\"section\" data-e-type=\"section\">\n\t\t\t\t\t\t<div class=\"elementor-container elementor-column-gap-default\">\n\t\t\t\t\t<div class=\"elementor-column elementor-col-100 elementor-top-column elementor-element elementor-element-80472d7\" data-id=\"80472d7\" data-element_type=\"column\" data-e-type=\"column\">\n\t\t\t<div class=\"elementor-widget-wrap elementor-element-populated\">\n\t\t\t\t\t\t<div class=\"elementor-element elementor-element-4754ee0 elementor-widget elementor-widget-eael-breadcrumbs\" data-id=\"4754ee0\" data-element_type=\"widget\" data-e-type=\"widget\" data-widget_type=\"eael-breadcrumbs.default\">\n\t\t\t\t<div class=\"elementor-widget-container\">\n\t\t\t\t\t\t\t<div class=\"eael-breadcrumbs\">\n\t\t\t<div class=\"eael-breadcrumbs__content\"><a href=\"https:\/\/web.sanjuan.gob.ar\/cultura\">Inicio<\/a> <span class=\"eael-breadcrumb-separator\">\/<\/span> <span class = \"eael-current\">P\u00e1gina<\/span><\/div>\t\t<\/div>\n\t\t\t\t\t\t<\/div>\n\t\t\t\t<\/div>\n\t\t\t\t\t<\/div>\n\t\t<\/div>\n\t\t\t\t\t<\/div>\n\t\t<\/section>\n\t\t\t\t<section class=\"elementor-section elementor-top-section elementor-element elementor-element-6ab8432 elementor-section-boxed elementor-section-height-default elementor-section-height-default\" data-id=\"6ab8432\" data-element_type=\"section\" data-e-type=\"section\">\n\t\t\t\t\t\t<div class=\"elementor-container elementor-column-gap-default\">\n\t\t\t\t\t<div class=\"elementor-column elementor-col-100 elementor-top-column elementor-element elementor-element-d927c99\" data-id=\"d927c99\" data-element_type=\"column\" data-e-type=\"column\">\n\t\t\t<div class=\"elementor-widget-wrap elementor-element-populated\">\n\t\t\t\t\t\t\t<\/div>\n\t\t<\/div>\n\t\t\t\t\t<\/div>\n\t\t<\/section>\n\t\t\t\t<section class=\"elementor-section elementor-top-section elementor-element elementor-element-c8ff936 elementor-section-boxed elementor-section-height-default elementor-section-height-default\" data-id=\"c8ff936\" data-element_type=\"section\" data-e-type=\"section\">\n\t\t\t\t\t\t<div class=\"elementor-container elementor-column-gap-default\">\n\t\t\t\t\t<div class=\"elementor-column elementor-col-100 elementor-top-column elementor-element elementor-element-adf718c\" data-id=\"adf718c\" data-element_type=\"column\" data-e-type=\"column\">\n\t\t\t<div class=\"elementor-widget-wrap elementor-element-populated\">\n\t\t\t\t\t\t<div class=\"elementor-element elementor-element-542f706 elementor-widget-divider--view-line elementor-widget elementor-widget-divider\" data-id=\"542f706\" data-element_type=\"widget\" data-e-type=\"widget\" data-widget_type=\"divider.default\">\n\t\t\t\t<div class=\"elementor-widget-container\">\n\t\t\t\t\t\t\t<div class=\"elementor-divider\">\n\t\t\t<span class=\"elementor-divider-separator\">\n\t\t\t\t\t\t<\/span>\n\t\t<\/div>\n\t\t\t\t\t\t<\/div>\n\t\t\t\t<\/div>\n\t\t\t\t\t<\/div>\n\t\t<\/div>\n\t\t\t\t\t<\/div>\n\t\t<\/section>\n\t\t\t\t<section class=\"elementor-section elementor-top-section elementor-element elementor-element-c9383bf elementor-section-boxed elementor-section-height-default elementor-section-height-default\" data-id=\"c9383bf\" data-element_type=\"section\" data-e-type=\"section\">\n\t\t\t\t\t\t<div class=\"elementor-container elementor-column-gap-default\">\n\t\t\t\t\t<div class=\"elementor-column elementor-col-100 elementor-top-column elementor-element elementor-element-7cb46e5\" data-id=\"7cb46e5\" data-element_type=\"column\" data-e-type=\"column\">\n\t\t\t<div class=\"elementor-widget-wrap elementor-element-populated\">\n\t\t\t\t\t\t<div class=\"elementor-element elementor-element-e77b692 elementor-posts--align-left elementor-posts__hover-none elementor-grid-3 elementor-grid-tablet-2 elementor-grid-mobile-1 elementor-posts--thumbnail-top elementor-card-shadow-yes elementor-widget elementor-widget-posts\" data-id=\"e77b692\" data-element_type=\"widget\" data-e-type=\"widget\" data-settings=\"{&quot;cards_row_gap&quot;:{&quot;unit&quot;:&quot;px&quot;,&quot;size&quot;:20,&quot;sizes&quot;:[]},&quot;cards_columns&quot;:&quot;3&quot;,&quot;cards_columns_tablet&quot;:&quot;2&quot;,&quot;cards_columns_mobile&quot;:&quot;1&quot;,&quot;cards_row_gap_tablet&quot;:{&quot;unit&quot;:&quot;px&quot;,&quot;size&quot;:&quot;&quot;,&quot;sizes&quot;:[]},&quot;cards_row_gap_mobile&quot;:{&quot;unit&quot;:&quot;px&quot;,&quot;size&quot;:&quot;&quot;,&quot;sizes&quot;:[]}}\" data-widget_type=\"posts.cards\">\n\t\t\t\t<div class=\"elementor-widget-container\">\n\t\t\t\t\t\t\t<div class=\"elementor-posts-container elementor-posts elementor-posts--skin-cards elementor-grid\">\n\t\t\t\t<article class=\"elementor-post elementor-grid-item post-48 page type-page status-publish has-post-thumbnail hentry\">\n\t\t\t<div class=\"elementor-post__card\">\n\t\t\t\t<a class=\"elementor-post__thumbnail__link\" href=\"https:\/\/web.sanjuan.gob.ar\/cultura\/direcciones\/direccion-de-accion-cultural\/\" ><div class=\"elementor-post__thumbnail\"><img fetchpriority=\"high\" decoding=\"async\" width=\"768\" height=\"241\" src=\"https:\/\/web.sanjuan.gob.ar\/cultura\/wp-content\/uploads\/sites\/26\/2025\/06\/banner-Accion-cultural--768x241.png\" class=\"attachment-medium_large size-medium_large wp-image-1370\" alt=\"\" srcset=\"https:\/\/web.sanjuan.gob.ar\/cultura\/wp-content\/uploads\/sites\/26\/2025\/06\/banner-Accion-cultural--768x241.png 768w, https:\/\/web.sanjuan.gob.ar\/cultura\/wp-content\/uploads\/sites\/26\/2025\/06\/banner-Accion-cultural--300x94.png 300w, https:\/\/web.sanjuan.gob.ar\/cultura\/wp-content\/uploads\/sites\/26\/2025\/06\/banner-Accion-cultural-.png 801w\" sizes=\"(max-width: 768px) 100vw, 768px\" \/><\/div><\/a>\n\t\t\t\t<div class=\"elementor-post__text\">\n\t\t\t\t<h3 class=\"elementor-post__title\">\n\t\t\t<a href=\"https:\/\/web.sanjuan.gob.ar\/cultura\/direcciones\/direccion-de-accion-cultural\/\" >\n\t\t\t\tDirecci\u00f3n de Acci\u00f3n Cultural, Formaci\u00f3n Vocal y Artes Pl\u00e1sticas\t\t\t<\/a>\n\t\t<\/h3>\n\t\t\t\t<\/div>\n\t\t\t\t\t<\/div>\n\t\t<\/article>\n\t\t\t\t<article class=\"elementor-post elementor-grid-item post-443 page type-page status-publish has-post-thumbnail hentry\">\n\t\t\t<div class=\"elementor-post__card\">\n\t\t\t\t<a class=\"elementor-post__thumbnail__link\" href=\"https:\/\/web.sanjuan.gob.ar\/cultura\/direcciones\/direccion-de-artes-escenicas\/\" ><div class=\"elementor-post__thumbnail\"><img decoding=\"async\" width=\"768\" height=\"240\" src=\"https:\/\/web.sanjuan.gob.ar\/cultura\/wp-content\/uploads\/sites\/26\/2025\/06\/banner-arte-escenicas-768x240.png\" class=\"attachment-medium_large size-medium_large wp-image-1371\" alt=\"\" srcset=\"https:\/\/web.sanjuan.gob.ar\/cultura\/wp-content\/uploads\/sites\/26\/2025\/06\/banner-arte-escenicas-768x240.png 768w, https:\/\/web.sanjuan.gob.ar\/cultura\/wp-content\/uploads\/sites\/26\/2025\/06\/banner-arte-escenicas-300x94.png 300w, https:\/\/web.sanjuan.gob.ar\/cultura\/wp-content\/uploads\/sites\/26\/2025\/06\/banner-arte-escenicas.png 800w\" sizes=\"(max-width: 768px) 100vw, 768px\" \/><\/div><\/a>\n\t\t\t\t<div class=\"elementor-post__text\">\n\t\t\t\t<h3 class=\"elementor-post__title\">\n\t\t\t<a href=\"https:\/\/web.sanjuan.gob.ar\/cultura\/direcciones\/direccion-de-artes-escenicas\/\" >\n\t\t\t\tDirecci\u00f3n de Artes Esc\u00e9nicas\t\t\t<\/a>\n\t\t<\/h3>\n\t\t\t\t<\/div>\n\t\t\t\t\t<\/div>\n\t\t<\/article>\n\t\t\t\t<article class=\"elementor-post elementor-grid-item post-898 page type-page status-publish has-post-thumbnail hentry\">\n\t\t\t<div class=\"elementor-post__card\">\n\t\t\t\t<a class=\"elementor-post__thumbnail__link\" href=\"https:\/\/web.sanjuan.gob.ar\/cultura\/direcciones\/direccion-de-bibliotecas-populares-y-actividades-literarias\/\" ><div class=\"elementor-post__thumbnail\"><img decoding=\"async\" width=\"768\" height=\"240\" src=\"https:\/\/web.sanjuan.gob.ar\/cultura\/wp-content\/uploads\/sites\/26\/2025\/06\/banner-biblioteca-768x240.png\" class=\"attachment-medium_large size-medium_large wp-image-1372\" alt=\"\" srcset=\"https:\/\/web.sanjuan.gob.ar\/cultura\/wp-content\/uploads\/sites\/26\/2025\/06\/banner-biblioteca-768x240.png 768w, https:\/\/web.sanjuan.gob.ar\/cultura\/wp-content\/uploads\/sites\/26\/2025\/06\/banner-biblioteca-300x94.png 300w, https:\/\/web.sanjuan.gob.ar\/cultura\/wp-content\/uploads\/sites\/26\/2025\/06\/banner-biblioteca.png 800w\" sizes=\"(max-width: 768px) 100vw, 768px\" \/><\/div><\/a>\n\t\t\t\t<div class=\"elementor-post__text\">\n\t\t\t\t<h3 class=\"elementor-post__title\">\n\t\t\t<a href=\"https:\/\/web.sanjuan.gob.ar\/cultura\/direcciones\/direccion-de-bibliotecas-populares-y-actividades-literarias\/\" >\n\t\t\t\tDirecci\u00f3n de Bibliotecas Populares y Actividades Literarias\t\t\t<\/a>\n\t\t<\/h3>\n\t\t\t\t<\/div>\n\t\t\t\t\t<\/div>\n\t\t<\/article>\n\t\t\t\t<article class=\"elementor-post elementor-grid-item post-305 page type-page status-publish has-post-thumbnail hentry\">\n\t\t\t<div class=\"elementor-post__card\">\n\t\t\t\t<a class=\"elementor-post__thumbnail__link\" href=\"https:\/\/web.sanjuan.gob.ar\/cultura\/direcciones\/direccion-de-patrimonio-cultural\/\" ><div class=\"elementor-post__thumbnail\"><img loading=\"lazy\" decoding=\"async\" width=\"768\" height=\"240\" src=\"https:\/\/web.sanjuan.gob.ar\/cultura\/wp-content\/uploads\/sites\/26\/2025\/04\/banner-patrimonio-768x240.png\" class=\"attachment-medium_large size-medium_large wp-image-743\" alt=\"\" srcset=\"https:\/\/web.sanjuan.gob.ar\/cultura\/wp-content\/uploads\/sites\/26\/2025\/04\/banner-patrimonio-768x240.png 768w, https:\/\/web.sanjuan.gob.ar\/cultura\/wp-content\/uploads\/sites\/26\/2025\/04\/banner-patrimonio-300x94.png 300w, https:\/\/web.sanjuan.gob.ar\/cultura\/wp-content\/uploads\/sites\/26\/2025\/04\/banner-patrimonio.png 800w\" sizes=\"(max-width: 768px) 100vw, 768px\" \/><\/div><\/a>\n\t\t\t\t<div class=\"elementor-post__text\">\n\t\t\t\t<h3 class=\"elementor-post__title\">\n\t\t\t<a href=\"https:\/\/web.sanjuan.gob.ar\/cultura\/direcciones\/direccion-de-patrimonio-cultural\/\" >\n\t\t\t\tDirecci\u00f3n de Patrimonio Cultural\t\t\t<\/a>\n\t\t<\/h3>\n\t\t\t\t<\/div>\n\t\t\t\t\t<\/div>\n\t\t<\/article>\n\t\t\t\t<article class=\"elementor-post elementor-grid-item post-438 page type-page status-publish has-post-thumbnail hentry\">\n\t\t\t<div class=\"elementor-post__card\">\n\t\t\t\t<a class=\"elementor-post__thumbnail__link\" href=\"https:\/\/web.sanjuan.gob.ar\/cultura\/direcciones\/direccion-de-producciones-artisticas-e-industrias-culturales\/\" ><div class=\"elementor-post__thumbnail\"><img loading=\"lazy\" decoding=\"async\" width=\"768\" height=\"240\" src=\"https:\/\/web.sanjuan.gob.ar\/cultura\/wp-content\/uploads\/sites\/26\/2025\/06\/banner-produccion-artitistica-768x240.png\" class=\"attachment-medium_large size-medium_large wp-image-1369\" alt=\"\" srcset=\"https:\/\/web.sanjuan.gob.ar\/cultura\/wp-content\/uploads\/sites\/26\/2025\/06\/banner-produccion-artitistica-768x240.png 768w, https:\/\/web.sanjuan.gob.ar\/cultura\/wp-content\/uploads\/sites\/26\/2025\/06\/banner-produccion-artitistica-300x94.png 300w, https:\/\/web.sanjuan.gob.ar\/cultura\/wp-content\/uploads\/sites\/26\/2025\/06\/banner-produccion-artitistica.png 800w\" sizes=\"(max-width: 768px) 100vw, 768px\" \/><\/div><\/a>\n\t\t\t\t<div class=\"elementor-post__text\">\n\t\t\t\t<h3 class=\"elementor-post__title\">\n\t\t\t<a href=\"https:\/\/web.sanjuan.gob.ar\/cultura\/direcciones\/direccion-de-producciones-artisticas-e-industrias-culturales\/\" >\n\t\t\t\tDirecci\u00f3n de Producciones Art\u00edsticas e Industrias Culturales\t\t\t<\/a>\n\t\t<\/h3>\n\t\t\t\t<\/div>\n\t\t\t\t\t<\/div>\n\t\t<\/article>\n\t\t\t\t<article class=\"elementor-post elementor-grid-item post-440 page type-page status-publish has-post-thumbnail hentry\">\n\t\t\t<div class=\"elementor-post__card\">\n\t\t\t\t<a class=\"elementor-post__thumbnail__link\" href=\"https:\/\/web.sanjuan.gob.ar\/cultura\/direcciones\/direccion-territorial-artes-populares-y-folcloricas\/\" ><div class=\"elementor-post__thumbnail\"><img loading=\"lazy\" decoding=\"async\" width=\"768\" height=\"240\" src=\"https:\/\/web.sanjuan.gob.ar\/cultura\/wp-content\/uploads\/sites\/26\/2025\/06\/banner-territoriall-768x240.png\" class=\"attachment-medium_large size-medium_large wp-image-1368\" alt=\"\" srcset=\"https:\/\/web.sanjuan.gob.ar\/cultura\/wp-content\/uploads\/sites\/26\/2025\/06\/banner-territoriall-768x240.png 768w, https:\/\/web.sanjuan.gob.ar\/cultura\/wp-content\/uploads\/sites\/26\/2025\/06\/banner-territoriall-300x94.png 300w, https:\/\/web.sanjuan.gob.ar\/cultura\/wp-content\/uploads\/sites\/26\/2025\/06\/banner-territoriall.png 800w\" sizes=\"(max-width: 768px) 100vw, 768px\" \/><\/div><\/a>\n\t\t\t\t<div class=\"elementor-post__text\">\n\t\t\t\t<h3 class=\"elementor-post__title\">\n\t\t\t<a href=\"https:\/\/web.sanjuan.gob.ar\/cultura\/direcciones\/direccion-territorial-artes-populares-y-folcloricas\/\" >\n\t\t\t\tDirecci\u00f3n Territorial, Artes Populares y Folcl\u00f3ricas\t\t\t<\/a>\n\t\t<\/h3>\n\t\t\t\t<\/div>\n\t\t\t\t\t<\/div>\n\t\t<\/article>\n\t\t\t\t<\/div>\n\n\n\t\t\n\t\t\t\t\t\t<\/div>\n\t\t\t\t<\/div>\n\t\t\t\t\t<\/div>\n\t\t<\/div>\n\t\t\t\t\t<\/div>\n\t\t<\/section>\n\t\t\t\t<\/div>\n\t\t","protected":false},"excerpt":{"rendered":"<p>Inicio \/ P\u00e1gina<\/p>\n","protected":false},"author":44,"featured_media":0,"parent":0,"menu_order":0,"comment_status":"closed","ping_status":"closed","template":"","meta":{"_acf_changed":false,"site-sidebar-layout":"no-sidebar","site-content-layout":"","ast-site-content-layout":"full-width-container","site-content-style":"default","site-sidebar-style":"default","ast-global-header-display":"","ast-banner-title-visibility":"","ast-main-header-display":"","ast-hfb-above-header-display":"","ast-hfb-below-header-display":"","ast-hfb-mobile-header-display":"","site-post-title":"disabled","ast-breadcrumbs-content":"","ast-featured-img":"disabled","footer-sml-layout":"","ast-disable-related-posts":"","theme-transparent-header-meta":"default","adv-header-id-meta":"","stick-header-meta":"","header-above-stick-meta":"","header-main-stick-meta":"","header-below-stick-meta":"","astra-migrate-meta-layouts":"set","ast-page-background-enabled":"default","ast-page-background-meta":{"desktop":{"background-color":"var(--ast-global-color-5)","background-image":"","background-repeat":"repeat","background-position":"center center","background-size":"auto","background-attachment":"scroll","background-type":"","background-media":"","overlay-type":"","overlay-color":"","overlay-opacity":"","overlay-gradient":""},"tablet":{"background-color":"","background-image":"","background-repeat":"repeat","background-position":"center center","background-size":"auto","background-attachment":"scroll","background-type":"","background-media":"","overlay-type":"","overlay-color":"","overlay-opacity":"","overlay-gradient":""},"mobile":{"background-color":"","background-image":"","background-repeat":"repeat","background-position":"center center","background-size":"auto","background-attachment":"scroll","background-type":"","background-media":"","overlay-type":"","overlay-color":"","overlay-opacity":"","overlay-gradient":""}},"ast-content-background-meta":{"desktop":{"background-color":"var(--ast-global-color-4)","background-image":"","background-repeat":"repeat","background-position":"center center","background-size":"auto","background-attachment":"scroll","background-type":"","background-media":"","overlay-type":"","overlay-color":"","overlay-opacity":"","overlay-gradient":""},"tablet":{"background-color":"var(--ast-global-color-4)","background-image":"","background-repeat":"repeat","background-position":"center center","background-size":"auto","background-attachment":"scroll","background-type":"","background-media":"","overlay-type":"","overlay-color":"","overlay-opacity":"","overlay-gradient":""},"mobile":{"background-color":"var(--ast-global-color-4)","background-image":"","background-repeat":"repeat","background-position":"center center","background-size":"auto","background-attachment":"scroll","background-type":"","background-media":"","overlay-type":"","overlay-color":"","overlay-opacity":"","overlay-gradient":""}},"footnotes":""},"class_list":["post-46","page","type-page","status-publish","hentry"],"acf":[],"_links":{"self":[{"href":"https:\/\/web.sanjuan.gob.ar\/cultura\/wp-json\/wp\/v2\/pages\/46","targetHints":{"allow":["GET"]}}],"collection":[{"href":"https:\/\/web.sanjuan.gob.ar\/cultura\/wp-json\/wp\/v2\/pages"}],"about":[{"href":"https:\/\/web.sanjuan.gob.ar\/cultura\/wp-json\/wp\/v2\/types\/page"}],"author":[{"embeddable":true,"href":"https:\/\/web.sanjuan.gob.ar\/cultura\/wp-json\/wp\/v2\/users\/44"}],"replies":[{"embeddable":true,"href":"https:\/\/web.sanjuan.gob.ar\/cultura\/wp-json\/wp\/v2\/comments?post=46"}],"version-history":[{"count":3,"href":"https:\/\/web.sanjuan.gob.ar\/cultura\/wp-json\/wp\/v2\/pages\/46\/revisions"}],"predecessor-version":[{"id":3575,"href":"https:\/\/web.sanjuan.gob.ar\/cultura\/wp-json\/wp\/v2\/pages\/46\/revisions\/3575"}],"wp:attachment":[{"href":"https:\/\/web.sanjuan.gob.ar\/cultura\/wp-json\/wp\/v2\/media?parent=46"}],"curies":[{"name":"wp","href":"https:\/\/api.w.org\/{rel}","templated":true}]}}