{"id":104,"date":"2024-09-18T17:57:18","date_gmt":"2024-09-18T15:57:18","guid":{"rendered":"https:\/\/web.sanjuan.gob.ar\/hospitalrawson\/?page_id=104"},"modified":"2025-06-09T14:48:18","modified_gmt":"2025-06-09T12:48:18","slug":"comite-hospitalario-de-bioetica","status":"publish","type":"page","link":"https:\/\/web.sanjuan.gob.ar\/hospitalrawson\/comite-hospitalario-de-bioetica\/","title":{"rendered":"Comit\u00e9 Hospitalario de Bio\u00e9tica"},"content":{"rendered":"\n<style type=\"text\/css\" data-created_by=\"avia_inline_auto\" id=\"style-css-av-7wnrk-af05e5e8634ca15f60951a413be21654\">\n.avia-section.av-7wnrk-af05e5e8634ca15f60951a413be21654{\nmargin-top:30px;\nmargin-bottom:0px;\n}\n.avia-section.av-7wnrk-af05e5e8634ca15f60951a413be21654 .av-parallax .av-parallax-inner{\nbackground-repeat:no-repeat;\nbackground-image:url(https:\/\/web.sanjuan.gob.ar\/hospitalrawson\/wp-content\/uploads\/sites\/24\/2024\/09\/HR_back_titulo_gauss.jpg);\nbackground-position:50% 50%;\nbackground-attachment:scroll;\n}\n.avia-section.av-7wnrk-af05e5e8634ca15f60951a413be21654 .av-section-color-overlay{\nopacity:0.7;\nbackground-color:#ff6e00;\nbackground-image:url(https:\/\/web.sanjuan.gob.ar\/hospitalrawson\/wp-content\/themes\/enfold\/images\/background-images\/diagonal-bold-dark.png);\nbackground-repeat:repeat;\n}\n<\/style>\n<div id='av_section_1'  class='avia-section av-7wnrk-af05e5e8634ca15f60951a413be21654 main_color avia-section-default avia-no-border-styling  avia-builder-el-0  el_before_av_two_third  avia-builder-el-first  av-parallax-section avia-bg-style-parallax av-section-color-overlay-active container_wrap sidebar_right'  data-section-bg-repeat='no-repeat'><div class='av-parallax' data-avia-parallax-ratio='0.3' ><div class='av-parallax-inner main_color avia-full-stretch'><\/div><\/div><div class=\"av-section-color-overlay-wrap\"><div class=\"av-section-color-overlay\"><\/div><div class='container av-section-cont-open' ><main  role=\"main\" itemprop=\"mainContentOfPage\"  class='template-page content  av-content-small alpha units'><div class='post-entry post-entry-type-page post-entry-104'><div class='entry-content-wrapper clearfix'>\n\n<style type=\"text\/css\" data-created_by=\"avia_inline_auto\" id=\"style-css-av-m181fg9n-eaba3c78bfc2d59490ff62915beccd67\">\n#top .av-special-heading.av-m181fg9n-eaba3c78bfc2d59490ff62915beccd67{\npadding-bottom:10px;\ncolor:#ffffff;\n}\nbody .av-special-heading.av-m181fg9n-eaba3c78bfc2d59490ff62915beccd67 .av-special-heading-tag .heading-char{\nfont-size:25px;\n}\n.av-special-heading.av-m181fg9n-eaba3c78bfc2d59490ff62915beccd67 .special-heading-inner-border{\nborder-color:#ffffff;\n}\n.av-special-heading.av-m181fg9n-eaba3c78bfc2d59490ff62915beccd67 .av-subheading{\nfont-size:15px;\n}\n<\/style>\n<div  class='av-special-heading av-m181fg9n-eaba3c78bfc2d59490ff62915beccd67 av-special-heading-h1 custom-color-heading  avia-builder-el-1  avia-builder-el-no-sibling '><h1 class='av-special-heading-tag '  itemprop=\"headline\"  >Comit\u00e9 Hospitalario de Bio\u00e9tica<\/h1><div class=\"special-heading-border\"><div class=\"special-heading-inner-border\"><\/div><\/div><\/div>\n<\/div><\/div><\/main><!-- close content main element --><\/div><\/div><\/div><div id='after_section_1'  class='main_color av_default_container_wrap container_wrap sidebar_right'  ><div class='container av-section-cont-open' ><div class='template-page content  av-content-small alpha units'><div class='post-entry post-entry-type-page post-entry-104'><div class='entry-content-wrapper clearfix'>\n\n<style type=\"text\/css\" data-created_by=\"avia_inline_auto\" id=\"style-css-av-suink-72f68b59e06633f610bb4cadf9fdd5a3\">\n.flex_column.av-suink-72f68b59e06633f610bb4cadf9fdd5a3{\nborder-radius:0px 0px 0px 0px;\npadding:0px 0px 0px 0px;\n}\n<\/style>\n<div  class='flex_column av-suink-72f68b59e06633f610bb4cadf9fdd5a3 av_two_third  avia-builder-el-2  el_after_av_section  el_before_av_one_third  avia-builder-el-first  first flex_column_div av-zero-column-padding  '     ><p><section  class='av_textblock_section av-m181jzge-798274839e91041f3501c8b2f49493d5 '   itemscope=\"itemscope\" itemtype=\"https:\/\/schema.org\/CreativeWork\" ><div class='avia_textblock'  itemprop=\"text\" ><p>El 25 de Octubre de 2011, mediante Resoluci\u00f3n 0919 y dentro del mismo Expediente 802-0917, el Directorio aprueba lo presentado por la Comisi\u00f3n y deja formalmente conformado el Comit\u00e9 Hospitalario de Bio\u00e9tica (CHB) bajo las siguientes consideraciones generales:<br \/>\n<strong>1-<\/strong> Por el \u00e1mbito de creaci\u00f3n, se considera el CHB como de nivel terciario o local.<br \/>\n<strong>2-<\/strong> En funci\u00f3n de los prop\u00f3sitos se determinan los \u00e1mbitos abarcadores de: consulta de casos por un lado e investigaci\u00f3n con seres humanos por el otro, siendo alcanzados los mismos a trav\u00e9s de etapas previamente definidas.<br \/>\n<strong>3-<\/strong> El CHB est\u00e1 abierto a todo tipo de expresi\u00f3n, creencia o sentimiento religioso, espiritual, cultural o de cualquier otra \u00edndole.<br \/>\n<strong>4-<\/strong> No se ocupa de la revisi\u00f3n de conductas profesionales, ni es sustituto de revisiones legales o judiciales, ni tampoco toma decisiones en problemas \u00e9tico\u2013biom\u00e9dicos. Su tarea en los casos \u00e9tico-cl\u00ednicos analizados es la de establecer recomendaciones, sugerencias y asesoramiento desde la dimensi\u00f3n \u00e9tica.<br \/>\n<span style=\"font-size: 12pt;\"><strong>5-<\/strong><\/span> Sus recomendaciones no son vinculantes, excepto para la consideraci\u00f3n de los proyectos de investigaci\u00f3n cl\u00ednica.<\/p>\n<\/div><\/section><br \/>\n\n<style type=\"text\/css\" data-created_by=\"avia_inline_auto\" id=\"style-css-av-m181mlzf-b7d4f7ae897e98b978e9deb8b6add91c\">\n#top .av-special-heading.av-m181mlzf-b7d4f7ae897e98b978e9deb8b6add91c{\npadding-bottom:10px;\ncolor:#e03c31;\n}\nbody .av-special-heading.av-m181mlzf-b7d4f7ae897e98b978e9deb8b6add91c .av-special-heading-tag .heading-char{\nfont-size:25px;\n}\n.av-special-heading.av-m181mlzf-b7d4f7ae897e98b978e9deb8b6add91c .special-heading-inner-border{\nborder-color:#e03c31;\n}\n.av-special-heading.av-m181mlzf-b7d4f7ae897e98b978e9deb8b6add91c .av-subheading{\nfont-size:15px;\n}\n<\/style>\n<div  class='av-special-heading av-m181mlzf-b7d4f7ae897e98b978e9deb8b6add91c av-special-heading-h3 custom-color-heading blockquote modern-quote  avia-builder-el-4  el_after_av_textblock  el_before_av_textblock '><h3 class='av-special-heading-tag '  itemprop=\"headline\"  >Fundamentaci\u00f3n<\/h3><div class=\"special-heading-border\"><div class=\"special-heading-inner-border\"><\/div><\/div><\/div><br \/>\n<section  class='av_textblock_section av-m181nkzl-928867faa9e7737aaefb32c8f8bdb5ee '   itemscope=\"itemscope\" itemtype=\"https:\/\/schema.org\/CreativeWork\" ><div class='avia_textblock'  itemprop=\"text\" ><p>Necesidad de crear un espacio consultivo y deliberativo para la resoluci\u00f3n de conflictos \u00e9ticos relacionados con el campo de la atenci\u00f3n de la salud y la investigaci\u00f3n biom\u00e9dica, introduci\u00e9ndose en el espacio de la llamada Bio\u00e9tica Institucional.<br \/>\nAs\u00ed mismo es importante destacar la necesidad de difundir la Bio\u00e9tica y sus problem\u00e1ticas abarcadoras a toda la comunidad Hospitalaria y la Sociedad en general, entendiendo la misma como un \u00e1mbito convocante de la Medicina, la Filosof\u00eda, la Teolog\u00eda, el Derecho y la Pol\u00edtica entre otros saberes y disciplinas del conocimiento humano.<\/p>\n<\/div><\/section><br \/>\n\n<style type=\"text\/css\" data-created_by=\"avia_inline_auto\" id=\"style-css-av-h2b1s-d11251339e9bedd0876bc5ac1eee1652\">\n#top .av-special-heading.av-h2b1s-d11251339e9bedd0876bc5ac1eee1652{\npadding-bottom:10px;\ncolor:#e03c31;\n}\nbody .av-special-heading.av-h2b1s-d11251339e9bedd0876bc5ac1eee1652 .av-special-heading-tag .heading-char{\nfont-size:25px;\n}\n.av-special-heading.av-h2b1s-d11251339e9bedd0876bc5ac1eee1652 .special-heading-inner-border{\nborder-color:#e03c31;\n}\n.av-special-heading.av-h2b1s-d11251339e9bedd0876bc5ac1eee1652 .av-subheading{\nfont-size:15px;\n}\n<\/style>\n<div  class='av-special-heading av-h2b1s-d11251339e9bedd0876bc5ac1eee1652 av-special-heading-h3 custom-color-heading blockquote modern-quote  avia-builder-el-6  el_after_av_textblock  el_before_av_textblock '><h3 class='av-special-heading-tag '  itemprop=\"headline\"  >Estructura y Funcionamiento<\/h3><div class=\"special-heading-border\"><div class=\"special-heading-inner-border\"><\/div><\/div><\/div><br \/>\n<section  class='av_textblock_section av-m181qenh-f4c92ce20362eff8ff4ccdd4571179e3 '   itemscope=\"itemscope\" itemtype=\"https:\/\/schema.org\/CreativeWork\" ><div class='avia_textblock'  itemprop=\"text\" ><p>Para la estructura y funcionamiento del mismo se tuvieron en cuenta las caracter\u00edsticas que a continuaci\u00f3n se detallan:<\/p>\n<\/div><\/section><br \/>\n\n<style type=\"text\/css\" data-created_by=\"avia_inline_auto\" id=\"style-css-av-m1ar3qgo-647cb763ecb259d48813eaa98398f47d\">\n#top .avia-icon-list-container.av-m1ar3qgo-647cb763ecb259d48813eaa98398f47d .iconlist_icon{\nbackground-color:#ff8200;\n}\n<\/style>\n<div  class='avia-icon-list-container av-m1ar3qgo-647cb763ecb259d48813eaa98398f47d  avia-builder-el-8  el_after_av_textblock  avia-builder-el-last '><ul class='avia-icon-list avia_animate_when_almost_visible avia-icon-list-left av-iconlist-big av-m1ar3qgo-647cb763ecb259d48813eaa98398f47d avia-iconlist-animate'>\n<li><div class='iconlist_icon av-m1ar0r5u-2ed96c23fc2665e4aa26762314ed2f82 avia-font-entypo-fontello avia-iconfont avia-font-entypo-fontello'><span class='av-icon-char' data-av_icon='\ue812' data-av_iconfont='entypo-fontello' aria-hidden=\"true\"><\/span><\/div><article class=\"article-icon-entry av-iconlist-empty\"  itemscope=\"itemscope\" itemtype=\"https:\/\/schema.org\/CreativeWork\" ><div class=\"iconlist_content_wrap\"><header class=\"entry-content-header\" aria-label=\"Icon: Multidisciplinario\"><h4 class='av_iconlist_title iconlist_title  '  itemprop=\"headline\" >Multidisciplinario<\/h4><\/header><div class='iconlist_content '  itemprop=\"text\" ><\/div><\/div><footer class=\"entry-footer\"><\/footer><\/article><div class=\"iconlist-timeline\"><\/div><\/li>\n<li><div class='iconlist_icon av-m1ar0r5u-cb8a2e953a6cb1498995040f15df4710 avia-font-entypo-fontello avia-iconfont avia-font-entypo-fontello'><span class='av-icon-char' data-av_icon='\ue812' data-av_iconfont='entypo-fontello' aria-hidden=\"true\"><\/span><\/div><article class=\"article-icon-entry av-iconlist-empty\"  itemscope=\"itemscope\" itemtype=\"https:\/\/schema.org\/CreativeWork\" ><div class=\"iconlist_content_wrap\"><header class=\"entry-content-header\" aria-label=\"Icon: Interdisciplinario\"><h4 class='av_iconlist_title iconlist_title  '  itemprop=\"headline\" >Interdisciplinario<\/h4><\/header><div class='iconlist_content '  itemprop=\"text\" ><\/div><\/div><footer class=\"entry-footer\"><\/footer><\/article><div class=\"iconlist-timeline\"><\/div><\/li>\n<li><div class='iconlist_icon av-m1ar0r5u-74088599f44716c5c386f0b7d0157821 avia-font-entypo-fontello avia-iconfont avia-font-entypo-fontello'><span class='av-icon-char' data-av_icon='\ue812' data-av_iconfont='entypo-fontello' aria-hidden=\"true\"><\/span><\/div><article class=\"article-icon-entry av-iconlist-empty\"  itemscope=\"itemscope\" itemtype=\"https:\/\/schema.org\/CreativeWork\" ><div class=\"iconlist_content_wrap\"><header class=\"entry-content-header\" aria-label=\"Icon: Transdisciplinario\"><h4 class='av_iconlist_title iconlist_title  '  itemprop=\"headline\" >Transdisciplinario<\/h4><\/header><div class='iconlist_content '  itemprop=\"text\" ><\/div><\/div><footer class=\"entry-footer\"><\/footer><\/article><div class=\"iconlist-timeline\"><\/div><\/li>\n<li><div class='iconlist_icon av-m1ar0r5u-826f014ed03c309e1703b1c0ea0d126c avia-font-entypo-fontello avia-iconfont avia-font-entypo-fontello'><span class='av-icon-char' data-av_icon='\ue812' data-av_iconfont='entypo-fontello' aria-hidden=\"true\"><\/span><\/div><article class=\"article-icon-entry av-iconlist-empty\"  itemscope=\"itemscope\" itemtype=\"https:\/\/schema.org\/CreativeWork\" ><div class=\"iconlist_content_wrap\"><header class=\"entry-content-header\" aria-label=\"Icon: Pluralista\"><h4 class='av_iconlist_title iconlist_title  '  itemprop=\"headline\" >Pluralista<\/h4><\/header><div class='iconlist_content '  itemprop=\"text\" ><\/div><\/div><footer class=\"entry-footer\"><\/footer><\/article><div class=\"iconlist-timeline\"><\/div><\/li>\n<li><div class='iconlist_icon av-m1ar0r5u-f996dbb761227bd19df34ecd5ea771e8 avia-font-entypo-fontello avia-iconfont avia-font-entypo-fontello'><span class='av-icon-char' data-av_icon='\ue812' data-av_iconfont='entypo-fontello' aria-hidden=\"true\"><\/span><\/div><article class=\"article-icon-entry av-iconlist-empty\"  itemscope=\"itemscope\" itemtype=\"https:\/\/schema.org\/CreativeWork\" ><div class=\"iconlist_content_wrap\"><header class=\"entry-content-header\" aria-label=\"Icon: Transcultural\"><h4 class='av_iconlist_title iconlist_title  '  itemprop=\"headline\" >Transcultural<\/h4><\/header><div class='iconlist_content '  itemprop=\"text\" ><\/div><\/div><footer class=\"entry-footer\"><\/footer><\/article><div class=\"iconlist-timeline\"><\/div><\/li>\n<li><div class='iconlist_icon av-m1ar0r5u-ddcb4e1b1d70f1d7d91277f5b6187f8e avia-font-entypo-fontello avia-iconfont avia-font-entypo-fontello'><span class='av-icon-char' data-av_icon='\ue812' data-av_iconfont='entypo-fontello' aria-hidden=\"true\"><\/span><\/div><article class=\"article-icon-entry av-iconlist-empty\"  itemscope=\"itemscope\" itemtype=\"https:\/\/schema.org\/CreativeWork\" ><div class=\"iconlist_content_wrap\"><header class=\"entry-content-header\" aria-label=\"Icon: Global\"><h4 class='av_iconlist_title iconlist_title  '  itemprop=\"headline\" >Global<\/h4><\/header><div class='iconlist_content '  itemprop=\"text\" ><\/div><\/div><footer class=\"entry-footer\"><\/footer><\/article><div class=\"iconlist-timeline\"><\/div><\/li>\n<li><div class='iconlist_icon av-m1ar0r5u-e331e77623e9b25d164aecfae206838c avia-font-entypo-fontello avia-iconfont avia-font-entypo-fontello'><span class='av-icon-char' data-av_icon='\ue812' data-av_iconfont='entypo-fontello' aria-hidden=\"true\"><\/span><\/div><article class=\"article-icon-entry av-iconlist-empty\"  itemscope=\"itemscope\" itemtype=\"https:\/\/schema.org\/CreativeWork\" ><div class=\"iconlist_content_wrap\"><header class=\"entry-content-header\" aria-label=\"Icon: Deliberativo\"><h4 class='av_iconlist_title iconlist_title  '  itemprop=\"headline\" >Deliberativo<\/h4><\/header><div class='iconlist_content '  itemprop=\"text\" ><\/div><\/div><footer class=\"entry-footer\"><\/footer><\/article><div class=\"iconlist-timeline\"><\/div><\/li>\n<\/ul><\/div><\/p><\/div>\n\n<style type=\"text\/css\" data-created_by=\"avia_inline_auto\" id=\"style-css-av-mg34o-314f97b7add7c06cd5b3c378074c6a1e\">\n.flex_column.av-mg34o-314f97b7add7c06cd5b3c378074c6a1e{\nborder-radius:10px 10px 10px 10px;\npadding:10px 10px 10px 10px;\nbackground-color:#f7f7f7;\n}\n<\/style>\n<div  class='flex_column av-mg34o-314f97b7add7c06cd5b3c378074c6a1e av_one_third  avia-builder-el-9  el_after_av_two_third  avia-builder-el-last  flex_column_div  '     ><p>\n<style type=\"text\/css\" data-created_by=\"avia_inline_auto\" id=\"style-css-av-m1aqm4qh-0a2a0daf882df26f66259f3c6c6e819f\">\n#top .av-special-heading.av-m1aqm4qh-0a2a0daf882df26f66259f3c6c6e819f{\npadding-bottom:10px;\ncolor:#e03c31;\n}\nbody .av-special-heading.av-m1aqm4qh-0a2a0daf882df26f66259f3c6c6e819f .av-special-heading-tag .heading-char{\nfont-size:25px;\n}\n.av-special-heading.av-m1aqm4qh-0a2a0daf882df26f66259f3c6c6e819f .special-heading-inner-border{\nborder-color:#e03c31;\n}\n.av-special-heading.av-m1aqm4qh-0a2a0daf882df26f66259f3c6c6e819f .av-subheading{\nfont-size:15px;\n}\n<\/style>\n<div  class='av-special-heading av-m1aqm4qh-0a2a0daf882df26f66259f3c6c6e819f av-special-heading-h3 custom-color-heading blockquote modern-quote  avia-builder-el-10  el_before_av_textblock  avia-builder-el-first '><h3 class='av-special-heading-tag '  itemprop=\"headline\"  >Estructura<\/h3><div class=\"special-heading-border\"><div class=\"special-heading-inner-border\"><\/div><\/div><\/div><br \/>\n<section  class='av_textblock_section av-746aw-5e36faa2d9748ea6201ba46cebade797 '   itemscope=\"itemscope\" itemtype=\"https:\/\/schema.org\/CreativeWork\" ><div class='avia_textblock'  itemprop=\"text\" ><p>El CHB est\u00e1 constituido por 13 miembros, los cuales son representativos de los siguientes saberes, conocimientos y disciplinas: Medicina y saberes\u00a0 conexos; Enfermer\u00eda; Trabajo Social; Antropolog\u00eda; Filosof\u00eda; Derecho; Bio\u00e9tica. Un miembro de la comunidad.<br \/>\nLos mismos revisten la categor\u00eda de miembros permanentes y voluntarios, consider\u00e1ndose abierta la inclusi\u00f3n de cualquier otra persona que trabaje en el \u00e1mbito de nuestro Hospital y demuestre inter\u00e9s e inquietud de participar.<br \/>\nTambi\u00e9n forma parte del CHB un n\u00famero variado de miembros no permanentes que concurrir\u00e1n a las deliberaciones en todos y cada uno de los casos o temas analizados cuando sean necesarios, o a pedido del paciente o sus familiares, o de cualquier miembro del CHB, o de cualquier interesado, en el caso de que pertenezca a los diversos niveles de compromiso e intereses.<br \/>\nEspec\u00edficamente como miembros no permanentes estar\u00e1n, sin pretender agotar la lista, los miembros de alg\u00fan credo o religi\u00f3n determinada o varias de ellas, o representantes del contexto cultural y social de la persona cuyo caso se debata, o miembros de cualquier etnia a la que pertenezcan el paciente y\/o sus familiares.<\/p>\n<\/div><\/section><br \/>\n\n<style type=\"text\/css\" data-created_by=\"avia_inline_auto\" id=\"style-css-av-m1aqr0jk-a1b0553835c24ac13f45e7cf50d4183c\">\n#top .av-special-heading.av-m1aqr0jk-a1b0553835c24ac13f45e7cf50d4183c{\npadding-bottom:10px;\ncolor:#e03c31;\n}\nbody .av-special-heading.av-m1aqr0jk-a1b0553835c24ac13f45e7cf50d4183c .av-special-heading-tag .heading-char{\nfont-size:25px;\n}\n.av-special-heading.av-m1aqr0jk-a1b0553835c24ac13f45e7cf50d4183c .special-heading-inner-border{\nborder-color:#e03c31;\n}\n.av-special-heading.av-m1aqr0jk-a1b0553835c24ac13f45e7cf50d4183c .av-subheading{\nfont-size:15px;\n}\n<\/style>\n<div  class='av-special-heading av-m1aqr0jk-a1b0553835c24ac13f45e7cf50d4183c av-special-heading-h3 custom-color-heading blockquote modern-quote  avia-builder-el-12  el_after_av_textblock  el_before_av_textblock '><h3 class='av-special-heading-tag '  itemprop=\"headline\"  >Funcionamiento<\/h3><div class=\"special-heading-border\"><div class=\"special-heading-inner-border\"><\/div><\/div><\/div><br \/>\n<section  class='av_textblock_section av-m1aqur7u-7b2c5ab59dfceb7f44c81252538e5b29 '   itemscope=\"itemscope\" itemtype=\"https:\/\/schema.org\/CreativeWork\" ><div class='avia_textblock'  itemprop=\"text\" ><p>Las funciones del CHB tienen las siguientes caracter\u00edsticas:<br \/>\n<strong>1. Consultivas.<\/strong><br \/>\n<strong>2. Evaluativas<\/strong><br \/>\n<strong>3. Educativas<\/strong><br \/>\n<strong>4. Normativas<\/strong><br \/>\nEl CHB es aut\u00f3nomo y con total independencia en el desarrollo de sus funciones, respondiendo directamente al Directorio.<\/p>\n<p><strong>Solicitud para Intervenci\u00f3n del Comit\u00e9 de Bio\u00e9tica<\/strong><br \/>\n1- Cuando un profesional de la salud, paciente, familiares o cualquiera que, de una u otra manera, est\u00e9n interesados en una potencial problem\u00e1tica \u00e9tica de un caso asistencial y est\u00e9n relacionados al mismo de una manera directa y comprometida, entiendan necesaria la ayuda y asesoramiento del Comit\u00e9 Hospitalario de Bio\u00e9tica (CHB) de este Hospital, podr\u00e1n pedir la intervenci\u00f3n del mismo a su Coordinador o a cualquiera de sus integrantes en cualquier<br \/>\nmomento.<br \/>\n2- Para ello se les pedir\u00e1 que llenen los formularios de: Solicitud (Anexo 1 A) por un lado y Presentaci\u00f3n del Caso (Anexo 1 B) por otro, los cuales les ser\u00e1n facilitados por el Coordinador del CHB o cualquiera de sus miembros.<\/p>\n<p><strong>Formularios:<\/strong><\/p>\n<p><div  class='avia-button-wrap av-l4mso-ae1b658bf99dbf42a21d074fb1d66b6f-wrap avia-button-left  avia-builder-el-14  el_before_av_button  avia-builder-el-first '><a href='https:\/\/web.sanjuan.gob.ar\/hospitalrawson\/wp-content\/uploads\/sites\/24\/2025\/06\/Formulario-de-Solicitud-de-Intervencion-al-Comite-de-Bioetica-del-H.P.D.Dr_.G.R.pdf'  class='avia-button av-l4mso-ae1b658bf99dbf42a21d074fb1d66b6f av-link-btn avia-icon_select-yes-left-icon avia-size-medium avia-position-left avia-color-theme-color'  target=\"_blank\"  rel=\"noopener noreferrer\"  aria-label=\"Solicitud de Intervenci\u00f3n\"><span class='avia_button_icon avia_button_icon_left avia-iconfont avia-font-entypo-fontello' data-av_icon='\ue82d' data-av_iconfont='entypo-fontello' ><\/span><span class='avia_iconbox_title' >Solicitud de Intervenci\u00f3n<\/span><\/a><\/div><br \/>\n<div  class='avia-button-wrap av-8q9co-f73441026d4560fc811a5cb236300ed6-wrap avia-button-left  avia-builder-el-15  el_after_av_button  avia-builder-el-last '><a href='https:\/\/web.sanjuan.gob.ar\/hospitalrawson\/wp-content\/uploads\/sites\/24\/2025\/06\/Anexo-para-Solicitar-INTERVENCION-CHB.pdf'  class='avia-button av-8q9co-f73441026d4560fc811a5cb236300ed6 av-link-btn avia-icon_select-yes-left-icon avia-size-medium avia-position-left avia-color-theme-color'   aria-label=\"Anexo\"><span class='avia_button_icon avia_button_icon_left avia-iconfont avia-font-entypo-fontello' data-av_icon='\ue82d' data-av_iconfont='entypo-fontello' ><\/span><span class='avia_iconbox_title' >Anexo<\/span><\/a><\/div><\/p>\n<p><strong>Coordinadora:<\/strong> Dra. Eugenia Ensabella<br \/>\n<strong>Contacto:<\/strong> comitebioeticahospitalario@gmail.com<\/p>\n<\/div><\/section><\/p><\/div>\n","protected":false},"excerpt":{"rendered":"","protected":false},"author":4,"featured_media":0,"parent":0,"menu_order":0,"comment_status":"closed","ping_status":"closed","template":"","meta":{"footnotes":""},"class_list":["post-104","page","type-page","status-publish","hentry"],"_links":{"self":[{"href":"https:\/\/web.sanjuan.gob.ar\/hospitalrawson\/wp-json\/wp\/v2\/pages\/104","targetHints":{"allow":["GET"]}}],"collection":[{"href":"https:\/\/web.sanjuan.gob.ar\/hospitalrawson\/wp-json\/wp\/v2\/pages"}],"about":[{"href":"https:\/\/web.sanjuan.gob.ar\/hospitalrawson\/wp-json\/wp\/v2\/types\/page"}],"author":[{"embeddable":true,"href":"https:\/\/web.sanjuan.gob.ar\/hospitalrawson\/wp-json\/wp\/v2\/users\/4"}],"replies":[{"embeddable":true,"href":"https:\/\/web.sanjuan.gob.ar\/hospitalrawson\/wp-json\/wp\/v2\/comments?post=104"}],"version-history":[{"count":3,"href":"https:\/\/web.sanjuan.gob.ar\/hospitalrawson\/wp-json\/wp\/v2\/pages\/104\/revisions"}],"predecessor-version":[{"id":816,"href":"https:\/\/web.sanjuan.gob.ar\/hospitalrawson\/wp-json\/wp\/v2\/pages\/104\/revisions\/816"}],"wp:attachment":[{"href":"https:\/\/web.sanjuan.gob.ar\/hospitalrawson\/wp-json\/wp\/v2\/media?parent=104"}],"curies":[{"name":"wp","href":"https:\/\/api.w.org\/{rel}","templated":true}]}}