{"id":115,"date":"2024-09-20T17:38:45","date_gmt":"2024-09-20T15:38:45","guid":{"rendered":"https:\/\/web.sanjuan.gob.ar\/hospitalrawson\/?page_id=115"},"modified":"2024-11-01T13:46:31","modified_gmt":"2024-11-01T12:46:31","slug":"comite-de-farmacia-y-terapeutica","status":"publish","type":"page","link":"https:\/\/web.sanjuan.gob.ar\/hospitalrawson\/comite-de-farmacia-y-terapeutica\/","title":{"rendered":"Comit\u00e9 de Farmacia y Terap\u00e9utica"},"content":{"rendered":"\n<style type=\"text\/css\" data-created_by=\"avia_inline_auto\" id=\"style-css-av-av_section-dba31b239a6401b6ce1df5fb9b0fabd7\">\n.avia-section.av-av_section-dba31b239a6401b6ce1df5fb9b0fabd7{\nmargin-top:30px;\nmargin-bottom:0px;\n}\n.avia-section.av-av_section-dba31b239a6401b6ce1df5fb9b0fabd7 .av-parallax .av-parallax-inner{\nbackground-repeat:no-repeat;\nbackground-image:url(https:\/\/web.sanjuan.gob.ar\/hospitalrawson\/wp-content\/uploads\/sites\/24\/2024\/09\/HR_back_titulo_gauss.jpg);\nbackground-position:50% 50%;\nbackground-attachment:scroll;\n}\n.avia-section.av-av_section-dba31b239a6401b6ce1df5fb9b0fabd7 .av-section-color-overlay{\nopacity:0.7;\nbackground-color:#ff6e00;\nbackground-image:url(https:\/\/web.sanjuan.gob.ar\/hospitalrawson\/wp-content\/themes\/enfold\/images\/background-images\/diagonal-bold-dark.png);\nbackground-repeat:repeat;\n}\n<\/style>\n<div id='av_section_1'  class='avia-section av-av_section-dba31b239a6401b6ce1df5fb9b0fabd7 main_color avia-section-default avia-no-border-styling  avia-builder-el-0  el_before_av_two_third  avia-builder-el-first  av-parallax-section avia-bg-style-parallax av-section-color-overlay-active container_wrap sidebar_right'  data-section-bg-repeat='no-repeat'><div class='av-parallax' data-avia-parallax-ratio='0.3' ><div class='av-parallax-inner main_color avia-full-stretch'><\/div><\/div><div class=\"av-section-color-overlay-wrap\"><div class=\"av-section-color-overlay\"><\/div><div class='container av-section-cont-open' ><main  role=\"main\" itemprop=\"mainContentOfPage\"  class='template-page content  av-content-small alpha units'><div class='post-entry post-entry-type-page post-entry-115'><div class='entry-content-wrapper clearfix'>\n\n<style type=\"text\/css\" data-created_by=\"avia_inline_auto\" id=\"style-css-av-m181fg9n-10de2e7b4804d409649a1f039ae0c57c\">\n#top .av-special-heading.av-m181fg9n-10de2e7b4804d409649a1f039ae0c57c{\npadding-bottom:10px;\ncolor:#ffffff;\n}\nbody .av-special-heading.av-m181fg9n-10de2e7b4804d409649a1f039ae0c57c .av-special-heading-tag .heading-char{\nfont-size:25px;\n}\n.av-special-heading.av-m181fg9n-10de2e7b4804d409649a1f039ae0c57c .special-heading-inner-border{\nborder-color:#ffffff;\n}\n.av-special-heading.av-m181fg9n-10de2e7b4804d409649a1f039ae0c57c .av-subheading{\nfont-size:15px;\n}\n<\/style>\n<div  class='av-special-heading av-m181fg9n-10de2e7b4804d409649a1f039ae0c57c av-special-heading-h1 custom-color-heading  avia-builder-el-1  avia-builder-el-no-sibling '><h1 class='av-special-heading-tag '  itemprop=\"headline\"  >Comit\u00e9 de Farmacia y Terap\u00e9utica<\/h1><div class=\"special-heading-border\"><div class=\"special-heading-inner-border\"><\/div><\/div><\/div>\n<\/div><\/div><\/main><!-- close content main element --><\/div><\/div><\/div><div id='after_section_1'  class='main_color av_default_container_wrap container_wrap sidebar_right'  ><div class='container av-section-cont-open' ><div class='template-page content  av-content-small alpha units'><div class='post-entry post-entry-type-page post-entry-115'><div class='entry-content-wrapper clearfix'>\n<style type=\"text\/css\" data-created_by=\"avia_inline_auto\" id=\"style-css-av-suink-72f68b59e06633f610bb4cadf9fdd5a3\">\n.flex_column.av-suink-72f68b59e06633f610bb4cadf9fdd5a3{\nborder-radius:0px 0px 0px 0px;\npadding:0px 0px 0px 0px;\n}\n<\/style>\n<div  class='flex_column av-suink-72f68b59e06633f610bb4cadf9fdd5a3 av_two_third  avia-builder-el-2  el_after_av_section  el_before_av_one_third  avia-builder-el-first  first flex_column_div av-zero-column-padding  '     ><p><section  class='av_textblock_section av-m181jzge-798274839e91041f3501c8b2f49493d5 '   itemscope=\"itemscope\" itemtype=\"https:\/\/schema.org\/CreativeWork\" ><div class='avia_textblock'  itemprop=\"text\" ><p>Para entender correctamente el concepto e importancia del Comit\u00e9 de Farmacia y Terap\u00e9utica (CFT) es indispensable responder e interpretar \u00bfpor qu\u00e9 es necesario realizar una selecci\u00f3n de medicamentos?<br \/>\nPara ello debemos remitirnos a la OMS, que en su Bolet\u00edn de Medicamentos Esenciales N\u00ba30 (2001) expresa: \u201cNing\u00fan sistema p\u00fablico o privado de asistencia sanitaria del mundo puede permitirse adquirir todos los medicamentos que se ofrecen en el mercado. Los recursos son limitados y por ello debe hacerse una selecci\u00f3n\u2026\u201d Pero los criterios para completar \u00e9sta reflexi\u00f3n aparentemente obvian, son:<\/p>\n<\/div><\/section><br \/>\n\n<style type=\"text\/css\" data-created_by=\"avia_inline_auto\" id=\"style-css-av-m1ar3qgo-647cb763ecb259d48813eaa98398f47d\">\n#top .avia-icon-list-container.av-m1ar3qgo-647cb763ecb259d48813eaa98398f47d .iconlist_icon{\nbackground-color:#ff8200;\n}\n<\/style>\n<div  class='avia-icon-list-container av-m1ar3qgo-647cb763ecb259d48813eaa98398f47d  avia-builder-el-4  el_after_av_textblock  avia-builder-el-last '><ul class='avia-icon-list avia_animate_when_almost_visible avia-icon-list-left av-iconlist-big av-m1ar3qgo-647cb763ecb259d48813eaa98398f47d avia-iconlist-animate'>\n<li><div class='iconlist_icon av-m1ar0r5u-7867d9ff0cd234a48ccbe38e05d367bd avia-font-entypo-fontello avia-iconfont avia-font-entypo-fontello'><span class='av-icon-char' data-av_icon='\ue812' data-av_iconfont='entypo-fontello' aria-hidden=\"true\"><\/span><\/div><article class=\"article-icon-entry av-iconlist-empty\"  itemscope=\"itemscope\" itemtype=\"https:\/\/schema.org\/CreativeWork\" ><div class=\"iconlist_content_wrap\"><header class=\"entry-content-header\" aria-label=\"Icon: Necesidad\"><h4 class='av_iconlist_title iconlist_title  '  itemprop=\"headline\" >Necesidad<\/h4><\/header><div class='iconlist_content '  itemprop=\"text\" ><\/div><\/div><footer class=\"entry-footer\"><\/footer><\/article><div class=\"iconlist-timeline\"><\/div><\/li>\n<li><div class='iconlist_icon av-m1ar0r5u-32d1cdfe74f05971e374934cecd27879 avia-font-entypo-fontello avia-iconfont avia-font-entypo-fontello'><span class='av-icon-char' data-av_icon='\ue812' data-av_iconfont='entypo-fontello' aria-hidden=\"true\"><\/span><\/div><article class=\"article-icon-entry av-iconlist-empty\"  itemscope=\"itemscope\" itemtype=\"https:\/\/schema.org\/CreativeWork\" ><div class=\"iconlist_content_wrap\"><header class=\"entry-content-header\" aria-label=\"Icon: Eficacia\"><h4 class='av_iconlist_title iconlist_title  '  itemprop=\"headline\" >Eficacia<\/h4><\/header><div class='iconlist_content '  itemprop=\"text\" ><\/div><\/div><footer class=\"entry-footer\"><\/footer><\/article><div class=\"iconlist-timeline\"><\/div><\/li>\n<li><div class='iconlist_icon av-m1ar0r5u-8815b6cf634d512eef7f9d5e60ea766a avia-font-entypo-fontello avia-iconfont avia-font-entypo-fontello'><span class='av-icon-char' data-av_icon='\ue812' data-av_iconfont='entypo-fontello' aria-hidden=\"true\"><\/span><\/div><article class=\"article-icon-entry av-iconlist-empty\"  itemscope=\"itemscope\" itemtype=\"https:\/\/schema.org\/CreativeWork\" ><div class=\"iconlist_content_wrap\"><header class=\"entry-content-header\" aria-label=\"Icon: Seguridad\"><h4 class='av_iconlist_title iconlist_title  '  itemprop=\"headline\" >Seguridad<\/h4><\/header><div class='iconlist_content '  itemprop=\"text\" ><\/div><\/div><footer class=\"entry-footer\"><\/footer><\/article><div class=\"iconlist-timeline\"><\/div><\/li>\n<li><div class='iconlist_icon av-m1ar0r5u-d1cf98034bd22a50a44b935ae7f47999 avia-font-entypo-fontello avia-iconfont avia-font-entypo-fontello'><span class='av-icon-char' data-av_icon='\ue812' data-av_iconfont='entypo-fontello' aria-hidden=\"true\"><\/span><\/div><article class=\"article-icon-entry av-iconlist-empty\"  itemscope=\"itemscope\" itemtype=\"https:\/\/schema.org\/CreativeWork\" ><div class=\"iconlist_content_wrap\"><header class=\"entry-content-header\" aria-label=\"Icon: Coste\"><h4 class='av_iconlist_title iconlist_title  '  itemprop=\"headline\" >Coste<\/h4><\/header><div class='iconlist_content '  itemprop=\"text\" ><\/div><\/div><footer class=\"entry-footer\"><\/footer><\/article><div class=\"iconlist-timeline\"><\/div><\/li>\n<\/ul><\/div><\/p><\/div><\/p>\n\n<style type=\"text\/css\" data-created_by=\"avia_inline_auto\" id=\"style-css-av-mg34o-314f97b7add7c06cd5b3c378074c6a1e\">\n.flex_column.av-mg34o-314f97b7add7c06cd5b3c378074c6a1e{\nborder-radius:10px 10px 10px 10px;\npadding:10px 10px 10px 10px;\nbackground-color:#f7f7f7;\n}\n<\/style>\n<div  class='flex_column av-mg34o-314f97b7add7c06cd5b3c378074c6a1e av_one_third  avia-builder-el-5  el_after_av_two_third  avia-builder-el-last  flex_column_div  '     ><section  class='av_textblock_section av-746aw-5e36faa2d9748ea6201ba46cebade797 '   itemscope=\"itemscope\" itemtype=\"https:\/\/schema.org\/CreativeWork\" ><div class='avia_textblock'  itemprop=\"text\" ><p>Esto implica impulsar la utilizaci\u00f3n racional y garantizar el acceso a los f\u00e1rmacos necesarios para solucionar problemas de salud de la poblaci\u00f3n de referencia, a trav\u00e9s de un proceso que no es arbitrario, sino que debe ser continuo, multidisciplinario y participativo.<br \/>\nEl Comit\u00e9 de Farmacia y Terap\u00e9utica constituye un \u00f3rgano asesor del Directorio y fue creado por medio de la Resoluci\u00f3n N\u00ba 0270\/08 que define como integrantes a las siguientes \u00e1reas:<br \/>\n<strong>Gerencia T\u00e9cnica<\/strong> (Presidencia); <strong>Farmacia<\/strong> (Secretar\u00eda); <strong>Gerencia Administrativa<\/strong>; <strong>Servicios de Cl\u00ednica M\u00e9dica<\/strong>, <strong>Terapia Intensiva<\/strong>, <strong>Pediatr\u00eda<\/strong>, <strong>Control de Infecciones<\/strong> y <strong>Supervisi\u00f3n de Enfermer\u00eda<\/strong>.<br \/>\nEste equipo trabaja en distintas actividades en relaci\u00f3n a un objetivo principal que es promover programas de actualizaci\u00f3n terap\u00e9utica (Resoluci\u00f3n 0370\/11) para lo cual convoca a distintas especialidades conforme a los temas espec\u00edficos a tratar tales como inclusiones de 16 nuevos f\u00e1rmacos al Vademecum Hospitalario, informaci\u00f3n de medicamentos, calidad y seguridad en la atenci\u00f3n farmacoterap\u00e9utica, entre otros.<br \/>\n<strong>Contacto<\/strong>: Tel\u00e9fono: 0264 \u2013 4294700 Internos: 1439 \/ 1440<br \/>\n<strong>E-mail:<\/strong> admifarmacia.hgr@gmail.com<\/p>\n<\/div><\/section><\/div>\n","protected":false},"excerpt":{"rendered":"","protected":false},"author":4,"featured_media":0,"parent":0,"menu_order":0,"comment_status":"closed","ping_status":"closed","template":"","meta":{"footnotes":""},"class_list":["post-115","page","type-page","status-publish","hentry"],"_links":{"self":[{"href":"https:\/\/web.sanjuan.gob.ar\/hospitalrawson\/wp-json\/wp\/v2\/pages\/115","targetHints":{"allow":["GET"]}}],"collection":[{"href":"https:\/\/web.sanjuan.gob.ar\/hospitalrawson\/wp-json\/wp\/v2\/pages"}],"about":[{"href":"https:\/\/web.sanjuan.gob.ar\/hospitalrawson\/wp-json\/wp\/v2\/types\/page"}],"author":[{"embeddable":true,"href":"https:\/\/web.sanjuan.gob.ar\/hospitalrawson\/wp-json\/wp\/v2\/users\/4"}],"replies":[{"embeddable":true,"href":"https:\/\/web.sanjuan.gob.ar\/hospitalrawson\/wp-json\/wp\/v2\/comments?post=115"}],"version-history":[{"count":3,"href":"https:\/\/web.sanjuan.gob.ar\/hospitalrawson\/wp-json\/wp\/v2\/pages\/115\/revisions"}],"predecessor-version":[{"id":258,"href":"https:\/\/web.sanjuan.gob.ar\/hospitalrawson\/wp-json\/wp\/v2\/pages\/115\/revisions\/258"}],"wp:attachment":[{"href":"https:\/\/web.sanjuan.gob.ar\/hospitalrawson\/wp-json\/wp\/v2\/media?parent=115"}],"curies":[{"name":"wp","href":"https:\/\/api.w.org\/{rel}","templated":true}]}}