{"id":25,"date":"2024-08-30T17:12:06","date_gmt":"2024-08-30T15:12:06","guid":{"rendered":"https:\/\/web.sanjuan.gob.ar\/hospitalrawson\/?page_id=25"},"modified":"2024-11-01T13:50:16","modified_gmt":"2024-11-01T12:50:16","slug":"quienes-somos","status":"publish","type":"page","link":"https:\/\/web.sanjuan.gob.ar\/hospitalrawson\/quienes-somos\/","title":{"rendered":"Quienes somos"},"content":{"rendered":"\n<style type=\"text\/css\" data-created_by=\"avia_inline_auto\" id=\"style-css-av-av_section-dba31b239a6401b6ce1df5fb9b0fabd7\">\n.avia-section.av-av_section-dba31b239a6401b6ce1df5fb9b0fabd7{\nmargin-top:30px;\nmargin-bottom:0px;\n}\n.avia-section.av-av_section-dba31b239a6401b6ce1df5fb9b0fabd7 .av-parallax .av-parallax-inner{\nbackground-repeat:no-repeat;\nbackground-image:url(https:\/\/web.sanjuan.gob.ar\/hospitalrawson\/wp-content\/uploads\/sites\/24\/2024\/09\/HR_back_titulo_gauss.jpg);\nbackground-position:50% 50%;\nbackground-attachment:scroll;\n}\n.avia-section.av-av_section-dba31b239a6401b6ce1df5fb9b0fabd7 .av-section-color-overlay{\nopacity:0.7;\nbackground-color:#ff6e00;\nbackground-image:url(https:\/\/web.sanjuan.gob.ar\/hospitalrawson\/wp-content\/themes\/enfold\/images\/background-images\/diagonal-bold-dark.png);\nbackground-repeat:repeat;\n}\n<\/style>\n<div id='av_section_1'  class='avia-section av-av_section-dba31b239a6401b6ce1df5fb9b0fabd7 main_color avia-section-default avia-no-border-styling  avia-builder-el-0  el_before_av_two_third  avia-builder-el-first  av-parallax-section avia-bg-style-parallax av-section-color-overlay-active container_wrap sidebar_right'  data-section-bg-repeat='no-repeat'><div class='av-parallax' data-avia-parallax-ratio='0.3' ><div class='av-parallax-inner main_color avia-full-stretch'><\/div><\/div><div class=\"av-section-color-overlay-wrap\"><div class=\"av-section-color-overlay\"><\/div><div class='container av-section-cont-open' ><main  role=\"main\" itemprop=\"mainContentOfPage\"  class='template-page content  av-content-small alpha units'><div class='post-entry post-entry-type-page post-entry-25'><div class='entry-content-wrapper clearfix'>\n\n<style type=\"text\/css\" data-created_by=\"avia_inline_auto\" id=\"style-css-av-m0gvbrvn-30953c151387f6531066e1ea2916a841\">\n#top .av-special-heading.av-m0gvbrvn-30953c151387f6531066e1ea2916a841{\npadding-bottom:10px;\ncolor:#ffffff;\n}\nbody .av-special-heading.av-m0gvbrvn-30953c151387f6531066e1ea2916a841 .av-special-heading-tag .heading-char{\nfont-size:25px;\n}\n.av-special-heading.av-m0gvbrvn-30953c151387f6531066e1ea2916a841 .special-heading-inner-border{\nborder-color:#ffffff;\n}\n.av-special-heading.av-m0gvbrvn-30953c151387f6531066e1ea2916a841 .av-subheading{\nfont-size:15px;\n}\n<\/style>\n<div  class='av-special-heading av-m0gvbrvn-30953c151387f6531066e1ea2916a841 av-special-heading-h1 custom-color-heading  avia-builder-el-1  avia-builder-el-no-sibling '><h1 class='av-special-heading-tag '  itemprop=\"headline\"  >Quienes Somos<\/h1><div class=\"special-heading-border\"><div class=\"special-heading-inner-border\"><\/div><\/div><\/div>\n<\/div><\/div><\/main><!-- close content main element --><\/div><\/div><\/div><div id='after_section_1'  class='main_color av_default_container_wrap container_wrap sidebar_right'  ><div class='container av-section-cont-open' ><div class='template-page content  av-content-small alpha units'><div class='post-entry post-entry-type-page post-entry-25'><div class='entry-content-wrapper clearfix'>\n<style type=\"text\/css\" data-created_by=\"avia_inline_auto\" id=\"style-css-av-3o5kx-16db46c2eb5a9eedc15c8c070b6ac031\">\n.flex_column.av-3o5kx-16db46c2eb5a9eedc15c8c070b6ac031{\nborder-radius:0px 0px 0px 0px;\npadding:0px 0px 0px 0px;\n}\n<\/style>\n<div  class='flex_column av-3o5kx-16db46c2eb5a9eedc15c8c070b6ac031 av_two_third  avia-builder-el-2  el_after_av_section  el_before_av_one_third  avia-builder-el-first  first flex_column_div av-zero-column-padding  '     ><section  class='av_textblock_section av-m0gtbbe0-c5240ac8a13bfcd90773a4577947ec45 '   itemscope=\"itemscope\" itemtype=\"https:\/\/schema.org\/CreativeWork\" ><div class='avia_textblock'  itemprop=\"text\" ><p><span style=\"font-size: 14pt;\"><strong><span style=\"font-size: 18pt;\">Hospital P\u00fablico Descentralizado Dr. Guillermo Rawson<\/span><br \/>\n<\/strong><\/span><br \/>\nEl Hospital San Juan de Dios, con una larga trayectoria sanitaria en la provincia de San Juan, recibe el nombre de Dr. Guillermo Rawson en el a\u00f1o 1890,\u00a0 en homenaje al m\u00e9dico sanjuanino reconocido como el \u201cPadre de la Higiene Argentina\u201d, fallecido ese a\u00f1o.<br \/>\nEl Hospital P\u00fablico Descentralizado Dr. Guillermo Rawson, a partir del 2 noviembre de 2005, fue declarado y constituido como organismo\u00a0 descentralizado y aut\u00e1rquico del Estado, en jurisdicci\u00f3n de la Secretar\u00eda de Estado de Salud P\u00fablica, en el marco de la ley provincial N\u00ba 7.573.<br \/>\nNuestra Instituci\u00f3n m\u00e9dica es el primer antecedente de un organismo de Salud Descentralizado en la provincia de San Juan.<br \/>\nEl Hospital brinda asistencia sanitaria especializada en un \u00e1rea de cobertura de 818.234 habitantes de la provincia de San Juan. Fundado a comienzos del siglo XVIII, cuenta con un personal aproximado de 3.200 personas entre personal sanitario y administrativo, recibe a m\u00e1s de 1.600 pacientes por d\u00eda y cuenta con un total de 520 camas.<br \/>\nNuestra Instituci\u00f3n m\u00e9dica es referente provincial por ser el \u00fanico centro de recepci\u00f3n de emergencias de San Juan, como as\u00ed tambi\u00e9n por la trayectoria de las distintas especialidades m\u00e9dicas y quir\u00fargicas.<br \/>\nEl Hospital Rawson se destaca por su amplia tecnolog\u00eda, la capacitaci\u00f3n a su personal tanto m\u00e9dico como administrativo y el trabajo en docencia e investigaci\u00f3n, que contribuyen para brindar a los pacientes la mejor calidad, eficacia y excelencia durante su estad\u00eda en el nosocomio.<br \/>\nEl decreto N\u00ba 0130 del Gobierno de San Juan, califica al Hospital Rawson con el m\u00e1ximo nivel de Atenci\u00f3n M\u00e9dica (Grado VIII) y el m\u00e1s alto en Complejidad Hospitalaria (Grado IV), por realizar ense\u00f1anza, adiestramiento e investigaci\u00f3n en todas las disciplinas, por contar con las especialidades m\u00e1s complejas, tanto en consulta, internaci\u00f3n, diagn\u00f3stico y tratamiento.<br \/>\nAdem\u00e1s de tener un plantel de profesionales especializados en Administraci\u00f3n Hospitalaria, Administraci\u00f3n T\u00e9cnica, Contable y de Mantenimiento.<\/p>\n<\/div><\/section><\/div><\/p>\n\n<style type=\"text\/css\" data-created_by=\"avia_inline_auto\" id=\"style-css-av-m0gti1wg-a0c986be7581796a9270c9163e83da43\">\n.flex_column.av-m0gti1wg-a0c986be7581796a9270c9163e83da43{\nborder-radius:10px 10px 10px 10px;\npadding:10px 10px 10px 10px;\nbackground-color:#f7f7f7;\n}\n<\/style>\n<div  class='flex_column av-m0gti1wg-a0c986be7581796a9270c9163e83da43 av_one_third  avia-builder-el-4  el_after_av_two_third  el_before_av_one_full  flex_column_div  '     ><style type=\"text\/css\" data-created_by=\"avia_inline_auto\" id=\"style-css-av-m0gu8tzm-e358b875a8e69db6b85d4506b015fd3a\">\n#top .avia-icon-list-container.av-m0gu8tzm-e358b875a8e69db6b85d4506b015fd3a .iconlist_icon{\nbackground-color:#ff8200;\n}\n<\/style>\n<div  class='avia-icon-list-container av-m0gu8tzm-e358b875a8e69db6b85d4506b015fd3a  avia-builder-el-5  avia-builder-el-no-sibling '><ul class='avia-icon-list avia_animate_when_almost_visible avia-icon-list-left av-iconlist-big av-m0gu8tzm-e358b875a8e69db6b85d4506b015fd3a avia-iconlist-animate'>\n<li><div class='iconlist_icon av-m0gu6s9z-18af487c322e72f6bded4181248d99f8 avia-font-entypo-fontello avia-iconfont avia-font-entypo-fontello'><span class='av-icon-char' data-av_icon='\ue826' data-av_iconfont='entypo-fontello' aria-hidden=\"true\"><\/span><\/div><article class=\"article-icon-entry \"  itemscope=\"itemscope\" itemtype=\"https:\/\/schema.org\/CreativeWork\" ><div class=\"iconlist_content_wrap\"><header class=\"entry-content-header\" aria-label=\"Icon: Visi\u00f3n\"><h4 class='av_iconlist_title iconlist_title  '  itemprop=\"headline\" >Visi\u00f3n<\/h4><\/header><div class='iconlist_content '  itemprop=\"text\" ><p>\u201cEl Hospital Descentralizado Dr. Guillermo Rawson ser\u00e1 una instituci\u00f3n cient\u00edfico-sanitaria integrada y actor principal de una red provincial de cuidados por complejidad creciente, que tendr\u00e1 al paciente como centro y raz\u00f3n de ser, adapt\u00e1ndose a sus necesidades, para brindar en forma oportuna cuidados sanitarios con los m\u00e1s altos est\u00e1ndares de calidad y eficiencia.\u201d<\/p>\n<\/div><\/div><footer class=\"entry-footer\"><\/footer><\/article><div class=\"iconlist-timeline\"><\/div><\/li>\n<li><div class='iconlist_icon av-m0gu6s9z-234481803b48e19b6346fddd9d7d6bc1 avia-font-entypo-fontello avia-iconfont avia-font-entypo-fontello'><span class='av-icon-char' data-av_icon='\ue835' data-av_iconfont='entypo-fontello' aria-hidden=\"true\"><\/span><\/div><article class=\"article-icon-entry \"  itemscope=\"itemscope\" itemtype=\"https:\/\/schema.org\/CreativeWork\" ><div class=\"iconlist_content_wrap\"><header class=\"entry-content-header\" aria-label=\"Icon: Misi\u00f3n\"><h4 class='av_iconlist_title iconlist_title  '  itemprop=\"headline\" >Misi\u00f3n<\/h4><\/header><div class='iconlist_content '  itemprop=\"text\" ><p>La Misi\u00f3n del Hospital P\u00fablico de Gesti\u00f3n Descentralizada Dr. Guillermo Rawson, es proveer asistencia sanitaria integral para los ciudadanos que requieren de su servicio a trav\u00e9s de cuatro funciones esenciales definidas mediante la integraci\u00f3n de los procesos internos y externos, de alta calidad t\u00e9cnica y relacional, con el recurso humano como valor estrat\u00e9gico para la excelencia.<\/p>\n<\/div><\/div><footer class=\"entry-footer\"><\/footer><\/article><div class=\"iconlist-timeline\"><\/div><\/li>\n<\/ul><\/div><\/div>\n\n<style type=\"text\/css\" data-created_by=\"avia_inline_auto\" id=\"style-css-av-3bemp-70c235c864b06299b0d8706b7c3ab3b5\">\n.flex_column.av-3bemp-70c235c864b06299b0d8706b7c3ab3b5{\nborder-radius:0px 0px 0px 0px;\npadding:0px 0px 0px 0px;\n}\n<\/style>\n<div  class='flex_column av-3bemp-70c235c864b06299b0d8706b7c3ab3b5 av_one_full  avia-builder-el-6  el_after_av_one_third  el_before_av_one_fourth  first flex_column_div av-zero-column-padding  column-top-margin'     ><section  class='av_textblock_section av-m0guem86-b738bde63363a2295cdaa007c06da9c3 '   itemscope=\"itemscope\" itemtype=\"https:\/\/schema.org\/CreativeWork\" ><div class='avia_textblock'  itemprop=\"text\" ><p><span style=\"font-size: 14pt;\"><strong>Las cuatro Funciones Esenciales de la Misi\u00f3n<\/strong><\/span><\/p>\n<\/div><\/section><\/div>\n<div class='flex_column_table av-2w5v5-20824cf0df62f86a18e26afb2df6b19e sc-av_one_fourth av-equal-height-column-flextable'>\n<style type=\"text\/css\" data-created_by=\"avia_inline_auto\" id=\"style-css-av-2w5v5-20824cf0df62f86a18e26afb2df6b19e\">\n.flex_column.av-2w5v5-20824cf0df62f86a18e26afb2df6b19e{\nborder-radius:10px 10px 10px 10px;\npadding:10px 10px 10px 10px;\nbackground-color:#edddc7;\n}\n<\/style>\n<div  class='flex_column av-2w5v5-20824cf0df62f86a18e26afb2df6b19e av_one_fourth  avia-builder-el-8  el_after_av_one_full  el_before_av_one_fourth  first flex_column_table_cell av-equal-height-column av-align-top  column-top-margin'     ><section  class='av_textblock_section av-m0gu3fb9-954be6fb59481159d60b0bc95df936d2 '   itemscope=\"itemscope\" itemtype=\"https:\/\/schema.org\/CreativeWork\" ><div class='avia_textblock'  itemprop=\"text\" ><p><span style=\"font-size: 14pt;\"><strong>Integraci\u00f3n Interna<\/strong><\/span><\/p>\n<ul style=\"list-style-type: circle;\">\n<li>\u00a0El paciente como centro de la organizaci\u00f3n.<\/li>\n<li>\u00a0Atenci\u00f3n por cuidados progresivos. (Atenci\u00f3n integral y continua)<\/li>\n<li>\u00a0Hospital integrado. (Nuevo modelo organizativo y de gesti\u00f3n)<\/li>\n<\/ul>\n<\/div><\/section><\/div>\n<div class='av-flex-placeholder'><\/div>\n<style type=\"text\/css\" data-created_by=\"avia_inline_auto\" id=\"style-css-av-2c1sh-a49f9a3010c1ef65dd2e90b1e77355b8\">\n.flex_column.av-2c1sh-a49f9a3010c1ef65dd2e90b1e77355b8{\nborder-radius:10px 10px 10px 10px;\npadding:10px 10px 10px 10px;\nbackground-color:#edddc7;\n}\n<\/style>\n<div  class='flex_column av-2c1sh-a49f9a3010c1ef65dd2e90b1e77355b8 av_one_fourth  avia-builder-el-10  el_after_av_one_fourth  el_before_av_one_fourth  flex_column_table_cell av-equal-height-column av-align-top  column-top-margin'     ><section  class='av_textblock_section av-m0gup3sg-09ad89091eeb4f75a96a4ac75cb8e3b5 '   itemscope=\"itemscope\" itemtype=\"https:\/\/schema.org\/CreativeWork\" ><div class='avia_textblock'  itemprop=\"text\" ><p><span style=\"font-size: 14pt;\"><strong>Integraci\u00f3n Externa<\/strong><\/span><\/p>\n<ul style=\"list-style-type: circle;\">\n<li>Integraci\u00f3n con la red sanitaria.<\/li>\n<li>Integraci\u00f3n con las instituciones dedicadas a la docencia e investigaci\u00f3n.<\/li>\n<li>Integraci\u00f3n con los distintos actores sociales.<\/li>\n<\/ul>\n<\/div><\/section><\/div>\n<div class='av-flex-placeholder'><\/div>\n<style type=\"text\/css\" data-created_by=\"avia_inline_auto\" id=\"style-css-av-1k78t-f432186468c923bd6f98636b9842b2d5\">\n.flex_column.av-1k78t-f432186468c923bd6f98636b9842b2d5{\nborder-radius:10px 10px 10px 10px;\npadding:10px 10px 10px 10px;\nbackground-color:#edddc7;\n}\n<\/style>\n<div  class='flex_column av-1k78t-f432186468c923bd6f98636b9842b2d5 av_one_fourth  avia-builder-el-12  el_after_av_one_fourth  el_before_av_one_fourth  flex_column_table_cell av-equal-height-column av-align-top  column-top-margin'     ><section  class='av_textblock_section av-m0gupzx9-fe9bee3f100681e17b69d50860e7531e '   itemscope=\"itemscope\" itemtype=\"https:\/\/schema.org\/CreativeWork\" ><div class='avia_textblock'  itemprop=\"text\" ><p><span style=\"font-size: 14pt;\"><strong>Valores<\/strong><\/span><\/p>\n<ul style=\"list-style-type: circle;\">\n<li>Equidad, accesibilidad, atenci\u00f3n oportuna e integral.<\/li>\n<li>Calidad en los procesos T\u00e9cnicos y relacionales.<\/li>\n<li>El paciente como persona integral y centro de la atenci\u00f3n sanitaria.<\/li>\n<\/ul>\n<\/div><\/section><\/div>\n<div class='av-flex-placeholder'><\/div>\n<style type=\"text\/css\" data-created_by=\"avia_inline_auto\" id=\"style-css-av-pgu9-ac2e35df25e18baffe2078a01a405daf\">\n.flex_column.av-pgu9-ac2e35df25e18baffe2078a01a405daf{\nborder-radius:10px 10px 10px 10px;\npadding:10px 10px 10px 10px;\nbackground-color:#edddc7;\n}\n<\/style>\n<div  class='flex_column av-pgu9-ac2e35df25e18baffe2078a01a405daf av_one_fourth  avia-builder-el-14  el_after_av_one_fourth  avia-builder-el-last  flex_column_table_cell av-equal-height-column av-align-top  column-top-margin'     ><section  class='av_textblock_section av-m0gur1cd-9d0921f92b0a29b0ef6b7485bcb08d66 '   itemscope=\"itemscope\" itemtype=\"https:\/\/schema.org\/CreativeWork\" ><div class='avia_textblock'  itemprop=\"text\" ><p><span style=\"font-size: 14pt;\"><strong>Recursos Humanos<\/strong><\/span><\/p>\n<ul style=\"list-style-type: circle;\">\n<li>Valorizaci\u00f3n del recurso humano.<\/li>\n<li>Hospital escuela, investigaci\u00f3n y capacitaci\u00f3n continua para todos los niveles.<\/li>\n<li>Participaci\u00f3n activa en la instituci\u00f3n.<\/li>\n<\/ul>\n<\/div><\/section><\/div><\/div><!--close column table wrapper. Autoclose: 1 -->\n","protected":false},"excerpt":{"rendered":"","protected":false},"author":4,"featured_media":0,"parent":0,"menu_order":0,"comment_status":"closed","ping_status":"closed","template":"","meta":{"footnotes":""},"class_list":["post-25","page","type-page","status-publish","hentry"],"_links":{"self":[{"href":"https:\/\/web.sanjuan.gob.ar\/hospitalrawson\/wp-json\/wp\/v2\/pages\/25","targetHints":{"allow":["GET"]}}],"collection":[{"href":"https:\/\/web.sanjuan.gob.ar\/hospitalrawson\/wp-json\/wp\/v2\/pages"}],"about":[{"href":"https:\/\/web.sanjuan.gob.ar\/hospitalrawson\/wp-json\/wp\/v2\/types\/page"}],"author":[{"embeddable":true,"href":"https:\/\/web.sanjuan.gob.ar\/hospitalrawson\/wp-json\/wp\/v2\/users\/4"}],"replies":[{"embeddable":true,"href":"https:\/\/web.sanjuan.gob.ar\/hospitalrawson\/wp-json\/wp\/v2\/comments?post=25"}],"version-history":[{"count":3,"href":"https:\/\/web.sanjuan.gob.ar\/hospitalrawson\/wp-json\/wp\/v2\/pages\/25\/revisions"}],"predecessor-version":[{"id":568,"href":"https:\/\/web.sanjuan.gob.ar\/hospitalrawson\/wp-json\/wp\/v2\/pages\/25\/revisions\/568"}],"wp:attachment":[{"href":"https:\/\/web.sanjuan.gob.ar\/hospitalrawson\/wp-json\/wp\/v2\/media?parent=25"}],"curies":[{"name":"wp","href":"https:\/\/api.w.org\/{rel}","templated":true}]}}