{"id":287,"date":"2024-11-01T15:41:14","date_gmt":"2024-11-01T14:41:14","guid":{"rendered":"https:\/\/web.sanjuan.gob.ar\/hospitalrawson\/?page_id=287"},"modified":"2025-02-24T13:43:08","modified_gmt":"2025-02-24T12:43:08","slug":"turnos","status":"publish","type":"page","link":"https:\/\/web.sanjuan.gob.ar\/hospitalrawson\/turnos\/","title":{"rendered":"Turnos"},"content":{"rendered":"\n<style type=\"text\/css\" data-created_by=\"avia_inline_auto\" id=\"style-css-av-9qef3-503057292c3fe2a119f3deabbddd5b05\">\n.avia-section.av-9qef3-503057292c3fe2a119f3deabbddd5b05{\nmargin-top:30px;\nmargin-bottom:0px;\n}\n.avia-section.av-9qef3-503057292c3fe2a119f3deabbddd5b05 .av-parallax .av-parallax-inner{\nbackground-repeat:no-repeat;\nbackground-image:url(https:\/\/web.sanjuan.gob.ar\/hospitalrawson\/wp-content\/uploads\/sites\/24\/2024\/09\/HR_back_titulo_gauss.jpg);\nbackground-position:50% 50%;\nbackground-attachment:scroll;\n}\n.avia-section.av-9qef3-503057292c3fe2a119f3deabbddd5b05 .av-section-color-overlay{\nopacity:0.7;\nbackground-color:#ff6e00;\nbackground-image:url(https:\/\/web.sanjuan.gob.ar\/hospitalrawson\/wp-content\/themes\/enfold\/images\/background-images\/diagonal-bold-dark.png);\nbackground-repeat:repeat;\n}\n<\/style>\n<div id='av_section_1'  class='avia-section av-9qef3-503057292c3fe2a119f3deabbddd5b05 main_color avia-section-default avia-no-border-styling  avia-builder-el-0  el_before_av_one_third  avia-builder-el-first  av-parallax-section avia-bg-style-parallax av-section-color-overlay-active container_wrap sidebar_right'  data-section-bg-repeat='no-repeat'><div class='av-parallax' data-avia-parallax-ratio='0.3' ><div class='av-parallax-inner main_color avia-full-stretch'><\/div><\/div><div class=\"av-section-color-overlay-wrap\"><div class=\"av-section-color-overlay\"><\/div><div class='container av-section-cont-open' ><main  role=\"main\" itemprop=\"mainContentOfPage\"  class='template-page content  av-content-small alpha units'><div class='post-entry post-entry-type-page post-entry-287'><div class='entry-content-wrapper clearfix'>\n\n<style type=\"text\/css\" data-created_by=\"avia_inline_auto\" id=\"style-css-av-m2yu7yxz-bc08b9e2202f9ef568d8b64985589445\">\n#top .av-special-heading.av-m2yu7yxz-bc08b9e2202f9ef568d8b64985589445{\npadding-bottom:10px;\ncolor:#ffffff;\n}\nbody .av-special-heading.av-m2yu7yxz-bc08b9e2202f9ef568d8b64985589445 .av-special-heading-tag .heading-char{\nfont-size:25px;\n}\n.av-special-heading.av-m2yu7yxz-bc08b9e2202f9ef568d8b64985589445 .special-heading-inner-border{\nborder-color:#ffffff;\n}\n.av-special-heading.av-m2yu7yxz-bc08b9e2202f9ef568d8b64985589445 .av-subheading{\nfont-size:15px;\n}\n<\/style>\n<div  class='av-special-heading av-m2yu7yxz-bc08b9e2202f9ef568d8b64985589445 av-special-heading-h1 custom-color-heading  avia-builder-el-1  avia-builder-el-no-sibling '><h1 class='av-special-heading-tag '  itemprop=\"headline\"  >Turnos<\/h1><div class=\"special-heading-border\"><div class=\"special-heading-inner-border\"><\/div><\/div><\/div>\n<\/div><\/div><\/main><!-- close content main element --><\/div><\/div><\/div><div id='after_section_1'  class='main_color av_default_container_wrap container_wrap sidebar_right'  ><div class='container av-section-cont-open' ><div class='template-page content  av-content-small alpha units'><div class='post-entry post-entry-type-page post-entry-287'><div class='entry-content-wrapper clearfix'>\n\n<style type=\"text\/css\" data-created_by=\"avia_inline_auto\" id=\"style-css-av-4ah6f-d49f6bcaee6dd7be8c5f940b657775e8\">\n.flex_column.av-4ah6f-d49f6bcaee6dd7be8c5f940b657775e8{\nborder-radius:10px 10px 10px 10px;\npadding:10px 10px 10px 10px;\nbackground-color:#edddc7;\n}\n<\/style>\n<div  class='flex_column av-4ah6f-d49f6bcaee6dd7be8c5f940b657775e8 av_one_third  avia-builder-el-2  el_after_av_section  el_before_av_one_third  avia-builder-el-first  first flex_column_div  '     ><p><div  class='avia-button-wrap avia-button-center  avia-builder-el-3  el_before_av_textblock  avia-builder-el-first '>\n<style type=\"text\/css\" data-created_by=\"avia_inline_auto\" id=\"style-css-av-m32zpazs-89cc0a6b39f370efeddc87526a907513\">\n#top #wrap_all .avia-button.av-m32zpazs-89cc0a6b39f370efeddc87526a907513:hover{\ncolor:#ffffff;\ntransition:all 0.4s ease-in-out;\n}\n#top #wrap_all .avia-button.av-m32zpazs-89cc0a6b39f370efeddc87526a907513:hover .avia-svg-icon svg:first-child{\nfill:#ffffff;\nstroke:#ffffff;\n}\n<\/style>\n<a href='' class='avia-color-theme-color avia-font-color-theme-color avia-button avia-button-fullwidth av-m32zpazs-89cc0a6b39f370efeddc87526a907513 avia-icon_select-no avia-color-theme-color'   aria-label=\"Forma Presencial y con Asistente Virtual CIDI\"><span class='avia_iconbox_title' >Forma Presencial y con Asistente Virtual CIDI<\/span><div class='av-button-description av-button-description-below'><p>WhatsApp 264-459-2201<\/p>\n<\/div><span class='avia_button_background avia-button avia-button-fullwidth avia-color-theme-color'><\/span><\/a><\/div><br \/>\n<section  class='av_textblock_section av-m2yw20ll-555cc144f1a9d6fee5fe2d9c8b942982 '   itemscope=\"itemscope\" itemtype=\"https:\/\/schema.org\/CreativeWork\" ><div class='avia_textblock'  itemprop=\"text\" ><p>Aplicaci\u00f3n de mensajer\u00eda para turnos programados, <strong>No para atenci\u00f3n de Urgencias<\/strong>.<\/p>\n<p><strong>Especialidades:<\/strong><\/p>\n<ul>\n<li>Ginecolog\u00eda<\/li>\n<li>Odontolog\u00eda Pedi\u00e1trica<\/li>\n<li>Otorrinolaringolog\u00eda (ORL)<\/li>\n<li>Oftalmolog\u00eda<\/li>\n<li>Cardiolog\u00eda<\/li>\n<li>Cirug\u00eda (control)<\/li>\n<li>Traumatolog\u00eda<\/li>\n<\/ul>\n<p><strong>Requisitos para el d\u00eda del turno:<\/strong><\/p>\n<\/div><\/section><br \/>\n\n<style type=\"text\/css\" data-created_by=\"avia_inline_auto\" id=\"style-css-av-15d2pb-32cec543b787bf02872b05fb314fc786\">\n#top .avia-icon-list-container.av-15d2pb-32cec543b787bf02872b05fb314fc786 .iconlist_icon{\ncolor:#ffffff;\nbackground-color:#edae44;\nfont-size:15px;\n}\n#top .avia-icon-list-container.av-15d2pb-32cec543b787bf02872b05fb314fc786 .iconlist_icon svg:first-child{\nstroke:#ffffff;\nfill:#ffffff;\nheight:15px;\nwidth:15px;\n}\n#top #wrap_all .avia-icon-list-container.av-15d2pb-32cec543b787bf02872b05fb314fc786 .av_iconlist_title{\nfont-size:15px;\n}\n.avia-icon-list-container.av-15d2pb-32cec543b787bf02872b05fb314fc786 .iconlist_content{\ncolor:#4f4f4f;\n}\n<\/style>\n<div  class='avia-icon-list-container av-15d2pb-32cec543b787bf02872b05fb314fc786  avia-builder-el-5  el_after_av_textblock  avia-builder-el-last '><ul class='avia-icon-list avia_animate_when_almost_visible avia-icon-list-left av-iconlist-small av-15d2pb-32cec543b787bf02872b05fb314fc786 avia-iconlist-animate'>\n<li><div class='iconlist_icon av-33xjj-9703fef1cacd07f8870e47892dc40286 avia-font-entypo-fontello avia-iconfont avia-font-entypo-fontello'><span class='av-icon-char' data-av_icon='\ue812' data-av_iconfont='entypo-fontello' aria-hidden=\"true\"><\/span><\/div><article class=\"article-icon-entry \"  itemscope=\"itemscope\" itemtype=\"https:\/\/schema.org\/CreativeWork\" ><div class=\"iconlist_content_wrap\"><header class=\"entry-content-header\" aria-label=\"Icon: Derivaci\u00f3n al especialista realizado por otro m\u00e9dico. \"><div class='av_iconlist_title iconlist_title_small  '  itemprop=\"headline\" >Derivaci\u00f3n al especialista realizado por otro m\u00e9dico. <\/div><\/header><div class='iconlist_content av_inherit_color'  itemprop=\"text\" >\n<style type=\"text\/css\" data-created_by=\"avia_inline_auto\" id=\"style-css-av-teeuf-0c72833698538c324953366be4d8c071\">\n#top .hr.hr-invisible.av-teeuf-0c72833698538c324953366be4d8c071{\nheight:10px;\n}\n<\/style>\n<div  class='hr av-teeuf-0c72833698538c324953366be4d8c071 hr-invisible  avia-builder-el-6  el_before_av_hr  avia-builder-el-first '><span class='hr-inner '><span class=\"hr-inner-style\"><\/span><\/span><\/div>\n<\/div><\/div><footer class=\"entry-footer\"><\/footer><\/article><div class=\"iconlist-timeline\"><\/div><\/li>\n<li><div class='iconlist_icon av-mgipb-78b656dd738a70bb9f8f3fe648d0cdae avia-font-entypo-fontello avia-iconfont avia-font-entypo-fontello'><span class='av-icon-char' data-av_icon='\ue812' data-av_iconfont='entypo-fontello' aria-hidden=\"true\"><\/span><\/div><article class=\"article-icon-entry \"  itemscope=\"itemscope\" itemtype=\"https:\/\/schema.org\/CreativeWork\" ><div class=\"iconlist_content_wrap\"><header class=\"entry-content-header\" aria-label=\"Icon: DNI\"><div class='av_iconlist_title iconlist_title_small  '  itemprop=\"headline\" >DNI<\/div><\/header><div class='iconlist_content av_inherit_color'  itemprop=\"text\" >\n<style type=\"text\/css\" data-created_by=\"avia_inline_auto\" id=\"style-css-av-fpaj3-af0a56e57ddff97413b92ca133e22621\">\n#top .hr.hr-invisible.av-fpaj3-af0a56e57ddff97413b92ca133e22621{\nheight:10px;\n}\n<\/style>\n<div  class='hr av-fpaj3-af0a56e57ddff97413b92ca133e22621 hr-invisible  avia-builder-el-7  el_after_av_hr  avia-builder-el-last '><span class='hr-inner '><span class=\"hr-inner-style\"><\/span><\/span><\/div>\n<\/div><\/div><footer class=\"entry-footer\"><\/footer><\/article><div class=\"iconlist-timeline\"><\/div><\/li>\n<li><div class='iconlist_icon av-bb2jj-2a6b11e092129c67d79bcdf5df9630ea avia-font-entypo-fontello avia-iconfont avia-font-entypo-fontello'><span class='av-icon-char' data-av_icon='\ue812' data-av_iconfont='entypo-fontello' aria-hidden=\"true\"><\/span><\/div><article class=\"article-icon-entry av-iconlist-empty\"  itemscope=\"itemscope\" itemtype=\"https:\/\/schema.org\/CreativeWork\" ><div class=\"iconlist_content_wrap\"><header class=\"entry-content-header\" aria-label=\"Icon: Si tiene obra social presentar Carnet de Afiliaci\u00f3n y \u00faltimo recibo de sueldo. \"><div class='av_iconlist_title iconlist_title_small  '  itemprop=\"headline\" >Si tiene obra social presentar Carnet de Afiliaci\u00f3n y \u00faltimo recibo de sueldo. <\/div><\/header><div class='iconlist_content av_inherit_color'  itemprop=\"text\" ><\/div><\/div><footer class=\"entry-footer\"><\/footer><\/article><div class=\"iconlist-timeline\"><\/div><\/li>\n<\/ul><\/div><\/p><\/div>\n\n<style type=\"text\/css\" data-created_by=\"avia_inline_auto\" id=\"style-css-av-17owg7-53582e574d762296bad562b9798a30dc\">\n.flex_column.av-17owg7-53582e574d762296bad562b9798a30dc{\nborder-radius:10px 10px 10px 10px;\npadding:10px 10px 10px 10px;\nbackground-color:#edddc7;\n}\n<\/style>\n<div  class='flex_column av-17owg7-53582e574d762296bad562b9798a30dc av_one_third  avia-builder-el-8  el_after_av_one_third  el_before_av_one_third  flex_column_div  '     ><p><div  class='avia-button-wrap avia-button-center  avia-builder-el-9  el_before_av_textblock  avia-builder-el-first '>\n<style type=\"text\/css\" data-created_by=\"avia_inline_auto\" id=\"style-css-av-m32zpuf2-f69b90b12eb7eea6f762927b472b4c24\">\n#top #wrap_all .avia-button.av-m32zpuf2-f69b90b12eb7eea6f762927b472b4c24:hover{\ncolor:#ffffff;\ntransition:all 0.4s ease-in-out;\n}\n#top #wrap_all .avia-button.av-m32zpuf2-f69b90b12eb7eea6f762927b472b4c24:hover .avia-svg-icon svg:first-child{\nfill:#ffffff;\nstroke:#ffffff;\n}\n<\/style>\n<a href='' class='avia-color-theme-color avia-font-color-theme-color avia-button avia-button-fullwidth av-m32zpuf2-f69b90b12eb7eea6f762927b472b4c24 avia-icon_select-no avia-color-theme-color'   aria-label=\"Solamente de Forma Presencial\"><span class='avia_iconbox_title' >Solamente de Forma Presencial<\/span><span class='avia_button_background avia-button avia-button-fullwidth avia-color-theme-color'><\/span><\/a><\/div><br \/>\n<section  class='av_textblock_section av-m2ywaszu-48018afeaf1a2cb92a770f878670c9ce '   itemscope=\"itemscope\" itemtype=\"https:\/\/schema.org\/CreativeWork\" ><div class='avia_textblock'  itemprop=\"text\" ><ul>\n<li><strong>Turnos para Diagn\u00f3stico por im\u00e1genes<br \/>\n<\/strong>D\u00eda y horarios: lunes a viernes de 7:00 a 11:00 horas.<\/li>\n<\/ul>\n<ul>\n<li><strong>Pr\u00e1cticas\/estudios de Neurolog\u00eda, Neumonolog\u00eda y Gastroenterolog\u00eda &#8211; Adultos<br \/>\n<\/strong>D\u00eda y horarios: lunes a viernes de 7:00 a 11:00 horas.<\/li>\n<\/ul>\n<ul>\n<li><strong>Fonoaudiolog\u00eda &#8211; Adultos y Pedi\u00e1tricos<br \/>\n<\/strong>D\u00eda y horarios: lunes a viernes de 7:00 a 11:00 horas.<\/li>\n<\/ul>\n<ul>\n<li><strong>Hematolog\u00eda y Hemoterapia &#8211; Adultos y Pedi\u00e1tricos<\/strong><\/li>\n<\/ul>\n<p>D\u00eda y horarios: lunes a viernes de 7:00 a 11:00 horas.<\/p>\n<ul>\n<li><strong>Psiquiatr\u00eda \u2013 Psicolog\u00eda Adultos y Pedi\u00e1tricos<br \/>\n<\/strong>D\u00eda y horarios: lunes a viernes de 7:00 a 11:00 horas.<\/li>\n<\/ul>\n<p><strong>Requisitos para solicitar turno:<\/strong> Derivaci\u00f3n al especialista realizado por otro profesional.<\/p>\n<p><strong>Requisitos para el d\u00eda del turno: <\/strong><\/p>\n<\/div><\/section><br \/>\n\n<style type=\"text\/css\" data-created_by=\"avia_inline_auto\" id=\"style-css-av-12v0f3-2a1a9d00df4c12c149d26b0b60be38ca\">\n#top .avia-icon-list-container.av-12v0f3-2a1a9d00df4c12c149d26b0b60be38ca .iconlist_icon{\ncolor:#ffffff;\nbackground-color:#edae44;\nfont-size:15px;\n}\n#top .avia-icon-list-container.av-12v0f3-2a1a9d00df4c12c149d26b0b60be38ca .iconlist_icon svg:first-child{\nstroke:#ffffff;\nfill:#ffffff;\nheight:15px;\nwidth:15px;\n}\n#top #wrap_all .avia-icon-list-container.av-12v0f3-2a1a9d00df4c12c149d26b0b60be38ca .av_iconlist_title{\nfont-size:15px;\n}\n.avia-icon-list-container.av-12v0f3-2a1a9d00df4c12c149d26b0b60be38ca .iconlist_content{\ncolor:#4f4f4f;\n}\n<\/style>\n<div  class='avia-icon-list-container av-12v0f3-2a1a9d00df4c12c149d26b0b60be38ca  avia-builder-el-11  el_after_av_textblock  avia-builder-el-last '><ul class='avia-icon-list avia_animate_when_almost_visible avia-icon-list-left av-iconlist-small av-12v0f3-2a1a9d00df4c12c149d26b0b60be38ca avia-iconlist-animate'>\n<li><div class='iconlist_icon av-unfzj-cde195ab28fe57a52f2dae5d5bc544a9 avia-font-entypo-fontello avia-iconfont avia-font-entypo-fontello'><span class='av-icon-char' data-av_icon='\ue812' data-av_iconfont='entypo-fontello' aria-hidden=\"true\"><\/span><\/div><article class=\"article-icon-entry \"  itemscope=\"itemscope\" itemtype=\"https:\/\/schema.org\/CreativeWork\" ><div class=\"iconlist_content_wrap\"><header class=\"entry-content-header\" aria-label=\"Icon: Derivaci\u00f3n al especialista realizado por otro m\u00e9dico. \"><div class='av_iconlist_title iconlist_title_small  '  itemprop=\"headline\" >Derivaci\u00f3n al especialista realizado por otro m\u00e9dico. <\/div><\/header><div class='iconlist_content av_inherit_color'  itemprop=\"text\" >\n<style type=\"text\/css\" data-created_by=\"avia_inline_auto\" id=\"style-css-av-reton-dcb34018b5be78650ec091f601ce0595\">\n#top .hr.hr-invisible.av-reton-dcb34018b5be78650ec091f601ce0595{\nheight:10px;\n}\n<\/style>\n<div  class='hr av-reton-dcb34018b5be78650ec091f601ce0595 hr-invisible  avia-builder-el-12  el_before_av_hr  avia-builder-el-first '><span class='hr-inner '><span class=\"hr-inner-style\"><\/span><\/span><\/div>\n<\/div><\/div><footer class=\"entry-footer\"><\/footer><\/article><div class=\"iconlist-timeline\"><\/div><\/li>\n<li><div class='iconlist_icon av-mme4f-d7b22ccf0fb37658093765113e5e58cf avia-font-entypo-fontello avia-iconfont avia-font-entypo-fontello'><span class='av-icon-char' data-av_icon='\ue812' data-av_iconfont='entypo-fontello' aria-hidden=\"true\"><\/span><\/div><article class=\"article-icon-entry \"  itemscope=\"itemscope\" itemtype=\"https:\/\/schema.org\/CreativeWork\" ><div class=\"iconlist_content_wrap\"><header class=\"entry-content-header\" aria-label=\"Icon: DNI\"><div class='av_iconlist_title iconlist_title_small  '  itemprop=\"headline\" >DNI<\/div><\/header><div class='iconlist_content av_inherit_color'  itemprop=\"text\" >\n<style type=\"text\/css\" data-created_by=\"avia_inline_auto\" id=\"style-css-av-1iejz-16378c8c0fc1c504eafd6bc7dbdef9a7\">\n#top .hr.hr-invisible.av-1iejz-16378c8c0fc1c504eafd6bc7dbdef9a7{\nheight:10px;\n}\n<\/style>\n<div  class='hr av-1iejz-16378c8c0fc1c504eafd6bc7dbdef9a7 hr-invisible  avia-builder-el-13  el_after_av_hr  avia-builder-el-last '><span class='hr-inner '><span class=\"hr-inner-style\"><\/span><\/span><\/div>\n<\/div><\/div><footer class=\"entry-footer\"><\/footer><\/article><div class=\"iconlist-timeline\"><\/div><\/li>\n<li><div class='iconlist_icon av-9n19z-fa4555ca100ce2a10fe932462de47d16 avia-font-entypo-fontello avia-iconfont avia-font-entypo-fontello'><span class='av-icon-char' data-av_icon='\ue812' data-av_iconfont='entypo-fontello' aria-hidden=\"true\"><\/span><\/div><article class=\"article-icon-entry av-iconlist-empty\"  itemscope=\"itemscope\" itemtype=\"https:\/\/schema.org\/CreativeWork\" ><div class=\"iconlist_content_wrap\"><header class=\"entry-content-header\" aria-label=\"Icon: Si tiene obra social presentar Carnet de Afiliaci\u00f3n y \u00faltimo recibo de sueldo. \"><div class='av_iconlist_title iconlist_title_small  '  itemprop=\"headline\" >Si tiene obra social presentar Carnet de Afiliaci\u00f3n y \u00faltimo recibo de sueldo. <\/div><\/header><div class='iconlist_content av_inherit_color'  itemprop=\"text\" ><\/div><\/div><footer class=\"entry-footer\"><\/footer><\/article><div class=\"iconlist-timeline\"><\/div><\/li>\n<\/ul><\/div><\/p><\/div>\n\n<style type=\"text\/css\" data-created_by=\"avia_inline_auto\" id=\"style-css-av-q8rsn-f07c0a7c9ebb375f5533f43d121d6ff1\">\n.flex_column.av-q8rsn-f07c0a7c9ebb375f5533f43d121d6ff1{\nborder-radius:10px 10px 10px 10px;\npadding:10px 10px 10px 10px;\nbackground-color:#edddc7;\n}\n<\/style>\n<div  class='flex_column av-q8rsn-f07c0a7c9ebb375f5533f43d121d6ff1 av_one_third  avia-builder-el-14  el_after_av_one_third  el_before_av_codeblock  flex_column_div  '     ><p><div  class='avia-button-wrap avia-button-center  avia-builder-el-15  el_before_av_textblock  avia-builder-el-first '>\n<style type=\"text\/css\" data-created_by=\"avia_inline_auto\" id=\"style-css-av-m32znjhz-8ebb9c005b084d9f468ceda6c61624ba\">\n#top #wrap_all .avia-button.av-m32znjhz-8ebb9c005b084d9f468ceda6c61624ba:hover{\ncolor:#ffffff;\ntransition:all 0.4s ease-in-out;\n}\n#top #wrap_all .avia-button.av-m32znjhz-8ebb9c005b084d9f468ceda6c61624ba:hover .avia-svg-icon svg:first-child{\nfill:#ffffff;\nstroke:#ffffff;\n}\n<\/style>\n<a href='' class='avia-color-theme-color avia-font-color-theme-color avia-button avia-button-fullwidth av-m32znjhz-8ebb9c005b084d9f468ceda6c61624ba avia-icon_select-no avia-color-theme-color'   aria-label=\"Por Tel\u00e9fono\"><span class='avia_iconbox_title' >Por Tel\u00e9fono<\/span><div class='av-button-description av-button-description-below'><p>0800-333-0008<\/p>\n<\/div><span class='avia_button_background avia-button avia-button-fullwidth avia-color-theme-color'><\/span><\/a><\/div><br \/>\n<section  class='av_textblock_section av-m2yulpt6-236c3d3afa6e5bb65cd29dca45095273 '   itemscope=\"itemscope\" itemtype=\"https:\/\/schema.org\/CreativeWork\" ><div class='avia_textblock'  itemprop=\"text\" ><p>Turnos para especialidades de:<\/p>\n<ul>\n<li>Adultos<\/li>\n<li>Pedi\u00e1tricos<\/li>\n<li>An\u00e1lisis cl\u00ednicos<\/li>\n<\/ul>\n<p><strong>D\u00edas y horarios:<\/strong> lunes a viernes de 07:00 a 19:00 horas<\/p>\n<p><strong>Requisitos para solicitar turno:<\/strong> Derivaci\u00f3n al especialista realizado por otro profesional.<\/p>\n<p><strong>Requisitos para el d\u00eda del turno: <\/strong><\/p>\n<\/div><\/section><br \/>\n\n<style type=\"text\/css\" data-created_by=\"avia_inline_auto\" id=\"style-css-av-m2yup11i-cd14f2cb81921851913ab58e69b75383\">\n#top .avia-icon-list-container.av-m2yup11i-cd14f2cb81921851913ab58e69b75383 .iconlist_icon{\ncolor:#ffffff;\nbackground-color:#edae44;\nfont-size:15px;\n}\n#top .avia-icon-list-container.av-m2yup11i-cd14f2cb81921851913ab58e69b75383 .iconlist_icon svg:first-child{\nstroke:#ffffff;\nfill:#ffffff;\nheight:15px;\nwidth:15px;\n}\n#top #wrap_all .avia-icon-list-container.av-m2yup11i-cd14f2cb81921851913ab58e69b75383 .av_iconlist_title{\nfont-size:15px;\n}\n.avia-icon-list-container.av-m2yup11i-cd14f2cb81921851913ab58e69b75383 .iconlist_content{\ncolor:#4f4f4f;\n}\n<\/style>\n<div  class='avia-icon-list-container av-m2yup11i-cd14f2cb81921851913ab58e69b75383  avia-builder-el-17  el_after_av_textblock  el_before_av_button '><ul class='avia-icon-list avia_animate_when_almost_visible avia-icon-list-left av-iconlist-small av-m2yup11i-cd14f2cb81921851913ab58e69b75383 avia-iconlist-animate'>\n<li><div class='iconlist_icon av-m2yuntgp-aa68bd7e198a039c229bdf2b930d3e28 avia-font-entypo-fontello avia-iconfont avia-font-entypo-fontello'><span class='av-icon-char' data-av_icon='\ue812' data-av_iconfont='entypo-fontello' aria-hidden=\"true\"><\/span><\/div><article class=\"article-icon-entry \"  itemscope=\"itemscope\" itemtype=\"https:\/\/schema.org\/CreativeWork\" ><div class=\"iconlist_content_wrap\"><header class=\"entry-content-header\" aria-label=\"Icon: Derivaci\u00f3n al especialista realizado por otro m\u00e9dico. \"><div class='av_iconlist_title iconlist_title_small  '  itemprop=\"headline\" >Derivaci\u00f3n al especialista realizado por otro m\u00e9dico. <\/div><\/header><div class='iconlist_content av_inherit_color'  itemprop=\"text\" >\n<style type=\"text\/css\" data-created_by=\"avia_inline_auto\" id=\"style-css-av-l7qtj-7d79a9c3897f802e8f75aad9ac297463\">\n#top .hr.hr-invisible.av-l7qtj-7d79a9c3897f802e8f75aad9ac297463{\nheight:10px;\n}\n<\/style>\n<div  class='hr av-l7qtj-7d79a9c3897f802e8f75aad9ac297463 hr-invisible  avia-builder-el-18  el_before_av_hr  avia-builder-el-first '><span class='hr-inner '><span class=\"hr-inner-style\"><\/span><\/span><\/div>\n<\/div><\/div><footer class=\"entry-footer\"><\/footer><\/article><div class=\"iconlist-timeline\"><\/div><\/li>\n<li><div class='iconlist_icon av-m2yuntgp-2e00e795f21ca6857873ea8ff80db4f7 avia-font-entypo-fontello avia-iconfont avia-font-entypo-fontello'><span class='av-icon-char' data-av_icon='\ue812' data-av_iconfont='entypo-fontello' aria-hidden=\"true\"><\/span><\/div><article class=\"article-icon-entry \"  itemscope=\"itemscope\" itemtype=\"https:\/\/schema.org\/CreativeWork\" ><div class=\"iconlist_content_wrap\"><header class=\"entry-content-header\" aria-label=\"Icon: DNI\"><div class='av_iconlist_title iconlist_title_small  '  itemprop=\"headline\" >DNI<\/div><\/header><div class='iconlist_content av_inherit_color'  itemprop=\"text\" >\n<style type=\"text\/css\" data-created_by=\"avia_inline_auto\" id=\"style-css-av-gzptr-835c4bfaa242b3702fe239d2bafe6d72\">\n#top .hr.hr-invisible.av-gzptr-835c4bfaa242b3702fe239d2bafe6d72{\nheight:10px;\n}\n<\/style>\n<div  class='hr av-gzptr-835c4bfaa242b3702fe239d2bafe6d72 hr-invisible  avia-builder-el-19  el_after_av_hr  avia-builder-el-last '><span class='hr-inner '><span class=\"hr-inner-style\"><\/span><\/span><\/div>\n<\/div><\/div><footer class=\"entry-footer\"><\/footer><\/article><div class=\"iconlist-timeline\"><\/div><\/li>\n<li><div class='iconlist_icon av-m2yuntgp-2e8adedf8a416c781a6f801de5ea7ccc avia-font-entypo-fontello avia-iconfont avia-font-entypo-fontello'><span class='av-icon-char' data-av_icon='\ue812' data-av_iconfont='entypo-fontello' aria-hidden=\"true\"><\/span><\/div><article class=\"article-icon-entry av-iconlist-empty\"  itemscope=\"itemscope\" itemtype=\"https:\/\/schema.org\/CreativeWork\" ><div class=\"iconlist_content_wrap\"><header class=\"entry-content-header\" aria-label=\"Icon: Si tiene obra social presentar Carnet de Afiliaci\u00f3n y \u00faltimo recibo de sueldo. \"><div class='av_iconlist_title iconlist_title_small  '  itemprop=\"headline\" >Si tiene obra social presentar Carnet de Afiliaci\u00f3n y \u00faltimo recibo de sueldo. <\/div><\/header><div class='iconlist_content av_inherit_color'  itemprop=\"text\" ><\/div><\/div><footer class=\"entry-footer\"><\/footer><\/article><div class=\"iconlist-timeline\"><\/div><\/li>\n<\/ul><\/div><br \/>\n<div  class='avia-button-wrap av-m7epwj2v-ce1e506d3e2281d22012476eceaee7e0-wrap avia-button-center  avia-builder-el-20  el_after_av_iconlist  el_before_av_image '><a href='tel:08003330008'  class='avia-button av-m7epwj2v-ce1e506d3e2281d22012476eceaee7e0 av-link-btn avia-icon_select-yes-left-icon avia-size-large avia-position-center avia-color-theme-color'   aria-label=\"Llamar ahora!\"><span class='avia_button_icon avia_button_icon_left avia-iconfont avia-font-entypo-fontello' data-av_icon='\ue854' data-av_iconfont='entypo-fontello' ><\/span><span class='avia_iconbox_title' >Llamar ahora!<\/span><\/a><\/div><br \/>\n\n<style type=\"text\/css\" data-created_by=\"avia_inline_auto\" id=\"style-css-av-m3isem7i-ba3c5a1063063edaadf74eb8fddeb7ab\">\n.avia-image-container.av-m3isem7i-ba3c5a1063063edaadf74eb8fddeb7ab img.avia_image{\nbox-shadow:none;\n}\n.avia-image-container.av-m3isem7i-ba3c5a1063063edaadf74eb8fddeb7ab .av-image-caption-overlay-center{\ncolor:#ffffff;\n}\n<\/style>\n<div  class='avia-image-container av-m3isem7i-ba3c5a1063063edaadf74eb8fddeb7ab av-styling- avia-align-center  avia-builder-el-21  el_after_av_button  avia-builder-el-last '   itemprop=\"image\" itemscope=\"itemscope\" itemtype=\"https:\/\/schema.org\/ImageObject\" ><div class=\"avia-image-container-inner\"><div class=\"avia-image-overlay-wrap\"><img decoding=\"async\" fetchpriority=\"high\" class='wp-image-746 avia-img-lazy-loading-not-746 avia_image ' src=\"https:\/\/web.sanjuan.gob.ar\/hospitalrawson\/wp-content\/uploads\/sites\/24\/2025\/02\/PNG-para-web-217x300.png\" alt='' title='PNG para web'  height=\"300\" width=\"217\"  itemprop=\"thumbnailUrl\" srcset=\"https:\/\/web.sanjuan.gob.ar\/hospitalrawson\/wp-content\/uploads\/sites\/24\/2025\/02\/PNG-para-web-217x300.png 217w, https:\/\/web.sanjuan.gob.ar\/hospitalrawson\/wp-content\/uploads\/sites\/24\/2025\/02\/PNG-para-web-746x1030.png 746w, https:\/\/web.sanjuan.gob.ar\/hospitalrawson\/wp-content\/uploads\/sites\/24\/2025\/02\/PNG-para-web-768x1060.png 768w, https:\/\/web.sanjuan.gob.ar\/hospitalrawson\/wp-content\/uploads\/sites\/24\/2025\/02\/PNG-para-web-511x705.png 511w, https:\/\/web.sanjuan.gob.ar\/hospitalrawson\/wp-content\/uploads\/sites\/24\/2025\/02\/PNG-para-web.png 823w\" sizes=\"(max-width: 217px) 100vw, 217px\" \/><\/div><\/div><\/div><\/p><\/div><\/p>\n","protected":false},"excerpt":{"rendered":"","protected":false},"author":4,"featured_media":0,"parent":0,"menu_order":0,"comment_status":"closed","ping_status":"closed","template":"","meta":{"footnotes":""},"class_list":["post-287","page","type-page","status-publish","hentry"],"_links":{"self":[{"href":"https:\/\/web.sanjuan.gob.ar\/hospitalrawson\/wp-json\/wp\/v2\/pages\/287","targetHints":{"allow":["GET"]}}],"collection":[{"href":"https:\/\/web.sanjuan.gob.ar\/hospitalrawson\/wp-json\/wp\/v2\/pages"}],"about":[{"href":"https:\/\/web.sanjuan.gob.ar\/hospitalrawson\/wp-json\/wp\/v2\/types\/page"}],"author":[{"embeddable":true,"href":"https:\/\/web.sanjuan.gob.ar\/hospitalrawson\/wp-json\/wp\/v2\/users\/4"}],"replies":[{"embeddable":true,"href":"https:\/\/web.sanjuan.gob.ar\/hospitalrawson\/wp-json\/wp\/v2\/comments?post=287"}],"version-history":[{"count":3,"href":"https:\/\/web.sanjuan.gob.ar\/hospitalrawson\/wp-json\/wp\/v2\/pages\/287\/revisions"}],"predecessor-version":[{"id":748,"href":"https:\/\/web.sanjuan.gob.ar\/hospitalrawson\/wp-json\/wp\/v2\/pages\/287\/revisions\/748"}],"wp:attachment":[{"href":"https:\/\/web.sanjuan.gob.ar\/hospitalrawson\/wp-json\/wp\/v2\/media?parent=287"}],"curies":[{"name":"wp","href":"https:\/\/api.w.org\/{rel}","templated":true}]}}