{"id":385,"date":"2024-11-06T15:42:23","date_gmt":"2024-11-06T14:42:23","guid":{"rendered":"https:\/\/web.sanjuan.gob.ar\/hospitalrawson\/?page_id=385"},"modified":"2024-11-06T15:42:56","modified_gmt":"2024-11-06T14:42:56","slug":"docencia","status":"publish","type":"page","link":"https:\/\/web.sanjuan.gob.ar\/hospitalrawson\/docencia\/","title":{"rendered":"Docencia"},"content":{"rendered":"\n<style type=\"text\/css\" data-created_by=\"avia_inline_auto\" id=\"style-css-av-av_section-dba31b239a6401b6ce1df5fb9b0fabd7\">\n.avia-section.av-av_section-dba31b239a6401b6ce1df5fb9b0fabd7{\nmargin-top:30px;\nmargin-bottom:0px;\n}\n.avia-section.av-av_section-dba31b239a6401b6ce1df5fb9b0fabd7 .av-parallax .av-parallax-inner{\nbackground-repeat:no-repeat;\nbackground-image:url(https:\/\/web.sanjuan.gob.ar\/hospitalrawson\/wp-content\/uploads\/sites\/24\/2024\/09\/HR_back_titulo_gauss.jpg);\nbackground-position:50% 50%;\nbackground-attachment:scroll;\n}\n.avia-section.av-av_section-dba31b239a6401b6ce1df5fb9b0fabd7 .av-section-color-overlay{\nopacity:0.7;\nbackground-color:#ff6e00;\nbackground-image:url(https:\/\/web.sanjuan.gob.ar\/hospitalrawson\/wp-content\/themes\/enfold\/images\/background-images\/diagonal-bold-dark.png);\nbackground-repeat:repeat;\n}\n<\/style>\n<div id='av_section_1'  class='avia-section av-av_section-dba31b239a6401b6ce1df5fb9b0fabd7 main_color avia-section-default avia-no-border-styling  avia-builder-el-0  el_before_av_one_half  avia-builder-el-first  av-parallax-section avia-bg-style-parallax av-section-color-overlay-active container_wrap sidebar_right'  data-section-bg-repeat='no-repeat'><div class='av-parallax' data-avia-parallax-ratio='0.3' ><div class='av-parallax-inner main_color avia-full-stretch'><\/div><\/div><div class=\"av-section-color-overlay-wrap\"><div class=\"av-section-color-overlay\"><\/div><div class='container av-section-cont-open' ><main  role=\"main\" itemprop=\"mainContentOfPage\"  class='template-page content  av-content-small alpha units'><div class='post-entry post-entry-type-page post-entry-385'><div class='entry-content-wrapper clearfix'>\n\n<style type=\"text\/css\" data-created_by=\"avia_inline_auto\" id=\"style-css-av-m35zj07b-90e80c1509c56c40f7a795ed6def6bae\">\n#top .av-special-heading.av-m35zj07b-90e80c1509c56c40f7a795ed6def6bae{\npadding-bottom:10px;\ncolor:#ffffff;\n}\nbody .av-special-heading.av-m35zj07b-90e80c1509c56c40f7a795ed6def6bae .av-special-heading-tag .heading-char{\nfont-size:25px;\n}\n.av-special-heading.av-m35zj07b-90e80c1509c56c40f7a795ed6def6bae .special-heading-inner-border{\nborder-color:#ffffff;\n}\n.av-special-heading.av-m35zj07b-90e80c1509c56c40f7a795ed6def6bae .av-subheading{\nfont-size:15px;\n}\n<\/style>\n<div  class='av-special-heading av-m35zj07b-90e80c1509c56c40f7a795ed6def6bae av-special-heading-h1 custom-color-heading  avia-builder-el-1  avia-builder-el-no-sibling '><h1 class='av-special-heading-tag '  itemprop=\"headline\"  >Docencia<\/h1><div class=\"special-heading-border\"><div class=\"special-heading-inner-border\"><\/div><\/div><\/div>\n<\/div><\/div><\/main><!-- close content main element --><\/div><\/div><\/div><div id='after_section_1'  class='main_color av_default_container_wrap container_wrap sidebar_right'  ><div class='container av-section-cont-open' ><div class='template-page content  av-content-small alpha units'><div class='post-entry post-entry-type-page post-entry-385'><div class='entry-content-wrapper clearfix'>\n<style type=\"text\/css\" data-created_by=\"avia_inline_auto\" id=\"style-css-av-av_one_half-53b0b300fb3685750664fb085c5ad19d\">\n.flex_column.av-av_one_half-53b0b300fb3685750664fb085c5ad19d{\nborder-radius:0px 0px 0px 0px;\npadding:0px 0px 0px 0px;\n}\n<\/style>\n<div  class='flex_column av-av_one_half-53b0b300fb3685750664fb085c5ad19d av_one_half  avia-builder-el-2  el_after_av_section  el_before_av_one_half  avia-builder-el-first  first flex_column_div av-zero-column-padding  '     ><section  class='av_textblock_section av-m35zjs41-07b17e6003546fb316a9f158a3b3b6bf '   itemscope=\"itemscope\" itemtype=\"https:\/\/schema.org\/CreativeWork\" ><div class='avia_textblock'  itemprop=\"text\" ><p>El Comit\u00e9 de Docencia e Investigaci\u00f3n planifica y desarrolla las actividades de capacitaci\u00f3n y formaci\u00f3n continua del personal, fortaleciendo los conocimientos de los trabajadores del hospital.<\/p>\n<p>El programa anual est\u00e1 conformado por Ateneos Centrales, en el cual participan tres \u00f3 m\u00e1s servicios interactuando en un caso cl\u00ednico y la realizaci\u00f3n de Jornadas de actualizaci\u00f3n profesional.<\/p>\n<\/div><\/section><\/div>\n<style type=\"text\/css\" data-created_by=\"avia_inline_auto\" id=\"style-css-av-m35zmtz1-c861acb65d46bce4ecd6055d4dc6df78\">\n.flex_column.av-m35zmtz1-c861acb65d46bce4ecd6055d4dc6df78{\nborder-radius:10px 10px 10px 10px;\npadding:10px 10px 10px 10px;\nbackground-color:#ede0ce;\n}\n<\/style>\n<div  class='flex_column av-m35zmtz1-c861acb65d46bce4ecd6055d4dc6df78 av_one_half  avia-builder-el-4  el_after_av_one_half  avia-builder-el-last  flex_column_div  '     ><section  class='av_textblock_section av-m35zm347-f3f6e37e9e4a67b44d56d39afbd255a4 '   itemscope=\"itemscope\" itemtype=\"https:\/\/schema.org\/CreativeWork\" ><div class='avia_textblock'  itemprop=\"text\" ><p><strong>Coordinadora<\/strong>: Dra. Cristina Mu\u00f1oz<br \/>\n<strong>Subrogante<\/strong>:<br \/>\n<span style=\"color: #000000;\"><strong>Centro de Simulaci\u00f3n<\/strong><\/span><br \/>\n<strong>Comisi\u00f3n de Simulaci\u00f3n<\/strong>: Dra. Bel\u00e9n Figueroa. Lic. Noelia Bonduel. Dr. Sebasti\u00e1n Moreno. Lic. Mar\u00eda Isabel Jelves.<br \/>\n<strong>Domicilio<\/strong>: Edificio. Gral. Paz y Estados Unidos. Planta Baja, Ala Sur. Capital. CP: J5400. San Juan. Rep\u00fablica Argentina.<br \/>\n<strong>Tel\u00e9fono<\/strong>: +54 \u2013 0264 &#8211; 4222272 \/4294700. Interno: 1438<br \/>\n<strong>E-Mails<\/strong>: <a href=\"mailto:cdihrsjh@gmail.com\">cdihrsjh@gmail.com<\/a><\/p>\n<\/div><\/section><\/div><\/p>\n","protected":false},"excerpt":{"rendered":"","protected":false},"author":4,"featured_media":0,"parent":0,"menu_order":0,"comment_status":"closed","ping_status":"closed","template":"","meta":{"footnotes":""},"class_list":["post-385","page","type-page","status-publish","hentry"],"_links":{"self":[{"href":"https:\/\/web.sanjuan.gob.ar\/hospitalrawson\/wp-json\/wp\/v2\/pages\/385","targetHints":{"allow":["GET"]}}],"collection":[{"href":"https:\/\/web.sanjuan.gob.ar\/hospitalrawson\/wp-json\/wp\/v2\/pages"}],"about":[{"href":"https:\/\/web.sanjuan.gob.ar\/hospitalrawson\/wp-json\/wp\/v2\/types\/page"}],"author":[{"embeddable":true,"href":"https:\/\/web.sanjuan.gob.ar\/hospitalrawson\/wp-json\/wp\/v2\/users\/4"}],"replies":[{"embeddable":true,"href":"https:\/\/web.sanjuan.gob.ar\/hospitalrawson\/wp-json\/wp\/v2\/comments?post=385"}],"version-history":[{"count":3,"href":"https:\/\/web.sanjuan.gob.ar\/hospitalrawson\/wp-json\/wp\/v2\/pages\/385\/revisions"}],"predecessor-version":[{"id":405,"href":"https:\/\/web.sanjuan.gob.ar\/hospitalrawson\/wp-json\/wp\/v2\/pages\/385\/revisions\/405"}],"wp:attachment":[{"href":"https:\/\/web.sanjuan.gob.ar\/hospitalrawson\/wp-json\/wp\/v2\/media?parent=385"}],"curies":[{"name":"wp","href":"https:\/\/api.w.org\/{rel}","templated":true}]}}