{"id":389,"date":"2024-11-06T16:23:50","date_gmt":"2024-11-06T15:23:50","guid":{"rendered":"https:\/\/web.sanjuan.gob.ar\/hospitalrawson\/?page_id=389"},"modified":"2024-11-06T16:46:22","modified_gmt":"2024-11-06T15:46:22","slug":"investigacion","status":"publish","type":"page","link":"https:\/\/web.sanjuan.gob.ar\/hospitalrawson\/investigacion\/","title":{"rendered":"Investigaci\u00f3n"},"content":{"rendered":"\n<style type=\"text\/css\" data-created_by=\"avia_inline_auto\" id=\"style-css-av-13mon1-1dec1b2e29574358ff50ef6ebd44c5a0\">\n.avia-section.av-13mon1-1dec1b2e29574358ff50ef6ebd44c5a0{\nmargin-top:30px;\nmargin-bottom:0px;\n}\n.avia-section.av-13mon1-1dec1b2e29574358ff50ef6ebd44c5a0 .av-parallax .av-parallax-inner{\nbackground-repeat:no-repeat;\nbackground-image:url(https:\/\/web.sanjuan.gob.ar\/hospitalrawson\/wp-content\/uploads\/sites\/24\/2024\/09\/HR_back_titulo_gauss.jpg);\nbackground-position:50% 50%;\nbackground-attachment:scroll;\n}\n.avia-section.av-13mon1-1dec1b2e29574358ff50ef6ebd44c5a0 .av-section-color-overlay{\nopacity:0.7;\nbackground-color:#ff6e00;\nbackground-image:url(https:\/\/web.sanjuan.gob.ar\/hospitalrawson\/wp-content\/themes\/enfold\/images\/background-images\/diagonal-bold-dark.png);\nbackground-repeat:repeat;\n}\n<\/style>\n<div id='av_section_1'  class='avia-section av-13mon1-1dec1b2e29574358ff50ef6ebd44c5a0 main_color avia-section-default avia-no-border-styling  avia-builder-el-0  el_before_av_one_half  avia-builder-el-first  av-parallax-section avia-bg-style-parallax av-section-color-overlay-active container_wrap sidebar_right'  data-section-bg-repeat='no-repeat'><div class='av-parallax' data-avia-parallax-ratio='0.3' ><div class='av-parallax-inner main_color avia-full-stretch'><\/div><\/div><div class=\"av-section-color-overlay-wrap\"><div class=\"av-section-color-overlay\"><\/div><div class='container av-section-cont-open' ><main  role=\"main\" itemprop=\"mainContentOfPage\"  class='template-page content  av-content-small alpha units'><div class='post-entry post-entry-type-page post-entry-389'><div class='entry-content-wrapper clearfix'>\n\n<style type=\"text\/css\" data-created_by=\"avia_inline_auto\" id=\"style-css-av-m35ztfk7-6a2a7398e6f9a6abe60330d8d23c917e\">\n#top .av-special-heading.av-m35ztfk7-6a2a7398e6f9a6abe60330d8d23c917e{\npadding-bottom:10px;\ncolor:#ffffff;\n}\nbody .av-special-heading.av-m35ztfk7-6a2a7398e6f9a6abe60330d8d23c917e .av-special-heading-tag .heading-char{\nfont-size:25px;\n}\n.av-special-heading.av-m35ztfk7-6a2a7398e6f9a6abe60330d8d23c917e .special-heading-inner-border{\nborder-color:#ffffff;\n}\n.av-special-heading.av-m35ztfk7-6a2a7398e6f9a6abe60330d8d23c917e .av-subheading{\nfont-size:15px;\n}\n<\/style>\n<div  class='av-special-heading av-m35ztfk7-6a2a7398e6f9a6abe60330d8d23c917e av-special-heading-h1 custom-color-heading  avia-builder-el-1  avia-builder-el-no-sibling '><h1 class='av-special-heading-tag '  itemprop=\"headline\"  >Investigaci\u00f3n<\/h1><div class=\"special-heading-border\"><div class=\"special-heading-inner-border\"><\/div><\/div><\/div>\n<\/div><\/div><\/main><!-- close content main element --><\/div><\/div><\/div><div id='after_section_1'  class='main_color av_default_container_wrap container_wrap sidebar_right'  ><div class='container av-section-cont-open' ><div class='template-page content  av-content-small alpha units'><div class='post-entry post-entry-type-page post-entry-389'><div class='entry-content-wrapper clearfix'>\n\n<style type=\"text\/css\" data-created_by=\"avia_inline_auto\" id=\"style-css-av-3bb1x-b2210bf55c4e9547682e5ebfba5a14ff\">\n.flex_column.av-3bb1x-b2210bf55c4e9547682e5ebfba5a14ff{\nborder-radius:0px 0px 0px 0px;\npadding:0px 0px 0px 0px;\n}\n<\/style>\n<div  class='flex_column av-3bb1x-b2210bf55c4e9547682e5ebfba5a14ff av_one_half  avia-builder-el-2  el_after_av_section  el_before_av_one_half  avia-builder-el-first  first flex_column_div av-zero-column-padding  '     ><section  class='av_textblock_section av-m35zuq0z-8f7413d83b69d30864585e538a592b8c '   itemscope=\"itemscope\" itemtype=\"https:\/\/schema.org\/CreativeWork\" ><div class='avia_textblock'  itemprop=\"text\" ><p>La aprobaci\u00f3n del Trabajo de Investigaci\u00f3n consta de dos etapas, la primera es la <strong>Etapa Metodol\u00f3gica<\/strong> y posterior env\u00edo al <strong>Comit\u00e9 de \u00c9tica en Investigaci\u00f3n Institucional.<\/strong><\/p>\n<p>Dicha \u00e1rea tiene como funciones principales:<\/p>\n<ol>\n<li>Realizar la evaluaci\u00f3n metodol\u00f3gica de los proyectos de investigaci\u00f3n que se presentan en el hospital para su autorizaci\u00f3n.<\/li>\n<li>Valoraci\u00f3n y gesti\u00f3n de pedidos de alumnos universitarios para uso de datos para realizar el trabajo final de la carrera.<\/li>\n<li>Realizar la gesti\u00f3n y tutor\u00eda de los proyectos de investigaci\u00f3n de todos los residentes que egresan del Hospital Rawson, elaboraci\u00f3n \u00e9sta que se realiza durante el \u00faltimo a\u00f1o de cursado des sus residencias. Dichos proyectos corresponden a los trabajos finales de los residentes que egresan, el mismo es obligatorio seg\u00fan consta en el Reglamento B\u00e1sico General para residencias del equipo de Salud de la Provincia de San Juan (Resoluci\u00f3n 2198\/20 y su modificatoria 5275\/2023). La misma se realiza por medio del acompa\u00f1amiento y tutor\u00eda en la confecci\u00f3n de los proyectos.<\/li>\n<\/ol>\n<p>Lo antes dicho se lleva a cabo por medio de talleres grupales presenciales, devoluciones por medio del Drive y\u00a0 reuniones individuales en las oficinas del C.D.I. Se realizan 3 talleres te\u00f3rico-pr\u00e1cticos de Introducci\u00f3n a la Metodolog\u00eda en Investigaci\u00f3n para los residentes que cursan el \u00faltimo a\u00f1o.<\/p>\n<\/div><\/section><\/div>\n\n<style type=\"text\/css\" data-created_by=\"avia_inline_auto\" id=\"style-css-av-rxy19-2c1031835cee5e902316b22041e86266\">\n.flex_column.av-rxy19-2c1031835cee5e902316b22041e86266{\nborder-radius:0px 0px 0px 0px;\npadding:0px 0px 0px 0px;\n}\n<\/style>\n<div  class='flex_column av-rxy19-2c1031835cee5e902316b22041e86266 av_one_half  avia-builder-el-4  el_after_av_one_half  el_before_av_one_half  flex_column_div av-zero-column-padding  '     ><p>\n<style type=\"text\/css\" data-created_by=\"avia_inline_auto\" id=\"style-css-av-m361vgbz-70fff45d8bf4bef2386ec23359a0b652\">\n#top .av-special-heading.av-m361vgbz-70fff45d8bf4bef2386ec23359a0b652{\npadding-bottom:10px;\ncolor:#b02b2c;\n}\nbody .av-special-heading.av-m361vgbz-70fff45d8bf4bef2386ec23359a0b652 .av-special-heading-tag .heading-char{\nfont-size:25px;\n}\n.av-special-heading.av-m361vgbz-70fff45d8bf4bef2386ec23359a0b652 .special-heading-inner-border{\nborder-color:#b02b2c;\n}\n.av-special-heading.av-m361vgbz-70fff45d8bf4bef2386ec23359a0b652 .av-subheading{\nfont-size:15px;\n}\n<\/style>\n<div  class='av-special-heading av-m361vgbz-70fff45d8bf4bef2386ec23359a0b652 av-special-heading-h3 custom-color-heading blockquote modern-quote modern-centered  avia-builder-el-5  el_before_av_textblock  avia-builder-el-first '><h3 class='av-special-heading-tag '  itemprop=\"headline\"  >Descargas de Documentos<\/h3><div class=\"special-heading-border\"><div class=\"special-heading-inner-border\"><\/div><\/div><\/div><br \/>\n<section  class='av_textblock_section av-m36142a8-35c46586815899ef0661d6269d274917 '   itemscope=\"itemscope\" itemtype=\"https:\/\/schema.org\/CreativeWork\" ><div class='avia_textblock'  itemprop=\"text\" ><table style=\"border-collapse: collapse; width: 100%;\">\n<tbody>\n<tr>\n<td style=\"width: 66.5593%; vertical-align: middle;\">1- Caso Cl\u00ednico<\/td>\n<td style=\"width: 33.4407%; vertical-align: middle;\"><div  class='avia-button-wrap av-lotv9-904154b0c9920ab26d8a9f1a02fc18d7-wrap avia-button-left  avia-builder-el-7  el_before_av_button  avia-builder-el-first '><a href='https:\/\/web.sanjuan.gob.ar\/hospitalrawson\/wp-content\/uploads\/sites\/24\/2024\/11\/Caso-Clinico.pdf'  class='avia-button av-lotv9-904154b0c9920ab26d8a9f1a02fc18d7 av-link-btn avia-icon_select-yes-left-icon avia-size-medium avia-position-left avia-color-theme-color'  target=\"_blank\"  rel=\"noopener noreferrer\"  aria-label=\"Descargar\"><span class='avia_button_icon avia_button_icon_left avia-iconfont avia-font-entypo-fontello' data-av_icon='\ue835' data-av_iconfont='entypo-fontello' ><\/span><span class='avia_iconbox_title' >Descargar<\/span><\/a><\/div><\/td>\n<\/tr>\n<tr>\n<td style=\"width: 66.5593%; vertical-align: middle;\">2- Enfoque pr\u00e1ctico de armado de res\u00famenes de trabajos cient\u00edficos y reporte de casos.<\/td>\n<td style=\"width: 33.4407%; vertical-align: middle;\"><div  class='avia-button-wrap av-3fqrx-b7544bcec2622baf1f136b045b1c39d5-wrap avia-button-left  avia-builder-el-8  el_after_av_button  el_before_av_button '><a href='https:\/\/web.sanjuan.gob.ar\/hospitalrawson\/wp-content\/uploads\/sites\/24\/2024\/11\/Enfoque-practico-de-armado-de-resumenes-de-trabajos-cientificos-y-reporte-de-casos_.pdf'  class='avia-button av-3fqrx-b7544bcec2622baf1f136b045b1c39d5 av-link-btn avia-icon_select-yes-left-icon avia-size-medium avia-position-left avia-color-theme-color'  target=\"_blank\"  rel=\"noopener noreferrer\"  aria-label=\"Descargar\"><span class='avia_button_icon avia_button_icon_left avia-iconfont avia-font-entypo-fontello' data-av_icon='\ue835' data-av_iconfont='entypo-fontello' ><\/span><span class='avia_iconbox_title' >Descargar<\/span><\/a><\/div><\/td>\n<\/tr>\n<tr>\n<td style=\"width: 66.5593%; vertical-align: middle;\">3- Procedimiento de presentaci\u00f3n de trabajos de investigaci\u00f3n para su autorizaci\u00f3n.<\/td>\n<td style=\"width: 33.4407%; vertical-align: middle;\"><div  class='avia-button-wrap av-ojost-e6ae8ba99fa2161edd35623a044b2b9b-wrap avia-button-left  avia-builder-el-9  el_after_av_button  el_before_av_button '><a href='https:\/\/web.sanjuan.gob.ar\/hospitalrawson\/wp-content\/uploads\/sites\/24\/2024\/11\/PROCEDIMIENTO-DE-PRESENTACION-DE-TRABAJOS-DE-INVESTIGACION-PARA-SU-AUTORIZACION.docx.pdf'  class='avia-button av-ojost-e6ae8ba99fa2161edd35623a044b2b9b av-link-btn avia-icon_select-yes-left-icon avia-size-medium avia-position-left avia-color-theme-color'  target=\"_blank\"  rel=\"noopener noreferrer\"  aria-label=\"Descargar\"><span class='avia_button_icon avia_button_icon_left avia-iconfont avia-font-entypo-fontello' data-av_icon='\ue835' data-av_iconfont='entypo-fontello' ><\/span><span class='avia_iconbox_title' >Descargar<\/span><\/a><\/div><\/td>\n<\/tr>\n<tr>\n<td style=\"width: 66.5593%; vertical-align: middle;\">4- Proyecto de investigaci\u00f3n preguntas b\u00e1sicas para la formulaci\u00f3n del dise\u00f1o.<\/td>\n<td style=\"width: 33.4407%; vertical-align: middle;\"><div  class='avia-button-wrap av-is7nx-221e67fb543da6954ef48c7a47b5f24e-wrap avia-button-left  avia-builder-el-10  el_after_av_button  el_before_av_button '><a href='https:\/\/web.sanjuan.gob.ar\/hospitalrawson\/wp-content\/uploads\/sites\/24\/2024\/11\/PROYECTO-DE-INVESTIGACION-PREGUNTAS-BASICAS-PARA-LA-FORMULACION-DEL-DISENO.pdf'  class='avia-button av-is7nx-221e67fb543da6954ef48c7a47b5f24e av-link-btn avia-icon_select-yes-left-icon avia-size-medium avia-position-left avia-color-theme-color'  target=\"_blank\"  rel=\"noopener noreferrer\"  aria-label=\"Descargar\"><span class='avia_button_icon avia_button_icon_left avia-iconfont avia-font-entypo-fontello' data-av_icon='\ue835' data-av_iconfont='entypo-fontello' ><\/span><span class='avia_iconbox_title' >Descargar<\/span><\/a><\/div><\/td>\n<\/tr>\n<tr>\n<td style=\"width: 66.5593%; vertical-align: middle;\">5- Requisitos y Condiciones para la presentaci\u00f3n de Protocolos de Investigaci\u00f3n.<\/td>\n<td style=\"width: 33.4407%; vertical-align: middle;\"><div  class='avia-button-wrap av-g4aqd-1280d7f7e9d24be65d46408ae0e21a37-wrap avia-button-left  avia-builder-el-11  el_after_av_button  el_before_av_button '><a href='https:\/\/web.sanjuan.gob.ar\/hospitalrawson\/wp-content\/uploads\/sites\/24\/2024\/11\/Requisitos-y-Condiciones-para-la-presentacion-de-Protocolos-de-Investigacion_.pdf'  class='avia-button av-g4aqd-1280d7f7e9d24be65d46408ae0e21a37 av-link-btn avia-icon_select-yes-left-icon avia-size-medium avia-position-left avia-color-theme-color'  target=\"_blank\"  rel=\"noopener noreferrer\"  aria-label=\"Descargar\"><span class='avia_button_icon avia_button_icon_left avia-iconfont avia-font-entypo-fontello' data-av_icon='\ue835' data-av_iconfont='entypo-fontello' ><\/span><span class='avia_iconbox_title' >Descargar<\/span><\/a><\/div><\/td>\n<\/tr>\n<tr>\n<td style=\"width: 66.5593%; vertical-align: middle;\">6- Instructivos para la presentaci\u00f3n, evaluaci\u00f3n y seguimiento de Protocolos cient\u00edficos tesis de grado y postgrado, publicaciones, trabajo final de residentes del hospital y presentaciones en eventos acad\u00e9micos \u2013 cient\u00edficos.<\/td>\n<td style=\"width: 33.4407%; vertical-align: middle;\"><div  class='avia-button-wrap av-azjhx-56bc05ccf06236670d86b4e91c8108d7-wrap avia-button-left  avia-builder-el-12  el_after_av_button  avia-builder-el-last '><a href='https:\/\/web.sanjuan.gob.ar\/hospitalrawson\/wp-content\/uploads\/sites\/24\/2024\/11\/Instructivos-para-la-presentacion-evaluacion-y-seguimiento.pdf'  class='avia-button av-azjhx-56bc05ccf06236670d86b4e91c8108d7 av-link-btn avia-icon_select-yes-left-icon avia-size-medium avia-position-left avia-color-theme-color'  target=\"_blank\"  rel=\"noopener noreferrer\"  aria-label=\"Descargar\"><span class='avia_button_icon avia_button_icon_left avia-iconfont avia-font-entypo-fontello' data-av_icon='\ue835' data-av_iconfont='entypo-fontello' ><\/span><span class='avia_iconbox_title' >Descargar<\/span><\/a><\/div><\/td>\n<\/tr>\n<\/tbody>\n<\/table>\n<\/div><\/section><\/p><\/div>\n<style type=\"text\/css\" data-created_by=\"avia_inline_auto\" id=\"style-css-av-dghnp-b0ca8dce58f92937a9058c7701b314bf\">\n.flex_column.av-dghnp-b0ca8dce58f92937a9058c7701b314bf{\nborder-radius:10px 10px 10px 10px;\npadding:10px 10px 10px 10px;\n}\n<\/style>\n<div  class='flex_column av-dghnp-b0ca8dce58f92937a9058c7701b314bf av_one_half  avia-builder-el-13  el_after_av_one_half  el_before_av_one_half  first flex_column_div  column-top-margin'     ><\/div><\/p>\n\n<style type=\"text\/css\" data-created_by=\"avia_inline_auto\" id=\"style-css-av-6tmw5-f37294e533ea2ba7f0f67a8277ce5b90\">\n.flex_column.av-6tmw5-f37294e533ea2ba7f0f67a8277ce5b90{\nborder-radius:10px 10px 10px 10px;\npadding:10px 10px 10px 10px;\nbackground-color:#ede0ce;\n}\n<\/style>\n<div  class='flex_column av-6tmw5-f37294e533ea2ba7f0f67a8277ce5b90 av_one_half  avia-builder-el-14  el_after_av_one_half  avia-builder-el-last  flex_column_div  column-top-margin'     ><section  class='av_textblock_section av-m361slud-d5873c1d79ef071bb7b8c8df7ec20baf '   itemscope=\"itemscope\" itemtype=\"https:\/\/schema.org\/CreativeWork\" ><div class='avia_textblock'  itemprop=\"text\" ><p><strong>Coordinadora del Comit\u00e9 de Docencia e Investigaci\u00f3n<\/strong>: Dra. Cristina Mu\u00f1oz<br \/>\n<strong>A cargo del \u00c1rea de Investigaci\u00f3n<\/strong>: Lic. Cristina Zamora<br \/>\n<strong>Domicilio<\/strong>: Edificio. Gral. Paz y Estados Unidos. Planta Baja, Ala Sur. Capital. CP: J5400. San Juan. Rep\u00fablica Argentina.<br \/>\n<strong>Tel\u00e9fono<\/strong>: +54 \u2013 0264 &#8211; 4294700. Interno: 1438<br \/>\n<strong>E-Mail<\/strong>: <a href=\"mailto:cdihrsjh@gmail.com\">cdihrsjh@gmail.com<\/a><\/p>\n<p><strong>Comit\u00e9 de \u00e9tica en Investigaci\u00f3n<br \/>\n<\/strong><strong>Coordinador<\/strong>: Guillermo Correa<br \/>\n<strong>Integrantes<\/strong>: Juan Puig, Bel\u00e9n Mestre, Giovanna Scarpita, Zulema Paredes, Florencia Cano, Iris Castilla.<br \/>\n<strong>E-mail<\/strong>:\u00a0 <a href=\"mailto:ceishospitalrawson@gmail.com\">ceishospitalrawson@gmail.com<\/a><\/p>\n<\/div><\/section><\/div>\n","protected":false},"excerpt":{"rendered":"","protected":false},"author":4,"featured_media":0,"parent":0,"menu_order":0,"comment_status":"closed","ping_status":"closed","template":"","meta":{"footnotes":""},"class_list":["post-389","page","type-page","status-publish","hentry"],"_links":{"self":[{"href":"https:\/\/web.sanjuan.gob.ar\/hospitalrawson\/wp-json\/wp\/v2\/pages\/389","targetHints":{"allow":["GET"]}}],"collection":[{"href":"https:\/\/web.sanjuan.gob.ar\/hospitalrawson\/wp-json\/wp\/v2\/pages"}],"about":[{"href":"https:\/\/web.sanjuan.gob.ar\/hospitalrawson\/wp-json\/wp\/v2\/types\/page"}],"author":[{"embeddable":true,"href":"https:\/\/web.sanjuan.gob.ar\/hospitalrawson\/wp-json\/wp\/v2\/users\/4"}],"replies":[{"embeddable":true,"href":"https:\/\/web.sanjuan.gob.ar\/hospitalrawson\/wp-json\/wp\/v2\/comments?post=389"}],"version-history":[{"count":3,"href":"https:\/\/web.sanjuan.gob.ar\/hospitalrawson\/wp-json\/wp\/v2\/pages\/389\/revisions"}],"predecessor-version":[{"id":401,"href":"https:\/\/web.sanjuan.gob.ar\/hospitalrawson\/wp-json\/wp\/v2\/pages\/389\/revisions\/401"}],"wp:attachment":[{"href":"https:\/\/web.sanjuan.gob.ar\/hospitalrawson\/wp-json\/wp\/v2\/media?parent=389"}],"curies":[{"name":"wp","href":"https:\/\/api.w.org\/{rel}","templated":true}]}}