{"id":820,"date":"2025-06-09T15:09:58","date_gmt":"2025-06-09T13:09:58","guid":{"rendered":"https:\/\/web.sanjuan.gob.ar\/hospitalrawson\/?page_id=820"},"modified":"2026-02-25T13:42:07","modified_gmt":"2026-02-25T12:42:07","slug":"enfermeria","status":"publish","type":"page","link":"https:\/\/web.sanjuan.gob.ar\/hospitalrawson\/enfermeria\/","title":{"rendered":"Enfermer\u00eda"},"content":{"rendered":"\n<style type=\"text\/css\" data-created_by=\"avia_inline_auto\" id=\"style-css-av-xqr9-4c6f0f9abee29f6011b7bd4bea4ab0cf\">\n.avia-section.av-xqr9-4c6f0f9abee29f6011b7bd4bea4ab0cf{\nmargin-top:30px;\nmargin-bottom:0px;\n}\n.avia-section.av-xqr9-4c6f0f9abee29f6011b7bd4bea4ab0cf .av-parallax .av-parallax-inner{\nbackground-repeat:no-repeat;\nbackground-image:url(https:\/\/web.sanjuan.gob.ar\/hospitalrawson\/wp-content\/uploads\/sites\/24\/2024\/09\/HR_back_titulo_gauss.jpg);\nbackground-position:50% 50%;\nbackground-attachment:scroll;\n}\n.avia-section.av-xqr9-4c6f0f9abee29f6011b7bd4bea4ab0cf .av-section-color-overlay{\nopacity:0.7;\nbackground-color:#ff6e00;\nbackground-image:url(https:\/\/web.sanjuan.gob.ar\/hospitalrawson\/wp-content\/themes\/enfold\/images\/background-images\/diagonal-bold-dark.png);\nbackground-repeat:repeat;\n}\n<\/style>\n<div id='av_section_1'  class='avia-section av-xqr9-4c6f0f9abee29f6011b7bd4bea4ab0cf main_color avia-section-default avia-no-border-styling  avia-builder-el-0  el_before_av_three_fifth  avia-builder-el-first  av-parallax-section avia-bg-style-parallax av-section-color-overlay-active container_wrap sidebar_right'  data-section-bg-repeat='no-repeat'><div class='av-parallax' data-avia-parallax-ratio='0.3' ><div class='av-parallax-inner main_color avia-full-stretch'><\/div><\/div><div class=\"av-section-color-overlay-wrap\"><div class=\"av-section-color-overlay\"><\/div><div class='container av-section-cont-open' ><main  role=\"main\" itemprop=\"mainContentOfPage\"  class='template-page content  av-content-small alpha units'><div class='post-entry post-entry-type-page post-entry-820'><div class='entry-content-wrapper clearfix'>\n\n<style type=\"text\/css\" data-created_by=\"avia_inline_auto\" id=\"style-css-av-m0gvbrvn-dd1d81b8635f20c501efa7ed6d82d2a1\">\n#top .av-special-heading.av-m0gvbrvn-dd1d81b8635f20c501efa7ed6d82d2a1{\npadding-bottom:10px;\ncolor:#ffffff;\n}\nbody .av-special-heading.av-m0gvbrvn-dd1d81b8635f20c501efa7ed6d82d2a1 .av-special-heading-tag .heading-char{\nfont-size:25px;\n}\n.av-special-heading.av-m0gvbrvn-dd1d81b8635f20c501efa7ed6d82d2a1 .special-heading-inner-border{\nborder-color:#ffffff;\n}\n.av-special-heading.av-m0gvbrvn-dd1d81b8635f20c501efa7ed6d82d2a1 .av-subheading{\nfont-size:15px;\n}\n<\/style>\n<div  class='av-special-heading av-m0gvbrvn-dd1d81b8635f20c501efa7ed6d82d2a1 av-special-heading-h1 custom-color-heading  avia-builder-el-1  avia-builder-el-no-sibling '><h1 class='av-special-heading-tag '  itemprop=\"headline\"  >Enfermer\u00eda<\/h1><div class=\"special-heading-border\"><div class=\"special-heading-inner-border\"><\/div><\/div><\/div>\n<\/div><\/div><\/main><!-- close content main element --><\/div><\/div><\/div><div id='after_section_1'  class='main_color av_default_container_wrap container_wrap sidebar_right'  ><div class='container av-section-cont-open' ><div class='template-page content  av-content-small alpha units'><div class='post-entry post-entry-type-page post-entry-820'><div class='entry-content-wrapper clearfix'>\n\n<style type=\"text\/css\" data-created_by=\"avia_inline_auto\" id=\"style-css-av-3o5kx-16db46c2eb5a9eedc15c8c070b6ac031\">\n.flex_column.av-3o5kx-16db46c2eb5a9eedc15c8c070b6ac031{\nborder-radius:0px 0px 0px 0px;\npadding:0px 0px 0px 0px;\n}\n<\/style>\n<div  class='flex_column av-3o5kx-16db46c2eb5a9eedc15c8c070b6ac031 av_three_fifth  avia-builder-el-2  el_after_av_section  el_before_av_two_fifth  avia-builder-el-first  first flex_column_div av-zero-column-padding  '     ><section  class='av_textblock_section av-m0gtbbe0-c5240ac8a13bfcd90773a4577947ec45 '   itemscope=\"itemscope\" itemtype=\"https:\/\/schema.org\/CreativeWork\" ><div class='avia_textblock'  itemprop=\"text\" ><p><span style=\"font-size: 24px;\"><b>Servicio de Enfermer\u00eda del Hospital GuillermoRawson<\/b><\/span><\/p>\n<p id=\"E277\" class=\"x-scope qowt-word-para-3\"><span id=\"E278\">El Departamento de Enfermer\u00eda del Hospital Dr. Guillermo Rawson e<\/span><span id=\"E279\">s una unidad de servicio profesional, responsable de la organizaci\u00f3n, administraci\u00f3n, ejecuci\u00f3n y supervisi\u00f3n de las actividades de enfermer\u00eda que se desarrollan <\/span><span id=\"E280\">baj<\/span><span id=\"E281\">o su dependencia.<\/span><\/p>\n<p id=\"E282\" class=\"x-scope qowt-word-para-3\"><span id=\"E283\">Est\u00e1 integrado por todo el personal de enfermer\u00eda profesional, auxiliar, ayudantes de enfermer\u00eda y agentes de traslados; dirige sus propias funciones trabajando en conjunto con otros servicios del hospital para mejorar la calidad en la atenci\u00f3n de los usuarios. <\/span><\/p>\n<\/div><\/section><\/div>\n\n<style type=\"text\/css\" data-created_by=\"avia_inline_auto\" id=\"style-css-av-14vjxw-518da6ecd1144a44001eeb5ab30c0ca9\">\n.flex_column.av-14vjxw-518da6ecd1144a44001eeb5ab30c0ca9{\nborder-radius:10px 10px 10px 10px;\npadding:10px 10px 10px 10px;\nbackground-color:#edddc7;\n}\n<\/style>\n<div  class='flex_column av-14vjxw-518da6ecd1144a44001eeb5ab30c0ca9 av_two_fifth  avia-builder-el-4  el_after_av_three_fifth  el_before_av_hr  flex_column_div  '     ><section  class='av_textblock_section av-mbp3vi9e-7b1126f31037c83f4fdb2748df77797e '   itemscope=\"itemscope\" itemtype=\"https:\/\/schema.org\/CreativeWork\" ><div class='avia_textblock'  itemprop=\"text\" ><p><span id=\"E482\">Enfermer\u00eda participa activamente en Consejo T\u00e9cnico del hospital y en diferentes Comit\u00e9<\/span><span id=\"E483\">s<\/span><span id=\"E484\"> como: Seguridad de Pacientes: Disciplinar e Interdisciplinario, <\/span><span id=\"E485\">\u00c9tica<\/span><span id=\"E486\"> e <\/span><span id=\"E487\">Investigaci\u00f3n<\/span><span id=\"E488\">,<\/span><span id=\"E489\"> <\/span><span id=\"E490\">Farmacia, Crisis<\/span><span id=\"E491\">, Docencia e Investigaci\u00f3n, Comisi\u00f3n de Enfermer\u00eda en Heridas Complejas y tiene a cargo la Coordinaci\u00f3n de Residencias de Enfermer\u00eda en Salud Materno Infantil y del Adolescente<\/span><span id=\"E492\"> y Residencia de Enfermer\u00eda en Paciente Cr\u00ed<\/span><span id=\"E493\">tico, prontamente diferenciadas en Paciente Cr\u00edtico Neonatal, Pedi\u00e1trico y Adulto.<\/span><\/p>\n<\/div><\/section><\/div>\n\n<style type=\"text\/css\" data-created_by=\"avia_inline_auto\" id=\"style-css-av-mbp4yczh-b6ed5554c8e022e1dd84f5659c830e1d\">\n#top .hr.hr-invisible.av-mbp4yczh-b6ed5554c8e022e1dd84f5659c830e1d{\nheight:30px;\n}\n<\/style>\n<div  class='hr av-mbp4yczh-b6ed5554c8e022e1dd84f5659c830e1d hr-invisible  avia-builder-el-6  el_after_av_two_fifth  el_before_av_three_fifth '><span class='hr-inner '><span class=\"hr-inner-style\"><\/span><\/span><\/div>\n\n<style type=\"text\/css\" data-created_by=\"avia_inline_auto\" id=\"style-css-av-m0gti1wg-fef78905412df1b7a12ccd343de7ffcd\">\n.flex_column.av-m0gti1wg-fef78905412df1b7a12ccd343de7ffcd{\nborder-radius:10px 10px 10px 10px;\npadding:30px 10px 10px 10px;\nbackground-color:#f7f7f7;\n}\n<\/style>\n<div  class='flex_column av-m0gti1wg-fef78905412df1b7a12ccd343de7ffcd av_three_fifth  avia-builder-el-7  el_after_av_hr  el_before_av_two_fifth  first flex_column_div  '     ><p><section  class='av_textblock_section av-m0guem86-b738bde63363a2295cdaa007c06da9c3 '   itemscope=\"itemscope\" itemtype=\"https:\/\/schema.org\/CreativeWork\" ><div class='avia_textblock'  itemprop=\"text\" ><p><span style=\"font-size: 14pt;\"><strong>Representantes<\/strong><\/span><\/p>\n<\/div><\/section><br \/>\n<section  class='av_textblock_section av-mbp4nepc-c45280a15d7d27d5df790a89049456ba '   itemscope=\"itemscope\" itemtype=\"https:\/\/schema.org\/CreativeWork\" ><div class='avia_textblock'  itemprop=\"text\" ><div id=\"contentsContainer\" class=\"style-scope qowt-page\">\n<div id=\"contents\" class=\"style-scope qowt-page\">\n<ul>\n<li id=\"E340\" class=\"x-scope qowt-word-para-3\"><span id=\"E341\">Jefa Dpto. Enfermer\u00eda: Lic. Alejandra P\u00e9rez<\/span><\/li>\n<\/ul>\n<ul>\n<li id=\"E343\" class=\"x-scope qowt-word-para-3\"><span id=\"E344\">Sub Jefa Dpto. Enfermer\u00eda:<\/span><span id=\"E345\"> Lic. Mariela Acosta<\/span><\/li>\n<\/ul>\n<ul>\n<li id=\"E346\" class=\"x-scope qowt-word-para-3\"><span id=\"E347\">Jefe de \u00c1rea Enfermer\u00eda en Gesti\u00f3n del Cuidado:<\/span><span id=\"E348\"> Esp. Lic. Leticia S\u00e1nchez<\/span><\/li>\n<\/ul>\n<ul>\n<li id=\"E349\" class=\"x-scope qowt-word-para-3\"><span id=\"E350\">Jefe de \u00c1rea en Capacitaci\u00f3n e Investigaci\u00f3n:<\/span><span id=\"E351\"> Esp. Lic. Isabel Jelves<\/span><\/li>\n<\/ul>\n<ul>\n<li id=\"E352\" class=\"x-scope qowt-word-para-3\"><span id=\"E353\">Supervisora del servicio Cardiolog\u00eda y UCO:<\/span><span id=\"E354\"> Lic. Estela Maldonado<\/span><\/li>\n<\/ul>\n<ul>\n<li id=\"E355\" class=\"x-scope qowt-word-para-3\"><span id=\"E356\">Supervisor<\/span><span id=\"E357\"> del servicio<\/span><span id=\"E358\"> Cirug\u00eda <\/span><span id=\"E359\">General<\/span><span id=\"E360\">: <\/span><span id=\"E361\">Lic. Santiago Quiroga<\/span><\/li>\n<\/ul>\n<ul>\n<li id=\"E362\" class=\"x-scope qowt-word-para-3\"><span id=\"E363\">Supervisora del servicio Cirug\u00eda Pedi\u00e1trica, ORL, OFT<\/span><span id=\"E364\">, <\/span><span id=\"E365\">Traumatolog\u00eda<\/span><span id=\"E366\"> <\/span><span id=\"E367\">Ped<\/span><span id=\"E368\">i\u00e1trica<\/span><span id=\"E369\">.: <\/span>Lic. Natalia Ignes<\/li>\n<\/ul>\n<ul>\n<li id=\"E373\" class=\"x-scope qowt-word-para-3\"><span id=\"E374\">Supervisora del servicio <\/span><span id=\"E375\">Cl\u00ednica <\/span><span id=\"E376\">M\u00e9dica<\/span><span id=\"E377\">,<\/span><span id=\"E378\"> <\/span><span id=\"E379\">Endoscopia y <\/span><span id=\"E380\">Oncolog\u00eda<\/span><span id=\"E381\">:<\/span><span id=\"E382\"> Lic. Pamela Castro<\/span><\/li>\n<\/ul>\n<ul>\n<li id=\"E383\" class=\"x-scope qowt-word-para-3\"><span id=\"E384\">Supervisor del Comit\u00e9 de Infecciones:<\/span><span id=\"E385\"> Lic. Alejandro G\u00f3mez<\/span><\/li>\n<\/ul>\n<ul>\n<li id=\"E386\" class=\"x-scope qowt-word-para-3\"><span id=\"E387\">Supervisora del servicio Consultorios Externos Adultos:<\/span><span id=\"E388\"> Lic. Patricia Candanedo<\/span><\/li>\n<\/ul>\n<ul>\n<li id=\"E389\" class=\"x-scope qowt-word-para-3\"><span id=\"E390\">Supervisora del servicio Consultorios Externos de Pediatr\u00eda, H<\/span><span id=\"E391\">ospi<\/span><span id=\"E392\">tal de D\u00eda y Vacunatorio:<\/span><span id=\"E393\"> Lic. Susana Gonz\u00e1lez<\/span><\/li>\n<\/ul>\n<ul>\n<li id=\"E394\" class=\"x-scope qowt-word-para-3\"><span id=\"E395\">Supervisora del servicio Centro Obst\u00e9trico:<\/span><span id=\"E396\"> Lic. Cecilia Navarro<\/span><\/li>\n<\/ul>\n<ul>\n<li id=\"E397\" class=\"x-scope qowt-word-para-3\"><span id=\"E398\">Supervisora del servicio Centro Quir\u00fargico:<\/span><span id=\"E399\"> Lic. Carolina Varas<\/span><\/li>\n<\/ul>\n<ul>\n<li id=\"E400\" class=\"x-scope qowt-word-para-3\"><span id=\"E401\">Supervisor del servicio Diagn\u00f3stico por Im\u00e1genes:<\/span><span id=\"E402\"> Lic. Dar\u00edo Luna<\/span><\/li>\n<\/ul>\n<ul>\n<li id=\"E403\" class=\"x-scope qowt-word-para-3\"><span id=\"E404\">Supervisora del servicio Emergencia <\/span><span id=\"E405\">Pedi\u00e1trica<\/span><span id=\"E406\"> y<\/span><span id=\"E407\"> Oncolog\u00eda<\/span><span id=\"E408\"> Pedi\u00e1trica<\/span><span id=\"E409\">: Lic. Romina Morales<\/span><\/li>\n<\/ul>\n<ul>\n<li id=\"E413\" class=\"x-scope qowt-word-para-3\"><span id=\"E414\">Supervisora del servicio Ginecolog\u00eda:<\/span><span id=\"E415\"> Lic. Sonia Pereyra<\/span><\/li>\n<\/ul>\n<ul>\n<li id=\"E416\" class=\"x-scope qowt-word-para-3\"><span id=\"E417\">Supervisora del servicio Maternidad:<\/span><span id=\"E418\"> <\/span><span id=\"E419\">Lic. Mar\u00eda Isabel Romero<\/span><\/li>\n<\/ul>\n<ul>\n<li id=\"E420\" class=\"x-scope qowt-word-para-3\"><span id=\"E421\">Supervisora del servicio Nefrolog\u00eda:<\/span><span id=\"E422\"> Lic. Carla Llarena<\/span><\/li>\n<\/ul>\n<ul>\n<li id=\"E423\" class=\"x-scope qowt-word-para-3\"><span id=\"E424\">Supervisora del servicio Neonatolog\u00eda:<\/span><span id=\"E425\"> Lic. M\u00f3nica Sosa<\/span><\/li>\n<\/ul>\n<ul>\n<li id=\"E426\" class=\"x-scope qowt-word-para-3\"><span id=\"E427\">Supervisora del servicio \u00c1rea Cr\u00edtica de Neonatolog\u00eda:<\/span><span id=\"E428\"> Lic. Graciela Barrionuevo<\/span><\/li>\n<\/ul>\n<ul>\n<li id=\"E429\" class=\"x-scope qowt-word-para-4\"><span id=\"E430\">Supervisora del servicio <\/span><span id=\"E431\">Neurocirug\u00eda<\/span><span id=\"E432\">, Cirug\u00eda Cardiovascular<\/span><span id=\"E433\"> y Casa Cuna: Lic. Bibiana Salinas<\/span><\/li>\n<\/ul>\n<ul>\n<li id=\"E436\" class=\"x-scope qowt-word-para-3\"><span id=\"E437\">Supervisor del servicio Pediatr\u00eda:<\/span><span id=\"E438\"> Lic. Eduardo Corzo<\/span><\/li>\n<\/ul>\n<ul>\n<li id=\"E439\" class=\"x-scope qowt-word-para-3\"><span id=\"E440\">Supervisora del servicio M\u00e9dico de <\/span><span id=\"E441\">Urgencia<\/span><span id=\"E442\"> e internado<\/span><span id=\"E443\">:<\/span><span id=\"E444\"> Lic. Elina Castro<\/span><\/li>\n<\/ul>\n<ul>\n<li id=\"E445\" class=\"x-scope qowt-word-para-3\"><span id=\"E446\">Supervisora del servicio Terapia Intensiva Adultos:<\/span><span id=\"E447\"> Lic. Viviana Toledo<\/span><\/li>\n<\/ul>\n<ul>\n<li id=\"E448\" class=\"x-scope qowt-word-para-3\"><span id=\"E449\">Supervisora del servicio Terapia Pedi\u00e1trica:<\/span><span id=\"E450\"> Lic. Carina Tejada<\/span><\/li>\n<\/ul>\n<ul>\n<li id=\"E451\" class=\"x-scope qowt-word-para-4\"><span id=\"E452\">Supervisora del servicio <\/span><span id=\"E453\">Traumatolog\u00eda<\/span><span id=\"E454\">, Consultorios <\/span><span id=\"E455\">externos <\/span><span id=\"E456\">de T<\/span><span id=\"E457\">raumatolog\u00eda<\/span><span id=\"E458\">: <\/span><span id=\"E460\">Lic. Marta Uriza<\/span><\/li>\n<\/ul>\n<\/div>\n<\/div>\n<div id=\"pageBorders\" class=\"style-scope qowt-page\" contenteditable=\"false\"><\/div>\n<div id=\"E209\" class=\"style-scope qowt-page style-scope qowt-page\"><\/div>\n<div id=\"contentsContainer\" class=\"style-scope qowt-page\">\n<div id=\"contents\" class=\"style-scope qowt-page\">\n<div id=\"E209\">\n<ul>\n<li id=\"E210\" class=\"qowt-stl-Encabezado\"><span id=\"E462\">Supervisor de Agentes de Traslados:<\/span><span id=\"E463\"> Lic. Dami\u00e1n Silva<\/span><\/li>\n<\/ul>\n<\/div>\n<ul>\n<li id=\"E464\" class=\"x-scope qowt-word-para-3\"><span id=\"E465\">Supervisor Turno Tarde:<\/span><span id=\"E466\"> Lic. Carlos Aguilera<\/span><\/li>\n<\/ul>\n<ul>\n<li id=\"E467\" class=\"x-scope qowt-word-para-3\"><span id=\"E468\">Supervisor Turno Tarde:<\/span><span id=\"E469\"> Lic. Walter P\u00e9rez<\/span><\/li>\n<\/ul>\n<ul>\n<li id=\"E470\" class=\"x-scope qowt-word-para-3\"><span id=\"E471\">Supervisor Turno Noche:<\/span><span id=\"E472\"> Lic. Omar Carrizo<\/span><\/li>\n<\/ul>\n<ul>\n<li id=\"E473\" class=\"x-scope qowt-word-para-3\"><span id=\"E474\">Supervisor Turno Noche:<\/span><span id=\"E475\"> Lic. Renzo Centeno<\/span><\/li>\n<\/ul>\n<ul>\n<li id=\"E476\" class=\"x-scope qowt-word-para-3\"><span id=\"E477\">Jefe de Unidad Hospitalaria de <\/span><span id=\"E478\">Procuraci\u00f3n de \u00d3rganos y Tejidos<\/span><span id=\"E479\">: Lic. Gladys Herrera <\/span><\/li>\n<\/ul>\n<\/div>\n<\/div>\n<\/div><\/section><\/p><\/div>\n<style type=\"text\/css\" data-created_by=\"avia_inline_auto\" id=\"style-css-av-wrqjg-bcd77d1113f37d0f9c948114f84616b6\">\n.flex_column.av-wrqjg-bcd77d1113f37d0f9c948114f84616b6{\nborder-radius:10px 10px 10px 10px;\npadding:30px 10px 10px 10px;\nbackground-color:#f7f7f7;\n}\n<\/style>\n<div  class='flex_column av-wrqjg-bcd77d1113f37d0f9c948114f84616b6 av_two_fifth  avia-builder-el-10  el_after_av_three_fifth  avia-builder-el-last  flex_column_div  '     ><style type=\"text\/css\" data-created_by=\"avia_inline_auto\" id=\"style-css-av-2m37g-887f7692ef4827cce00e647c4db68750\">\n#top .avia-icon-list-container.av-2m37g-887f7692ef4827cce00e647c4db68750 .iconlist_icon{\nbackground-color:#ff8200;\n}\n<\/style>\n<div  class='avia-icon-list-container av-2m37g-887f7692ef4827cce00e647c4db68750  avia-builder-el-11  avia-builder-el-no-sibling '><ul class='avia-icon-list avia_animate_when_almost_visible avia-icon-list-left av-iconlist-big av-2m37g-887f7692ef4827cce00e647c4db68750 avia-iconlist-animate'>\n<li><div class='iconlist_icon av-kd7p0-c2e94a3d1155232df8a00bd54624413c avia-font-entypo-fontello avia-iconfont avia-font-entypo-fontello'><span class='av-icon-char' data-av_icon='\ue835' data-av_iconfont='entypo-fontello' aria-hidden=\"true\"><\/span><\/div><article class=\"article-icon-entry \"  itemscope=\"itemscope\" itemtype=\"https:\/\/schema.org\/CreativeWork\" ><div class=\"iconlist_content_wrap\"><header class=\"entry-content-header\" aria-label=\"Icon: Misi\u00f3n\"><h4 class='av_iconlist_title iconlist_title  '  itemprop=\"headline\" >Misi\u00f3n<\/h4><\/header><div class='iconlist_content '  itemprop=\"text\" ><p>Brindar Cuidados de Enfermer\u00eda Integral, eficaz, oportuno, continuo, humanizado y de Calidad a todos los pacientes del Hospital P\u00fablico Descentralizado Dr. Guillermo Rawson, basada en la formaci\u00f3n y expertise del capital humano, considerado como valor estrat\u00e9gico para la excelencia.<\/p>\n<\/div><\/div><footer class=\"entry-footer\"><\/footer><\/article><div class=\"iconlist-timeline\"><\/div><\/li>\n<li><div class='iconlist_icon av-fjjdo-0ae122143c43ed340a6c75248232962f avia-font-entypo-fontello avia-iconfont avia-font-entypo-fontello'><span class='av-icon-char' data-av_icon='\ue826' data-av_iconfont='entypo-fontello' aria-hidden=\"true\"><\/span><\/div><article class=\"article-icon-entry \"  itemscope=\"itemscope\" itemtype=\"https:\/\/schema.org\/CreativeWork\" ><div class=\"iconlist_content_wrap\"><header class=\"entry-content-header\" aria-label=\"Icon: Visi\u00f3n\"><h4 class='av_iconlist_title iconlist_title  '  itemprop=\"headline\" >Visi\u00f3n<\/h4><\/header><div class='iconlist_content '  itemprop=\"text\" ><p>Constituirse en actor principal y de referencia provincial en los cuidados de complejidad creciente, orientados a la excelencia y mejora continua, fortaleciendo la disciplina de enfermer\u00eda en principios cient\u00edficos con dimensiones de calidad, brindando una atenci\u00f3n hol\u00edstica y especializada, en forma oportuna, que responda eficientemente a las necesidades de la comunidad.<\/p>\n<\/div><\/div><footer class=\"entry-footer\"><\/footer><\/article><div class=\"iconlist-timeline\"><\/div><\/li>\n<li><div class='iconlist_icon av-b1o7w-5bc9d541847f37a5df4b14d12a45a941 avia-font-entypo-fontello avia-iconfont avia-font-entypo-fontello'><span class='av-icon-char' data-av_icon='\ue8a5' data-av_iconfont='entypo-fontello' aria-hidden=\"true\"><\/span><\/div><article class=\"article-icon-entry \"  itemscope=\"itemscope\" itemtype=\"https:\/\/schema.org\/CreativeWork\" ><div class=\"iconlist_content_wrap\"><header class=\"entry-content-header\" aria-label=\"Icon: Valores\"><h4 class='av_iconlist_title iconlist_title  '  itemprop=\"headline\" >Valores<\/h4><\/header><div class='iconlist_content '  itemprop=\"text\" ><div id=\"contentsContainer\" class=\"style-scope qowt-page\">\n<div id=\"contents\" class=\"style-scope qowt-page\"><\/div>\n<\/div>\n<div id=\"contentsContainer\" class=\"style-scope qowt-page\">\n<div id=\"contents\" class=\"style-scope qowt-page\">\n<div id=\"E209\">\n<p id=\"E210\" class=\"qowt-stl-Encabezado\"><span id=\"E296\"><strong>Compromiso:<\/strong> Alto grado de profesionalidad y lealtad a la organizaci\u00f3n, su mandato y objetivos. <\/span><span id=\"E298\">Serie de habilidades, valores y actitudes que est\u00e1n relacionadas con la tolerancia, la apertura, la responsabilidad, el respeto a la diversidad, la perspectiva intercultural, la participaci\u00f3n democr\u00e1tica, el respeto al medio ambiente y el sentido de pertenencia.<\/span><\/p>\n<\/div>\n<p id=\"E299\" class=\"qowt-li-0_0 qowt-list qowt-stl-Prrafodelista x-scope qowt-word-para-3\" role=\"listitem\" aria-roledescription=\"Bullet\"><strong><span id=\"E300\">Responsabilidad: <\/span><\/strong><span id=\"E301\">cumplimiento de las obligaciones o cuidado al hacer o decidir algo, o bien una forma de responder, que implica el claro conocimiento de que los resultados de cumplir o no las obligaciones, recaen sobre uno mismo (consecuencia de sus actos)<\/span><\/p>\n<p id=\"E302\" class=\"qowt-li-0_0 qowt-list qowt-stl-Prrafodelista x-scope qowt-word-para-3\" role=\"listitem\" aria-roledescription=\"Bullet\"><span id=\"E303\"><strong>Respeto:<\/strong> <\/span><span id=\"E304\">capacidad de reconocer y valorar<\/span><span id=\"E305\"> a todas las personas, sin ofender o discrimina<\/span><span id=\"E306\">r. Respetar la dignidad, la val\u00ed<\/span><span id=\"E307\">a, la igualdad, la diversidad y la intimidad de todas las personas.<\/span><\/p>\n<p id=\"E312\" class=\"qowt-li-0_0 qowt-list qowt-stl-Prrafodelista x-scope qowt-word-para-3\" role=\"listitem\" aria-roledescription=\"Bullet\"><span id=\"E313\"><strong>Empat\u00eda:<\/strong> <\/span><span id=\"E314\">Capacidad de entender las necesidades y emociones de otros aunque no estemos viviendo su situaci\u00f3n.<\/span><\/p>\n<p id=\"E315\" class=\"qowt-li-0_0 qowt-list qowt-stl-Prrafodelista x-scope qowt-word-para-3\" role=\"listitem\" aria-roledescription=\"Bullet\"><span id=\"E316\"><strong>Integridad:<\/strong> comportarse de acuerdo con los principios \u00e9ticos y actuar de buena fe, honestidad intelectual y equidad. Hacer lo correcto en todas las situaciones.<\/span><\/p>\n<p id=\"E317\" class=\"qowt-li-0_0 qowt-list qowt-stl-Prrafodelista x-scope qowt-word-para-3\" role=\"listitem\" aria-roledescription=\"Bullet\"><span id=\"E318\"><strong>Equidad:<\/strong> Tratar a todos por igual, entendiendo el contexto y las necesidades de c<\/span><span id=\"E319\">ada persona para que haya un tra<\/span><span id=\"E320\">to justo. Ausencia de diferencias evitables, injustas o remediables.<\/span><\/p>\n<p id=\"E321\" class=\"qowt-li-0_0 qowt-list qowt-stl-Prrafodelista x-scope qowt-word-para-3\" role=\"listitem\" aria-roledescription=\"Bullet\"><strong><span id=\"E322\">Excelencia: <\/span><\/strong><span id=\"E323\">el saber (conocimientos acad\u00e9micos), el saber hacer (conocimiento pr\u00e1ctico adquirido en el d\u00eda a d\u00eda) y el querer hacer (el buen hacer, la buena aplicaci\u00f3n de los contenidos te\u00f3ricos y acad\u00e9micos que el trabajador adquiere en su devenir profesional) del capital humano.<\/span><\/p>\n<\/div>\n<\/div>\n<\/div><\/div><footer class=\"entry-footer\"><\/footer><\/article><div class=\"iconlist-timeline\"><\/div><\/li>\n<\/ul><\/div><\/div><\/p>\n","protected":false},"excerpt":{"rendered":"","protected":false},"author":4,"featured_media":0,"parent":0,"menu_order":0,"comment_status":"closed","ping_status":"closed","template":"","meta":{"footnotes":""},"class_list":["post-820","page","type-page","status-publish","hentry"],"_links":{"self":[{"href":"https:\/\/web.sanjuan.gob.ar\/hospitalrawson\/wp-json\/wp\/v2\/pages\/820","targetHints":{"allow":["GET"]}}],"collection":[{"href":"https:\/\/web.sanjuan.gob.ar\/hospitalrawson\/wp-json\/wp\/v2\/pages"}],"about":[{"href":"https:\/\/web.sanjuan.gob.ar\/hospitalrawson\/wp-json\/wp\/v2\/types\/page"}],"author":[{"embeddable":true,"href":"https:\/\/web.sanjuan.gob.ar\/hospitalrawson\/wp-json\/wp\/v2\/users\/4"}],"replies":[{"embeddable":true,"href":"https:\/\/web.sanjuan.gob.ar\/hospitalrawson\/wp-json\/wp\/v2\/comments?post=820"}],"version-history":[{"count":3,"href":"https:\/\/web.sanjuan.gob.ar\/hospitalrawson\/wp-json\/wp\/v2\/pages\/820\/revisions"}],"predecessor-version":[{"id":951,"href":"https:\/\/web.sanjuan.gob.ar\/hospitalrawson\/wp-json\/wp\/v2\/pages\/820\/revisions\/951"}],"wp:attachment":[{"href":"https:\/\/web.sanjuan.gob.ar\/hospitalrawson\/wp-json\/wp\/v2\/media?parent=820"}],"curies":[{"name":"wp","href":"https:\/\/api.w.org\/{rel}","templated":true}]}}