{"id":93,"date":"2024-09-18T16:09:18","date_gmt":"2024-09-18T14:09:18","guid":{"rendered":"https:\/\/web.sanjuan.gob.ar\/hospitalrawson\/?page_id=93"},"modified":"2025-02-24T12:34:29","modified_gmt":"2025-02-24T11:34:29","slug":"gestion-de-calidad","status":"publish","type":"page","link":"https:\/\/web.sanjuan.gob.ar\/hospitalrawson\/gestion-de-calidad\/","title":{"rendered":"Gesti\u00f3n de Calidad"},"content":{"rendered":"\n<style type=\"text\/css\" data-created_by=\"avia_inline_auto\" id=\"style-css-av-3flt-aeaf0f802829193bd134955d4b4ed5d1\">\n.avia-section.av-3flt-aeaf0f802829193bd134955d4b4ed5d1{\nmargin-top:30px;\nmargin-bottom:0px;\n}\n.avia-section.av-3flt-aeaf0f802829193bd134955d4b4ed5d1 .av-parallax .av-parallax-inner{\nbackground-repeat:no-repeat;\nbackground-image:url(https:\/\/web.sanjuan.gob.ar\/hospitalrawson\/wp-content\/uploads\/sites\/24\/2024\/09\/HR_back_titulo_gauss.jpg);\nbackground-position:50% 50%;\nbackground-attachment:scroll;\n}\n.avia-section.av-3flt-aeaf0f802829193bd134955d4b4ed5d1 .av-section-color-overlay{\nopacity:0.7;\nbackground-color:#ff6e00;\nbackground-image:url(https:\/\/web.sanjuan.gob.ar\/hospitalrawson\/wp-content\/themes\/enfold\/images\/background-images\/diagonal-bold-dark.png);\nbackground-repeat:repeat;\n}\n<\/style>\n<div id='av_section_1'  class='avia-section av-3flt-aeaf0f802829193bd134955d4b4ed5d1 main_color avia-section-default avia-no-border-styling  avia-builder-el-0  el_before_av_two_third  avia-builder-el-first  av-parallax-section avia-bg-style-parallax av-section-color-overlay-active container_wrap sidebar_right'  data-section-bg-repeat='no-repeat'><div class='av-parallax' data-avia-parallax-ratio='0.3' ><div class='av-parallax-inner main_color avia-full-stretch'><\/div><\/div><div class=\"av-section-color-overlay-wrap\"><div class=\"av-section-color-overlay\"><\/div><div class='container av-section-cont-open' ><main  role=\"main\" itemprop=\"mainContentOfPage\"  class='template-page content  av-content-small alpha units'><div class='post-entry post-entry-type-page post-entry-93'><div class='entry-content-wrapper clearfix'>\n\n<style type=\"text\/css\" data-created_by=\"avia_inline_auto\" id=\"style-css-av-m17xlr2h-fda6c7f9278aa2331932d2b8a88ebfc9\">\n#top .av-special-heading.av-m17xlr2h-fda6c7f9278aa2331932d2b8a88ebfc9{\npadding-bottom:10px;\ncolor:#ffffff;\n}\nbody .av-special-heading.av-m17xlr2h-fda6c7f9278aa2331932d2b8a88ebfc9 .av-special-heading-tag .heading-char{\nfont-size:25px;\n}\n.av-special-heading.av-m17xlr2h-fda6c7f9278aa2331932d2b8a88ebfc9 .special-heading-inner-border{\nborder-color:#ffffff;\n}\n.av-special-heading.av-m17xlr2h-fda6c7f9278aa2331932d2b8a88ebfc9 .av-subheading{\nfont-size:15px;\n}\n<\/style>\n<div  class='av-special-heading av-m17xlr2h-fda6c7f9278aa2331932d2b8a88ebfc9 av-special-heading-h1 custom-color-heading  avia-builder-el-1  avia-builder-el-no-sibling '><h1 class='av-special-heading-tag '  itemprop=\"headline\"  >Gesti\u00f3n de Calidad<\/h1><div class=\"special-heading-border\"><div class=\"special-heading-inner-border\"><\/div><\/div><\/div>\n<\/div><\/div><\/main><!-- close content main element --><\/div><\/div><\/div><div id='after_section_1'  class='main_color av_default_container_wrap container_wrap sidebar_right'  ><div class='container av-section-cont-open' ><div class='template-page content  av-content-small alpha units'><div class='post-entry post-entry-type-page post-entry-93'><div class='entry-content-wrapper clearfix'>\n\n<style type=\"text\/css\" data-created_by=\"avia_inline_auto\" id=\"style-css-av-1gvxh-26ac3ba01bef955bb7994fcd8522b386\">\n.flex_column.av-1gvxh-26ac3ba01bef955bb7994fcd8522b386{\nborder-radius:0px 0px 0px 0px;\npadding:0px 0px 0px 0px;\n}\n<\/style>\n<div  class='flex_column av-1gvxh-26ac3ba01bef955bb7994fcd8522b386 av_two_third  avia-builder-el-2  el_after_av_section  el_before_av_one_third  avia-builder-el-first  first flex_column_div av-zero-column-padding  '     ><p><section  class='av_textblock_section av-m17xscnu-cc9fe9acd0dc435a2ced99fc57c7bde5 '   itemscope=\"itemscope\" itemtype=\"https:\/\/schema.org\/CreativeWork\" ><div class='avia_textblock'  itemprop=\"text\" ><p>En la actualidad cada vez son m\u00e1s las organizaciones que buscan mediante la mejora continua de sus procesos, brindar productos y\/o servicios de\u00a0 Calidad.<br \/>\nEn el \u00e1rea de Salud no escapan a estas acciones, por lo que existe una pol\u00edtica de Gobierno en garantizar la calidad de prestaci\u00f3n de servicios a todos aquellos pacientes y familiares que concurren diariamente al Hospital.<br \/>\n<img loading=\"lazy\" decoding=\"async\" class=\"alignleft size-medium wp-image-520\" src=\"https:\/\/web.sanjuan.gob.ar\/hospitalrawson\/wp-content\/uploads\/sites\/24\/2024\/11\/Calidad-1-300x200.jpg\" alt=\"\" width=\"300\" height=\"200\" srcset=\"https:\/\/web.sanjuan.gob.ar\/hospitalrawson\/wp-content\/uploads\/sites\/24\/2024\/11\/Calidad-1-300x200.jpg 300w, https:\/\/web.sanjuan.gob.ar\/hospitalrawson\/wp-content\/uploads\/sites\/24\/2024\/11\/Calidad-1-1030x687.jpg 1030w, https:\/\/web.sanjuan.gob.ar\/hospitalrawson\/wp-content\/uploads\/sites\/24\/2024\/11\/Calidad-1-768x512.jpg 768w, https:\/\/web.sanjuan.gob.ar\/hospitalrawson\/wp-content\/uploads\/sites\/24\/2024\/11\/Calidad-1-1536x1025.jpg 1536w, https:\/\/web.sanjuan.gob.ar\/hospitalrawson\/wp-content\/uploads\/sites\/24\/2024\/11\/Calidad-1-2048x1367.jpg 2048w, https:\/\/web.sanjuan.gob.ar\/hospitalrawson\/wp-content\/uploads\/sites\/24\/2024\/11\/Calidad-1-1500x1001.jpg 1500w, https:\/\/web.sanjuan.gob.ar\/hospitalrawson\/wp-content\/uploads\/sites\/24\/2024\/11\/Calidad-1-705x470.jpg 705w\" sizes=\"auto, (max-width: 300px) 100vw, 300px\" \/>El Hospital Dr. Guillermo Rawson es unos de los primeros Hospitales P\u00fablicos del pa\u00eds en certificar en algunos Servicios bajo la <strong>norma ISO 9001<\/strong>, manteniendo un proceso de mejora continua desde el a\u00f1o 2006 a la actualidad ininterrumpidamente , donde se empez\u00f3 la con una etapa de sensibilizaci\u00f3n del personal en temas de Calidad.<br \/>\nTranscurrido un tiempo de la etapa de sensibilizaci\u00f3n, mediante el objetivo de lograr la mejora continua, es que se decide avanzar hac\u00eda una certificaci\u00f3n de Calidad bajo la Norma ISO 9001. Dicho objetivo de certificaci\u00f3n se logra durante el a\u00f1o 2009, con los servicios de Ingenier\u00eda Cl\u00ednica, Farmacia, Nutrici\u00f3n, Laboratorio Central, secci\u00f3n de Eco Cardiograf\u00eda e Instituto Provincial de Hemoterapia, bajo la certificaci\u00f3n de la empresa Internacional Bureau Veritas.<br \/>\nEn el a\u00f1o 2013 se logra la certificaci\u00f3n de Calidad de los servicios de Ingenier\u00eda Cl\u00ednica, Farmacia, Nutrici\u00f3n, Laboratorio Central, cambiando la empresa de certificaci\u00f3n internacional TUV Rheinland.<br \/>\nDurante el primer semestre del a\u00f1o 2014 se efectu\u00f3 una ampliaci\u00f3n del alcance de certificaci\u00f3n que incluy\u00f3 a los Servicios de IPHEM, Anatom\u00eda Patol\u00f3gica y el Departamento de Tesorer\u00eda (primer servicio administrativo en certificar).<br \/>\nDurante el a\u00f1o 2015 se logra la certificaci\u00f3n de Centro Quir\u00fargico:<br \/>\n1. Enfermer\u00eda de pacientes adultos para cirug\u00eda ambulatorio y unidad de recuperaci\u00f3n.<br \/>\n2. Coordinaci\u00f3n e instrumentaci\u00f3n, Nefrolog\u00eda: 1- Consultorio Externos, Hemodi\u00e1lisis y Di\u00e1lisis peritoneal<br \/>\nEn la actualidad el sistema de Gesti\u00f3n de la calidad se encuentra enfocado en la <strong>ampliaci\u00f3n de la certificaci\u00f3n ISO 9001<\/strong> en los sectores \u201cFonoaudiolog\u00eda y Resonancia Magn\u00e9tica\u201d, y en la estandarizaci\u00f3n de los procesos en otros diecis\u00e9is \u201cCirug\u00eda Pedi\u00e1trica, Maternidad, Divisi\u00f3n Enfermer\u00eda, Servicio M\u00e9dico de Urgencia, Servicio Social, Enfermer\u00eda Neonatolog\u00eda, Patrimonio, Mamograf\u00eda, Hemodinamia, Auditoria Medica, Infectolog\u00eda, Cl\u00ednica M\u00e9dica, Hematolog\u00eda, Estad\u00edstica, Ginecolog\u00eda, Neurolog\u00eda, Cirug\u00eda Cardiovascular.<br \/>\nCon la premisa y ante la necesidad de mejorar la atenci\u00f3n hacia los pacientes y familiares, la Direcci\u00f3n y el personal del hospital se encuentran comprometidos en la mejora continua de los procesos.<\/p>\n<div id=\"contentsContainer\" class=\"style-scope qowt-page\">\n<div id=\"contents\" class=\"style-scope qowt-page\">\n<p id=\"E213\" class=\"x-scope qowt-word-para-5\"><span id=\"E214\">En el marco de la pandemia por coronavirus, nuestro nosocomio fue el primer hospital p\u00fablico de Argentina en aprobar los procedimientos de certificaci\u00f3n del Sello IRAM de Protocolo COVID-19 verificado. Esta certificaci\u00f3n se otorga a las instituciones que generaron sus protocolos internos para prevenir, controlar y mitigar la pandemia COVID cumpliendo con el marco legal establecido por los gobiernos nacional y provincial, y las disposiciones vigentes del EDP IRAM 3820 (normas desarrolladas por expertos en la tem\u00e1tica).<\/span><\/p>\n<\/div>\n<\/div>\n<div id=\"pageBorders\" class=\"style-scope qowt-page\" contenteditable=\"false\"><\/div>\n<div id=\"contentsContainer\" class=\"style-scope qowt-page\">\n<div id=\"contents\" class=\"style-scope qowt-page\">\n<p id=\"E215\" class=\"x-scope qowt-word-para-5 x-scope qowt-word-para-5 x-scope qowt-word-para-5 x-scope qowt-word-para-5\"><span id=\"E216\">En el a\u00f1o 2022 y 2023 se colabor\u00f3 para la obtenci\u00f3n de la Etiqueta de Calidad en Diagn\u00f3stico Mamario por el Instituto Nacional del C\u00e1ncer, trabajando actualmente en la del 2024.<\/span><\/p>\n<p id=\"E217\" class=\"x-scope qowt-word-para-5\"><span id=\"E218\">En el a\u00f1o 2023 el Hospital recibi\u00f3 desde la Direcci\u00f3n Nacional de Calidad en Servicios de Salud y Regulaci\u00f3n Sanitaria el certificado como Establecimiento Comprometido con la Calidad \u2013 Nivel Avanzado, siendo en el tercero en alcanzarlo junto al Hospital \u00abProf. Dr. Juan P. Garrahan\u00bb y Hospital de Alta Complejidad en Red \u201cEl Cruce, Dr. N\u00e9stor Carlos Kirchner\u201d.<\/span><\/p>\n<p id=\"E220\" class=\"x-scope qowt-word-para-5\"><span id=\"E221\">Desde el 2023 se est\u00e1 trabajando en la implementaci\u00f3n de los requisitos para la certificaci\u00f3n del Instituto Nacional del C\u00e1ncer respecto a la Unidad de <\/span><span id=\"E223\">Oncohematolog\u00eda<\/span><span id=\"E225\"> Pedi\u00e1trica.<\/span><\/p>\n<p id=\"E226\" class=\"x-scope qowt-word-para-5\"><span id=\"E227\">Tambi\u00e9n se efectu\u00f3 la inscripci\u00f3n en la Estrategia de implementaci\u00f3n 2024 del Plan Nacional de Calidad en Salud del Ministerio de Salud de la Naci\u00f3n.<\/span><\/p>\n<\/div>\n<\/div>\n<\/div><\/section><br \/>\n<section  class='av_textblock_section av-m7iz6qdg-b793120a38bda5556600dd8b0e0dd4db '   itemscope=\"itemscope\" itemtype=\"https:\/\/schema.org\/CreativeWork\" ><div class='avia_textblock'  itemprop=\"text\" ><p><strong>Contacto<\/strong>: Tel\u00e9fono 4294700, Interno: 1107.<br \/>\n<strong>E-mail<\/strong>: calidadsgestion@gmail.com<\/p>\n<\/div><\/section><\/p><\/div>\n<style type=\"text\/css\" data-created_by=\"avia_inline_auto\" id=\"style-css-av-sr99-5da6d89004e71ffe1f716f13b36719c3\">\n.flex_column.av-sr99-5da6d89004e71ffe1f716f13b36719c3{\nborder-radius:10px 10px 10px 10px;\npadding:10px 10px 10px 10px;\nbackground-color:#f7f7f7;\n}\n<\/style>\n<div  class='flex_column av-sr99-5da6d89004e71ffe1f716f13b36719c3 av_one_third  avia-builder-el-5  el_after_av_two_third  avia-builder-el-last  flex_column_div  '     ><p>\n<style type=\"text\/css\" data-created_by=\"avia_inline_auto\" id=\"style-css-av-m17xx56x-f2baa4cbe7bdc1045b0a98ef8c77032c\">\n#top .av-special-heading.av-m17xx56x-f2baa4cbe7bdc1045b0a98ef8c77032c{\npadding-bottom:10px;\ncolor:#e03c31;\n}\nbody .av-special-heading.av-m17xx56x-f2baa4cbe7bdc1045b0a98ef8c77032c .av-special-heading-tag .heading-char{\nfont-size:25px;\n}\n.av-special-heading.av-m17xx56x-f2baa4cbe7bdc1045b0a98ef8c77032c .special-heading-inner-border{\nborder-color:#e03c31;\n}\n.av-special-heading.av-m17xx56x-f2baa4cbe7bdc1045b0a98ef8c77032c .av-subheading{\nfont-size:15px;\n}\n<\/style>\n<div  class='av-special-heading av-m17xx56x-f2baa4cbe7bdc1045b0a98ef8c77032c av-special-heading-h3 custom-color-heading blockquote modern-quote  avia-builder-el-6  el_before_av_textblock  avia-builder-el-first '><h3 class='av-special-heading-tag '  itemprop=\"headline\"  >Pol\u00edtica de la Calidad <\/h3><div class=\"special-heading-border\"><div class=\"special-heading-inner-border\"><\/div><\/div><\/div><br \/>\n<section  class='av_textblock_section av-m17xvjoz-909997f96469af7170fa227b50b74d58 '   itemscope=\"itemscope\" itemtype=\"https:\/\/schema.org\/CreativeWork\" ><div class='avia_textblock'  itemprop=\"text\" ><p>El Directorio del Hospital P\u00fablico Descentralizado Dr. Guillermo Rawson en la prestaci\u00f3n de servicios de salud, con un enfoque orientado a la prevenci\u00f3n, diagn\u00f3stico y recuperaci\u00f3n de la enfermedad, se compromete a:<\/p>\n<\/div><\/section><br \/>\n\n<style type=\"text\/css\" data-created_by=\"avia_inline_auto\" id=\"style-css-av-m17y6uv2-8607a7930955442f801175a2bd0e5b38\">\n#top .avia-icon-list-container.av-m17y6uv2-8607a7930955442f801175a2bd0e5b38 .iconlist_icon{\nbackground-color:#ff8200;\n}\n<\/style>\n<div  class='avia-icon-list-container av-m17y6uv2-8607a7930955442f801175a2bd0e5b38  avia-builder-el-8  el_after_av_textblock  avia-builder-el-last '><ul class='avia-icon-list avia_animate_when_almost_visible avia-icon-list-left av-iconlist-big av-m17y6uv2-8607a7930955442f801175a2bd0e5b38 avia-iconlist-animate'>\n<li><div class='iconlist_icon av-m17y18vx-acc955e70bfd90257d78143d1753c475 avia-font-entypo-fontello avia-iconfont avia-font-entypo-fontello'><span class='av-icon-char' data-av_icon='\ue812' data-av_iconfont='entypo-fontello' aria-hidden=\"true\"><\/span><\/div><article class=\"article-icon-entry \"  itemscope=\"itemscope\" itemtype=\"https:\/\/schema.org\/CreativeWork\" ><div class=\"iconlist_content_wrap\"><header class=\"entry-content-header\" aria-label=\"Icon: Cumplir\"><h4 class='av_iconlist_title iconlist_title  '  itemprop=\"headline\" >Cumplir<\/h4><\/header><div class='iconlist_content '  itemprop=\"text\" ><p>con los requisitos de los destinatarios tanto como los legales y reglamentarios aplicables.<\/p>\n<\/div><\/div><footer class=\"entry-footer\"><\/footer><\/article><div class=\"iconlist-timeline\"><\/div><\/li>\n<li><div class='iconlist_icon av-m17y346a-7c3111a11c00220399e52aab4e5f2ea3 avia-font-entypo-fontello avia-iconfont avia-font-entypo-fontello'><span class='av-icon-char' data-av_icon='\ue861' data-av_iconfont='entypo-fontello' aria-hidden=\"true\"><\/span><\/div><article class=\"article-icon-entry \"  itemscope=\"itemscope\" itemtype=\"https:\/\/schema.org\/CreativeWork\" ><div class=\"iconlist_content_wrap\"><header class=\"entry-content-header\" aria-label=\"Icon: Mejorar\"><h4 class='av_iconlist_title iconlist_title  '  itemprop=\"headline\" >Mejorar<\/h4><\/header><div class='iconlist_content '  itemprop=\"text\" ><p>continuamente la eficacia del Sistema de Gesti\u00f3n de la Calidad.<\/p>\n<\/div><\/div><footer class=\"entry-footer\"><\/footer><\/article><div class=\"iconlist-timeline\"><\/div><\/li>\n<li><div class='iconlist_icon av-m17y5joi-de76a3e59a4d766569927a6c0e591392 avia-font-entypo-fontello avia-iconfont avia-font-entypo-fontello'><span class='av-icon-char' data-av_icon='\ue84e' data-av_iconfont='entypo-fontello' aria-hidden=\"true\"><\/span><\/div><article class=\"article-icon-entry \"  itemscope=\"itemscope\" itemtype=\"https:\/\/schema.org\/CreativeWork\" ><div class=\"iconlist_content_wrap\"><header class=\"entry-content-header\" aria-label=\"Icon: Fomentar\"><h4 class='av_iconlist_title iconlist_title  '  itemprop=\"headline\" >Fomentar<\/h4><\/header><div class='iconlist_content '  itemprop=\"text\" ><p>la idoneidad y capacitaci\u00f3n del recurso humano, la celeridad del servicio a trav\u00e9s de una gesti\u00f3n efectiva y el an\u00e1lisis permanente de los diferentes resultados.<\/p>\n<\/div><\/div><footer class=\"entry-footer\"><\/footer><\/article><div class=\"iconlist-timeline\"><\/div><\/li>\n<\/ul><\/div><\/p><\/div><\/p>\n","protected":false},"excerpt":{"rendered":"","protected":false},"author":4,"featured_media":0,"parent":0,"menu_order":0,"comment_status":"closed","ping_status":"closed","template":"","meta":{"footnotes":""},"class_list":["post-93","page","type-page","status-publish","hentry"],"_links":{"self":[{"href":"https:\/\/web.sanjuan.gob.ar\/hospitalrawson\/wp-json\/wp\/v2\/pages\/93","targetHints":{"allow":["GET"]}}],"collection":[{"href":"https:\/\/web.sanjuan.gob.ar\/hospitalrawson\/wp-json\/wp\/v2\/pages"}],"about":[{"href":"https:\/\/web.sanjuan.gob.ar\/hospitalrawson\/wp-json\/wp\/v2\/types\/page"}],"author":[{"embeddable":true,"href":"https:\/\/web.sanjuan.gob.ar\/hospitalrawson\/wp-json\/wp\/v2\/users\/4"}],"replies":[{"embeddable":true,"href":"https:\/\/web.sanjuan.gob.ar\/hospitalrawson\/wp-json\/wp\/v2\/comments?post=93"}],"version-history":[{"count":3,"href":"https:\/\/web.sanjuan.gob.ar\/hospitalrawson\/wp-json\/wp\/v2\/pages\/93\/revisions"}],"predecessor-version":[{"id":733,"href":"https:\/\/web.sanjuan.gob.ar\/hospitalrawson\/wp-json\/wp\/v2\/pages\/93\/revisions\/733"}],"wp:attachment":[{"href":"https:\/\/web.sanjuan.gob.ar\/hospitalrawson\/wp-json\/wp\/v2\/media?parent=93"}],"curies":[{"name":"wp","href":"https:\/\/api.w.org\/{rel}","templated":true}]}}