{"id":24,"date":"2020-05-28T13:46:10","date_gmt":"2020-05-28T13:46:10","guid":{"rendered":"https:\/\/web.sanjuan.gob.ar\/iiee\/?page_id=24"},"modified":"2022-04-27T19:20:47","modified_gmt":"2022-04-27T19:20:47","slug":"inicio","status":"publish","type":"page","link":"https:\/\/web.sanjuan.gob.ar\/iiee\/","title":{"rendered":"Inicio"},"content":{"rendered":"<div class=\"wpb-content-wrapper\"><p>[vc_section full_width=\u00bbstretch_row_content\u00bb][vc_row css=\u00bb.vc_custom_1590673401847{background-color: #a31515 !important;}\u00bb][vc_column][vc_empty_space height=\u00bb140px\u00bb][vc_single_image image=\u00bb133&#8243; img_size=\u00bblarge\u00bb alignment=\u00bbcenter\u00bb css=\u00bb.vc_custom_1593179284942{padding-top: 15px !important;padding-right: 5px !important;padding-bottom: 15px !important;padding-left: 5px !important;background-color: #f7f7f7 !important;}\u00bb][vc_empty_space height=\u00bb20px\u00bb][vc_custom_heading text=\u00bbInformaci\u00f3n Estad\u00edstica de la Provincia de San Juan\u00bb font_container=\u00bbtag:h3|text_align:center|color:%23ffffff\u00bb google_fonts=\u00bbfont_family:Lato%3A100%2C100italic%2C300%2C300italic%2Cregular%2Citalic%2C700%2C700italic%2C900%2C900italic|font_style:900%20bold%20regular%3A900%3Anormal\u00bb css_animation=\u00bbfadeIn\u00bb][vc_empty_space height=\u00bb20px\u00bb][\/vc_column][\/vc_row][\/vc_section][vc_section css=\u00bb.vc_custom_1590674559985{background-color: #fff8e8 !important;}\u00bb][vc_row][vc_column width=\u00bb1\/3&#8243;][vc_cta h2=\u00bbPGB &#8211; Producto Geogr\u00e1fico Bruto\u00bb h2_font_container=\u00bbfont_size:20|line_height:3&#8243; h2_google_fonts=\u00bbfont_family:Lato%3A100%2C100italic%2C300%2C300italic%2Cregular%2Citalic%2C700%2C700italic%2C900%2C900italic|font_style:400%20regular%3A400%3Anormal\u00bb txt_align=\u00bbcenter\u00bb color=\u00bbblack\u00bb add_button=\u00bbbottom\u00bb btn_title=\u00bbVer Informaci\u00f3n\u00bb btn_color=\u00bbdanger\u00bb btn_size=\u00bblg\u00bb btn_align=\u00bbcenter\u00bb css_animation=\u00bbfadeIn\u00bb use_custom_fonts_h2=\u00bbtrue\u00bb btn_button_block=\u00bbtrue\u00bb css=\u00bb.vc_custom_1613581146316{padding-bottom: 15px !important;background-color: #ddd5be !important;}\u00bb btn_link=\u00bburl:https%3A%2F%2Fweb.sanjuan.gob.ar%2Fiiee%2Fwp-content%2Fuploads%2Fsites%2F9%2F2021%2F02%2FPBG-Publicacion-IIEE-Noviembre-2019-Web.pdf|target:_blank\u00bb][\/vc_cta][\/vc_column][vc_column width=\u00bb1\/3&#8243;][vc_cta h2=\u00bbIPCSJ &#8211; \u00cdndice de Precios al Consumidor San Juan\u00bb h2_font_container=\u00bbfont_size:20&#8243; h2_google_fonts=\u00bbfont_family:Lato%3A100%2C100italic%2C300%2C300italic%2Cregular%2Citalic%2C700%2C700italic%2C900%2C900italic|font_style:400%20regular%3A400%3Anormal\u00bb txt_align=\u00bbcenter\u00bb color=\u00bbblack\u00bb add_button=\u00bbbottom\u00bb btn_title=\u00bbVer Informaci\u00f3n\u00bb btn_color=\u00bbdanger\u00bb btn_size=\u00bblg\u00bb btn_align=\u00bbcenter\u00bb css_animation=\u00bbfadeIn\u00bb use_custom_fonts_h2=\u00bbtrue\u00bb btn_button_block=\u00bbtrue\u00bb css=\u00bb.vc_custom_1592574756253{background-color: #ddd5be !important;}\u00bb btn_link=\u00bburl:https%3A%2F%2Fweb.sanjuan.gob.ar%2Fiiee%2Fipc%2F|title:IPC|target:%20_blank|\u00bb][\/vc_cta][\/vc_column][vc_column width=\u00bb1\/3&#8243;][vc_cta h2=\u00bbIVCC &#8211; \u00cdndice de Variaci\u00f3n del Costo de la Construcci\u00f3n\u00bb h2_font_container=\u00bbfont_size:20&#8243; h2_google_fonts=\u00bbfont_family:Lato%3A100%2C100italic%2C300%2C300italic%2Cregular%2Citalic%2C700%2C700italic%2C900%2C900italic|font_style:400%20regular%3A400%3Anormal\u00bb txt_align=\u00bbcenter\u00bb color=\u00bbblack\u00bb add_button=\u00bbbottom\u00bb btn_title=\u00bbVer Informaci\u00f3n\u00bb btn_color=\u00bbdanger\u00bb btn_size=\u00bblg\u00bb btn_align=\u00bbcenter\u00bb css_animation=\u00bbfadeIn\u00bb use_custom_fonts_h2=\u00bbtrue\u00bb btn_button_block=\u00bbtrue\u00bb css=\u00bb.vc_custom_1592574770962{background-color: #ddd5be !important;}\u00bb btn_link=\u00bburl:https%3A%2F%2Fweb.sanjuan.gob.ar%2Fiiee%2Fivcc%2F|title:IVCC|target:%20_blank|\u00bb][\/vc_cta][\/vc_column][\/vc_row][\/vc_section][vc_row][vc_column][vc_column_text css=\u00bb.vc_custom_1651087235315{margin-top: 20px !important;border-top-width: 5px !important;border-right-width: 5px !important;border-bottom-width: 5px !important;border-left-width: 5px !important;}\u00bb]<\/p>\n<h4 style=\"text-align: center;\">Informes Nacionales<\/h4>\n<p>[\/vc_column_text][vc_single_image image=\u00bb247&#8243; img_size=\u00bbmedium\u00bb alignment=\u00bbcenter\u00bb css=\u00bb.vc_custom_1651086681758{margin-top: 20px !important;}\u00bb][vc_column_text]<\/p>\n<p style=\"text-align: center;\"><a href=\"https:\/\/www.indec.gob.ar\/indec\/web\/Institucional-Indec-InformesTecnicos-152\">\u2192 \u00cdndice de Pobreza<\/a><\/p>\n<p style=\"text-align: center;\"><a href=\"https:\/\/www.indec.gob.ar\/indec\/web\/Institucional-Indec-InformesTecnicos-58\">\u2192 Mercado de Trabajo<\/a><\/p>\n<p>[\/vc_column_text][\/vc_column][\/vc_row]<\/p>\n<\/div>","protected":false},"excerpt":{"rendered":"<p>[vc_section full_width=\u00bbstretch_row_content\u00bb][vc_row css=\u00bb.vc_custom_1590673401847{background-color: #a31515 !important;}\u00bb][vc_column][vc_empty_space height=\u00bb140px\u00bb][vc_single_image image=\u00bb133&#8243; img_size=\u00bblarge\u00bb alignment=\u00bbcenter\u00bb css=\u00bb.vc_custom_1593179284942{padding-top: 15px !important;padding-right: 5px !important;padding-bottom: 15px !important;padding-left: 5px !important;background-color: #f7f7f7 !important;}\u00bb][vc_empty_space height=\u00bb20px\u00bb][vc_custom_heading text=\u00bbInformaci\u00f3n Estad\u00edstica de la Provincia de San Juan\u00bb font_container=\u00bbtag:h3|text_align:center|color:%23ffffff\u00bb google_fonts=\u00bbfont_family:Lato%3A100%2C100italic%2C300%2C300italic%2Cregular%2Citalic%2C700%2C700italic%2C900%2C900italic|font_style:900%20bold%20regular%3A900%3Anormal\u00bb css_animation=\u00bbfadeIn\u00bb][vc_empty_space height=\u00bb20px\u00bb][\/vc_column][\/vc_row][\/vc_section][vc_section css=\u00bb.vc_custom_1590674559985{background-color: #fff8e8 !important;}\u00bb][vc_row][vc_column width=\u00bb1\/3&#8243;][vc_cta h2=\u00bbPGB &#8211; Producto Geogr\u00e1fico Bruto\u00bb h2_font_container=\u00bbfont_size:20|line_height:3&#8243; h2_google_fonts=\u00bbfont_family:Lato%3A100%2C100italic%2C300%2C300italic%2Cregular%2Citalic%2C700%2C700italic%2C900%2C900italic|font_style:400%20regular%3A400%3Anormal\u00bb txt_align=\u00bbcenter\u00bb color=\u00bbblack\u00bb add_button=\u00bbbottom\u00bb btn_title=\u00bbVer Informaci\u00f3n\u00bb btn_color=\u00bbdanger\u00bb btn_size=\u00bblg\u00bb btn_align=\u00bbcenter\u00bb css_animation=\u00bbfadeIn\u00bb use_custom_fonts_h2=\u00bbtrue\u00bb btn_button_block=\u00bbtrue\u00bb [&hellip;]<\/p>\n","protected":false},"author":4,"featured_media":0,"parent":0,"menu_order":0,"comment_status":"closed","ping_status":"closed","template":"","meta":{"site-sidebar-layout":"no-sidebar","site-content-layout":"plain-container","ast-site-content-layout":"default","site-content-style":"default","site-sidebar-style":"default","ast-global-header-display":"","ast-banner-title-visibility":"","ast-main-header-display":"","ast-hfb-above-header-display":"","ast-hfb-below-header-display":"","ast-hfb-mobile-header-display":"","site-post-title":"disabled","ast-breadcrumbs-content":"disabled","ast-featured-img":"disabled","footer-sml-layout":"","ast-disable-related-posts":"","theme-transparent-header-meta":"default","adv-header-id-meta":"","stick-header-meta":"","header-above-stick-meta":"","header-main-stick-meta":"","header-below-stick-meta":"","astra-migrate-meta-layouts":"default","ast-page-background-enabled":"default","ast-page-background-meta":{"desktop":{"background-color":"","background-image":"","background-repeat":"repeat","background-position":"center center","background-size":"auto","background-attachment":"scroll","background-type":"","background-media":"","overlay-type":"","overlay-color":"","overlay-opacity":"","overlay-gradient":""},"tablet":{"background-color":"","background-image":"","background-repeat":"repeat","background-position":"center center","background-size":"auto","background-attachment":"scroll","background-type":"","background-media":"","overlay-type":"","overlay-color":"","overlay-opacity":"","overlay-gradient":""},"mobile":{"background-color":"","background-image":"","background-repeat":"repeat","background-position":"center center","background-size":"auto","background-attachment":"scroll","background-type":"","background-media":"","overlay-type":"","overlay-color":"","overlay-opacity":"","overlay-gradient":""}},"ast-content-background-meta":{"desktop":{"background-color":"var(--ast-global-color-5)","background-image":"","background-repeat":"repeat","background-position":"center center","background-size":"auto","background-attachment":"scroll","background-type":"","background-media":"","overlay-type":"","overlay-color":"","overlay-opacity":"","overlay-gradient":""},"tablet":{"background-color":"var(--ast-global-color-5)","background-image":"","background-repeat":"repeat","background-position":"center center","background-size":"auto","background-attachment":"scroll","background-type":"","background-media":"","overlay-type":"","overlay-color":"","overlay-opacity":"","overlay-gradient":""},"mobile":{"background-color":"var(--ast-global-color-5)","background-image":"","background-repeat":"repeat","background-position":"center center","background-size":"auto","background-attachment":"scroll","background-type":"","background-media":"","overlay-type":"","overlay-color":"","overlay-opacity":"","overlay-gradient":""}},"footnotes":""},"class_list":["post-24","page","type-page","status-publish","hentry"],"_links":{"self":[{"href":"https:\/\/web.sanjuan.gob.ar\/iiee\/wp-json\/wp\/v2\/pages\/24","targetHints":{"allow":["GET"]}}],"collection":[{"href":"https:\/\/web.sanjuan.gob.ar\/iiee\/wp-json\/wp\/v2\/pages"}],"about":[{"href":"https:\/\/web.sanjuan.gob.ar\/iiee\/wp-json\/wp\/v2\/types\/page"}],"author":[{"embeddable":true,"href":"https:\/\/web.sanjuan.gob.ar\/iiee\/wp-json\/wp\/v2\/users\/4"}],"replies":[{"embeddable":true,"href":"https:\/\/web.sanjuan.gob.ar\/iiee\/wp-json\/wp\/v2\/comments?post=24"}],"version-history":[{"count":5,"href":"https:\/\/web.sanjuan.gob.ar\/iiee\/wp-json\/wp\/v2\/pages\/24\/revisions"}],"predecessor-version":[{"id":493,"href":"https:\/\/web.sanjuan.gob.ar\/iiee\/wp-json\/wp\/v2\/pages\/24\/revisions\/493"}],"wp:attachment":[{"href":"https:\/\/web.sanjuan.gob.ar\/iiee\/wp-json\/wp\/v2\/media?parent=24"}],"curies":[{"name":"wp","href":"https:\/\/api.w.org\/{rel}","templated":true}]}}