{"id":1007,"date":"2025-02-27T12:06:56","date_gmt":"2025-02-27T15:06:56","guid":{"rendered":"https:\/\/web.sanjuan.gob.ar\/ipeem\/?page_id=1007"},"modified":"2025-02-27T12:06:56","modified_gmt":"2025-02-27T15:06:56","slug":"sayanca","status":"publish","type":"page","link":"https:\/\/web.sanjuan.gob.ar\/ipeem\/?page_id=1007","title":{"rendered":"Sayanca"},"content":{"rendered":"\n<style type=\"text\/css\" data-created_by=\"avia_inline_auto\" id=\"style-css-av-kqcgji8c-302e5e86400010cbbc35f3e04d4ce0e4\">\n.avia-section.av-kqcgji8c-302e5e86400010cbbc35f3e04d4ce0e4 .av-parallax .av-parallax-inner{\nbackground-repeat:no-repeat;\nbackground-image:url(https:\/\/web.sanjuan.gob.ar\/ipeem\/wp-content\/uploads\/sites\/13\/2021\/06\/WEB-IPEEM-13-1-37.jpg);\nbackground-position:50% 50%;\nbackground-attachment:scroll;\n}\n<\/style>\n<div id='av_section_1'  class='avia-section av-kqcgji8c-302e5e86400010cbbc35f3e04d4ce0e4 main_color avia-section-default avia-no-border-styling  avia-builder-el-0  el_before_av_one_half  avia-builder-el-first  av-parallax-section avia-bg-style-parallax av-minimum-height av-minimum-height-25 av-height-25  container_wrap sidebar_right'  data-section-bg-repeat='no-repeat' data-av_minimum_height_pc='25' data-av_min_height_opt='25'><div class='av-parallax' data-avia-parallax-ratio='0.3' ><div class='av-parallax-inner main_color avia-full-stretch'><\/div><\/div><div class='container av-section-cont-open' ><main  role=\"main\" itemprop=\"mainContentOfPage\"  class='template-page content  av-content-small alpha units'><div class='post-entry post-entry-type-page post-entry-1007'><div class='entry-content-wrapper clearfix'>\n\n<style type=\"text\/css\" data-created_by=\"avia_inline_auto\" id=\"style-css-av-dd3l2-ec7a65626e2ebfe3ad66f6913182fbe0\">\n.flex_column.av-dd3l2-ec7a65626e2ebfe3ad66f6913182fbe0{\nborder-radius:15px 15px 15px 15px;\npadding:20px 20px 20px 20px;\nbackground:url(https:\/\/web.sanjuan.gob.ar\/ipeem\/wp-content\/uploads\/sites\/13\/2021\/07\/trans2.png) 0% 0% repeat scroll ;\n}\n<\/style>\n<div  class='flex_column av-dd3l2-ec7a65626e2ebfe3ad66f6913182fbe0 av_one_third  avia-builder-el-1  avia-builder-el-no-sibling  first flex_column_div  '     ><p>\n<style type=\"text\/css\" data-created_by=\"avia_inline_auto\" id=\"style-css-av-7f9a6-8ce36fe69f8eaecb651bd9f746896461\">\n#top .av-special-heading.av-7f9a6-8ce36fe69f8eaecb651bd9f746896461{\npadding-bottom:10px;\ncolor:#ffffff;\n}\nbody .av-special-heading.av-7f9a6-8ce36fe69f8eaecb651bd9f746896461 .av-special-heading-tag .heading-char{\nfont-size:25px;\n}\n.av-special-heading.av-7f9a6-8ce36fe69f8eaecb651bd9f746896461 .special-heading-inner-border{\nborder-color:#ffffff;\n}\n.av-special-heading.av-7f9a6-8ce36fe69f8eaecb651bd9f746896461 .av-subheading{\nfont-size:15px;\n}\n<\/style>\n<div  class='av-special-heading av-7f9a6-8ce36fe69f8eaecb651bd9f746896461 av-special-heading-h4 custom-color-heading blockquote modern-quote  avia-builder-el-2  el_before_av_heading  avia-builder-el-first '><h4 class='av-special-heading-tag '  itemprop=\"headline\"  >\u00c1rea Minera<\/h4><div class=\"special-heading-border\"><div class=\"special-heading-inner-border\"><\/div><\/div><\/div><br \/>\n\n<style type=\"text\/css\" data-created_by=\"avia_inline_auto\" id=\"style-css-av-kqcg8ih9-2157da835a93dfb0045791f626713cfc\">\n#top .av-special-heading.av-kqcg8ih9-2157da835a93dfb0045791f626713cfc{\npadding-bottom:10px;\ncolor:#edae44;\n}\nbody .av-special-heading.av-kqcg8ih9-2157da835a93dfb0045791f626713cfc .av-special-heading-tag .heading-char{\nfont-size:25px;\n}\n.av-special-heading.av-kqcg8ih9-2157da835a93dfb0045791f626713cfc .special-heading-inner-border{\nborder-color:#edae44;\n}\n.av-special-heading.av-kqcg8ih9-2157da835a93dfb0045791f626713cfc .av-subheading{\nfont-size:15px;\n}\n<\/style>\n<div  class='av-special-heading av-kqcg8ih9-2157da835a93dfb0045791f626713cfc av-special-heading-h1 custom-color-heading blockquote modern-quote  avia-builder-el-3  el_after_av_heading  avia-builder-el-last '><h1 class='av-special-heading-tag '  itemprop=\"headline\"  >SAYANCA<\/h1><div class=\"special-heading-border\"><div class=\"special-heading-inner-border\"><\/div><\/div><\/div><\/p><\/div><\/div><\/div><\/main><!-- close content main element --><\/div><\/div><div id='after_section_1'  class='main_color av_default_container_wrap container_wrap sidebar_right'  ><div class='container av-section-cont-open' ><div class='template-page content  av-content-small alpha units'><div class='post-entry post-entry-type-page post-entry-1007'><div class='entry-content-wrapper clearfix'>\n<style type=\"text\/css\" data-created_by=\"avia_inline_auto\" id=\"style-css-av-p8dj2-c58052cc1fba19ee60f1db9d1f4de4c9\">\n.flex_column.av-p8dj2-c58052cc1fba19ee60f1db9d1f4de4c9{\nborder-radius:0px 0px 0px 0px;\npadding:0px 0px 0px 0px;\n}\n<\/style>\n<div  class='flex_column av-p8dj2-c58052cc1fba19ee60f1db9d1f4de4c9 av_one_half  avia-builder-el-4  el_after_av_section  el_before_av_one_half  avia-builder-el-first  first flex_column_div av-zero-column-padding  '     ><section  class='av_textblock_section av-kqcgajz5-5bff6eb5b9c9dd590630a3457f58f48d '   itemscope=\"itemscope\" itemtype=\"https:\/\/schema.org\/CreativeWork\" ><div class='avia_textblock'  itemprop=\"text\" ><h3><strong>El proyecto \u00c1rea N\u00b0 4 Sayanca es colindante al proyecto minero Nacimiento, ex Agua Blanca. Se ubica en provincia geol\u00f3gica de Cordillera Frontal, en el departamento de Iglesia.\u00a0<\/strong><\/h3>\n<\/div><\/section><br \/>\n<section  class='av_textblock_section av-kqcgc49g-6733ec173c1029c50884a77655163c35 '   itemscope=\"itemscope\" itemtype=\"https:\/\/schema.org\/CreativeWork\" ><div class='avia_textblock'  itemprop=\"text\" ><h5>La propiedad minera se encuentra aproximadamente a unos 260 km al noroeste de la cuidad de San Juan. En el sector, las unidades m\u00e1s antiguas est\u00e1n representadas por rocas sedimentarias del Carbon\u00edfero superior y por el basamento granodior\u00edtico del P\u00e9rmico inferior, cubierto por secuencias volc\u00e1no sedimentarias depositadas entre el Paleoceno y Mioceno Medio superior. Las unidades intrusivas responsables de los sistemas hidrotermales en el sector son asignadas al Eoceno Mioceno. En el sector de identifican sistemas hidrotermales tipo p\u00f3rfido de Cu con sobreimposici\u00f3n de sistemas epitermales de alta sulfuraci\u00f3n<\/h5>\n<\/div><\/section><\/p><\/div>\n<style type=\"text\/css\" data-created_by=\"avia_inline_auto\" id=\"style-css-av-l4hge-e300facaa39f152d93b05babd938e970\">\n.flex_column.av-l4hge-e300facaa39f152d93b05babd938e970{\nborder-radius:0px 0px 0px 0px;\npadding:0px 0px 0px 0px;\n}\n<\/style>\n<div  class='flex_column av-l4hge-e300facaa39f152d93b05babd938e970 av_one_half  avia-builder-el-7  el_after_av_one_half  avia-builder-el-last  flex_column_div av-zero-column-padding  '     ><p>\n<style type=\"text\/css\" data-created_by=\"avia_inline_auto\" id=\"style-css-av-fcg9a-eb87517076b7fe3a4a1f0d821882a297\">\n.avia-image-container.av-fcg9a-eb87517076b7fe3a4a1f0d821882a297 img.avia_image{\nbox-shadow:none;\n}\n.avia-image-container.av-fcg9a-eb87517076b7fe3a4a1f0d821882a297 .av-image-caption-overlay-center{\ncolor:#ffffff;\n}\n<\/style>\n<div  class='avia-image-container av-fcg9a-eb87517076b7fe3a4a1f0d821882a297 av-styling- avia-align-center  avia-builder-el-8  el_before_av_image  avia-builder-el-first '   itemprop=\"image\" itemscope=\"itemscope\" itemtype=\"https:\/\/schema.org\/ImageObject\" ><div class=\"avia-image-container-inner\"><div class=\"avia-image-overlay-wrap\"><img decoding=\"async\" fetchpriority=\"high\" class='wp-image-1008 avia-img-lazy-loading-not-1008 avia_image ' src=\"https:\/\/web.sanjuan.gob.ar\/ipeem\/wp-content\/uploads\/sites\/13\/2025\/02\/sayanca1.jpg\" alt='' title='sayanca1'  height=\"681\" width=\"979\"  itemprop=\"thumbnailUrl\" srcset=\"https:\/\/web.sanjuan.gob.ar\/ipeem\/wp-content\/uploads\/sites\/13\/2025\/02\/sayanca1.jpg 979w, https:\/\/web.sanjuan.gob.ar\/ipeem\/wp-content\/uploads\/sites\/13\/2025\/02\/sayanca1-300x209.jpg 300w, https:\/\/web.sanjuan.gob.ar\/ipeem\/wp-content\/uploads\/sites\/13\/2025\/02\/sayanca1-768x534.jpg 768w, https:\/\/web.sanjuan.gob.ar\/ipeem\/wp-content\/uploads\/sites\/13\/2025\/02\/sayanca1-705x490.jpg 705w\" sizes=\"(max-width: 979px) 100vw, 979px\" \/><\/div><\/div><\/div><br \/>\n\n<style type=\"text\/css\" data-created_by=\"avia_inline_auto\" id=\"style-css-av-126da-005d0b156ef1c20bb6309bdc740e4c6e\">\n.avia-image-container.av-126da-005d0b156ef1c20bb6309bdc740e4c6e img.avia_image{\nbox-shadow:none;\n}\n.avia-image-container.av-126da-005d0b156ef1c20bb6309bdc740e4c6e .av-image-caption-overlay-center{\ncolor:#ffffff;\n}\n<\/style>\n<div  class='avia-image-container av-126da-005d0b156ef1c20bb6309bdc740e4c6e av-styling- avia-align-center  avia-builder-el-9  el_after_av_image  avia-builder-el-last '   itemprop=\"image\" itemscope=\"itemscope\" itemtype=\"https:\/\/schema.org\/ImageObject\" ><div class=\"avia-image-container-inner\"><div class=\"avia-image-overlay-wrap\"><img decoding=\"async\" fetchpriority=\"high\" class='wp-image-1009 avia-img-lazy-loading-not-1009 avia_image ' src=\"https:\/\/web.sanjuan.gob.ar\/ipeem\/wp-content\/uploads\/sites\/13\/2025\/02\/sayanca2.jpg\" alt='' title='sayanca2'  height=\"694\" width=\"979\"  itemprop=\"thumbnailUrl\" srcset=\"https:\/\/web.sanjuan.gob.ar\/ipeem\/wp-content\/uploads\/sites\/13\/2025\/02\/sayanca2.jpg 979w, https:\/\/web.sanjuan.gob.ar\/ipeem\/wp-content\/uploads\/sites\/13\/2025\/02\/sayanca2-300x213.jpg 300w, https:\/\/web.sanjuan.gob.ar\/ipeem\/wp-content\/uploads\/sites\/13\/2025\/02\/sayanca2-768x544.jpg 768w, https:\/\/web.sanjuan.gob.ar\/ipeem\/wp-content\/uploads\/sites\/13\/2025\/02\/sayanca2-260x185.jpg 260w, https:\/\/web.sanjuan.gob.ar\/ipeem\/wp-content\/uploads\/sites\/13\/2025\/02\/sayanca2-705x500.jpg 705w\" sizes=\"(max-width: 979px) 100vw, 979px\" \/><\/div><\/div><\/div><\/p><\/div><\/p>\n","protected":false},"excerpt":{"rendered":"","protected":false},"author":4,"featured_media":0,"parent":0,"menu_order":0,"comment_status":"closed","ping_status":"closed","template":"","meta":{"footnotes":""},"class_list":["post-1007","page","type-page","status-publish","hentry"],"_links":{"self":[{"href":"https:\/\/web.sanjuan.gob.ar\/ipeem\/index.php?rest_route=\/wp\/v2\/pages\/1007","targetHints":{"allow":["GET"]}}],"collection":[{"href":"https:\/\/web.sanjuan.gob.ar\/ipeem\/index.php?rest_route=\/wp\/v2\/pages"}],"about":[{"href":"https:\/\/web.sanjuan.gob.ar\/ipeem\/index.php?rest_route=\/wp\/v2\/types\/page"}],"author":[{"embeddable":true,"href":"https:\/\/web.sanjuan.gob.ar\/ipeem\/index.php?rest_route=\/wp\/v2\/users\/4"}],"replies":[{"embeddable":true,"href":"https:\/\/web.sanjuan.gob.ar\/ipeem\/index.php?rest_route=%2Fwp%2Fv2%2Fcomments&post=1007"}],"version-history":[{"count":2,"href":"https:\/\/web.sanjuan.gob.ar\/ipeem\/index.php?rest_route=\/wp\/v2\/pages\/1007\/revisions"}],"predecessor-version":[{"id":1011,"href":"https:\/\/web.sanjuan.gob.ar\/ipeem\/index.php?rest_route=\/wp\/v2\/pages\/1007\/revisions\/1011"}],"wp:attachment":[{"href":"https:\/\/web.sanjuan.gob.ar\/ipeem\/index.php?rest_route=%2Fwp%2Fv2%2Fmedia&parent=1007"}],"curies":[{"name":"wp","href":"https:\/\/api.w.org\/{rel}","templated":true}]}}