{"id":1044,"date":"2025-12-12T09:31:50","date_gmt":"2025-12-12T12:31:50","guid":{"rendered":"https:\/\/web.sanjuan.gob.ar\/ipeem\/?page_id=1044"},"modified":"2025-12-17T08:27:18","modified_gmt":"2025-12-17T11:27:18","slug":"proximas-licitaciones","status":"publish","type":"page","link":"https:\/\/web.sanjuan.gob.ar\/ipeem\/?page_id=1044","title":{"rendered":"Pr\u00f3ximas Licitaciones"},"content":{"rendered":"\n<style type=\"text\/css\" data-created_by=\"avia_inline_auto\" id=\"style-css-av-kt1oavjv-d736a56f46b3ecb453fce83f99ebc8b2\">\n.avia-section.av-kt1oavjv-d736a56f46b3ecb453fce83f99ebc8b2 .av-parallax .av-parallax-inner{\nbackground-repeat:no-repeat;\nbackground-image:url(https:\/\/web.sanjuan.gob.ar\/ipeem\/wp-content\/uploads\/sites\/13\/2023\/10\/san-juan-montana.jpg);\nbackground-position:50% 50%;\nbackground-attachment:scroll;\n}\n<\/style>\n<div id='av_section_1'  class='avia-section av-kt1oavjv-d736a56f46b3ecb453fce83f99ebc8b2 main_color avia-section-default avia-no-border-styling  avia-builder-el-0  el_before_av_section  avia-builder-el-first  av-parallax-section avia-bg-style-parallax av-minimum-height av-minimum-height-30 av-height-percent  container_wrap sidebar_right'  data-section-bg-repeat='no-repeat' data-av_minimum_height_pc='30' data-av_min_height_opt='percent'><div class='av-parallax' data-avia-parallax-ratio='0.3' ><div class='av-parallax-inner main_color avia-full-stretch'><\/div><\/div><div class='container av-section-cont-open' ><main  role=\"main\" itemprop=\"mainContentOfPage\"  class='template-page content  av-content-small alpha units'><div class='post-entry post-entry-type-page post-entry-1044'><div class='entry-content-wrapper clearfix'>\n\n<style type=\"text\/css\" data-created_by=\"avia_inline_auto\" id=\"style-css-av-nu4u-5fe82567295913f8996d7b46abf82b55\">\n.flex_column.av-nu4u-5fe82567295913f8996d7b46abf82b55{\nborder-radius:15px 15px 15px 15px;\npadding:20px 20px 20px 20px;\nbackground:url(https:\/\/web.sanjuan.gob.ar\/ipeem\/wp-content\/uploads\/sites\/13\/2021\/07\/trans2.png) 0% 0% repeat scroll ;\n}\n<\/style>\n<div  class='flex_column av-nu4u-5fe82567295913f8996d7b46abf82b55 av_two_fifth  avia-builder-el-1  avia-builder-el-no-sibling  first flex_column_div  '     ><style type=\"text\/css\" data-created_by=\"avia_inline_auto\" id=\"style-css-av-kt1oje6i-8d99cb0b8c2ac540d39b37287a25f6fe\">\n#top .av-special-heading.av-kt1oje6i-8d99cb0b8c2ac540d39b37287a25f6fe{\npadding-bottom:10px;\ncolor:#ffffff;\n}\nbody .av-special-heading.av-kt1oje6i-8d99cb0b8c2ac540d39b37287a25f6fe .av-special-heading-tag .heading-char{\nfont-size:25px;\n}\n.av-special-heading.av-kt1oje6i-8d99cb0b8c2ac540d39b37287a25f6fe .special-heading-inner-border{\nborder-color:#ffffff;\n}\n.av-special-heading.av-kt1oje6i-8d99cb0b8c2ac540d39b37287a25f6fe .av-subheading{\nfont-size:15px;\n}\n<\/style>\n<div  class='av-special-heading av-kt1oje6i-8d99cb0b8c2ac540d39b37287a25f6fe av-special-heading-h1 custom-color-heading blockquote modern-quote  avia-builder-el-2  avia-builder-el-no-sibling '><h1 class='av-special-heading-tag '  itemprop=\"headline\"  >Pr\u00f3xima Licitaci\u00f3n de \u00c1reas del IPEEM<\/h1><div class=\"special-heading-border\"><div class=\"special-heading-inner-border\"><\/div><\/div><\/div><\/div>\n\n<\/div><\/div><\/main><!-- close content main element --><\/div><\/div><div id='av_section_2'  class='avia-section av-1ow406-affb23e9698358bb276dffedf2c69bf9 main_color avia-section-default avia-no-border-styling  avia-builder-el-3  el_after_av_section  el_before_av_section  avia-bg-style-scroll container_wrap sidebar_right'  ><div class='container av-section-cont-open' ><div class='template-page content  av-content-small alpha units'><div class='post-entry post-entry-type-page post-entry-1044'><div class='entry-content-wrapper clearfix'>\n\n<style type=\"text\/css\" data-created_by=\"avia_inline_auto\" id=\"style-css-av-c4u0om-9d3ef9f349330b594f68a04098d8d2a7\">\n#top .av-special-heading.av-c4u0om-9d3ef9f349330b594f68a04098d8d2a7{\npadding-bottom:10px;\n}\nbody .av-special-heading.av-c4u0om-9d3ef9f349330b594f68a04098d8d2a7 .av-special-heading-tag .heading-char{\nfont-size:25px;\n}\n.av-special-heading.av-c4u0om-9d3ef9f349330b594f68a04098d8d2a7 .av-subheading{\nfont-size:15px;\n}\n<\/style>\n<div  class='av-special-heading av-c4u0om-9d3ef9f349330b594f68a04098d8d2a7 av-special-heading-h3 blockquote modern-quote modern-centered  avia-builder-el-4  el_before_av_image_hotspot  avia-builder-el-no-sibling '><h3 class='av-special-heading-tag '  itemprop=\"headline\"  >Haga click en el \u00e1rea de su inter\u00e9s para bajar el archivo pdf con las caracter\u00edsticas de la misma.<\/h3><div class=\"special-heading-border\"><div class=\"special-heading-inner-border\"><\/div><\/div><\/div>\n\n<style type=\"text\/css\" data-created_by=\"avia_inline_auto\" id=\"style-css-sub-av-kusb553l-5864ecce63afaffca3e3c85fb768e7fc\">\n.av-hotspot-image-container .av-image-hotspot.av-1l9k5q-b8861d8901469a143e8f1ac99741e10a{\ntop:8%;\nleft:27.2%;\n}\n.av-hotspot-image-container .av-image-hotspot.av-1l9k5q-b8861d8901469a143e8f1ac99741e10a .av-image-hotspot_inner{\nbackground-color:#efcd21;\ncolor:#000000;\n}\n.av-hotspot-image-container .av-image-hotspot.av-1l9k5q-b8861d8901469a143e8f1ac99741e10a .av-image-hotspot-pulse{\nbackground-color:#ffffff;\n}\n.av-hotspot-image-container .av-image-hotspot.av-1l9k5q-48-63645a524b372ada463fdf98e61cee9f{\ntop:14.2%;\nleft:40.5%;\n}\n.av-hotspot-image-container .av-image-hotspot.av-1l9k5q-48-63645a524b372ada463fdf98e61cee9f .av-image-hotspot_inner{\nbackground-color:#efcd21;\ncolor:#000000;\n}\n.av-hotspot-image-container .av-image-hotspot.av-1l9k5q-48-63645a524b372ada463fdf98e61cee9f .av-image-hotspot-pulse{\nbackground-color:#ffffff;\n}\n.av-hotspot-image-container .av-image-hotspot.av-1l9k5q-47-f17ce95d7cf8f4d4585b21f97571ffa1{\ntop:17.3%;\nleft:23.2%;\n}\n.av-hotspot-image-container .av-image-hotspot.av-1l9k5q-47-f17ce95d7cf8f4d4585b21f97571ffa1 .av-image-hotspot_inner{\nbackground-color:#efcd21;\ncolor:#000000;\n}\n.av-hotspot-image-container .av-image-hotspot.av-1l9k5q-47-f17ce95d7cf8f4d4585b21f97571ffa1 .av-image-hotspot-pulse{\nbackground-color:#ffffff;\n}\n.av-hotspot-image-container .av-image-hotspot.av-1l9k5q-46-f873482dd0c2ea51fc7b33a1cf342287{\ntop:22.9%;\nleft:17.7%;\n}\n.av-hotspot-image-container .av-image-hotspot.av-1l9k5q-46-f873482dd0c2ea51fc7b33a1cf342287 .av-image-hotspot_inner{\nbackground-color:#efcd21;\ncolor:#000000;\n}\n.av-hotspot-image-container .av-image-hotspot.av-1l9k5q-46-f873482dd0c2ea51fc7b33a1cf342287 .av-image-hotspot-pulse{\nbackground-color:#ffffff;\n}\n.av-hotspot-image-container .av-image-hotspot.av-1l9k5q-45-1d92a94fa2af33914f1e7a5609b99474{\ntop:31.1%;\nleft:28.7%;\n}\n.av-hotspot-image-container .av-image-hotspot.av-1l9k5q-45-1d92a94fa2af33914f1e7a5609b99474 .av-image-hotspot_inner{\nbackground-color:#efcd21;\ncolor:#000000;\n}\n.av-hotspot-image-container .av-image-hotspot.av-1l9k5q-45-1d92a94fa2af33914f1e7a5609b99474 .av-image-hotspot-pulse{\nbackground-color:#ffffff;\n}\n.av-hotspot-image-container .av-image-hotspot.av-1l9k5q-44-42883edd1220567ff8e66dba58f96167{\ntop:59.2%;\nleft:20.8%;\n}\n.av-hotspot-image-container .av-image-hotspot.av-1l9k5q-44-42883edd1220567ff8e66dba58f96167 .av-image-hotspot_inner{\nbackground-color:#efcd21;\ncolor:#000000;\n}\n.av-hotspot-image-container .av-image-hotspot.av-1l9k5q-44-42883edd1220567ff8e66dba58f96167 .av-image-hotspot-pulse{\nbackground-color:#ffffff;\n}\n.av-hotspot-image-container .av-image-hotspot.av-1l9k5q-43-b0779a3dec8f9deceff69ae4b8345fc7{\ntop:67.3%;\nleft:10.6%;\n}\n.av-hotspot-image-container .av-image-hotspot.av-1l9k5q-43-b0779a3dec8f9deceff69ae4b8345fc7 .av-image-hotspot_inner{\nbackground-color:#efcd21;\ncolor:#000000;\n}\n.av-hotspot-image-container .av-image-hotspot.av-1l9k5q-43-b0779a3dec8f9deceff69ae4b8345fc7 .av-image-hotspot-pulse{\nbackground-color:#ffffff;\n}\n.av-hotspot-image-container .av-image-hotspot.av-1l9k5q-42-a10f9820456539d586bfe8605c30012c{\ntop:70.5%;\nleft:4.3%;\n}\n.av-hotspot-image-container .av-image-hotspot.av-1l9k5q-42-a10f9820456539d586bfe8605c30012c .av-image-hotspot_inner{\nbackground-color:#efcd21;\ncolor:#000000;\n}\n.av-hotspot-image-container .av-image-hotspot.av-1l9k5q-42-a10f9820456539d586bfe8605c30012c .av-image-hotspot-pulse{\nbackground-color:#ffffff;\n}\n.av-hotspot-image-container .av-image-hotspot.av-1l9k5q-41-ffe1d21e291161d4d18699660a84d2d6{\ntop:69.8%;\nleft:16.1%;\n}\n.av-hotspot-image-container .av-image-hotspot.av-1l9k5q-41-ffe1d21e291161d4d18699660a84d2d6 .av-image-hotspot_inner{\nbackground-color:#efcd21;\ncolor:#000000;\n}\n.av-hotspot-image-container .av-image-hotspot.av-1l9k5q-41-ffe1d21e291161d4d18699660a84d2d6 .av-image-hotspot-pulse{\nbackground-color:#ffffff;\n}\n<\/style>\n<div  class='av-hotspot-image-container av-kusb553l-5864ecce63afaffca3e3c85fb768e7fc  avia-builder-el-5  el_after_av_heading  avia-builder-el-last  av-hotspot-numbered avia_animated_image avia_animate_when_almost_visible bottom-to-top  av-non-fullwidth-hotspot-image'  itemprop=\"image\" itemscope=\"itemscope\" itemtype=\"https:\/\/schema.org\/ImageObject\" ><div class='av-hotspot-container'><div class='av-hotspot-container-inner-cell'><div class='av-hotspot-container-inner-wrap'><div class='av-image-hotspot av-1l9k5q-b8861d8901469a143e8f1ac99741e10a av-image-hotspot-1 ' data-avia-tooltip-position='top' data-avia-tooltip-alignment='centered' data-avia-tooltip-class='av-tt-default-width av-tt-pos-above av-tt-align-centered  main_color av-tt-hotspot' data-avia-tooltip='&lt;p&gt;&lt;strong&gt;Area 1&lt;\/strong&gt;&lt;br \/&gt;\n\u2022 BORDO ATRAVESADO&lt;\/p&gt;\n'><a href=https:\/\/web.sanjuan.gob.ar\/ipeem\/wp-content\/uploads\/sites\/13\/2025\/12\/1_BORDO-ATRAVESADO.pdf  target=\"_blank\"  rel=\"noopener noreferrer\" class='av-image-hotspot_inner'>1<\/a><div class='av-image-hotspot-pulse'><\/div><\/div><div class='av-image-hotspot av-1l9k5q-48-63645a524b372ada463fdf98e61cee9f av-image-hotspot-2 ' data-avia-tooltip-position='top' data-avia-tooltip-alignment='centered' data-avia-tooltip-class='av-tt-default-width av-tt-pos-above av-tt-align-centered  main_color av-tt-hotspot' data-avia-tooltip='&lt;p&gt;&lt;strong&gt;Area 2&lt;\/strong&gt;&lt;br \/&gt;\n\u2022 JOSEFINA&lt;\/p&gt;\n'><a href=https:\/\/web.sanjuan.gob.ar\/ipeem\/wp-content\/uploads\/sites\/13\/2025\/12\/2_JOSEFINA.pdf  target=\"_blank\"  rel=\"noopener noreferrer\" class='av-image-hotspot_inner'>2<\/a><div class='av-image-hotspot-pulse'><\/div><\/div><div class='av-image-hotspot av-1l9k5q-47-f17ce95d7cf8f4d4585b21f97571ffa1 av-image-hotspot-3 ' data-avia-tooltip-position='top' data-avia-tooltip-alignment='centered' data-avia-tooltip-class='av-tt-default-width av-tt-pos-above av-tt-align-centered  main_color av-tt-hotspot' data-avia-tooltip='&lt;p&gt;&lt;strong&gt;Area 3&lt;\/strong&gt;&lt;br \/&gt;\n\u2022 PATRI&lt;\/p&gt;\n'><a href=https:\/\/web.sanjuan.gob.ar\/ipeem\/wp-content\/uploads\/sites\/13\/2025\/12\/3_PATRI.pdf  target=\"_blank\"  rel=\"noopener noreferrer\" class='av-image-hotspot_inner'>3<\/a><div class='av-image-hotspot-pulse'><\/div><\/div><div class='av-image-hotspot av-1l9k5q-46-f873482dd0c2ea51fc7b33a1cf342287 av-image-hotspot-4 ' data-avia-tooltip-position='top' data-avia-tooltip-alignment='centered' data-avia-tooltip-class='av-tt-default-width av-tt-pos-above av-tt-align-centered  main_color av-tt-hotspot' data-avia-tooltip='&lt;p&gt;&lt;strong&gt;Area 4&lt;\/strong&gt;&lt;br \/&gt;\n\u2022 LOS AMARILLOS&lt;\/p&gt;\n'><a href=https:\/\/web.sanjuan.gob.ar\/ipeem\/wp-content\/uploads\/sites\/13\/2025\/12\/4_A-LOS-AMARILLOS.pdf  target=\"_blank\"  rel=\"noopener noreferrer\" class='av-image-hotspot_inner'>4<\/a><div class='av-image-hotspot-pulse'><\/div><\/div><div class='av-image-hotspot av-1l9k5q-45-1d92a94fa2af33914f1e7a5609b99474 av-image-hotspot-5 ' data-avia-tooltip-position='top' data-avia-tooltip-alignment='centered' data-avia-tooltip-class='av-tt-default-width av-tt-pos-above av-tt-align-centered  main_color av-tt-hotspot' data-avia-tooltip='&lt;p&gt;&lt;strong&gt;Area 5&lt;\/strong&gt;&lt;br \/&gt;\n\u2022 MARIANELA&lt;\/p&gt;\n'><a href=https:\/\/web.sanjuan.gob.ar\/ipeem\/wp-content\/uploads\/sites\/13\/2025\/12\/5_MARIANELA.pdf  target=\"_blank\"  rel=\"noopener noreferrer\" class='av-image-hotspot_inner'>5<\/a><div class='av-image-hotspot-pulse'><\/div><\/div><div class='av-image-hotspot av-1l9k5q-44-42883edd1220567ff8e66dba58f96167 av-image-hotspot-6 ' data-avia-tooltip-position='top' data-avia-tooltip-alignment='centered' data-avia-tooltip-class='av-tt-default-width av-tt-pos-above av-tt-align-centered  main_color av-tt-hotspot' data-avia-tooltip='&lt;p&gt;&lt;strong&gt;Area 6&lt;\/strong&gt;&lt;br \/&gt;\n\u2022 LEON&lt;\/p&gt;\n'><a href=https:\/\/web.sanjuan.gob.ar\/ipeem\/wp-content\/uploads\/sites\/13\/2025\/12\/6_LEON.pdf  target=\"_blank\"  rel=\"noopener noreferrer\" class='av-image-hotspot_inner'>6<\/a><div class='av-image-hotspot-pulse'><\/div><\/div><div class='av-image-hotspot av-1l9k5q-43-b0779a3dec8f9deceff69ae4b8345fc7 av-image-hotspot-7 ' data-avia-tooltip-position='top' data-avia-tooltip-alignment='centered' data-avia-tooltip-class='av-tt-default-width av-tt-pos-above av-tt-align-centered  main_color av-tt-hotspot' data-avia-tooltip='&lt;p&gt;&lt;strong&gt;Area 7&lt;\/strong&gt;&lt;br \/&gt;\n\u2022 RINCONES DE ARAYA&lt;\/p&gt;\n'><a href=https:\/\/web.sanjuan.gob.ar\/ipeem\/wp-content\/uploads\/sites\/13\/2025\/12\/7_RINCONES-DE-ARAYA.pdf  target=\"_blank\"  rel=\"noopener noreferrer\" class='av-image-hotspot_inner'>7<\/a><div class='av-image-hotspot-pulse'><\/div><\/div><div class='av-image-hotspot av-1l9k5q-42-a10f9820456539d586bfe8605c30012c av-image-hotspot-8 ' data-avia-tooltip-position='top' data-avia-tooltip-alignment='centered' data-avia-tooltip-class='av-tt-default-width av-tt-pos-above av-tt-align-centered  main_color av-tt-hotspot' data-avia-tooltip='&lt;p&gt;&lt;strong&gt;Area 8&lt;\/strong&gt;&lt;br \/&gt;\n\u2022 CALDERON &#8211; CALDERONCITO&lt;\/p&gt;\n'><a href=https:\/\/web.sanjuan.gob.ar\/ipeem\/wp-content\/uploads\/sites\/13\/2025\/12\/8_CALDERON_CALDERONCITO.pdf  target=\"_blank\"  rel=\"noopener noreferrer\" class='av-image-hotspot_inner'>8<\/a><div class='av-image-hotspot-pulse'><\/div><\/div><div class='av-image-hotspot av-1l9k5q-41-ffe1d21e291161d4d18699660a84d2d6 av-image-hotspot-9 ' data-avia-tooltip-position='top' data-avia-tooltip-alignment='centered' data-avia-tooltip-class='av-tt-default-width av-tt-pos-above av-tt-align-centered  main_color av-tt-hotspot' data-avia-tooltip='&lt;p&gt;&lt;strong&gt;Area 9&lt;\/strong&gt;&lt;br \/&gt;\n\u2022 MARGARITAS&lt;\/p&gt;\n'><a href=https:\/\/web.sanjuan.gob.ar\/ipeem\/wp-content\/uploads\/sites\/13\/2025\/12\/MARGARITAS.pdf  target=\"_blank\"  rel=\"noopener noreferrer\" class='av-image-hotspot_inner'>9<\/a><div class='av-image-hotspot-pulse'><\/div><\/div><img decoding=\"async\" fetchpriority=\"high\" class='wp-image-156 avia-img-lazy-loading-not-156 avia_image' src=\"https:\/\/web.sanjuan.gob.ar\/ipeem\/wp-content\/uploads\/sites\/13\/2021\/06\/sanjuan_solo-819x1030.jpg\" alt='' title='sanjuan_solo'  height=\"1030\" width=\"819\"  itemprop=\"thumbnailUrl\" srcset=\"https:\/\/web.sanjuan.gob.ar\/ipeem\/wp-content\/uploads\/sites\/13\/2021\/06\/sanjuan_solo-819x1030.jpg 819w, https:\/\/web.sanjuan.gob.ar\/ipeem\/wp-content\/uploads\/sites\/13\/2021\/06\/sanjuan_solo-238x300.jpg 238w, https:\/\/web.sanjuan.gob.ar\/ipeem\/wp-content\/uploads\/sites\/13\/2021\/06\/sanjuan_solo-768x966.jpg 768w, https:\/\/web.sanjuan.gob.ar\/ipeem\/wp-content\/uploads\/sites\/13\/2021\/06\/sanjuan_solo-560x705.jpg 560w, https:\/\/web.sanjuan.gob.ar\/ipeem\/wp-content\/uploads\/sites\/13\/2021\/06\/sanjuan_solo.jpg 1073w\" sizes=\"(max-width: 819px) 100vw, 819px\" \/><\/div><\/div><\/div><\/div>\n<\/div><\/div><\/div><!-- close content main div --><\/div><\/div>\n<style type=\"text\/css\" data-created_by=\"avia_inline_auto\" id=\"style-css-av-lnenzsgg-c60c2905a8eaaa1c49f7cd8b188c7fe6\">\n.avia-section.av-lnenzsgg-c60c2905a8eaaa1c49f7cd8b188c7fe6 .av-parallax .av-parallax-inner{\nbackground-repeat:no-repeat;\nbackground-image:url(https:\/\/web.sanjuan.gob.ar\/ipeem\/wp-content\/uploads\/sites\/13\/2021\/09\/header-en-estudio.jpg);\nbackground-position:50% 50%;\nbackground-attachment:scroll;\n}\n.avia-section.av-lnenzsgg-c60c2905a8eaaa1c49f7cd8b188c7fe6 .av-section-color-overlay{\nopacity:0.5;\nbackground-color:#777777;\n}\n<\/style>\n<div id='av_section_3'  class='avia-section av-lnenzsgg-c60c2905a8eaaa1c49f7cd8b188c7fe6 main_color avia-section-default avia-no-border-styling  avia-builder-el-6  el_after_av_section  avia-builder-el-last  av-parallax-section avia-bg-style-parallax av-section-color-overlay-active av-minimum-height av-minimum-height-30 av-height-percent  container_wrap sidebar_right'  data-section-bg-repeat='no-repeat' data-av_minimum_height_pc='30' data-av_min_height_opt='percent'><div class='av-parallax' data-avia-parallax-ratio='0.3' ><div class='av-parallax-inner main_color avia-full-stretch'><\/div><\/div><div class=\"av-section-color-overlay-wrap\"><div class=\"av-section-color-overlay\"><\/div><div class='container av-section-cont-open' ><div class='template-page content  av-content-small alpha units'><div class='post-entry post-entry-type-page post-entry-1044'><div class='entry-content-wrapper clearfix'>\n\n<style type=\"text\/css\" data-created_by=\"avia_inline_auto\" id=\"style-css-av-lneny5z5-6f6c16152716863e016ec491ee1fe02c\">\n.flex_column.av-lneny5z5-6f6c16152716863e016ec491ee1fe02c{\nborder-radius:15px 15px 15px 15px;\npadding:20px 20px 20px 20px;\n}\n<\/style>\n<div  class='flex_column av-lneny5z5-6f6c16152716863e016ec491ee1fe02c av_one_fourth  avia-builder-el-7  el_before_av_one_half  avia-builder-el-first  first flex_column_div  '     ><\/div>\n<style type=\"text\/css\" data-created_by=\"avia_inline_auto\" id=\"style-css-av-lnentmgn-ebda5fb4b97b6120b4c3177def26f8e2\">\n.flex_column.av-lnentmgn-ebda5fb4b97b6120b4c3177def26f8e2{\nborder-radius:15px 15px 15px 15px;\npadding:20px 20px 20px 20px;\nbackground:url(https:\/\/web.sanjuan.gob.ar\/ipeem\/wp-content\/uploads\/sites\/13\/2021\/07\/trans2.png) 0% 0% repeat scroll ;\n}\n<\/style>\n<div  class='flex_column av-lnentmgn-ebda5fb4b97b6120b4c3177def26f8e2 av_one_half  avia-builder-el-8  el_after_av_one_fourth  el_before_av_one_fourth  flex_column_div  '     ><div class='avia-data-table-wrap av-4yixgv-0b1b14b354f7b7a6b2c321da47cae510 avia_scrollable_table avia-table-1'><table  class='avia-table avia-data-table avia_pricing_minimal  avia-builder-el-9  avia-builder-el-no-sibling '  itemscope=\"itemscope\" itemtype=\"https:\/\/schema.org\/Table\" ><tbody><tr class='avia-heading-row'><th class='avia-center-col'>Referencia<\/th><th class=''>\u00c1reas Mineras<\/th><th class='avia-center-col'>Departamento<\/th><\/tr><tr class=''><td class='avia-center-col'>\u00c1rea 1<\/td><td class=''>Bordo Atravesado<\/td><td class='avia-center-col'>Iglesia<\/td><\/tr><tr class=''><td class='avia-center-col'>\u00c1rea 2<\/td><td class=''>Josefina<\/td><td class='avia-center-col'>Iglesia<\/td><\/tr><tr class=''><td class='avia-center-col'>\u00c1rea 3<\/td><td class=''>Patri<\/td><td class='avia-center-col'>Iglesia<\/td><\/tr><tr class=''><td class='avia-center-col'>\u00c1rea 4<\/td><td class=''>Los Amarillos<\/td><td class='avia-center-col'>Iglesia<\/td><\/tr><tr class=''><td class='avia-center-col'>\u00c1rea 5<\/td><td class=''>Marianela<\/td><td class='avia-center-col'>Iglesia<\/td><\/tr><tr class=''><td class='avia-center-col'>\u00c1rea 6<\/td><td class=''>Le\u00f3n<\/td><td class='avia-center-col'>Calingasta<\/td><\/tr><tr class=''><td class='avia-center-col'>\u00c1rea 7<\/td><td class=''>Rincones de Araya<\/td><td class='avia-center-col'>Calingasta<\/td><\/tr><tr class=''><td class='avia-center-col'>\u00c1rea 8<\/td><td class=''>Calder\u00f3n &#8211; Calderoncito<\/td><td class='avia-center-col'>Calingasta<\/td><\/tr><tr class=''><td class='avia-center-col'>\u00c1rea 9<\/td><td class=''>Margaritas<\/td><td class='avia-center-col'>Calingasta<\/td><\/tr><\/tbody><\/table><\/div><\/div>\n<style type=\"text\/css\" data-created_by=\"avia_inline_auto\" id=\"style-css-av-lnenyhm2-da794ab120dac9486c043335cf82c52b\">\n.flex_column.av-lnenyhm2-da794ab120dac9486c043335cf82c52b{\nborder-radius:15px 15px 15px 15px;\npadding:20px 20px 20px 20px;\n}\n<\/style>\n<div  class='flex_column av-lnenyhm2-da794ab120dac9486c043335cf82c52b av_one_fourth  avia-builder-el-10  el_after_av_one_half  avia-builder-el-last  flex_column_div  '     ><\/div>\n<\/div><\/div><\/div><!-- close content main div --><\/div><\/div><\/div><div id='after_section_3'  class='main_color av_default_container_wrap container_wrap sidebar_right'  ><div class='container av-section-cont-open' ><div class='template-page content  av-content-small alpha units'><div class='post-entry post-entry-type-page post-entry-1044'><div class='entry-content-wrapper clearfix'><\/p>\n","protected":false},"excerpt":{"rendered":"","protected":false},"author":4,"featured_media":0,"parent":0,"menu_order":0,"comment_status":"closed","ping_status":"closed","template":"","meta":{"footnotes":""},"class_list":["post-1044","page","type-page","status-publish","hentry"],"_links":{"self":[{"href":"https:\/\/web.sanjuan.gob.ar\/ipeem\/index.php?rest_route=\/wp\/v2\/pages\/1044","targetHints":{"allow":["GET"]}}],"collection":[{"href":"https:\/\/web.sanjuan.gob.ar\/ipeem\/index.php?rest_route=\/wp\/v2\/pages"}],"about":[{"href":"https:\/\/web.sanjuan.gob.ar\/ipeem\/index.php?rest_route=\/wp\/v2\/types\/page"}],"author":[{"embeddable":true,"href":"https:\/\/web.sanjuan.gob.ar\/ipeem\/index.php?rest_route=\/wp\/v2\/users\/4"}],"replies":[{"embeddable":true,"href":"https:\/\/web.sanjuan.gob.ar\/ipeem\/index.php?rest_route=%2Fwp%2Fv2%2Fcomments&post=1044"}],"version-history":[{"count":2,"href":"https:\/\/web.sanjuan.gob.ar\/ipeem\/index.php?rest_route=\/wp\/v2\/pages\/1044\/revisions"}],"predecessor-version":[{"id":1059,"href":"https:\/\/web.sanjuan.gob.ar\/ipeem\/index.php?rest_route=\/wp\/v2\/pages\/1044\/revisions\/1059"}],"wp:attachment":[{"href":"https:\/\/web.sanjuan.gob.ar\/ipeem\/index.php?rest_route=%2Fwp%2Fv2%2Fmedia&parent=1044"}],"curies":[{"name":"wp","href":"https:\/\/api.w.org\/{rel}","templated":true}]}}