{"id":187,"date":"2021-06-25T14:41:05","date_gmt":"2021-06-25T14:41:05","guid":{"rendered":"https:\/\/ipeem.sanjuan.gob.ar\/?page_id=187"},"modified":"2025-02-11T09:18:50","modified_gmt":"2025-02-11T12:18:50","slug":"la-ortiga","status":"publish","type":"page","link":"https:\/\/web.sanjuan.gob.ar\/ipeem\/?page_id=187","title":{"rendered":"La Ortiga"},"content":{"rendered":"\n<style type=\"text\/css\" data-created_by=\"avia_inline_auto\" id=\"style-css-av-10y56b-69e6430cd93f05a9f2d825a432bf5a56\">\n.avia-section.av-10y56b-69e6430cd93f05a9f2d825a432bf5a56 .av-parallax .av-parallax-inner{\nbackground-repeat:no-repeat;\nbackground-image:url(https:\/\/web.sanjuan.gob.ar\/ipeem\/wp-content\/uploads\/sites\/13\/2021\/06\/WEB-IPEEM-13-1-28.jpg);\nbackground-position:50% 50%;\nbackground-attachment:scroll;\n}\n<\/style>\n<div id='av_section_1'  class='avia-section av-10y56b-69e6430cd93f05a9f2d825a432bf5a56 main_color avia-section-default avia-no-border-styling  avia-builder-el-0  el_before_av_one_half  avia-builder-el-first  av-parallax-section avia-bg-style-parallax av-minimum-height av-minimum-height-25 av-height-25  container_wrap sidebar_right'  data-section-bg-repeat='no-repeat' data-av_minimum_height_pc='25' data-av_min_height_opt='25'><div class='av-parallax' data-avia-parallax-ratio='0.3' ><div class='av-parallax-inner main_color avia-full-stretch'><\/div><\/div><div class='container av-section-cont-open' ><main  role=\"main\" itemprop=\"mainContentOfPage\"  class='template-page content  av-content-small alpha units'><div class='post-entry post-entry-type-page post-entry-187'><div class='entry-content-wrapper clearfix'>\n\n<style type=\"text\/css\" data-created_by=\"avia_inline_auto\" id=\"style-css-av-fdi2j-4083d0483ba52bbed61315eda265b67a\">\n.flex_column.av-fdi2j-4083d0483ba52bbed61315eda265b67a{\nborder-radius:15px 15px 15px 15px;\npadding:20px 20px 20px 20px;\nbackground:url(https:\/\/web.sanjuan.gob.ar\/ipeem\/wp-content\/uploads\/sites\/13\/2021\/07\/trans2.png) 0% 0% repeat scroll ;\n}\n<\/style>\n<div  class='flex_column av-fdi2j-4083d0483ba52bbed61315eda265b67a av_one_third  avia-builder-el-1  avia-builder-el-no-sibling  first flex_column_div  '     ><p>\n<style type=\"text\/css\" data-created_by=\"avia_inline_auto\" id=\"style-css-av-7aluj-a126f785c23d2cd593ef69f59115e0db\">\n#top .av-special-heading.av-7aluj-a126f785c23d2cd593ef69f59115e0db{\npadding-bottom:10px;\ncolor:#ffffff;\n}\nbody .av-special-heading.av-7aluj-a126f785c23d2cd593ef69f59115e0db .av-special-heading-tag .heading-char{\nfont-size:25px;\n}\n.av-special-heading.av-7aluj-a126f785c23d2cd593ef69f59115e0db .special-heading-inner-border{\nborder-color:#ffffff;\n}\n.av-special-heading.av-7aluj-a126f785c23d2cd593ef69f59115e0db .av-subheading{\nfont-size:15px;\n}\n<\/style>\n<div  class='av-special-heading av-7aluj-a126f785c23d2cd593ef69f59115e0db av-special-heading-h4 custom-color-heading blockquote modern-quote  avia-builder-el-2  el_before_av_heading  avia-builder-el-first '><h4 class='av-special-heading-tag '  itemprop=\"headline\"  >\u00c1rea Minera<\/h4><div class=\"special-heading-border\"><div class=\"special-heading-inner-border\"><\/div><\/div><\/div><br \/>\n\n<style type=\"text\/css\" data-created_by=\"avia_inline_auto\" id=\"style-css-av-kqcgnlxo-3a63bd3b2960e0b9d921785bfdc6f7b0\">\n#top .av-special-heading.av-kqcgnlxo-3a63bd3b2960e0b9d921785bfdc6f7b0{\npadding-bottom:10px;\ncolor:#edae44;\n}\nbody .av-special-heading.av-kqcgnlxo-3a63bd3b2960e0b9d921785bfdc6f7b0 .av-special-heading-tag .heading-char{\nfont-size:25px;\n}\n.av-special-heading.av-kqcgnlxo-3a63bd3b2960e0b9d921785bfdc6f7b0 .special-heading-inner-border{\nborder-color:#edae44;\n}\n.av-special-heading.av-kqcgnlxo-3a63bd3b2960e0b9d921785bfdc6f7b0 .av-subheading{\nfont-size:15px;\n}\n<\/style>\n<div  class='av-special-heading av-kqcgnlxo-3a63bd3b2960e0b9d921785bfdc6f7b0 av-special-heading-h1 custom-color-heading blockquote modern-quote  avia-builder-el-3  el_after_av_heading  avia-builder-el-last '><h1 class='av-special-heading-tag '  itemprop=\"headline\"  >LA ORTIGA<\/h1><div class='av_custom_color av-subheading av-subheading_below'><p>MINERA DEL CARMEN S.A.<\/p>\n<\/div><div class=\"special-heading-border\"><div class=\"special-heading-inner-border\"><\/div><\/div><\/div><\/p><\/div>\n<\/div><\/div><\/main><!-- close content main element --><\/div><\/div><div id='after_section_1'  class='main_color av_default_container_wrap container_wrap sidebar_right'  ><div class='container av-section-cont-open' ><div class='template-page content  av-content-small alpha units'><div class='post-entry post-entry-type-page post-entry-187'><div class='entry-content-wrapper clearfix'>\n\n<style type=\"text\/css\" data-created_by=\"avia_inline_auto\" id=\"style-css-av-2xir7-359fba296f228e13c73e6f82f1c6286f\">\n.flex_column.av-2xir7-359fba296f228e13c73e6f82f1c6286f{\nborder-radius:0px 0px 0px 0px;\npadding:0px 0px 0px 0px;\n}\n<\/style>\n<div  class='flex_column av-2xir7-359fba296f228e13c73e6f82f1c6286f av_one_half  avia-builder-el-4  el_after_av_section  el_before_av_one_half  avia-builder-el-first  first flex_column_div av-zero-column-padding  '     ><section  class='av_textblock_section av-kqcgoypn-2764c2ed245de4c7310a18d6fb8993c7 '   itemscope=\"itemscope\" itemtype=\"https:\/\/schema.org\/CreativeWork\" ><div class='avia_textblock'  itemprop=\"text\" ><h3 style=\"text-align: left;\">El proyecto minero La Ortiga est\u00e1 ubicada en la alta cordillera sanjuanina, en Cordillera Frontal, departamento de Iglesia, en el distrito minero de Valle del Cura, dentro de la faja metalog\u00e9nica de El Indio. Esta \u00faltima, alberga sistemas epitermales ricos en Au-Ag. Se encuentra a unos 360 km de la cuidad de San Juan.<\/h3>\n<\/div><\/section><br \/>\n<section  class='av_textblock_section av-kqcgr02d-b1c6fa7701d61c4e40597accfe5df9fd '   itemscope=\"itemscope\" itemtype=\"https:\/\/schema.org\/CreativeWork\" ><div class='avia_textblock'  itemprop=\"text\" ><h5>El \u00e1rea fue explorada por Barrick Exploraciones Argentina S. A. (1995-1998), Narrow S. A. (2007-2009) y a partir de 2020, por Minera Del Carmen S. A. Se han realizado mapeos geol\u00f3gicos de detalle y regional, geoqu\u00edmica de superficie, relevamientos geof\u00edsicos aeromagn\u00e9ticos y aeroradiom\u00e9tricos, y se han realizado en total 7.518 metros de sondajes distribuidos en 30 pozos.<br \/>\nEn el proyecto La Ortiga se han identificado manifestaciones epitermales de alta y baja sulfuraci\u00f3n y sistemas porf\u00eddicos, todos ellos con mineralizaci\u00f3n de Au, Cu y Ag, alojados en secuencias volc\u00e1nicas intruidas por cuerpos subvolc\u00e1nicos Mioceno. El desarrollo del sistema hidrotermal y emplazamiento de los cuerpos de brechas e intrusivos se encuentran controlados por estructuras norte-sur, noroeste, noreste y este-noreste. El \u00e1rea presenta varias zonas de inter\u00e9s, tales como: Morro Escondido, Nido de \u00c1guila, Domo Negro, Las Vetas y Cerro Lila.<\/h5>\n<\/div><\/section><br \/>\n<section  class='av_textblock_section av-m70g76o6-640a1a35fdb65e63a12bd172b50cd15e '   itemscope=\"itemscope\" itemtype=\"https:\/\/schema.org\/CreativeWork\" ><div class='avia_textblock'  itemprop=\"text\" ><p><strong>English Version<\/strong><\/p>\n<p><span style=\"color: #993300;\"><em>The Ortiga project is located in the geologic province of Frontal Cordillera,Andean mountainrange, department of Iglesia, San Juan province, approximately 360 km from the city of San Juan. The property is within the Valle del Cura mining district, part of the El Indio metallogenic belt.<\/em><\/span><\/p>\n<p><span style=\"color: #993300;\"><em>The projecthas been explored by Barrick Exploraciones Argentina S.A. (1995-1998), Narrow S.A. (2007-2009), and since 2020 by Minera Del Carmen S.A. Detailed and regional geologic mapping, surface geochemistry, aeromagnetic and aeroradiometric geophysical surveys have been conductedon the area. A total of 7,518 meters have been drilled, distributed across 30 holes.<\/em><\/span><br \/>\n<span style=\"color: #993300;\"><em>At the La Ortiga project, both high- and low-sulfidation epithermal manifestations, as well as porphyry systems, have been identified withAu, Cu and Ag mineralization hosted in volcanic sequences intruded by Miocene subvolcanic bodies. The development of the hydrothermal systems and the emplacement of breccia and intrusive bodies are controlled by north-south, northwest, northeast, and east-northeast structures. The area comprises several zones of interest, such as: Morro Escondido, Nido de \u00c1guila, Domo Negro, Las Vetas, and Cerro Lila.<\/em><\/span><\/p>\n<\/div><\/section><\/p><\/div>\n<style type=\"text\/css\" data-created_by=\"avia_inline_auto\" id=\"style-css-av-mf1dv-a435b62f60bb5af286d0a7f4ceb3144d\">\n.flex_column.av-mf1dv-a435b62f60bb5af286d0a7f4ceb3144d{\nborder-radius:0px 0px 0px 0px;\npadding:0px 0px 0px 0px;\n}\n<\/style>\n<div  class='flex_column av-mf1dv-a435b62f60bb5af286d0a7f4ceb3144d av_one_half  avia-builder-el-8  el_after_av_one_half  avia-builder-el-last  flex_column_div av-zero-column-padding  '     ><p>\n<style type=\"text\/css\" data-created_by=\"avia_inline_auto\" id=\"style-css-av-gy1kb-a86ad22e7f0c2f65359c383c87fbc90b\">\n.avia-image-container.av-gy1kb-a86ad22e7f0c2f65359c383c87fbc90b img.avia_image{\nbox-shadow:none;\n}\n.avia-image-container.av-gy1kb-a86ad22e7f0c2f65359c383c87fbc90b .av-image-caption-overlay-center{\ncolor:#ffffff;\n}\n<\/style>\n<div  class='avia-image-container av-gy1kb-a86ad22e7f0c2f65359c383c87fbc90b av-styling- avia-align-center  avia-builder-el-9  el_before_av_image  avia-builder-el-first '   itemprop=\"image\" itemscope=\"itemscope\" itemtype=\"https:\/\/schema.org\/ImageObject\" ><div class=\"avia-image-container-inner\"><div class=\"avia-image-overlay-wrap\"><img decoding=\"async\" fetchpriority=\"high\" class='wp-image-266 avia-img-lazy-loading-not-266 avia_image ' src=\"https:\/\/web.sanjuan.gob.ar\/ipeem\/wp-content\/uploads\/sites\/13\/2021\/06\/la_ortiga_1.jpg\" alt='' title='la_ortiga_1'  height=\"570\" width=\"851\"  itemprop=\"thumbnailUrl\" srcset=\"https:\/\/web.sanjuan.gob.ar\/ipeem\/wp-content\/uploads\/sites\/13\/2021\/06\/la_ortiga_1.jpg 851w, https:\/\/web.sanjuan.gob.ar\/ipeem\/wp-content\/uploads\/sites\/13\/2021\/06\/la_ortiga_1-300x201.jpg 300w, https:\/\/web.sanjuan.gob.ar\/ipeem\/wp-content\/uploads\/sites\/13\/2021\/06\/la_ortiga_1-768x514.jpg 768w, https:\/\/web.sanjuan.gob.ar\/ipeem\/wp-content\/uploads\/sites\/13\/2021\/06\/la_ortiga_1-705x472.jpg 705w\" sizes=\"(max-width: 851px) 100vw, 851px\" \/><\/div><\/div><\/div><br \/>\n\n<style type=\"text\/css\" data-created_by=\"avia_inline_auto\" id=\"style-css-av-bk3b7-66f422f1ab57fbcfee1745189767bf0f\">\n.avia-image-container.av-bk3b7-66f422f1ab57fbcfee1745189767bf0f img.avia_image{\nbox-shadow:none;\n}\n.avia-image-container.av-bk3b7-66f422f1ab57fbcfee1745189767bf0f .av-image-caption-overlay-center{\ncolor:#ffffff;\n}\n<\/style>\n<div  class='avia-image-container av-bk3b7-66f422f1ab57fbcfee1745189767bf0f av-styling- avia-align-center  avia-builder-el-10  el_after_av_image  avia-builder-el-last '   itemprop=\"image\" itemscope=\"itemscope\" itemtype=\"https:\/\/schema.org\/ImageObject\" ><div class=\"avia-image-container-inner\"><div class=\"avia-image-overlay-wrap\"><img decoding=\"async\" fetchpriority=\"high\" class='wp-image-264 avia-img-lazy-loading-not-264 avia_image ' src=\"https:\/\/web.sanjuan.gob.ar\/ipeem\/wp-content\/uploads\/sites\/13\/2021\/06\/la_ortiga_2.jpg\" alt='' title='la_ortiga_2'  height=\"717\" width=\"955\"  itemprop=\"thumbnailUrl\" srcset=\"https:\/\/web.sanjuan.gob.ar\/ipeem\/wp-content\/uploads\/sites\/13\/2021\/06\/la_ortiga_2.jpg 955w, https:\/\/web.sanjuan.gob.ar\/ipeem\/wp-content\/uploads\/sites\/13\/2021\/06\/la_ortiga_2-300x225.jpg 300w, https:\/\/web.sanjuan.gob.ar\/ipeem\/wp-content\/uploads\/sites\/13\/2021\/06\/la_ortiga_2-768x577.jpg 768w, https:\/\/web.sanjuan.gob.ar\/ipeem\/wp-content\/uploads\/sites\/13\/2021\/06\/la_ortiga_2-705x529.jpg 705w\" sizes=\"(max-width: 955px) 100vw, 955px\" \/><\/div><\/div><\/div><\/p><\/div><\/p>\n","protected":false},"excerpt":{"rendered":"","protected":false},"author":4,"featured_media":0,"parent":0,"menu_order":0,"comment_status":"closed","ping_status":"closed","template":"","meta":{"footnotes":""},"class_list":["post-187","page","type-page","status-publish","hentry"],"_links":{"self":[{"href":"https:\/\/web.sanjuan.gob.ar\/ipeem\/index.php?rest_route=\/wp\/v2\/pages\/187","targetHints":{"allow":["GET"]}}],"collection":[{"href":"https:\/\/web.sanjuan.gob.ar\/ipeem\/index.php?rest_route=\/wp\/v2\/pages"}],"about":[{"href":"https:\/\/web.sanjuan.gob.ar\/ipeem\/index.php?rest_route=\/wp\/v2\/types\/page"}],"author":[{"embeddable":true,"href":"https:\/\/web.sanjuan.gob.ar\/ipeem\/index.php?rest_route=\/wp\/v2\/users\/4"}],"replies":[{"embeddable":true,"href":"https:\/\/web.sanjuan.gob.ar\/ipeem\/index.php?rest_route=%2Fwp%2Fv2%2Fcomments&post=187"}],"version-history":[{"count":3,"href":"https:\/\/web.sanjuan.gob.ar\/ipeem\/index.php?rest_route=\/wp\/v2\/pages\/187\/revisions"}],"predecessor-version":[{"id":993,"href":"https:\/\/web.sanjuan.gob.ar\/ipeem\/index.php?rest_route=\/wp\/v2\/pages\/187\/revisions\/993"}],"wp:attachment":[{"href":"https:\/\/web.sanjuan.gob.ar\/ipeem\/index.php?rest_route=%2Fwp%2Fv2%2Fmedia&parent=187"}],"curies":[{"name":"wp","href":"https:\/\/api.w.org\/{rel}","templated":true}]}}