{"id":205,"date":"2021-06-25T15:11:10","date_gmt":"2021-06-25T15:11:10","guid":{"rendered":"https:\/\/ipeem.sanjuan.gob.ar\/?page_id=205"},"modified":"2024-11-15T11:13:14","modified_gmt":"2024-11-15T14:13:14","slug":"rio-cenicero","status":"publish","type":"page","link":"https:\/\/web.sanjuan.gob.ar\/ipeem\/?page_id=205","title":{"rendered":"R\u00edo Cenicero"},"content":{"rendered":"\n<style type=\"text\/css\" data-created_by=\"avia_inline_auto\" id=\"style-css-av-kqchtrjf-14af678e83bf3dacbc73a722c808f87e\">\n.avia-section.av-kqchtrjf-14af678e83bf3dacbc73a722c808f87e .av-parallax .av-parallax-inner{\nbackground-repeat:no-repeat;\nbackground-image:url(https:\/\/web.sanjuan.gob.ar\/ipeem\/wp-content\/uploads\/sites\/13\/2021\/06\/WEB-IPEEM-13-1-73-1500x630.jpg);\nbackground-position:50% 50%;\nbackground-attachment:scroll;\n}\n<\/style>\n<div id='av_section_1'  class='avia-section av-kqchtrjf-14af678e83bf3dacbc73a722c808f87e main_color avia-section-default avia-no-border-styling  avia-builder-el-0  el_before_av_one_half  avia-builder-el-first  av-parallax-section avia-bg-style-parallax av-minimum-height av-minimum-height-25 av-height-25  container_wrap sidebar_right'  data-section-bg-repeat='no-repeat' data-av_minimum_height_pc='25' data-av_min_height_opt='25'><div class='av-parallax' data-avia-parallax-ratio='0.3' ><div class='av-parallax-inner main_color avia-full-stretch'><\/div><\/div><div class='container av-section-cont-open' ><main  role=\"main\" itemprop=\"mainContentOfPage\"  class='template-page content  av-content-small alpha units'><div class='post-entry post-entry-type-page post-entry-205'><div class='entry-content-wrapper clearfix'>\n\n<style type=\"text\/css\" data-created_by=\"avia_inline_auto\" id=\"style-css-av-hlyot-b8b0725a6df6e44461321ba811739e8b\">\n.flex_column.av-hlyot-b8b0725a6df6e44461321ba811739e8b{\nborder-radius:15px 15px 15px 15px;\npadding:20px 20px 20px 20px;\nbackground:url(https:\/\/web.sanjuan.gob.ar\/ipeem\/wp-content\/uploads\/sites\/13\/2021\/07\/trans2.png) 0% 0% repeat scroll ;\n}\n<\/style>\n<div  class='flex_column av-hlyot-b8b0725a6df6e44461321ba811739e8b av_one_third  avia-builder-el-1  avia-builder-el-no-sibling  first flex_column_div  '     ><p>\n<style type=\"text\/css\" data-created_by=\"avia_inline_auto\" id=\"style-css-av-6w8vx-da81d1cf965c0bf434da5dd289b4f238\">\n#top .av-special-heading.av-6w8vx-da81d1cf965c0bf434da5dd289b4f238{\npadding-bottom:10px;\ncolor:#ffffff;\n}\nbody .av-special-heading.av-6w8vx-da81d1cf965c0bf434da5dd289b4f238 .av-special-heading-tag .heading-char{\nfont-size:25px;\n}\n.av-special-heading.av-6w8vx-da81d1cf965c0bf434da5dd289b4f238 .special-heading-inner-border{\nborder-color:#ffffff;\n}\n.av-special-heading.av-6w8vx-da81d1cf965c0bf434da5dd289b4f238 .av-subheading{\nfont-size:15px;\n}\n<\/style>\n<div  class='av-special-heading av-6w8vx-da81d1cf965c0bf434da5dd289b4f238 av-special-heading-h4 custom-color-heading blockquote modern-quote  avia-builder-el-2  el_before_av_heading  avia-builder-el-first '><h4 class='av-special-heading-tag '  itemprop=\"headline\"  >\u00c1rea Minera<\/h4><div class=\"special-heading-border\"><div class=\"special-heading-inner-border\"><\/div><\/div><\/div><br \/>\n\n<style type=\"text\/css\" data-created_by=\"avia_inline_auto\" id=\"style-css-av-kqchpbjf-c5f05dda02d03c56e772fae1daefc56b\">\n#top .av-special-heading.av-kqchpbjf-c5f05dda02d03c56e772fae1daefc56b{\npadding-bottom:10px;\ncolor:#edae44;\n}\nbody .av-special-heading.av-kqchpbjf-c5f05dda02d03c56e772fae1daefc56b .av-special-heading-tag .heading-char{\nfont-size:25px;\n}\n.av-special-heading.av-kqchpbjf-c5f05dda02d03c56e772fae1daefc56b .special-heading-inner-border{\nborder-color:#edae44;\n}\n.av-special-heading.av-kqchpbjf-c5f05dda02d03c56e772fae1daefc56b .av-subheading{\nfont-size:15px;\n}\n<\/style>\n<div  class='av-special-heading av-kqchpbjf-c5f05dda02d03c56e772fae1daefc56b av-special-heading-h1 custom-color-heading blockquote modern-quote  avia-builder-el-3  el_after_av_heading  avia-builder-el-last '><h1 class='av-special-heading-tag '  itemprop=\"headline\"  >R\u00cdO CENICERO<\/h1><div class='av_custom_color av-subheading av-subheading_below'><p>PEREGRINE<\/p>\n<\/div><div class=\"special-heading-border\"><div class=\"special-heading-inner-border\"><\/div><\/div><\/div><\/p><\/div>\n<\/div><\/div><\/main><!-- close content main element --><\/div><\/div><div id='after_section_1'  class='main_color av_default_container_wrap container_wrap sidebar_right'  ><div class='container av-section-cont-open' ><div class='template-page content  av-content-small alpha units'><div class='post-entry post-entry-type-page post-entry-205'><div class='entry-content-wrapper clearfix'>\n\n<style type=\"text\/css\" data-created_by=\"avia_inline_auto\" id=\"style-css-av-tbtf1-aeb8410164fe56fb72af27605c36fce0\">\n.flex_column.av-tbtf1-aeb8410164fe56fb72af27605c36fce0{\nborder-radius:0px 0px 0px 0px;\npadding:0px 0px 0px 0px;\n}\n<\/style>\n<div  class='flex_column av-tbtf1-aeb8410164fe56fb72af27605c36fce0 av_one_half  avia-builder-el-4  el_after_av_section  el_before_av_one_half  avia-builder-el-first  first flex_column_div av-zero-column-padding  '     ><section  class='av_textblock_section av-kqchqmpk-fcae282af4ba73970ba8eadea01fe785 '   itemscope=\"itemscope\" itemtype=\"https:\/\/schema.org\/CreativeWork\" ><div class='avia_textblock'  itemprop=\"text\" ><h3><strong>El proyecto R\u00edo Cenicero se ubica en la cordillera de los Andes, en el l\u00edmite de las provincias geol\u00f3gicas deCordillera Principal y Frontal, en el departamento de Calingasta, provincia de San Juan.Es parte de la faja norte-sur de p\u00f3rfidos de cobre Chile-Argentina y se halla pr\u00f3ximo a proyectos mineros y minas de clase mundial como Los Azules, Pach\u00f3n y mina Los Pelambres (Chile). Se encuentra aproximadamente a 330 km al oeste de la ciudad de San Juan.<\/strong><\/h3>\n<\/div><\/section><br \/>\n<section  class='av_textblock_section av-kqchrq82-47bd33db3fecd723c5722a8d54057ae1 '   itemscope=\"itemscope\" itemtype=\"https:\/\/schema.org\/CreativeWork\" ><div class='avia_textblock'  itemprop=\"text\" ><h5><strong>R\u00edo Cenicero es un sistema porf\u00eddico de Cu-Mo vinculado a mineralizaci\u00f3n epitermal de alta sulfuraci\u00f3n de Au-Ag, alojado en rocas del basamento Permico-Tri\u00e1sico y en unidades volc\u00e1nicas terciarias intruidas por cuerpos subvolc\u00e1nicos del Mioceno.<\/strong><\/h5>\n<h5><strong>Desde el a\u00f1o 2008 el proyecto es operado por la empresa Minera Peregrine Argentina S. A. U. (hoy controlada por AldebaranResources). A la fecha se han realizado mapeos geol\u00f3gicos regionales y de detalle, geoqu\u00edmica de superficie, relevamientos geof\u00edsicos y 13.006 metros de sondajes, distribuidos en 30 pozos.<\/strong><\/h5>\n<\/div><\/section><br \/>\n<section  class='av_textblock_section av-m3ithgrx-0ea95b6ae9fa2550f938aeb6a5e17f4c '   itemscope=\"itemscope\" itemtype=\"https:\/\/schema.org\/CreativeWork\" ><div class='avia_textblock'  itemprop=\"text\" ><p><strong>English Version<\/strong><\/p>\n<p><span style=\"color: #993300;\"><em>The R\u00edo Cenicero project is located in the Andes mountain range, at the boundary of the Principal and Frontal Cordillera geological provinces, in the department of Calingasta, province of San Juan. It is part of the north-south porphyry copper belt of Chile-Argentina and is close to world class mining projects and mines such as Los Azules, Pach\u00f3n, and Los Pelambres mine (Chile). It is approximately 330 km west of the city of San Juan.<\/em><\/span><\/p>\n<p><span style=\"color: #993300;\"><em>R\u00edo Cenicero is a Cu-Mo porphyry system linked to high-sulfidation Au-Ag epithermal mineralization. The mineralization is hosted in Permian-Triassic basement rocks and Tertiary volcanic units intruded by Miocene subvolcanic bodies.<\/em><\/span><\/p>\n<p><span style=\"color: #993300;\"><em>Since 2008, the project has been operated by Minera Peregrine Argentina S.A.U.(currentlycontrolled by Aldeberan Resources).Work completed to date includesregional and detailed geologic mapping, surface geochemistry, geophysical surveys, and 30 drill holes totaling 13,006 meters.<\/em><\/span><\/p>\n<\/div><\/section><\/p><\/div>\n<style type=\"text\/css\" data-created_by=\"avia_inline_auto\" id=\"style-css-av-j1pcd-8f190e06f3cf6be2383171301a4ac820\">\n.flex_column.av-j1pcd-8f190e06f3cf6be2383171301a4ac820{\nborder-radius:0px 0px 0px 0px;\npadding:0px 0px 0px 0px;\n}\n<\/style>\n<div  class='flex_column av-j1pcd-8f190e06f3cf6be2383171301a4ac820 av_one_half  avia-builder-el-8  el_after_av_one_half  avia-builder-el-last  flex_column_div av-zero-column-padding  '     ><p>\n<style type=\"text\/css\" data-created_by=\"avia_inline_auto\" id=\"style-css-av-gn425-fcd88a359327e4409afe0a6ab4552fa9\">\n.avia-image-container.av-gn425-fcd88a359327e4409afe0a6ab4552fa9 img.avia_image{\nbox-shadow:none;\n}\n.avia-image-container.av-gn425-fcd88a359327e4409afe0a6ab4552fa9 .av-image-caption-overlay-center{\ncolor:#ffffff;\n}\n<\/style>\n<div  class='avia-image-container av-gn425-fcd88a359327e4409afe0a6ab4552fa9 av-styling- avia-align-center  avia-builder-el-9  el_before_av_image  avia-builder-el-first '   itemprop=\"image\" itemscope=\"itemscope\" itemtype=\"https:\/\/schema.org\/ImageObject\" ><div class=\"avia-image-container-inner\"><div class=\"avia-image-overlay-wrap\"><img decoding=\"async\" fetchpriority=\"high\" class='wp-image-277 avia-img-lazy-loading-not-277 avia_image ' src=\"https:\/\/web.sanjuan.gob.ar\/ipeem\/wp-content\/uploads\/sites\/13\/2021\/06\/rio_cenicero_1.jpg\" alt='' title='rio_cenicero_1'  height=\"570\" width=\"849\"  itemprop=\"thumbnailUrl\" srcset=\"https:\/\/web.sanjuan.gob.ar\/ipeem\/wp-content\/uploads\/sites\/13\/2021\/06\/rio_cenicero_1.jpg 849w, https:\/\/web.sanjuan.gob.ar\/ipeem\/wp-content\/uploads\/sites\/13\/2021\/06\/rio_cenicero_1-300x201.jpg 300w, https:\/\/web.sanjuan.gob.ar\/ipeem\/wp-content\/uploads\/sites\/13\/2021\/06\/rio_cenicero_1-768x516.jpg 768w, https:\/\/web.sanjuan.gob.ar\/ipeem\/wp-content\/uploads\/sites\/13\/2021\/06\/rio_cenicero_1-705x473.jpg 705w\" sizes=\"(max-width: 849px) 100vw, 849px\" \/><\/div><\/div><\/div><br \/>\n\n<style type=\"text\/css\" data-created_by=\"avia_inline_auto\" id=\"style-css-av-91ccl-718facbe4cc0a4e89d9a902046f7d360\">\n.avia-image-container.av-91ccl-718facbe4cc0a4e89d9a902046f7d360 img.avia_image{\nbox-shadow:none;\n}\n.avia-image-container.av-91ccl-718facbe4cc0a4e89d9a902046f7d360 .av-image-caption-overlay-center{\ncolor:#ffffff;\n}\n<\/style>\n<div  class='avia-image-container av-91ccl-718facbe4cc0a4e89d9a902046f7d360 av-styling- avia-align-center  avia-builder-el-10  el_after_av_image  avia-builder-el-last '   itemprop=\"image\" itemscope=\"itemscope\" itemtype=\"https:\/\/schema.org\/ImageObject\" ><div class=\"avia-image-container-inner\"><div class=\"avia-image-overlay-wrap\"><img decoding=\"async\" fetchpriority=\"high\" class='wp-image-278 avia-img-lazy-loading-not-278 avia_image ' src=\"https:\/\/web.sanjuan.gob.ar\/ipeem\/wp-content\/uploads\/sites\/13\/2021\/06\/rio_cenicero_2.jpg\" alt='' title='rio_cenicero_2'  height=\"705\" width=\"940\"  itemprop=\"thumbnailUrl\" srcset=\"https:\/\/web.sanjuan.gob.ar\/ipeem\/wp-content\/uploads\/sites\/13\/2021\/06\/rio_cenicero_2.jpg 940w, https:\/\/web.sanjuan.gob.ar\/ipeem\/wp-content\/uploads\/sites\/13\/2021\/06\/rio_cenicero_2-300x225.jpg 300w, https:\/\/web.sanjuan.gob.ar\/ipeem\/wp-content\/uploads\/sites\/13\/2021\/06\/rio_cenicero_2-768x576.jpg 768w, https:\/\/web.sanjuan.gob.ar\/ipeem\/wp-content\/uploads\/sites\/13\/2021\/06\/rio_cenicero_2-705x529.jpg 705w\" sizes=\"(max-width: 940px) 100vw, 940px\" \/><\/div><\/div><\/div><\/p><\/div><\/p>\n","protected":false},"excerpt":{"rendered":"","protected":false},"author":4,"featured_media":0,"parent":0,"menu_order":0,"comment_status":"closed","ping_status":"closed","template":"","meta":{"footnotes":""},"class_list":["post-205","page","type-page","status-publish","hentry"],"_links":{"self":[{"href":"https:\/\/web.sanjuan.gob.ar\/ipeem\/index.php?rest_route=\/wp\/v2\/pages\/205","targetHints":{"allow":["GET"]}}],"collection":[{"href":"https:\/\/web.sanjuan.gob.ar\/ipeem\/index.php?rest_route=\/wp\/v2\/pages"}],"about":[{"href":"https:\/\/web.sanjuan.gob.ar\/ipeem\/index.php?rest_route=\/wp\/v2\/types\/page"}],"author":[{"embeddable":true,"href":"https:\/\/web.sanjuan.gob.ar\/ipeem\/index.php?rest_route=\/wp\/v2\/users\/4"}],"replies":[{"embeddable":true,"href":"https:\/\/web.sanjuan.gob.ar\/ipeem\/index.php?rest_route=%2Fwp%2Fv2%2Fcomments&post=205"}],"version-history":[{"count":3,"href":"https:\/\/web.sanjuan.gob.ar\/ipeem\/index.php?rest_route=\/wp\/v2\/pages\/205\/revisions"}],"predecessor-version":[{"id":942,"href":"https:\/\/web.sanjuan.gob.ar\/ipeem\/index.php?rest_route=\/wp\/v2\/pages\/205\/revisions\/942"}],"wp:attachment":[{"href":"https:\/\/web.sanjuan.gob.ar\/ipeem\/index.php?rest_route=%2Fwp%2Fv2%2Fmedia&parent=205"}],"curies":[{"name":"wp","href":"https:\/\/api.w.org\/{rel}","templated":true}]}}