{"id":217,"date":"2021-06-25T15:25:40","date_gmt":"2021-06-25T15:25:40","guid":{"rendered":"https:\/\/ipeem.sanjuan.gob.ar\/?page_id=217"},"modified":"2025-02-27T12:46:56","modified_gmt":"2025-02-27T15:46:56","slug":"veladero","status":"publish","type":"page","link":"https:\/\/web.sanjuan.gob.ar\/ipeem\/?page_id=217","title":{"rendered":"Veladero"},"content":{"rendered":"\n<style type=\"text\/css\" data-created_by=\"avia_inline_auto\" id=\"style-css-av-kqci908x-0e21eba32d4438e1331e8763a8b053aa\">\n.avia-section.av-kqci908x-0e21eba32d4438e1331e8763a8b053aa .av-parallax .av-parallax-inner{\nbackground-repeat:no-repeat;\nbackground-image:url(https:\/\/web.sanjuan.gob.ar\/ipeem\/wp-content\/uploads\/sites\/13\/2021\/06\/WEB-IPEEM-13-1-91-1500x630.jpg);\nbackground-position:50% 50%;\nbackground-attachment:scroll;\n}\n<\/style>\n<div id='av_section_1'  class='avia-section av-kqci908x-0e21eba32d4438e1331e8763a8b053aa main_color avia-section-default avia-no-border-styling  avia-builder-el-0  el_before_av_one_half  avia-builder-el-first  av-parallax-section avia-bg-style-parallax av-minimum-height av-minimum-height-25 av-height-25  container_wrap sidebar_right'  data-section-bg-repeat='no-repeat' data-av_minimum_height_pc='25' data-av_min_height_opt='25'><div class='av-parallax' data-avia-parallax-ratio='0.3' ><div class='av-parallax-inner main_color avia-full-stretch'><\/div><\/div><div class='container av-section-cont-open' ><main  role=\"main\" itemprop=\"mainContentOfPage\"  class='template-page content  av-content-small alpha units'><div class='post-entry post-entry-type-page post-entry-217'><div class='entry-content-wrapper clearfix'>\n\n<style type=\"text\/css\" data-created_by=\"avia_inline_auto\" id=\"style-css-av-h7ot5-e82f15bb3581a71ca1b5e8ad59b2ee9d\">\n.flex_column.av-h7ot5-e82f15bb3581a71ca1b5e8ad59b2ee9d{\nborder-radius:15px 15px 15px 15px;\npadding:20px 20px 20px 20px;\nbackground:url(https:\/\/web.sanjuan.gob.ar\/ipeem\/wp-content\/uploads\/sites\/13\/2021\/07\/trans2.png) 0% 0% repeat scroll ;\n}\n<\/style>\n<div  class='flex_column av-h7ot5-e82f15bb3581a71ca1b5e8ad59b2ee9d av_one_third  avia-builder-el-1  avia-builder-el-no-sibling  first flex_column_div  '     ><p>\n<style type=\"text\/css\" data-created_by=\"avia_inline_auto\" id=\"style-css-av-7hw7t-8ba2135f7a8b551a93e1e7caa0a04fd3\">\n#top .av-special-heading.av-7hw7t-8ba2135f7a8b551a93e1e7caa0a04fd3{\npadding-bottom:10px;\ncolor:#ffffff;\n}\nbody .av-special-heading.av-7hw7t-8ba2135f7a8b551a93e1e7caa0a04fd3 .av-special-heading-tag .heading-char{\nfont-size:25px;\n}\n.av-special-heading.av-7hw7t-8ba2135f7a8b551a93e1e7caa0a04fd3 .special-heading-inner-border{\nborder-color:#ffffff;\n}\n.av-special-heading.av-7hw7t-8ba2135f7a8b551a93e1e7caa0a04fd3 .av-subheading{\nfont-size:15px;\n}\n<\/style>\n<div  class='av-special-heading av-7hw7t-8ba2135f7a8b551a93e1e7caa0a04fd3 av-special-heading-h4 custom-color-heading blockquote modern-quote  avia-builder-el-2  el_before_av_heading  avia-builder-el-first '><h4 class='av-special-heading-tag '  itemprop=\"headline\"  >\u00c1rea Minera<\/h4><div class=\"special-heading-border\"><div class=\"special-heading-inner-border\"><\/div><\/div><\/div><br \/>\n\n<style type=\"text\/css\" data-created_by=\"avia_inline_auto\" id=\"style-css-av-kqci83xu-16de579159c232481fd0f0502378692b\">\n#top .av-special-heading.av-kqci83xu-16de579159c232481fd0f0502378692b{\npadding-bottom:10px;\ncolor:#edae44;\n}\nbody .av-special-heading.av-kqci83xu-16de579159c232481fd0f0502378692b .av-special-heading-tag .heading-char{\nfont-size:25px;\n}\n.av-special-heading.av-kqci83xu-16de579159c232481fd0f0502378692b .special-heading-inner-border{\nborder-color:#edae44;\n}\n.av-special-heading.av-kqci83xu-16de579159c232481fd0f0502378692b .av-subheading{\nfont-size:15px;\n}\n<\/style>\n<div  class='av-special-heading av-kqci83xu-16de579159c232481fd0f0502378692b av-special-heading-h1 custom-color-heading blockquote modern-quote  avia-builder-el-3  el_after_av_heading  avia-builder-el-last '><h1 class='av-special-heading-tag '  itemprop=\"headline\"  >VELADERO<\/h1><div class='av_custom_color av-subheading av-subheading_below'><p>BARRICK GOLD S.A.<\/p>\n<\/div><div class=\"special-heading-border\"><div class=\"special-heading-inner-border\"><\/div><\/div><\/div><\/p><\/div>\n<\/div><\/div><\/main><!-- close content main element --><\/div><\/div><div id='after_section_1'  class='main_color av_default_container_wrap container_wrap sidebar_right'  ><div class='container av-section-cont-open' ><div class='template-page content  av-content-small alpha units'><div class='post-entry post-entry-type-page post-entry-217'><div class='entry-content-wrapper clearfix'>\n\n<style type=\"text\/css\" data-created_by=\"avia_inline_auto\" id=\"style-css-av-1f9u0h-f9b21627c4d05719fdf9d14fbdba6db4\">\n.flex_column.av-1f9u0h-f9b21627c4d05719fdf9d14fbdba6db4{\nborder-radius:0px 0px 0px 0px;\npadding:0px 0px 0px 0px;\n}\n<\/style>\n<div  class='flex_column av-1f9u0h-f9b21627c4d05719fdf9d14fbdba6db4 av_one_half  avia-builder-el-4  el_after_av_section  el_before_av_one_half  avia-builder-el-first  first flex_column_div av-zero-column-padding  '     ><section  class='av_textblock_section av-kqci9yo5-23141307814141acbce2a783646817bd '   itemscope=\"itemscope\" itemtype=\"https:\/\/schema.org\/CreativeWork\" ><div class='avia_textblock'  itemprop=\"text\" ><h3 style=\"text-align: left;\">Veladero se ubica en la alta cordillera sanjuanina, en el Departamento Iglesia, y su operadora es la empresa \u201cMinera Andina del Sol S.R.L. (Barrick \u2013 Shangdong).<\/h3>\n<\/div><\/section><br \/>\n<section  class='av_textblock_section av-b9oc1-126e6853a3af46d7229f1d0272df6fe5 '   itemscope=\"itemscope\" itemtype=\"https:\/\/schema.org\/CreativeWork\" ><div class='avia_textblock'  itemprop=\"text\" ><h3 style=\"text-align: left;\">En el a\u00f1o 2002 se firm\u00f3 el contrato de explotaci\u00f3n con Minera Argentina Gold S.A. para llevar a cabo la explotaci\u00f3n del proyecto Veladero.<\/h3>\n<\/div><\/section><br \/>\n<section  class='av_textblock_section av-kqciauma-fa3b70c1a8e2032adaf7fb286e236b6e '   itemscope=\"itemscope\" itemtype=\"https:\/\/schema.org\/CreativeWork\" ><div class='avia_textblock'  itemprop=\"text\" ><h5>Primera vez que un \u00e1rea de titularidad de un organismo del estado provincial se puso en producci\u00f3n.<br \/>\nEn el a\u00f1o 2005 se realiz\u00f3 la primera colada de oro en Veladero, dando inicio a la producci\u00f3n comercial de la mina con un total de <span style=\"color: #ff6600;\">11.398.728,78 oz de oro y 21.398.668,03 oz de plata<\/span>, \u00a0a Diciembre de 2024.<\/h5>\n<\/div><\/section><br \/>\n<div  class='hr av-9i2zd-aabd33b15fb2d1d865882d39a50bcdd2 hr-default  avia-builder-el-8  el_after_av_textblock  el_before_av_image '><span class='hr-inner '><span class=\"hr-inner-style\"><\/span><\/span><\/div><br \/>\n\n<style type=\"text\/css\" data-created_by=\"avia_inline_auto\" id=\"style-css-av-11pfg9-96da46304ad5330443823f28518aa1b2\">\n.avia-image-container.av-11pfg9-96da46304ad5330443823f28518aa1b2 img.avia_image{\nbox-shadow:none;\n}\n.avia-image-container.av-11pfg9-96da46304ad5330443823f28518aa1b2 .av-image-caption-overlay-center{\ncolor:#ffffff;\n}\n<\/style>\n<div  class='avia-image-container av-11pfg9-96da46304ad5330443823f28518aa1b2 av-styling- avia-align-center  avia-builder-el-9  el_after_av_hr  el_before_av_hr '   itemprop=\"image\" itemscope=\"itemscope\" itemtype=\"https:\/\/schema.org\/ImageObject\" ><div class=\"avia-image-container-inner\"><div class=\"avia-image-overlay-wrap\"><img decoding=\"async\" fetchpriority=\"high\" class='wp-image-606 avia-img-lazy-loading-not-606 avia_image ' src=\"https:\/\/web.sanjuan.gob.ar\/ipeem\/wp-content\/uploads\/sites\/13\/2021\/10\/Lingotes.jpg\" alt='' title='Lingotes'  height=\"236\" width=\"486\"  itemprop=\"thumbnailUrl\" srcset=\"https:\/\/web.sanjuan.gob.ar\/ipeem\/wp-content\/uploads\/sites\/13\/2021\/10\/Lingotes.jpg 486w, https:\/\/web.sanjuan.gob.ar\/ipeem\/wp-content\/uploads\/sites\/13\/2021\/10\/Lingotes-300x146.jpg 300w\" sizes=\"(max-width: 486px) 100vw, 486px\" \/><\/div><\/div><\/div><br \/>\n<div  class='hr av-fgf15-65b6b0be41755f20c3edfa40dfd549fd hr-default  avia-builder-el-10  el_after_av_image  el_before_av_textblock '><span class='hr-inner '><span class=\"hr-inner-style\"><\/span><\/span><\/div><br \/>\n<section  class='av_textblock_section av-kqcifodt-c2d245e4f1fe9956d8cb07bf4144d16d '   itemscope=\"itemscope\" itemtype=\"https:\/\/schema.org\/CreativeWork\" ><div class='avia_textblock'  itemprop=\"text\" ><h3 style=\"text-align: left;\">El IPEEM controla la declaraci\u00f3n jurada que la empresa presenta bimestralmente denominada \u201cPago Derecho de Explotaci\u00f3n\u201d. Esta declaraci\u00f3n contiene los datos de la producci\u00f3n de mina, procesamiento del mineral, \u201cbullions\u201d obtenidos y facturaci\u00f3n de los mismos. \u00c9sta informaci\u00f3n permite verificar que el pago al IPEEM del derecho de explotaci\u00f3n est\u00e9 de acuerdo al contrato de explotaci\u00f3n firmado.<\/h3>\n<\/div><\/section><\/p><\/div>\n<style type=\"text\/css\" data-created_by=\"avia_inline_auto\" id=\"style-css-av-1a5hft-1647e87afc3ea14d806c478ab488b207\">\n.flex_column.av-1a5hft-1647e87afc3ea14d806c478ab488b207{\nborder-radius:0px 0px 0px 0px;\npadding:0px 0px 0px 0px;\n}\n<\/style>\n<div  class='flex_column av-1a5hft-1647e87afc3ea14d806c478ab488b207 av_one_half  avia-builder-el-12  el_after_av_one_half  el_before_av_one_half  flex_column_div av-zero-column-padding  '     ><p>\n<style type=\"text\/css\" data-created_by=\"avia_inline_auto\" id=\"style-css-av-no0p-4536aad3bc2fab32fd7c46f2a32d6cab\">\n.avia-image-container.av-no0p-4536aad3bc2fab32fd7c46f2a32d6cab img.avia_image{\nbox-shadow:none;\n}\n.avia-image-container.av-no0p-4536aad3bc2fab32fd7c46f2a32d6cab .av-image-caption-overlay-center{\ncolor:#ffffff;\n}\n<\/style>\n<div  class='avia-image-container av-no0p-4536aad3bc2fab32fd7c46f2a32d6cab av-styling- avia-align-center  avia-builder-el-13  el_before_av_image  avia-builder-el-first '   itemprop=\"image\" itemscope=\"itemscope\" itemtype=\"https:\/\/schema.org\/ImageObject\" ><div class=\"avia-image-container-inner\"><div class=\"avia-image-overlay-wrap\"><img decoding=\"async\" fetchpriority=\"high\" class='wp-image-285 avia-img-lazy-loading-not-285 avia_image ' src=\"https:\/\/web.sanjuan.gob.ar\/ipeem\/wp-content\/uploads\/sites\/13\/2021\/06\/veladero_1.jpg\" alt='' title='veladero_1'  height=\"569\" width=\"849\"  itemprop=\"thumbnailUrl\" srcset=\"https:\/\/web.sanjuan.gob.ar\/ipeem\/wp-content\/uploads\/sites\/13\/2021\/06\/veladero_1.jpg 849w, https:\/\/web.sanjuan.gob.ar\/ipeem\/wp-content\/uploads\/sites\/13\/2021\/06\/veladero_1-300x201.jpg 300w, https:\/\/web.sanjuan.gob.ar\/ipeem\/wp-content\/uploads\/sites\/13\/2021\/06\/veladero_1-768x515.jpg 768w, https:\/\/web.sanjuan.gob.ar\/ipeem\/wp-content\/uploads\/sites\/13\/2021\/06\/veladero_1-705x472.jpg 705w\" sizes=\"(max-width: 849px) 100vw, 849px\" \/><\/div><\/div><\/div><br \/>\n\n<style type=\"text\/css\" data-created_by=\"avia_inline_auto\" id=\"style-css-av-kqcic9x4-bca2a7f375fc1cc5a67c6ea682856456\">\n.avia-image-container.av-kqcic9x4-bca2a7f375fc1cc5a67c6ea682856456 img.avia_image{\nbox-shadow:none;\n}\n.avia-image-container.av-kqcic9x4-bca2a7f375fc1cc5a67c6ea682856456 .av-image-caption-overlay-center{\ncolor:#ffffff;\n}\n<\/style>\n<div  class='avia-image-container av-kqcic9x4-bca2a7f375fc1cc5a67c6ea682856456 av-styling- avia-align-center  avia-builder-el-14  el_after_av_image  avia-builder-el-last '   itemprop=\"image\" itemscope=\"itemscope\" itemtype=\"https:\/\/schema.org\/ImageObject\" ><div class=\"avia-image-container-inner\"><div class=\"avia-image-overlay-wrap\"><img decoding=\"async\" fetchpriority=\"high\" class='wp-image-221 avia-img-lazy-loading-not-221 avia_image ' src=\"https:\/\/web.sanjuan.gob.ar\/ipeem\/wp-content\/uploads\/sites\/13\/2021\/06\/WEB-IPEEM-13-1-92-845x684.jpg\" alt='' title='WEB IPEEM 13'  height=\"684\" width=\"845\"  itemprop=\"thumbnailUrl\" srcset=\"https:\/\/web.sanjuan.gob.ar\/ipeem\/wp-content\/uploads\/sites\/13\/2021\/06\/WEB-IPEEM-13-1-92-845x684.jpg 845w, https:\/\/web.sanjuan.gob.ar\/ipeem\/wp-content\/uploads\/sites\/13\/2021\/06\/WEB-IPEEM-13-1-92-495x400.jpg 495w\" sizes=\"(max-width: 845px) 100vw, 845px\" \/><\/div><\/div><\/div><\/p><\/div><\/p>\n\n<style type=\"text\/css\" data-created_by=\"avia_inline_auto\" id=\"style-css-av-sfd7t-97934b6ae5b9727a6c8d0838b3626aab\">\n.flex_column.av-sfd7t-97934b6ae5b9727a6c8d0838b3626aab{\nborder-radius:0px 0px 0px 0px;\npadding:0px 0px 0px 0px;\n}\n<\/style>\n<div  class='flex_column av-sfd7t-97934b6ae5b9727a6c8d0838b3626aab av_one_half  avia-builder-el-15  el_after_av_one_half  el_before_av_one_half  first flex_column_div av-zero-column-padding  column-top-margin'     ><style type=\"text\/css\" data-created_by=\"avia_inline_auto\" id=\"style-css-av-kqcik940-a85ace41f2852eed91089a0e88c4efda\">\n.avia-image-container.av-kqcik940-a85ace41f2852eed91089a0e88c4efda img.avia_image{\nbox-shadow:none;\n}\n.avia-image-container.av-kqcik940-a85ace41f2852eed91089a0e88c4efda .av-image-caption-overlay-center{\ncolor:#ffffff;\n}\n<\/style>\n<div  class='avia-image-container av-kqcik940-a85ace41f2852eed91089a0e88c4efda av-styling- avia-align-center  avia-builder-el-16  avia-builder-el-no-sibling '   itemprop=\"image\" itemscope=\"itemscope\" itemtype=\"https:\/\/schema.org\/ImageObject\" ><div class=\"avia-image-container-inner\"><div class=\"avia-image-overlay-wrap\"><img decoding=\"async\" fetchpriority=\"high\" class='wp-image-222 avia-img-lazy-loading-not-222 avia_image ' src=\"https:\/\/web.sanjuan.gob.ar\/ipeem\/wp-content\/uploads\/sites\/13\/2021\/06\/WEB-IPEEM-13-1-90-845x648.jpg\" alt='' title='WEB IPEEM 13'  height=\"648\" width=\"845\"  itemprop=\"thumbnailUrl\"  \/><\/div><\/div><\/div><\/div>\n\n<style type=\"text\/css\" data-created_by=\"avia_inline_auto\" id=\"style-css-av-lccnt-80bd9637c20d7034f35680133350a7ad\">\n.flex_column.av-lccnt-80bd9637c20d7034f35680133350a7ad{\nborder-radius:0px 0px 0px 0px;\npadding:0px 0px 0px 0px;\n}\n<\/style>\n<div  class='flex_column av-lccnt-80bd9637c20d7034f35680133350a7ad av_one_half  avia-builder-el-17  el_after_av_one_half  avia-builder-el-last  flex_column_div av-zero-column-padding  column-top-margin'     ><section  class='av_textblock_section av-kqcihahz-e41a5b36c24932b6d4751d45c584029a '   itemscope=\"itemscope\" itemtype=\"https:\/\/schema.org\/CreativeWork\" ><div class='avia_textblock'  itemprop=\"text\" ><h5><strong><span style=\"text-decoration: underline;\">Producci\u00f3n mina:<\/span><\/strong><br \/>\nSe corroboran las toneladas de mineral explotado a cielo abierto (Open Pit) con sus respectivas leyes de oro (Au) y plata (Ag). Con<br \/>\nesta informaci\u00f3n se calculan las onzas de Au y Ag depositadas en el Sistema de Lixiviaci\u00f3n en Valle (SLV).<\/h5>\n<\/div><\/section><br \/>\n\n<style type=\"text\/css\" data-created_by=\"avia_inline_auto\" id=\"style-css-av-kvthfien-489873fb2f7c8e343b04fb655e4b9920\">\n#top .hr.hr-invisible.av-kvthfien-489873fb2f7c8e343b04fb655e4b9920{\nheight:50px;\n}\n<\/style>\n<div  class='hr av-kvthfien-489873fb2f7c8e343b04fb655e4b9920 hr-invisible  avia-builder-el-19  el_after_av_textblock  el_before_av_textblock '><span class='hr-inner '><span class=\"hr-inner-style\"><\/span><\/span><\/div><br \/>\n<section  class='av_textblock_section av-kqcimuyk-fc9ee32f3fa22fe17010daa150dd8833 '   itemscope=\"itemscope\" itemtype=\"https:\/\/schema.org\/CreativeWork\" ><div class='avia_textblock'  itemprop=\"text\" ><h5><strong><span style=\"text-decoration: underline;\">Proceso (tratamiento de mineral):<\/span><\/strong><br \/>\nLa soluci\u00f3n rica proveniente del SLV ingresa a la planta de Merril Crowe donde son precipitados los minerales de Au y Ag. Estos\u00a0 concentrados son enviados a los hornos de fundici\u00f3n donde se obtienen las barras de \u201cbullion\u201d.<\/h5>\n<\/div><\/section><\/p><\/div>\n","protected":false},"excerpt":{"rendered":"","protected":false},"author":4,"featured_media":0,"parent":0,"menu_order":0,"comment_status":"closed","ping_status":"closed","template":"","meta":{"footnotes":""},"class_list":["post-217","page","type-page","status-publish","hentry"],"_links":{"self":[{"href":"https:\/\/web.sanjuan.gob.ar\/ipeem\/index.php?rest_route=\/wp\/v2\/pages\/217","targetHints":{"allow":["GET"]}}],"collection":[{"href":"https:\/\/web.sanjuan.gob.ar\/ipeem\/index.php?rest_route=\/wp\/v2\/pages"}],"about":[{"href":"https:\/\/web.sanjuan.gob.ar\/ipeem\/index.php?rest_route=\/wp\/v2\/types\/page"}],"author":[{"embeddable":true,"href":"https:\/\/web.sanjuan.gob.ar\/ipeem\/index.php?rest_route=\/wp\/v2\/users\/4"}],"replies":[{"embeddable":true,"href":"https:\/\/web.sanjuan.gob.ar\/ipeem\/index.php?rest_route=%2Fwp%2Fv2%2Fcomments&post=217"}],"version-history":[{"count":3,"href":"https:\/\/web.sanjuan.gob.ar\/ipeem\/index.php?rest_route=\/wp\/v2\/pages\/217\/revisions"}],"predecessor-version":[{"id":1018,"href":"https:\/\/web.sanjuan.gob.ar\/ipeem\/index.php?rest_route=\/wp\/v2\/pages\/217\/revisions\/1018"}],"wp:attachment":[{"href":"https:\/\/web.sanjuan.gob.ar\/ipeem\/index.php?rest_route=%2Fwp%2Fv2%2Fmedia&parent=217"}],"curies":[{"name":"wp","href":"https:\/\/api.w.org\/{rel}","templated":true}]}}