{"id":402,"date":"2021-08-02T16:37:57","date_gmt":"2021-08-02T16:37:57","guid":{"rendered":"https:\/\/ipeem.sanjuan.gob.ar\/?page_id=402"},"modified":"2021-08-02T17:05:54","modified_gmt":"2021-08-02T17:05:54","slug":"los-despoblados","status":"publish","type":"page","link":"https:\/\/web.sanjuan.gob.ar\/ipeem\/?page_id=402","title":{"rendered":"Los Despoblados"},"content":{"rendered":"\n<style type=\"text\/css\" data-created_by=\"avia_inline_auto\" id=\"style-css-av-123rsq-aefc38278eb9877f5167223464d4d583\">\n.avia-section.av-123rsq-aefc38278eb9877f5167223464d4d583 .av-parallax .av-parallax-inner{\nbackground-repeat:no-repeat;\nbackground-image:url(https:\/\/web.sanjuan.gob.ar\/ipeem\/wp-content\/uploads\/sites\/13\/2021\/06\/WEB-IPEEM-13-1-28.jpg);\nbackground-position:50% 50%;\nbackground-attachment:scroll;\n}\n<\/style>\n<div id='av_section_1'  class='avia-section av-123rsq-aefc38278eb9877f5167223464d4d583 main_color avia-section-default avia-no-border-styling  avia-builder-el-0  el_before_av_one_half  avia-builder-el-first  av-parallax-section avia-bg-style-parallax av-minimum-height av-minimum-height-25 av-height-25  container_wrap sidebar_right'  data-section-bg-repeat='no-repeat' data-av_minimum_height_pc='25' data-av_min_height_opt='25'><div class='av-parallax' data-avia-parallax-ratio='0.3' ><div class='av-parallax-inner main_color avia-full-stretch'><\/div><\/div><div class='container av-section-cont-open' ><main  role=\"main\" itemprop=\"mainContentOfPage\"  class='template-page content  av-content-small alpha units'><div class='post-entry post-entry-type-page post-entry-402'><div class='entry-content-wrapper clearfix'>\n\n<style type=\"text\/css\" data-created_by=\"avia_inline_auto\" id=\"style-css-av-wu0s2-167900a84a86a3e71e0785252b6af5bb\">\n.flex_column.av-wu0s2-167900a84a86a3e71e0785252b6af5bb{\nborder-radius:15px 15px 15px 15px;\npadding:20px 20px 20px 20px;\nbackground:url(https:\/\/web.sanjuan.gob.ar\/ipeem\/wp-content\/uploads\/sites\/13\/2021\/07\/trans2.png) 0% 0% repeat scroll ;\n}\n<\/style>\n<div  class='flex_column av-wu0s2-167900a84a86a3e71e0785252b6af5bb av_one_half  avia-builder-el-1  avia-builder-el-no-sibling  first flex_column_div  '     ><p>\n<style type=\"text\/css\" data-created_by=\"avia_inline_auto\" id=\"style-css-av-kruu3088-4b12a50b35b83e71257ca0286519d6ec\">\n#top .av-special-heading.av-kruu3088-4b12a50b35b83e71257ca0286519d6ec{\npadding-bottom:10px;\ncolor:#ffffff;\n}\nbody .av-special-heading.av-kruu3088-4b12a50b35b83e71257ca0286519d6ec .av-special-heading-tag .heading-char{\nfont-size:25px;\n}\n.av-special-heading.av-kruu3088-4b12a50b35b83e71257ca0286519d6ec .special-heading-inner-border{\nborder-color:#ffffff;\n}\n.av-special-heading.av-kruu3088-4b12a50b35b83e71257ca0286519d6ec .av-subheading{\nfont-size:15px;\n}\n<\/style>\n<div  class='av-special-heading av-kruu3088-4b12a50b35b83e71257ca0286519d6ec av-special-heading-h4 custom-color-heading blockquote modern-quote  avia-builder-el-2  el_before_av_heading  avia-builder-el-first '><h4 class='av-special-heading-tag '  itemprop=\"headline\"  >\u00c1rea Minera en Estudio<\/h4><div class=\"special-heading-border\"><div class=\"special-heading-inner-border\"><\/div><\/div><\/div><br \/>\n\n<style type=\"text\/css\" data-created_by=\"avia_inline_auto\" id=\"style-css-av-kruu3gr9-b6faf043233938566e0c2c9e6c26870a\">\n#top .av-special-heading.av-kruu3gr9-b6faf043233938566e0c2c9e6c26870a{\npadding-bottom:10px;\ncolor:#edae44;\n}\nbody .av-special-heading.av-kruu3gr9-b6faf043233938566e0c2c9e6c26870a .av-special-heading-tag .heading-char{\nfont-size:25px;\n}\n.av-special-heading.av-kruu3gr9-b6faf043233938566e0c2c9e6c26870a .special-heading-inner-border{\nborder-color:#edae44;\n}\n.av-special-heading.av-kruu3gr9-b6faf043233938566e0c2c9e6c26870a .av-subheading{\nfont-size:15px;\n}\n<\/style>\n<div  class='av-special-heading av-kruu3gr9-b6faf043233938566e0c2c9e6c26870a av-special-heading-h1 custom-color-heading blockquote modern-quote  avia-builder-el-3  el_after_av_heading  avia-builder-el-last '><h1 class='av-special-heading-tag '  itemprop=\"headline\"  >LOS DESPOBLADOS<\/h1><div class=\"special-heading-border\"><div class=\"special-heading-inner-border\"><\/div><\/div><\/div><\/p><\/div>\n<\/div><\/div><\/main><!-- close content main element --><\/div><\/div><div id='after_section_1'  class='main_color av_default_container_wrap container_wrap sidebar_right'  ><div class='container av-section-cont-open' ><div class='template-page content  av-content-small alpha units'><div class='post-entry post-entry-type-page post-entry-402'><div class='entry-content-wrapper clearfix'>\n\n<style type=\"text\/css\" data-created_by=\"avia_inline_auto\" id=\"style-css-av-s0hv6-b3b2c2a275076f51cb5a3d2da37ea29a\">\n.flex_column.av-s0hv6-b3b2c2a275076f51cb5a3d2da37ea29a{\nborder-radius:0px 0px 0px 0px;\npadding:0px 0px 0px 0px;\n}\n<\/style>\n<div  class='flex_column av-s0hv6-b3b2c2a275076f51cb5a3d2da37ea29a av_one_half  avia-builder-el-4  el_after_av_section  el_before_av_one_half  avia-builder-el-first  first flex_column_div av-zero-column-padding  '     ><p><section  class='av_textblock_section av-kruueybg-92e375c516c82338489ae772b5c8602e '   itemscope=\"itemscope\" itemtype=\"https:\/\/schema.org\/CreativeWork\" ><div class='avia_textblock'  itemprop=\"text\" ><p><span style=\"font-weight: 400;\"><b>UBICACI\u00d3N<\/b><br \/>\nEstas concesiones mineras (LD I, LD II y LD III) se ubican en el departamento de Iglesia, en la provincia geol\u00f3gica de Cordillera Frontal. Se sit\u00faan aproximadamente a 350 km al noroeste de la cuidad de San Juan.<\/span><\/p>\n<p><span style=\"font-weight: 400;\">El \u00e1rea de Los Despoblados forma parte de la denominada faja metalog\u00e9nica El Indio, que incluye yacimientos epitermales ricos en metales preciosos en la regi\u00f3n del Valle del Cura, que est\u00e1n representados por la mina Veladero y proyectos como Lama, Taguas, La Ortiga, Del Carmen y Jag\u00fcelito, entre otros.<\/span><\/p>\n<\/div><\/section><br \/>\n<section  class='av_textblock_section av-kruuxbrq-c85d369e54a1dc38aaff79b9b8b7e7ce '   itemscope=\"itemscope\" itemtype=\"https:\/\/schema.org\/CreativeWork\" ><div class='avia_textblock'  itemprop=\"text\" ><table style=\"height: 95px; width: 100%; border-collapse: collapse; border-style: solid; border-color: #ffffff;\" border=\"3\" cellspacing=\"3\" cellpadding=\"3\">\n<tbody>\n<tr style=\"height: 19px; background-color: #f5d27a;\">\n<td style=\"width: 25%; height: 38px; text-align: center;\" rowspan=\"2\"><strong>CONCESIONES MINERAS<\/strong><\/td>\n<td style=\"width: 25%; height: 19px; text-align: center;\" colspan=\"2\"><strong>COORDENADAS CENTRALES<\/strong><\/td>\n<td style=\"width: 25%; height: 38px; text-align: center;\" rowspan=\"2\"><strong>SUPERFICIE (ha)<\/strong><\/td>\n<\/tr>\n<tr style=\"height: 19px;\">\n<td style=\"width: 25%; height: 19px; text-align: center; background-color: #f5e9cb;\"><strong>X<\/strong><\/td>\n<td style=\"width: 25%; height: 19px; text-align: center; background-color: #f5e9cb;\"><strong>Y<\/strong><\/td>\n<\/tr>\n<tr style=\"height: 19px; background-color: #f7f2e1;\">\n<td style=\"width: 25%; height: 19px; text-align: center;\">LD I<\/td>\n<td style=\"width: 25%; height: 19px; text-align: center;\"><span style=\"font-weight: 400;\">6.745.558<\/span><\/td>\n<td style=\"width: 25%; height: 19px; text-align: center;\"><span style=\"font-weight: 400;\">2.414.853<\/span><\/td>\n<td style=\"width: 25%; height: 19px; text-align: center;\"><span style=\"font-weight: 400;\">1200<\/span><\/td>\n<\/tr>\n<tr style=\"height: 19px; background-color: #f7f4e9;\">\n<td style=\"width: 25%; height: 19px; text-align: center;\">LD II<\/td>\n<td style=\"width: 25%; height: 19px; text-align: center;\"><span style=\"font-weight: 400;\">6.745.558<\/span><\/td>\n<td style=\"width: 25%; height: 19px; text-align: center;\"><span style=\"font-weight: 400;\">2.416.853<\/span><\/td>\n<td style=\"width: 25%; height: 19px; text-align: center;\">1200<\/td>\n<\/tr>\n<tr style=\"height: 19px; background-color: #f7f2e1;\">\n<td style=\"width: 25%; height: 19px; text-align: center;\">LD III<\/td>\n<td style=\"width: 25%; height: 19px; text-align: center;\"><span style=\"font-weight: 400;\">6.745.558<\/span><\/td>\n<td style=\"width: 25%; height: 19px; text-align: center;\"><span style=\"font-weight: 400;\">2.418.853<\/span><\/td>\n<td style=\"width: 25%; height: 19px; text-align: center;\">1200<\/td>\n<\/tr>\n<\/tbody>\n<\/table>\n<\/div><\/section><\/p><\/div>\n\n<style type=\"text\/css\" data-created_by=\"avia_inline_auto\" id=\"style-css-av-21842-e896068a3cd3fae2e740db5f5c6db16d\">\n.flex_column.av-21842-e896068a3cd3fae2e740db5f5c6db16d{\nborder-radius:0px 0px 0px 0px;\npadding:0px 0px 0px 0px;\n}\n<\/style>\n<div  class='flex_column av-21842-e896068a3cd3fae2e740db5f5c6db16d av_one_half  avia-builder-el-7  el_after_av_one_half  avia-builder-el-last  flex_column_div av-zero-column-padding  '     ><p>\n<style type=\"text\/css\" data-created_by=\"avia_inline_auto\" id=\"style-css-av-1kkkq-ef5ad31bf31b27ddd36583e181910eeb\">\n.avia-image-container.av-1kkkq-ef5ad31bf31b27ddd36583e181910eeb img.avia_image{\nbox-shadow:none;\n}\n.avia-image-container.av-1kkkq-ef5ad31bf31b27ddd36583e181910eeb .av-image-caption-overlay-center{\ncolor:#ffffff;\n}\n<\/style>\n<div  class='avia-image-container av-1kkkq-ef5ad31bf31b27ddd36583e181910eeb av-styling- avia-align-center  avia-builder-el-8  el_before_av_image  avia-builder-el-first '   itemprop=\"image\" itemscope=\"itemscope\" itemtype=\"https:\/\/schema.org\/ImageObject\" ><div class=\"avia-image-container-inner\"><div class=\"avia-image-overlay-wrap\"><img decoding=\"async\" fetchpriority=\"high\" class='wp-image-408 avia-img-lazy-loading-not-408 avia_image ' src=\"https:\/\/web.sanjuan.gob.ar\/ipeem\/wp-content\/uploads\/sites\/13\/2021\/08\/Despoblados-mapa.jpg\" alt='' title='Despoblados - mapa'  height=\"452\" width=\"641\"  itemprop=\"thumbnailUrl\" srcset=\"https:\/\/web.sanjuan.gob.ar\/ipeem\/wp-content\/uploads\/sites\/13\/2021\/08\/Despoblados-mapa.jpg 641w, https:\/\/web.sanjuan.gob.ar\/ipeem\/wp-content\/uploads\/sites\/13\/2021\/08\/Despoblados-mapa-300x212.jpg 300w, https:\/\/web.sanjuan.gob.ar\/ipeem\/wp-content\/uploads\/sites\/13\/2021\/08\/Despoblados-mapa-500x353.jpg 500w\" sizes=\"(max-width: 641px) 100vw, 641px\" \/><\/div><\/div><\/div><br \/>\n\n<style type=\"text\/css\" data-created_by=\"avia_inline_auto\" id=\"style-css-av-a1gnm-ce312e873922b7c1544650265cc84120\">\n.avia-image-container.av-a1gnm-ce312e873922b7c1544650265cc84120 img.avia_image{\nbox-shadow:none;\n}\n.avia-image-container.av-a1gnm-ce312e873922b7c1544650265cc84120 .av-image-caption-overlay-center{\ncolor:#ffffff;\n}\n<\/style>\n<div  class='avia-image-container av-a1gnm-ce312e873922b7c1544650265cc84120 av-styling- avia-align-center  avia-builder-el-9  el_after_av_image  avia-builder-el-last '   itemprop=\"image\" itemscope=\"itemscope\" itemtype=\"https:\/\/schema.org\/ImageObject\" ><div class=\"avia-image-container-inner\"><div class=\"avia-image-overlay-wrap\"><img decoding=\"async\" fetchpriority=\"high\" class='wp-image- avia-img-lazy-loading-not- avia_image ' src=\"https:\/\/ipeem.sanjuan.gob.ar\/wp-content\/themes\/enfold\/config-templatebuilder\/avia-template-builder\/images\/placeholder.jpg\" alt='' title=''   itemprop=\"thumbnailUrl\"  \/><\/div><\/div><\/div><\/p><\/div>\n","protected":false},"excerpt":{"rendered":"","protected":false},"author":4,"featured_media":0,"parent":0,"menu_order":0,"comment_status":"closed","ping_status":"closed","template":"","meta":{"footnotes":""},"class_list":["post-402","page","type-page","status-publish","hentry"],"_links":{"self":[{"href":"https:\/\/web.sanjuan.gob.ar\/ipeem\/index.php?rest_route=\/wp\/v2\/pages\/402","targetHints":{"allow":["GET"]}}],"collection":[{"href":"https:\/\/web.sanjuan.gob.ar\/ipeem\/index.php?rest_route=\/wp\/v2\/pages"}],"about":[{"href":"https:\/\/web.sanjuan.gob.ar\/ipeem\/index.php?rest_route=\/wp\/v2\/types\/page"}],"author":[{"embeddable":true,"href":"https:\/\/web.sanjuan.gob.ar\/ipeem\/index.php?rest_route=\/wp\/v2\/users\/4"}],"replies":[{"embeddable":true,"href":"https:\/\/web.sanjuan.gob.ar\/ipeem\/index.php?rest_route=%2Fwp%2Fv2%2Fcomments&post=402"}],"version-history":[{"count":3,"href":"https:\/\/web.sanjuan.gob.ar\/ipeem\/index.php?rest_route=\/wp\/v2\/pages\/402\/revisions"}],"predecessor-version":[{"id":411,"href":"https:\/\/web.sanjuan.gob.ar\/ipeem\/index.php?rest_route=\/wp\/v2\/pages\/402\/revisions\/411"}],"wp:attachment":[{"href":"https:\/\/web.sanjuan.gob.ar\/ipeem\/index.php?rest_route=%2Fwp%2Fv2%2Fmedia&parent=402"}],"curies":[{"name":"wp","href":"https:\/\/api.w.org\/{rel}","templated":true}]}}