{"id":471,"date":"2021-10-13T14:26:58","date_gmt":"2021-10-13T14:26:58","guid":{"rendered":"https:\/\/ipeem.sanjuan.gob.ar\/?page_id=471"},"modified":"2022-05-10T12:32:47","modified_gmt":"2022-05-10T15:32:47","slug":"area-1","status":"publish","type":"page","link":"https:\/\/web.sanjuan.gob.ar\/ipeem\/?page_id=471","title":{"rendered":"Area 1"},"content":{"rendered":"\n<style type=\"text\/css\" data-created_by=\"avia_inline_auto\" id=\"style-css-av-432xnb-3d174c1fa466d5ff1564ef30640b4649\">\n.avia-section.av-432xnb-3d174c1fa466d5ff1564ef30640b4649 .av-parallax .av-parallax-inner{\nbackground-repeat:no-repeat;\nbackground-image:url(https:\/\/web.sanjuan.gob.ar\/ipeem\/wp-content\/uploads\/sites\/13\/2021\/06\/WEB-IPEEM-13-1-28.jpg);\nbackground-position:50% 50%;\nbackground-attachment:scroll;\n}\n<\/style>\n<div id='av_section_1'  class='avia-section av-432xnb-3d174c1fa466d5ff1564ef30640b4649 main_color avia-section-default avia-no-border-styling  avia-builder-el-0  el_before_av_three_fifth  avia-builder-el-first  av-parallax-section avia-bg-style-parallax av-minimum-height av-minimum-height-25 av-height-25  container_wrap sidebar_right'  data-section-bg-repeat='no-repeat' data-av_minimum_height_pc='25' data-av_min_height_opt='25'><div class='av-parallax' data-avia-parallax-ratio='0.3' ><div class='av-parallax-inner main_color avia-full-stretch'><\/div><\/div><div class='container av-section-cont-open' ><main  role=\"main\" itemprop=\"mainContentOfPage\"  class='template-page content  av-content-small alpha units'><div class='post-entry post-entry-type-page post-entry-471'><div class='entry-content-wrapper clearfix'>\n\n<style type=\"text\/css\" data-created_by=\"avia_inline_auto\" id=\"style-css-av-9swu7-fd85bd861410c1309687376247b27b53\">\n.flex_column.av-9swu7-fd85bd861410c1309687376247b27b53{\nborder-radius:15px 15px 15px 15px;\npadding:20px 20px 20px 20px;\nbackground:url(https:\/\/web.sanjuan.gob.ar\/ipeem\/wp-content\/uploads\/sites\/13\/2021\/07\/trans2.png) 0% 0% repeat scroll ;\n}\n<\/style>\n<div  class='flex_column av-9swu7-fd85bd861410c1309687376247b27b53 av_one_half  avia-builder-el-1  avia-builder-el-no-sibling  first flex_column_div  '     ><p>\n<style type=\"text\/css\" data-created_by=\"avia_inline_auto\" id=\"style-css-av-kupnxak2-da3e529b69bd49c57b6dbcf15a882eeb\">\n#top .av-special-heading.av-kupnxak2-da3e529b69bd49c57b6dbcf15a882eeb{\npadding-bottom:10px;\ncolor:#ffffff;\n}\nbody .av-special-heading.av-kupnxak2-da3e529b69bd49c57b6dbcf15a882eeb .av-special-heading-tag .heading-char{\nfont-size:25px;\n}\n.av-special-heading.av-kupnxak2-da3e529b69bd49c57b6dbcf15a882eeb .special-heading-inner-border{\nborder-color:#ffffff;\n}\n.av-special-heading.av-kupnxak2-da3e529b69bd49c57b6dbcf15a882eeb .av-subheading{\nfont-size:15px;\n}\n<\/style>\n<div  class='av-special-heading av-kupnxak2-da3e529b69bd49c57b6dbcf15a882eeb av-special-heading-h4 custom-color-heading blockquote modern-quote  avia-builder-el-2  el_before_av_heading  avia-builder-el-first '><h4 class='av-special-heading-tag '  itemprop=\"headline\"  >\u00c1rea 1<\/h4><div class=\"special-heading-border\"><div class=\"special-heading-inner-border\"><\/div><\/div><\/div><br \/>\n\n<style type=\"text\/css\" data-created_by=\"avia_inline_auto\" id=\"style-css-av-kupnxuur-d0ffec595119eea592c21e84d5e54000\">\n#top .av-special-heading.av-kupnxuur-d0ffec595119eea592c21e84d5e54000{\npadding-bottom:10px;\ncolor:#edae44;\n}\nbody .av-special-heading.av-kupnxuur-d0ffec595119eea592c21e84d5e54000 .av-special-heading-tag .heading-char{\nfont-size:25px;\n}\n.av-special-heading.av-kupnxuur-d0ffec595119eea592c21e84d5e54000 .special-heading-inner-border{\nborder-color:#edae44;\n}\n.av-special-heading.av-kupnxuur-d0ffec595119eea592c21e84d5e54000 .av-subheading{\nfont-size:15px;\n}\n<\/style>\n<div  class='av-special-heading av-kupnxuur-d0ffec595119eea592c21e84d5e54000 av-special-heading-h1 custom-color-heading blockquote modern-quote  avia-builder-el-3  el_after_av_heading  avia-builder-el-last '><h1 class='av-special-heading-tag '  itemprop=\"headline\"  > AMARILLO 2, 5, 7 y 21<\/h1><div class=\"special-heading-border\"><div class=\"special-heading-inner-border\"><\/div><\/div><\/div><\/p><\/div>\n<\/div><\/div><\/main><!-- close content main element --><\/div><\/div><div id='after_section_1'  class='main_color av_default_container_wrap container_wrap sidebar_right'  ><div class='container av-section-cont-open' ><div class='template-page content  av-content-small alpha units'><div class='post-entry post-entry-type-page post-entry-471'><div class='entry-content-wrapper clearfix'>\n\n<style type=\"text\/css\" data-created_by=\"avia_inline_auto\" id=\"style-css-av-3yvhhj-e2f74573fa81644e5cd9623793a1070f\">\n.flex_column.av-3yvhhj-e2f74573fa81644e5cd9623793a1070f{\nborder-radius:0px 0px 0px 0px;\npadding:0px 0px 0px 0px;\n}\n<\/style>\n<div  class='flex_column av-3yvhhj-e2f74573fa81644e5cd9623793a1070f av_three_fifth  avia-builder-el-4  el_after_av_section  el_before_av_two_fifth  avia-builder-el-first  first flex_column_div av-zero-column-padding  '     ><p><section  class='av_textblock_section av-kupkemae-b8470e755d014498cb153783e3686f96 '   itemscope=\"itemscope\" itemtype=\"https:\/\/schema.org\/CreativeWork\" ><div class='avia_textblock'  itemprop=\"text\" ><p><strong>UBICACI\u00d3N<\/strong><\/p>\n<p>Estas \u00e1reas se ubican en el extremo norte del departamento de Iglesia, en la provincia geol\u00f3gica de Cordillera Frontal, a 550 km de la ciudad de San Juan. Las concesiones mineras est\u00e1n inmersas en el segmento sur de la faja metalog\u00e9nica de Maricunga, que alberga dep\u00f3sitos minerales ricos en Cu-Mo-Au y Ag, representados en el lado argentino por los proyectos mineros de Josemar\u00eda, Filo del Sol y Cerro Mogotes, entre otros.<\/p>\n<\/div><\/section><br \/>\n<section  class='av_textblock_section av-kupkf6r9-937ecc9dc971cc6f174dd6e0d28436cd '   itemscope=\"itemscope\" itemtype=\"https:\/\/schema.org\/CreativeWork\" ><div class='avia_textblock'  itemprop=\"text\" ><p><b>POTENCIAL PROSPECTIVO:<\/b><br \/>\nSISTEMAS TIPO P\u00d3RFIDO VINCULADOS A SISTEMAS EPITERMALES.<\/p>\n<\/div><\/section><br \/>\n<section  class='av_textblock_section av-kupnt6ex-727fd095be62f9647e04216af92234d4 '   itemscope=\"itemscope\" itemtype=\"https:\/\/schema.org\/CreativeWork\" ><div class='avia_textblock'  itemprop=\"text\" ><p><strong>GEOLOG\u00cdA<\/strong><\/p>\n<p>En el sector, las unidades m\u00e1s antiguas est\u00e1n representadas por un basamento gran\u00edtico permotri\u00e1sico cubierto por secuencias volc\u00e1nicas depositadas desde el Eoceno superior al Mioceno medio superior, compuestas por coladas riol\u00edticas, tobas, ignimbritas y andesitas, asociadas a cuerpos intrusivos dac\u00edticos y dior\u00edticos, responsables de las ocurrencias minerales expuestas en el \u00e1rea.<\/p>\n<p>Las minas Amarillo 2, 5 y 7 cubren parcialmente la manifestaci\u00f3n hidrotermal Filo Amarillo, vinculada a mineralizaci\u00f3n de Cu-Au y Ag alojada en estructuras vetiformes y de forma diseminada.<\/p>\n<\/div><\/section><br \/>\n\n<style type=\"text\/css\" data-created_by=\"avia_inline_auto\" id=\"style-css-av-kupnub0q-1052b7f5b7ed0f93c319077b9a87f4c5\">\n.avia-image-container.av-kupnub0q-1052b7f5b7ed0f93c319077b9a87f4c5 img.avia_image{\nbox-shadow:none;\n}\n.avia-image-container.av-kupnub0q-1052b7f5b7ed0f93c319077b9a87f4c5 .av-image-caption-overlay-center{\ncolor:#ffffff;\n}\n<\/style>\n<div  class='avia-image-container av-kupnub0q-1052b7f5b7ed0f93c319077b9a87f4c5 av-styling- avia-align-center  avia-builder-el-8  el_after_av_textblock  avia-builder-el-last '   itemprop=\"image\" itemscope=\"itemscope\" itemtype=\"https:\/\/schema.org\/ImageObject\" ><div class=\"avia-image-container-inner\"><div class=\"avia-image-overlay-wrap\"><img decoding=\"async\" fetchpriority=\"high\" class='wp-image-482 avia-img-lazy-loading-not-482 avia_image ' src=\"https:\/\/web.sanjuan.gob.ar\/ipeem\/wp-content\/uploads\/sites\/13\/2021\/10\/area-1-satelital-1030x728.png\" alt='' title='area 1 satelital'  height=\"728\" width=\"1030\"  itemprop=\"thumbnailUrl\" srcset=\"https:\/\/web.sanjuan.gob.ar\/ipeem\/wp-content\/uploads\/sites\/13\/2021\/10\/area-1-satelital-1030x728.png 1030w, https:\/\/web.sanjuan.gob.ar\/ipeem\/wp-content\/uploads\/sites\/13\/2021\/10\/area-1-satelital-300x212.png 300w, https:\/\/web.sanjuan.gob.ar\/ipeem\/wp-content\/uploads\/sites\/13\/2021\/10\/area-1-satelital-768x543.png 768w, https:\/\/web.sanjuan.gob.ar\/ipeem\/wp-content\/uploads\/sites\/13\/2021\/10\/area-1-satelital-260x185.png 260w, https:\/\/web.sanjuan.gob.ar\/ipeem\/wp-content\/uploads\/sites\/13\/2021\/10\/area-1-satelital-705x499.png 705w, https:\/\/web.sanjuan.gob.ar\/ipeem\/wp-content\/uploads\/sites\/13\/2021\/10\/area-1-satelital.png 1052w\" sizes=\"(max-width: 1030px) 100vw, 1030px\" \/><\/div><\/div><\/div><\/p><\/div>\n<style type=\"text\/css\" data-created_by=\"avia_inline_auto\" id=\"style-css-av-6vxin-e6a0a84ce90985982fdf97eab4c52fc3\">\n.flex_column.av-6vxin-e6a0a84ce90985982fdf97eab4c52fc3{\nborder-radius:0px 0px 0px 0px;\npadding:0px 0px 0px 0px;\n}\n<\/style>\n<div  class='flex_column av-6vxin-e6a0a84ce90985982fdf97eab4c52fc3 av_two_fifth  avia-builder-el-9  el_after_av_three_fifth  avia-builder-el-last  flex_column_div av-zero-column-padding  '     ><p>\n<style type=\"text\/css\" data-created_by=\"avia_inline_auto\" id=\"style-css-av-kupl4p6o-c4c9668d44d224c1f4f7cd8a2a1eedd1\">\n.avia-image-container.av-kupl4p6o-c4c9668d44d224c1f4f7cd8a2a1eedd1 img.avia_image{\nbox-shadow:none;\n}\n.avia-image-container.av-kupl4p6o-c4c9668d44d224c1f4f7cd8a2a1eedd1 .av-image-caption-overlay-center{\ncolor:#ffffff;\n}\n<\/style>\n<div  class='avia-image-container av-kupl4p6o-c4c9668d44d224c1f4f7cd8a2a1eedd1 av-styling- avia-align-center  avia-builder-el-10  el_before_av_hr  avia-builder-el-first '   itemprop=\"image\" itemscope=\"itemscope\" itemtype=\"https:\/\/schema.org\/ImageObject\" ><div class=\"avia-image-container-inner\"><div class=\"avia-image-overlay-wrap\"><img decoding=\"async\" fetchpriority=\"high\" class='wp-image-477 avia-img-lazy-loading-not-477 avia_image ' src=\"https:\/\/web.sanjuan.gob.ar\/ipeem\/wp-content\/uploads\/sites\/13\/2021\/10\/grafico-area-1-50.png\" alt='' title='grafico area 1-50%'  height=\"493\" width=\"348\"  itemprop=\"thumbnailUrl\" srcset=\"https:\/\/web.sanjuan.gob.ar\/ipeem\/wp-content\/uploads\/sites\/13\/2021\/10\/grafico-area-1-50.png 348w, https:\/\/web.sanjuan.gob.ar\/ipeem\/wp-content\/uploads\/sites\/13\/2021\/10\/grafico-area-1-50-212x300.png 212w\" sizes=\"(max-width: 348px) 100vw, 348px\" \/><\/div><\/div><\/div><br \/>\n\n<style type=\"text\/css\" data-created_by=\"avia_inline_auto\" id=\"style-css-av-kupo13u2-d9cabe60164c64a9cdfb17140202c568\">\n#top .hr.hr-invisible.av-kupo13u2-d9cabe60164c64a9cdfb17140202c568{\nheight:50px;\n}\n<\/style>\n<div  class='hr av-kupo13u2-d9cabe60164c64a9cdfb17140202c568 hr-invisible  avia-builder-el-11  el_after_av_image  el_before_av_table '><span class='hr-inner '><span class=\"hr-inner-style\"><\/span><\/span><\/div><br \/>\n<div class='avia-data-table-wrap av-3nymqn-0c7e8290e4b39c2f72f74708274d02ba avia_responsive_table avia-table-1'><table  class='avia-table avia-data-table avia_pricing_default  avia-builder-el-12  el_after_av_hr  avia-builder-el-last '  itemscope=\"itemscope\" itemtype=\"https:\/\/schema.org\/Table\" ><tbody><tr class='avia-heading-row'><th class=''>CONCESIONES MINERAS<\/th><th class=''>COORDENADAS CENTRALES<\/th><th class=''>SUPERFICIE (ha)<\/th><\/tr><tr class=''><td class=''>AMARILLO 2<\/td><td class=''>X: 6.827.452<br \/>\nY: 2.440.822<br \/>\n<\/td><td class=''>17,49<\/td><\/tr><tr class=''><td class=''>AMARILLO 5<\/td><td class=''>X: 6.827.946<br \/>\nY: 2.442.133<br \/>\n<\/td><td class=''>54<\/td><\/tr><tr class=''><td class=''>AMARILLO 7<\/td><td class=''>X: 6.827.960<br \/>\nY: 2.442.831<br \/>\n<\/td><td class=''>54<\/td><\/tr><tr class=''><td class=''>AMARILLO 21<\/td><td class=''>X: 6.832.664<br \/>\nY: 2.445.405<br \/>\n<\/td><td class=''>54<\/td><\/tr><\/tbody><\/table><\/div><style type='text\/css'>.avia-table-1 td:nth-of-type(1):before { content: 'CONCESIONES MINERAS'; } .avia-table-1 td:nth-of-type(2):before { content: 'COORDENADAS CENTRALES'; } .avia-table-1 td:nth-of-type(3):before { content: 'SUPERFICIE (ha)'; } <\/style><\/p><\/div><\/p>\n","protected":false},"excerpt":{"rendered":"","protected":false},"author":4,"featured_media":0,"parent":0,"menu_order":0,"comment_status":"closed","ping_status":"closed","template":"","meta":{"footnotes":""},"class_list":["post-471","page","type-page","status-publish","hentry"],"_links":{"self":[{"href":"https:\/\/web.sanjuan.gob.ar\/ipeem\/index.php?rest_route=\/wp\/v2\/pages\/471","targetHints":{"allow":["GET"]}}],"collection":[{"href":"https:\/\/web.sanjuan.gob.ar\/ipeem\/index.php?rest_route=\/wp\/v2\/pages"}],"about":[{"href":"https:\/\/web.sanjuan.gob.ar\/ipeem\/index.php?rest_route=\/wp\/v2\/types\/page"}],"author":[{"embeddable":true,"href":"https:\/\/web.sanjuan.gob.ar\/ipeem\/index.php?rest_route=\/wp\/v2\/users\/4"}],"replies":[{"embeddable":true,"href":"https:\/\/web.sanjuan.gob.ar\/ipeem\/index.php?rest_route=%2Fwp%2Fv2%2Fcomments&post=471"}],"version-history":[{"count":3,"href":"https:\/\/web.sanjuan.gob.ar\/ipeem\/index.php?rest_route=\/wp\/v2\/pages\/471\/revisions"}],"predecessor-version":[{"id":975,"href":"https:\/\/web.sanjuan.gob.ar\/ipeem\/index.php?rest_route=\/wp\/v2\/pages\/471\/revisions\/975"}],"wp:attachment":[{"href":"https:\/\/web.sanjuan.gob.ar\/ipeem\/index.php?rest_route=%2Fwp%2Fv2%2Fmedia&parent=471"}],"curies":[{"name":"wp","href":"https:\/\/api.w.org\/{rel}","templated":true}]}}