{"id":154,"date":"2015-07-16T09:12:44","date_gmt":"2015-07-16T09:12:44","guid":{"rendered":"http:\/\/test.kriesi.at\/minimal-portfolio\/?page_id=154"},"modified":"2024-10-16T14:17:03","modified_gmt":"2024-10-16T12:17:03","slug":"gestion-de-calidad","status":"publish","type":"page","link":"https:\/\/web.sanjuan.gob.ar\/tribunaldecuentas\/gestion-de-calidad\/","title":{"rendered":"Gesti\u00f3n de Calidad"},"content":{"rendered":"\n<style type=\"text\/css\" data-created_by=\"avia_inline_auto\" id=\"style-css-av-145nae-6e5e252382151ee016ca82ad5fa04de3\">\n.avia-section.av-145nae-6e5e252382151ee016ca82ad5fa04de3{\nbackground-repeat:no-repeat;\nbackground-image:url(https:\/\/web.sanjuan.gob.ar\/tribunaldecuentas\/wp-content\/uploads\/sites\/19\/2018\/05\/hero-skyscraper.jpg);\nbackground-position:50% 50%;\nbackground-attachment:scroll;\n}\n.avia-section.av-145nae-6e5e252382151ee016ca82ad5fa04de3 .av-section-color-overlay{\nopacity:0.6;\nbackground-color:#084a79;\n}\n<\/style>\n<div id='av_section_1'  class='avia-section av-145nae-6e5e252382151ee016ca82ad5fa04de3 main_color avia-section-default avia-no-border-styling  avia-builder-el-0  el_before_av_section  avia-builder-el-first  avia-full-stretch avia-bg-style-scroll av-section-color-overlay-active av-minimum-height av-minimum-height-custom av-height-custom  container_wrap fullsize'  data-section-bg-repeat='stretch' data-av_minimum_height_px='230'><div class=\"av-section-color-overlay-wrap\"><div class=\"av-section-color-overlay\"><\/div><div class='container av-section-cont-open' style='height:230px'><main  role=\"main\" itemprop=\"mainContentOfPage\"  class='template-page content  av-content-full alpha units'><div class='post-entry post-entry-type-page post-entry-154'><div class='entry-content-wrapper clearfix'>\n\n<style type=\"text\/css\" data-created_by=\"avia_inline_auto\" id=\"style-css-av-jgf3pjem-ee2a691ebc0a9a100bc99d372a9c72ca\">\n#top .flex_column.av-jgf3pjem-ee2a691ebc0a9a100bc99d372a9c72ca{\nmargin-top:0px;\nmargin-bottom:0px;\n}\n.flex_column.av-jgf3pjem-ee2a691ebc0a9a100bc99d372a9c72ca{\nborder-radius:0px 0px 0px 0px;\npadding:0px 0px 0px 0px;\n}\n.responsive #top #wrap_all .flex_column.av-jgf3pjem-ee2a691ebc0a9a100bc99d372a9c72ca{\nmargin-top:0px;\nmargin-bottom:0px;\n}\n<\/style>\n<div  class='flex_column av-jgf3pjem-ee2a691ebc0a9a100bc99d372a9c72ca av_one_full  avia-builder-el-1  avia-builder-el-no-sibling  first flex_column_div av-animated-generic left-to-right av-zero-column-padding  '     ><style type=\"text\/css\" data-created_by=\"avia_inline_auto\" id=\"style-css-av-jgs0mam9-d24304656c5d32d981e3a1b98d89bd33\">\n#top .av-special-heading.av-jgs0mam9-d24304656c5d32d981e3a1b98d89bd33{\nmargin:0 0 0 0;\npadding-bottom:0;\ncolor:#ffffff;\nfont-size:4vw;\n}\nbody .av-special-heading.av-jgs0mam9-d24304656c5d32d981e3a1b98d89bd33 .av-special-heading-tag .heading-char{\nfont-size:25px;\n}\n#top #wrap_all .av-special-heading.av-jgs0mam9-d24304656c5d32d981e3a1b98d89bd33 .av-special-heading-tag{\nfont-size:4vw;\n}\n.av-special-heading.av-jgs0mam9-d24304656c5d32d981e3a1b98d89bd33 .special-heading-inner-border{\nborder-color:#ffffff;\n}\n.av-special-heading.av-jgs0mam9-d24304656c5d32d981e3a1b98d89bd33 .av-subheading{\nfont-size:25px;\n}\n\n@media only screen and (min-width: 480px) and (max-width: 767px){ \n#top #wrap_all .av-special-heading.av-jgs0mam9-d24304656c5d32d981e3a1b98d89bd33 .av-special-heading-tag{\nfont-size:0.8em;\n}\n}\n\n@media only screen and (max-width: 479px){ \n#top #wrap_all .av-special-heading.av-jgs0mam9-d24304656c5d32d981e3a1b98d89bd33 .av-special-heading-tag{\nfont-size:0.8em;\n}\n}\n<\/style>\n<div  class='av-special-heading av-jgs0mam9-d24304656c5d32d981e3a1b98d89bd33 av-special-heading-h2 custom-color-heading blockquote modern-quote modern-centered  avia-builder-el-2  avia-builder-el-no-sibling  av-inherit-size'><h2 class='av-special-heading-tag '  itemprop=\"headline\"  >Gesti\u00f3n de Calidad<\/h2><div class=\"special-heading-border\"><div class=\"special-heading-inner-border\"><\/div><\/div><\/div><\/div>\n\n<\/div><\/div><\/main><!-- close content main element --><\/div><\/div><\/div><div id='av_section_2'  class='avia-section av-qet8u-83147d0d40d9d249d4aacaaedd222aa0 main_color avia-section-huge avia-no-border-styling  avia-builder-el-3  el_after_av_section  avia-builder-el-last  avia-bg-style-scroll container_wrap fullsize'  ><div class='container av-section-cont-open' ><div class='template-page content  av-content-full alpha units'><div class='post-entry post-entry-type-page post-entry-154'><div class='entry-content-wrapper clearfix'>\n\n<style type=\"text\/css\" data-created_by=\"avia_inline_auto\" id=\"style-css-av-9wkhy-5a7b8f1de5feaad957d748638c881472\">\n#top .flex_column.av-9wkhy-5a7b8f1de5feaad957d748638c881472{\nmargin-top:0px;\nmargin-bottom:0px;\n}\n.flex_column.av-9wkhy-5a7b8f1de5feaad957d748638c881472{\nborder-radius:3px 3px 3px 3px;\npadding:0px 0px 0px 0px;\n}\n.responsive #top #wrap_all .flex_column.av-9wkhy-5a7b8f1de5feaad957d748638c881472{\nmargin-top:0px;\nmargin-bottom:0px;\n}\n<\/style>\n<div  class='flex_column av-9wkhy-5a7b8f1de5feaad957d748638c881472 av_one_half  avia-builder-el-4  el_before_av_one_half  avia-builder-el-first  first flex_column_div av-animated-generic left-to-right av-zero-column-padding  '     ><p>\n<style type=\"text\/css\" data-created_by=\"avia_inline_auto\" id=\"style-css-av-f0pea-dca865c3dbf690ad8de1af87db75e016\">\n#top .av-special-heading.av-f0pea-dca865c3dbf690ad8de1af87db75e016{\nmargin:25px 0 0 0;\npadding-bottom:10px;\n}\nbody .av-special-heading.av-f0pea-dca865c3dbf690ad8de1af87db75e016 .av-special-heading-tag .heading-char{\nfont-size:25px;\n}\n.av-special-heading.av-f0pea-dca865c3dbf690ad8de1af87db75e016 .av-subheading{\nfont-size:15px;\n}\n<\/style>\n<div  class='av-special-heading av-f0pea-dca865c3dbf690ad8de1af87db75e016 av-special-heading-h2 blockquote modern-quote modern-centered  avia-builder-el-5  el_before_av_iconlist  avia-builder-el-first '><h2 class='av-special-heading-tag '  itemprop=\"headline\"  >Pol\u00edticas de Calidad<\/h2><div class=\"special-heading-border\"><div class=\"special-heading-inner-border\"><\/div><\/div><\/div><br \/>\n\n<style type=\"text\/css\" data-created_by=\"avia_inline_auto\" id=\"style-css-av-lusjsxqm-47443c248e4c29621b7ca59d9f733c56\">\n#top .avia-icon-list-container.av-lusjsxqm-47443c248e4c29621b7ca59d9f733c56 .iconlist_icon{\ncolor:#;\nbackground-color:#105e96;\n}\n#top .avia-icon-list-container.av-lusjsxqm-47443c248e4c29621b7ca59d9f733c56 .iconlist_icon svg:first-child{\nstroke:#;\nfill:#;\n}\n<\/style>\n<div  class='avia-icon-list-container av-lusjsxqm-47443c248e4c29621b7ca59d9f733c56  avia-builder-el-6  el_after_av_heading  avia-builder-el-last '><ul class='avia-icon-list avia_animate_when_almost_visible avia-icon-list-left av-iconlist-big av-lusjsxqm-47443c248e4c29621b7ca59d9f733c56 avia-iconlist-animate'>\n<li><div class='iconlist_icon av-lusjp392-ef28d4f0ad856f11832bd816bc6dab1c avia-font-entypo-fontello avia-iconfont avia-font-entypo-fontello'><span class='av-icon-char' data-av_icon='\ue871' data-av_iconfont='entypo-fontello' aria-hidden=\"true\"><\/span><\/div><article class=\"article-icon-entry \"  itemscope=\"itemscope\" itemtype=\"https:\/\/schema.org\/CreativeWork\" ><div class=\"iconlist_content_wrap\"><header class=\"entry-content-header\" aria-label=\"Icon: Cumplir\"><h4 class='av_iconlist_title iconlist_title  '  itemprop=\"headline\" >Cumplir<\/h4><\/header><div class='iconlist_content '  itemprop=\"text\" ><p>el mandato Constitucional de Controlar la Percepci\u00f3n e Inversi\u00f3n de los Fondos P\u00fablico en forma eficaz y eficiente, conforme la normativa vigente.<\/p>\n<\/div><\/div><footer class=\"entry-footer\"><\/footer><\/article><div class=\"iconlist-timeline\"><\/div><\/li>\n<li><div class='iconlist_icon av-lusjujeb-3fe751ae09074f47aece8ab823934c66 avia-font-entypo-fontello avia-iconfont avia-font-entypo-fontello'><span class='av-icon-char' data-av_icon='\ue871' data-av_iconfont='entypo-fontello' aria-hidden=\"true\"><\/span><\/div><article class=\"article-icon-entry \"  itemscope=\"itemscope\" itemtype=\"https:\/\/schema.org\/CreativeWork\" ><div class=\"iconlist_content_wrap\"><header class=\"entry-content-header\" aria-label=\"Icon: Controlar\"><h4 class='av_iconlist_title iconlist_title  '  itemprop=\"headline\" >Controlar<\/h4><\/header><div class='iconlist_content '  itemprop=\"text\" ><p>en la forma y oportunidad adecuadas, a efectos de prevenir irregularidades en la Percepci\u00f3n e Inversi\u00f3n de Fondos P\u00fablicos.<\/p>\n<\/div><\/div><footer class=\"entry-footer\"><\/footer><\/article><div class=\"iconlist-timeline\"><\/div><\/li>\n<li><div class='iconlist_icon av-lusjujeb-e32e883921b6a1d50778d2007b1a5bf5 avia-font-entypo-fontello avia-iconfont avia-font-entypo-fontello'><span class='av-icon-char' data-av_icon='\ue871' data-av_iconfont='entypo-fontello' aria-hidden=\"true\"><\/span><\/div><article class=\"article-icon-entry \"  itemscope=\"itemscope\" itemtype=\"https:\/\/schema.org\/CreativeWork\" ><div class=\"iconlist_content_wrap\"><header class=\"entry-content-header\" aria-label=\"Icon: Propender\"><h4 class='av_iconlist_title iconlist_title  '  itemprop=\"headline\" >Propender<\/h4><\/header><div class='iconlist_content '  itemprop=\"text\" ><p>a la capacitaci\u00f3n permanente del personal del Tribunal de Cuentas de la Provincia de San Juan, coadyuvando a un adecuado ambiente de trabajo.<\/p>\n<\/div><\/div><footer class=\"entry-footer\"><\/footer><\/article><div class=\"iconlist-timeline\"><\/div><\/li>\n<li><div class='iconlist_icon av-lusjujeb-e2747e963e7c854f14aa8df76c3eb067 avia-font-entypo-fontello avia-iconfont avia-font-entypo-fontello'><span class='av-icon-char' data-av_icon='\ue871' data-av_iconfont='entypo-fontello' aria-hidden=\"true\"><\/span><\/div><article class=\"article-icon-entry \"  itemscope=\"itemscope\" itemtype=\"https:\/\/schema.org\/CreativeWork\" ><div class=\"iconlist_content_wrap\"><header class=\"entry-content-header\" aria-label=\"Icon: Consolidar\"><h4 class='av_iconlist_title iconlist_title  '  itemprop=\"headline\" >Consolidar<\/h4><\/header><div class='iconlist_content '  itemprop=\"text\" ><p>los v\u00ednculos con los dem\u00e1s Organismo de Control P\u00fablico, a trav\u00e9s de una participaci\u00f3n y coordinaci\u00f3n activa.<\/p>\n<\/div><\/div><footer class=\"entry-footer\"><\/footer><\/article><div class=\"iconlist-timeline\"><\/div><\/li>\n<li><div class='iconlist_icon av-lusjujeb-339abcef80a4386bb00b657c489e38d7 avia-font-entypo-fontello avia-iconfont avia-font-entypo-fontello'><span class='av-icon-char' data-av_icon='\ue871' data-av_iconfont='entypo-fontello' aria-hidden=\"true\"><\/span><\/div><article class=\"article-icon-entry \"  itemscope=\"itemscope\" itemtype=\"https:\/\/schema.org\/CreativeWork\" ><div class=\"iconlist_content_wrap\"><header class=\"entry-content-header\" aria-label=\"Icon: Procurar\"><h4 class='av_iconlist_title iconlist_title  '  itemprop=\"headline\" >Procurar<\/h4><\/header><div class='iconlist_content '  itemprop=\"text\" ><p>que la relaci\u00f3n con los responsables de la Percepci\u00f3n e Inversi\u00f3n de los Fondos P\u00fablicos, sea mutuamente beneficiosa, para que se cumpla con la normativa vigente.<\/p>\n<\/div><\/div><footer class=\"entry-footer\"><\/footer><\/article><div class=\"iconlist-timeline\"><\/div><\/li>\n<li><div class='iconlist_icon av-lusjujeb-2c78c54d67188f612abace9f1f888f27 avia-font-entypo-fontello avia-iconfont avia-font-entypo-fontello'><span class='av-icon-char' data-av_icon='\ue871' data-av_iconfont='entypo-fontello' aria-hidden=\"true\"><\/span><\/div><article class=\"article-icon-entry \"  itemscope=\"itemscope\" itemtype=\"https:\/\/schema.org\/CreativeWork\" ><div class=\"iconlist_content_wrap\"><header class=\"entry-content-header\" aria-label=\"Icon: Difundir\"><h4 class='av_iconlist_title iconlist_title  '  itemprop=\"headline\" >Difundir<\/h4><\/header><div class='iconlist_content '  itemprop=\"text\" ><p>la labor desarrollada por el Tribunal de Cuentas de la Provincia de San Juan.<\/p>\n<\/div><\/div><footer class=\"entry-footer\"><\/footer><\/article><div class=\"iconlist-timeline\"><\/div><\/li>\n<li><div class='iconlist_icon av-lusjujeb-f36aef797d2907603d89b5cfa7f11282 avia-font-entypo-fontello avia-iconfont avia-font-entypo-fontello'><span class='av-icon-char' data-av_icon='\ue871' data-av_iconfont='entypo-fontello' aria-hidden=\"true\"><\/span><\/div><article class=\"article-icon-entry \"  itemscope=\"itemscope\" itemtype=\"https:\/\/schema.org\/CreativeWork\" ><div class=\"iconlist_content_wrap\"><header class=\"entry-content-header\" aria-label=\"Icon: Cumplir\"><h4 class='av_iconlist_title iconlist_title  '  itemprop=\"headline\" >Cumplir<\/h4><\/header><div class='iconlist_content '  itemprop=\"text\" ><div class=\"sy-art-res\">\n<p>con los requisitos del Sistema de Gesti\u00f3n de la Calidad Certificado y mejorar continuamente la eficacia del mismo.<\/p>\n<\/div>\n<div class=\"sy-art-foto\">\n<div class=\"sy-hiden_link\" data-src=\"ru\/agenda\/16.2.4349_o334o__E476CF3B\"><\/div>\n<div class=\"sy-hiden_link-flikr\" data-src=\"\"><\/div>\n<\/div>\n<\/div><\/div><footer class=\"entry-footer\"><\/footer><\/article><div class=\"iconlist-timeline\"><\/div><\/li>\n<\/ul><\/div><\/p><\/div>\n<style type=\"text\/css\" data-created_by=\"avia_inline_auto\" id=\"style-css-av-af37e-cc300d31452bb2e8a539424e24600fc2\">\n#top .flex_column.av-af37e-cc300d31452bb2e8a539424e24600fc2{\nmargin-top:0px;\nmargin-bottom:0px;\n}\n.flex_column.av-af37e-cc300d31452bb2e8a539424e24600fc2{\nborder-radius:3px 3px 3px 3px;\npadding:0px 0px 0px 0px;\n}\n.responsive #top #wrap_all .flex_column.av-af37e-cc300d31452bb2e8a539424e24600fc2{\nmargin-top:0px;\nmargin-bottom:0px;\n}\n<\/style>\n<div  class='flex_column av-af37e-cc300d31452bb2e8a539424e24600fc2 av_one_half  avia-builder-el-7  el_after_av_one_half  el_before_av_hr  flex_column_div av-animated-generic left-to-right av-zero-column-padding  '     ><p>\n<style type=\"text\/css\" data-created_by=\"avia_inline_auto\" id=\"style-css-av-uyrai-dbfcc4ebcf3162006915dd581efa50a4\">\n#top .av-special-heading.av-uyrai-dbfcc4ebcf3162006915dd581efa50a4{\nmargin:15px 0 0 0;\npadding-bottom:10px;\n}\nbody .av-special-heading.av-uyrai-dbfcc4ebcf3162006915dd581efa50a4 .av-special-heading-tag .heading-char{\nfont-size:25px;\n}\n.av-special-heading.av-uyrai-dbfcc4ebcf3162006915dd581efa50a4 .av-subheading{\nfont-size:15px;\n}\n<\/style>\n<div  class='av-special-heading av-uyrai-dbfcc4ebcf3162006915dd581efa50a4 av-special-heading-h2 blockquote modern-quote  avia-builder-el-8  el_before_av_textblock  avia-builder-el-first '><h2 class='av-special-heading-tag '  itemprop=\"headline\"  >Norma ISO 9001:2015<\/h2><div class=\"special-heading-border\"><div class=\"special-heading-inner-border\"><\/div><\/div><\/div><br \/>\n<section  class='av_textblock_section av-jgds8wgh-7748c3d26df70201118b281b2447eaba '   itemscope=\"itemscope\" itemtype=\"https:\/\/schema.org\/CreativeWork\" ><div class='avia_textblock'  itemprop=\"text\" ><p>El Tribunal de Cuentas de la Provincia de San Juan fue el Primer Organismo P\u00fablico en Certificar <strong>Normas de Calidad<\/strong> y ganar el <strong>Premio Provincial a la Calidad<\/strong>. En este marco, continuando con su objetivo de asegurar de manera consistente la mejora del desempe\u00f1o y la eficacia de la Organizaci\u00f3n recertific\u00f3 su Sistema de Gesti\u00f3n de Calidad bajo la Nueva Norma <strong>ISO 9001:2015<\/strong>.<\/p>\n<\/div><\/section><br \/>\n\n<style type=\"text\/css\" data-created_by=\"avia_inline_auto\" id=\"style-css-av-sq7lm-2044ef1376a7e0f0510834c9f3e2171d\">\n#top .av-special-heading.av-sq7lm-2044ef1376a7e0f0510834c9f3e2171d{\nmargin:15px 0 0 0;\npadding-bottom:10px;\n}\nbody .av-special-heading.av-sq7lm-2044ef1376a7e0f0510834c9f3e2171d .av-special-heading-tag .heading-char{\nfont-size:25px;\n}\n.av-special-heading.av-sq7lm-2044ef1376a7e0f0510834c9f3e2171d .av-subheading{\nfont-size:15px;\n}\n<\/style>\n<div  class='av-special-heading av-sq7lm-2044ef1376a7e0f0510834c9f3e2171d av-special-heading-h2 blockquote modern-quote  avia-builder-el-10  el_after_av_textblock  el_before_av_textblock '><h2 class='av-special-heading-tag '  itemprop=\"headline\"  >Recertificaci\u00f3n del SGC<\/h2><div class=\"special-heading-border\"><div class=\"special-heading-inner-border\"><\/div><\/div><\/div><br \/>\n<section  class='av_textblock_section av-jgds8wgh-7748c3d26df70201118b281b2447eaba '   itemscope=\"itemscope\" itemtype=\"https:\/\/schema.org\/CreativeWork\" ><div class='avia_textblock'  itemprop=\"text\" ><p>El Tribunal de Cuentas posee un Sistema de Gesti\u00f3n de la Calidad que cumple con los requisitos \u00a0de la Norma IRAM ISO 9001:2015, cuyo alcance es la \u201c<strong>Fiscalizaci\u00f3n y Pronunciamiento sobre la legitimidad en la Percepci\u00f3n e Inversi\u00f3n de Caudales P\u00fablicos a trav\u00e9s\u00a0 de los Procesos de Juicio de Cuentas, Control Inmediato Posterior y certificaci\u00f3n de Ingresos de Fondos Nacionales<\/strong>\u201d.<\/p>\n<p>El Tribunal certific\u00f3 las Normas de Gesti\u00f3n de Calidad en el a\u00f1o 2007, mantenimiento la misma hasta la actualidad; siendo el primer Organismo P\u00fablico de la Provincia de San Juan en Certificar Normas de Calidad y en ganar el Premio Provincial de la Calidad en el a\u00f1o 2009.<\/p>\n<p>En Agosto del a\u00f1o 2024 tuvo la \u00faltima Auditoria de Recertificaci\u00f3n del Sistema de Gesti\u00f3n de calidad. La misma se desarroll\u00f3 exitosamente y el Comit\u00e9 General de Certificaci\u00f3n de IRAM, resolvi\u00f3 otorgar la <strong>Recertificaci\u00f3n del SGC<\/strong> a la Organizaci\u00f3n Tribunal de Cuentas de la Provincia de San Juan.<\/p>\n<\/div><\/section><br \/>\n\n<style type=\"text\/css\" data-created_by=\"avia_inline_auto\" id=\"style-css-av-lusjdwdx-8fc2f44cbb8f1a9455df879c43dc4813\">\n#top .av-special-heading.av-lusjdwdx-8fc2f44cbb8f1a9455df879c43dc4813{\nmargin:15px 0 0 0;\npadding-bottom:10px;\n}\nbody .av-special-heading.av-lusjdwdx-8fc2f44cbb8f1a9455df879c43dc4813 .av-special-heading-tag .heading-char{\nfont-size:25px;\n}\n.av-special-heading.av-lusjdwdx-8fc2f44cbb8f1a9455df879c43dc4813 .av-subheading{\nfont-size:15px;\n}\n<\/style>\n<div  class='av-special-heading av-lusjdwdx-8fc2f44cbb8f1a9455df879c43dc4813 av-special-heading-h2 blockquote modern-quote  avia-builder-el-12  el_after_av_textblock  el_before_av_textblock '><h2 class='av-special-heading-tag '  itemprop=\"headline\"  >Alta Direcci\u00f3n<\/h2><div class=\"special-heading-border\"><div class=\"special-heading-inner-border\"><\/div><\/div><\/div><br \/>\n<section  class='av_textblock_section av-lusjezkr-51354ee87fc525479927429c13243141 '   itemscope=\"itemscope\" itemtype=\"https:\/\/schema.org\/CreativeWork\" ><div class='avia_textblock'  itemprop=\"text\" ><p>Se denomina as\u00ed en el Marco de la Implementaci\u00f3n de un Sistema de Gesti\u00f3n de la Calidad bajo Norma ISO 9001:2015, a quienes tienen en los Organismos Certificados, el poder de tomar las decisiones que rigen los destinos del mismo (es el caso el Tribunal de Cuentas de San Juan).<\/p>\n<\/div><\/section><\/p><\/div>\n<style type=\"text\/css\" data-created_by=\"avia_inline_auto\" id=\"style-css-av-jgf4q5kq-518b453de73dcc5d37eea92035c06c19\">\n#top .hr.av-jgf4q5kq-518b453de73dcc5d37eea92035c06c19{\nmargin-top:80px;\nmargin-bottom:90px;\n}\n.hr.av-jgf4q5kq-518b453de73dcc5d37eea92035c06c19 .hr-inner{\nwidth:50px;\nborder-color:#d3d3d3;\nmax-width:45%;\n}\n.hr.av-jgf4q5kq-518b453de73dcc5d37eea92035c06c19 .av-seperator-icon{\ncolor:#072f4c;\n}\n.hr.av-jgf4q5kq-518b453de73dcc5d37eea92035c06c19 .av-seperator-icon.avia-svg-icon svg:first-child{\nfill:#072f4c;\nstroke:#072f4c;\n}\n<\/style>\n<div  class='hr av-jgf4q5kq-518b453de73dcc5d37eea92035c06c19 hr-custom  avia-builder-el-14  el_after_av_one_half  avia-builder-el-last  hr-center hr-icon-yes'><span class='hr-inner inner-border-av-border-thin'><span class=\"hr-inner-style\"><\/span><\/span><span class='av-seperator-icon avia-iconfont avia-font-justice' data-av_icon='\uf119' data-av_iconfont='justice' ><\/span><span class='hr-inner inner-border-av-border-thin'><span class=\"hr-inner-style\"><\/span><\/span><\/div>\n\n","protected":false},"excerpt":{"rendered":"","protected":false},"author":1,"featured_media":0,"parent":0,"menu_order":0,"comment_status":"open","ping_status":"open","template":"","meta":{"footnotes":""},"class_list":["post-154","page","type-page","status-publish","hentry"],"_links":{"self":[{"href":"https:\/\/web.sanjuan.gob.ar\/tribunaldecuentas\/wp-json\/wp\/v2\/pages\/154","targetHints":{"allow":["GET"]}}],"collection":[{"href":"https:\/\/web.sanjuan.gob.ar\/tribunaldecuentas\/wp-json\/wp\/v2\/pages"}],"about":[{"href":"https:\/\/web.sanjuan.gob.ar\/tribunaldecuentas\/wp-json\/wp\/v2\/types\/page"}],"author":[{"embeddable":true,"href":"https:\/\/web.sanjuan.gob.ar\/tribunaldecuentas\/wp-json\/wp\/v2\/users\/1"}],"replies":[{"embeddable":true,"href":"https:\/\/web.sanjuan.gob.ar\/tribunaldecuentas\/wp-json\/wp\/v2\/comments?post=154"}],"version-history":[{"count":3,"href":"https:\/\/web.sanjuan.gob.ar\/tribunaldecuentas\/wp-json\/wp\/v2\/pages\/154\/revisions"}],"predecessor-version":[{"id":1348,"href":"https:\/\/web.sanjuan.gob.ar\/tribunaldecuentas\/wp-json\/wp\/v2\/pages\/154\/revisions\/1348"}],"wp:attachment":[{"href":"https:\/\/web.sanjuan.gob.ar\/tribunaldecuentas\/wp-json\/wp\/v2\/media?parent=154"}],"curies":[{"name":"wp","href":"https:\/\/api.w.org\/{rel}","templated":true}]}}