{"id":344,"date":"2018-04-03T07:06:47","date_gmt":"2018-04-03T07:06:47","guid":{"rendered":"http:\/\/wp\/portfolio-light\/?page_id=344"},"modified":"2024-04-09T17:16:03","modified_gmt":"2024-04-09T15:16:03","slug":"noticias","status":"publish","type":"page","link":"https:\/\/web.sanjuan.gob.ar\/tribunaldecuentas\/noticias\/","title":{"rendered":"Noticias"},"content":{"rendered":"\n<style type=\"text\/css\" data-created_by=\"avia_inline_auto\" id=\"style-css-av-145nae-651eae05fb78bdd4dd273144f78011ac\">\n.avia-section.av-145nae-651eae05fb78bdd4dd273144f78011ac{\nbackground-repeat:no-repeat;\nbackground-image:url(https:\/\/web.sanjuan.gob.ar\/tribunaldecuentas\/wp-content\/uploads\/sites\/19\/2018\/05\/hero-blurred.jpg);\nbackground-position:50% 50%;\nbackground-attachment:scroll;\n}\n.avia-section.av-145nae-651eae05fb78bdd4dd273144f78011ac .av-section-color-overlay{\nopacity:0.6;\nbackground-color:#084a79;\n}\n<\/style>\n<div id='av_section_1'  class='avia-section av-145nae-651eae05fb78bdd4dd273144f78011ac main_color avia-section-default avia-no-border-styling  avia-builder-el-0  el_before_av_section  avia-builder-el-first  avia-full-stretch avia-bg-style-scroll av-section-color-overlay-active av-minimum-height av-minimum-height-custom av-height-custom  container_wrap fullsize'  data-section-bg-repeat='stretch' data-av_minimum_height_px='230'><div class=\"av-section-color-overlay-wrap\"><div class=\"av-section-color-overlay\"><\/div><div class='container av-section-cont-open' style='height:230px'><main  role=\"main\" itemprop=\"mainContentOfPage\"  class='template-page content  av-content-full alpha units'><div class='post-entry post-entry-type-page post-entry-344'><div class='entry-content-wrapper clearfix'>\n\n<style type=\"text\/css\" data-created_by=\"avia_inline_auto\" id=\"style-css-av-jgf3pjem-ee2a691ebc0a9a100bc99d372a9c72ca\">\n#top .flex_column.av-jgf3pjem-ee2a691ebc0a9a100bc99d372a9c72ca{\nmargin-top:0px;\nmargin-bottom:0px;\n}\n.flex_column.av-jgf3pjem-ee2a691ebc0a9a100bc99d372a9c72ca{\nborder-radius:0px 0px 0px 0px;\npadding:0px 0px 0px 0px;\n}\n.responsive #top #wrap_all .flex_column.av-jgf3pjem-ee2a691ebc0a9a100bc99d372a9c72ca{\nmargin-top:0px;\nmargin-bottom:0px;\n}\n<\/style>\n<div  class='flex_column av-jgf3pjem-ee2a691ebc0a9a100bc99d372a9c72ca av_one_full  avia-builder-el-1  avia-builder-el-no-sibling  first flex_column_div av-animated-generic left-to-right av-zero-column-padding  '     ><style type=\"text\/css\" data-created_by=\"avia_inline_auto\" id=\"style-css-av-jgwcagpn-1601e417374418e48f15297a318f1e4c\">\n#top .av-special-heading.av-jgwcagpn-1601e417374418e48f15297a318f1e4c{\nmargin:0 0 0 0;\npadding-bottom:0;\ncolor:#ffffff;\nfont-size:5vw;\n}\nbody .av-special-heading.av-jgwcagpn-1601e417374418e48f15297a318f1e4c .av-special-heading-tag .heading-char{\nfont-size:25px;\n}\n#top #wrap_all .av-special-heading.av-jgwcagpn-1601e417374418e48f15297a318f1e4c .av-special-heading-tag{\nfont-size:5vw;\n}\n.av-special-heading.av-jgwcagpn-1601e417374418e48f15297a318f1e4c .special-heading-inner-border{\nborder-color:#ffffff;\n}\n.av-special-heading.av-jgwcagpn-1601e417374418e48f15297a318f1e4c .av-subheading{\nfont-size:25px;\n}\n\n@media only screen and (min-width: 480px) and (max-width: 767px){ \n#top #wrap_all .av-special-heading.av-jgwcagpn-1601e417374418e48f15297a318f1e4c .av-special-heading-tag{\nfont-size:0.8em;\n}\n}\n\n@media only screen and (max-width: 479px){ \n#top #wrap_all .av-special-heading.av-jgwcagpn-1601e417374418e48f15297a318f1e4c .av-special-heading-tag{\nfont-size:0.8em;\n}\n}\n<\/style>\n<div  class='av-special-heading av-jgwcagpn-1601e417374418e48f15297a318f1e4c av-special-heading-h2 custom-color-heading blockquote modern-quote modern-centered  avia-builder-el-2  avia-builder-el-no-sibling  av-inherit-size'><h2 class='av-special-heading-tag '  itemprop=\"headline\"  >Noticias<\/h2><div class=\"special-heading-border\"><div class=\"special-heading-inner-border\"><\/div><\/div><\/div><\/div><\/div><\/div><\/main><!-- close content main element --><\/div><\/div><\/div><div id='av_section_2'  class='avia-section av-145nae-e484183ac2512e581c4d3ad1f4531c95 main_color avia-section-huge avia-no-shadow  avia-builder-el-3  el_after_av_section  avia-builder-el-last  avia-bg-style-scroll container_wrap fullsize'  ><div class='container av-section-cont-open' ><div class='template-page content  av-content-full alpha units'><div class='post-entry post-entry-type-page post-entry-344'><div class='entry-content-wrapper clearfix'>\n\n<style type=\"text\/css\" data-created_by=\"avia_inline_auto\" id=\"style-css-av-jfg5nepn-bd97e5ba368539c77ab80242598ca79d\">\n#top .flex_column.av-jfg5nepn-bd97e5ba368539c77ab80242598ca79d{\nmargin-top:0px;\nmargin-bottom:0px;\n}\n.flex_column.av-jfg5nepn-bd97e5ba368539c77ab80242598ca79d{\nborder-radius:0px 0px 0px 0px;\npadding:0px 0px 0px 0px;\n}\n.responsive #top #wrap_all .flex_column.av-jfg5nepn-bd97e5ba368539c77ab80242598ca79d{\nmargin-top:0px;\nmargin-bottom:0px;\n}\n<\/style>\n<div  class='flex_column av-jfg5nepn-bd97e5ba368539c77ab80242598ca79d av_one_full  avia-builder-el-4  avia-builder-el-no-sibling  first flex_column_div av-animated-generic fade-in av-zero-column-padding  '     ><div id='av-masonry-1' class='av-masonry av-jfjbn9h2-f1519a651c0c019d53f994a90123429e noHover av-fixed-size av-large-gap av-hover-overlay-active av-masonry-animation-active av-masonry-col-4 av-caption-always av-caption-style- av-masonry-entries av-orientation-portrait-large ' data-post_id=\"344\"><div class=\"av-masonry-container isotope av-js-disabled\"><div class='av-masonry-entry isotope-item av-masonry-item-no-image '><\/div><a href=\"https:\/\/web.sanjuan.gob.ar\/tribunaldecuentas\/2026\/03\/31\/1-de-abril-dia-del-empleado-publico\/\"  id='av-masonry-1-item-1973' data-av-masonry-item='1973' class='av-masonry-entry isotope-item post-1973 post type-post status-publish format-standard has-post-thumbnail hentry category-noticias  av-masonry-item-with-image' title=\"IMG-20260331-WA0010\"   itemscope=\"itemscope\" itemtype=\"https:\/\/schema.org\/CreativeWork\" ><div class='av-inner-masonry-sizer'><\/div><figure class='av-inner-masonry main_color'><div class=\"av-masonry-outerimage-container\"><div class='av-masonry-image-container' style=\"background-image: url(https:\/\/web.sanjuan.gob.ar\/tribunaldecuentas\/wp-content\/uploads\/sites\/19\/2026\/03\/IMG-20260331-WA0010-705x540.jpg);\"  title=\"IMG-20260331-WA0010\" ><\/div><\/div><figcaption class='av-inner-masonry-content site-background'><div class='av-inner-masonry-content-pos'><div class='av-inner-masonry-content-pos-content'><div class='avia-arrow'><\/div><h3 class='av-masonry-entry-title entry-title '  itemprop=\"headline\" >1\u00b0 DE ABRIL D\u00cdA DEL EMPLEADO P\u00daBLICO<\/h3><span class='av-masonry-date meta-color updated'>31 de marzo de 2026<\/span><span class=\"av-masonry-text-sep text-sep-author\">\/<\/span><span class='av-masonry-author meta-color author'><span class='fn'>por Pablo Junco<\/span><\/span><\/div><\/div><\/figcaption><\/figure><\/a><!--end av-masonry entry--><a href=\"https:\/\/web.sanjuan.gob.ar\/tribunaldecuentas\/2026\/03\/27\/conversatorio-de-innovacion-sobre-auditabilidad-un-disruptivismo-que-traza-la-tokenizacion-la-ia-y-el-control-interno\/\"  id='av-masonry-1-item-1968' data-av-masonry-item='1968' class='av-masonry-entry isotope-item post-1968 post type-post status-publish format-standard has-post-thumbnail hentry category-noticias  av-masonry-item-with-image' title=\"IMG-20260326-WA0007\"   itemscope=\"itemscope\" itemtype=\"https:\/\/schema.org\/CreativeWork\" ><div class='av-inner-masonry-sizer'><\/div><figure class='av-inner-masonry main_color'><div class=\"av-masonry-outerimage-container\"><div class='av-masonry-image-container' style=\"background-image: url(https:\/\/web.sanjuan.gob.ar\/tribunaldecuentas\/wp-content\/uploads\/sites\/19\/2026\/03\/IMG-20260326-WA0007-705x596.jpg);\"  title=\"IMG-20260326-WA0007\" ><\/div><\/div><figcaption class='av-inner-masonry-content site-background'><div class='av-inner-masonry-content-pos'><div class='av-inner-masonry-content-pos-content'><div class='avia-arrow'><\/div><h3 class='av-masonry-entry-title entry-title '  itemprop=\"headline\" >CONVERSATORIO DE INNOVACI\u00d3N SOBRE AUDITABILIDAD: UN DISRUPTIVISMO QUE TRAZA LA TOKENIZACI\u00d3N, LA IA Y EL CONTROL INTERNO<\/h3><div class='av-masonry-entry-content entry-content'  itemprop=\"text\" >El Tribunal de Cuentas particip\u00f3 de un Conversatorio Virtual,&nbsp;\u2026<\/div><span class='av-masonry-date meta-color updated'>27 de marzo de 2026<\/span><span class=\"av-masonry-text-sep text-sep-author\">\/<\/span><span class='av-masonry-author meta-color author'><span class='fn'>por Pablo Junco<\/span><\/span><\/div><\/div><\/figcaption><\/figure><\/a><!--end av-masonry entry--><a href=\"https:\/\/web.sanjuan.gob.ar\/tribunaldecuentas\/2026\/03\/13\/capacitacion-interna-en-el-tribunal-de-cuentas\/\"  id='av-masonry-1-item-1955' data-av-masonry-item='1955' class='av-masonry-entry isotope-item post-1955 post type-post status-publish format-standard has-post-thumbnail hentry category-noticias  av-masonry-item-with-image' title=\"IMG-20260313-WA0018\"   itemscope=\"itemscope\" itemtype=\"https:\/\/schema.org\/CreativeWork\" ><div class='av-inner-masonry-sizer'><\/div><figure class='av-inner-masonry main_color'><div class=\"av-masonry-outerimage-container\"><div class='av-masonry-image-container' style=\"background-image: url(https:\/\/web.sanjuan.gob.ar\/tribunaldecuentas\/wp-content\/uploads\/sites\/19\/2026\/03\/IMG-20260313-WA0018-705x430.jpg);\"  title=\"IMG-20260313-WA0018\" ><\/div><\/div><figcaption class='av-inner-masonry-content site-background'><div class='av-inner-masonry-content-pos'><div class='av-inner-masonry-content-pos-content'><div class='avia-arrow'><\/div><h3 class='av-masonry-entry-title entry-title '  itemprop=\"headline\" >CAPACITACI\u00d3N INTERNA EN EL TRIBUNAL DE CUENTAS<\/h3><div class='av-masonry-entry-content entry-content'  itemprop=\"text\" >El Tribunal de Cuentas realiz\u00f3 una capacitaci\u00f3n interna orientada\u2026<\/div><span class='av-masonry-date meta-color updated'>13 de marzo de 2026<\/span><span class=\"av-masonry-text-sep text-sep-author\">\/<\/span><span class='av-masonry-author meta-color author'><span class='fn'>por Pablo Junco<\/span><\/span><\/div><\/div><\/figcaption><\/figure><\/a><!--end av-masonry entry--><a href=\"https:\/\/web.sanjuan.gob.ar\/tribunaldecuentas\/2026\/03\/06\/planificacion-de-auditorias-en-organos-de-control\/\"  id='av-masonry-1-item-1951' data-av-masonry-item='1951' class='av-masonry-entry isotope-item post-1951 post type-post status-publish format-standard has-post-thumbnail hentry category-noticias  av-masonry-item-with-image' title=\"IMG-20260306-WA0020\"   itemscope=\"itemscope\" itemtype=\"https:\/\/schema.org\/CreativeWork\" ><div class='av-inner-masonry-sizer'><\/div><figure class='av-inner-masonry main_color'><div class=\"av-masonry-outerimage-container\"><div class='av-masonry-image-container' style=\"background-image: url(https:\/\/web.sanjuan.gob.ar\/tribunaldecuentas\/wp-content\/uploads\/sites\/19\/2026\/03\/IMG-20260306-WA0020-705x325.jpg);\"  title=\"IMG-20260306-WA0020\" ><\/div><\/div><figcaption class='av-inner-masonry-content site-background'><div class='av-inner-masonry-content-pos'><div class='av-inner-masonry-content-pos-content'><div class='avia-arrow'><\/div><h3 class='av-masonry-entry-title entry-title '  itemprop=\"headline\" >Planificaci\u00f3n de Auditorias en \u00d3rganos de Control<\/h3><div class='av-masonry-entry-content entry-content'  itemprop=\"text\" >El personal del Tribunal de Cuentas particip\u00f3 de un conversatorio\u2026<\/div><span class='av-masonry-date meta-color updated'>6 de marzo de 2026<\/span><span class=\"av-masonry-text-sep text-sep-author\">\/<\/span><span class='av-masonry-author meta-color author'><span class='fn'>por Pablo Junco<\/span><\/span><\/div><\/div><\/figcaption><\/figure><\/a><!--end av-masonry entry--><a href=\"https:\/\/web.sanjuan.gob.ar\/tribunaldecuentas\/2026\/03\/06\/reunion-de-trabajo-2\/\"  id='av-masonry-1-item-1945' data-av-masonry-item='1945' class='av-masonry-entry isotope-item post-1945 post type-post status-publish format-standard has-post-thumbnail hentry category-noticias  av-masonry-item-with-image' title=\"IMG-20260306-WA0007\"   itemscope=\"itemscope\" itemtype=\"https:\/\/schema.org\/CreativeWork\" ><div class='av-inner-masonry-sizer'><\/div><figure class='av-inner-masonry main_color'><div class=\"av-masonry-outerimage-container\"><div class='av-masonry-image-container' style=\"background-image: url(https:\/\/web.sanjuan.gob.ar\/tribunaldecuentas\/wp-content\/uploads\/sites\/19\/2026\/03\/IMG-20260306-WA0007-705x325.jpg);\"  title=\"IMG-20260306-WA0007\" ><\/div><\/div><figcaption class='av-inner-masonry-content site-background'><div class='av-inner-masonry-content-pos'><div class='av-inner-masonry-content-pos-content'><div class='avia-arrow'><\/div><h3 class='av-masonry-entry-title entry-title '  itemprop=\"headline\" >Reuni\u00f3n de Trabajo<\/h3><div class='av-masonry-entry-content entry-content'  itemprop=\"text\" >Los Fiscales de Cuentas del Tribunal de Cuentas mantuvieron\u2026<\/div><span class='av-masonry-date meta-color updated'>6 de marzo de 2026<\/span><span class=\"av-masonry-text-sep text-sep-author\">\/<\/span><span class='av-masonry-author meta-color author'><span class='fn'>por Pablo Junco<\/span><\/span><\/div><\/div><\/figcaption><\/figure><\/a><!--end av-masonry entry--><a href=\"https:\/\/web.sanjuan.gob.ar\/tribunaldecuentas\/2026\/02\/18\/participacion-en-reunion-de-la-red-federal-de-control-publico\/\"  id='av-masonry-1-item-1931' data-av-masonry-item='1931' class='av-masonry-entry isotope-item post-1931 post type-post status-publish format-standard has-post-thumbnail hentry category-noticias  av-masonry-item-with-image' title=\"DSC00333\"   itemscope=\"itemscope\" itemtype=\"https:\/\/schema.org\/CreativeWork\" ><div class='av-inner-masonry-sizer'><\/div><figure class='av-inner-masonry main_color'><div class=\"av-masonry-outerimage-container\"><div class='av-masonry-image-container' style=\"background-image: url(https:\/\/web.sanjuan.gob.ar\/tribunaldecuentas\/wp-content\/uploads\/sites\/19\/2026\/02\/DSC00333-705x396.jpg);\"  title=\"DSC00333\" ><\/div><\/div><figcaption class='av-inner-masonry-content site-background'><div class='av-inner-masonry-content-pos'><div class='av-inner-masonry-content-pos-content'><div class='avia-arrow'><\/div><h3 class='av-masonry-entry-title entry-title '  itemprop=\"headline\" >Participaci\u00f3n en reuni\u00f3n de la Red Federal de Control P\u00fablico<\/h3><div class='av-masonry-entry-content entry-content'  itemprop=\"text\" >El Tribunal de Cuentas particip\u00f3 de una reuni\u00f3n virtual\u2026<\/div><span class='av-masonry-date meta-color updated'>18 de febrero de 2026<\/span><span class=\"av-masonry-text-sep text-sep-author\">\/<\/span><span class='av-masonry-author meta-color author'><span class='fn'>por Pablo Junco<\/span><\/span><\/div><\/div><\/figcaption><\/figure><\/a><!--end av-masonry entry--><a href=\"https:\/\/web.sanjuan.gob.ar\/tribunaldecuentas\/2026\/02\/10\/el-presidente-del-tribunal-de-cuentas-participo-de-la-primera-reunion-del-consejo-directivo-del-sptcra\/\"  id='av-masonry-1-item-1923' data-av-masonry-item='1923' class='av-masonry-entry isotope-item post-1923 post type-post status-publish format-standard has-post-thumbnail hentry category-noticias  av-masonry-item-with-image' title=\"DSC00303\"   itemscope=\"itemscope\" itemtype=\"https:\/\/schema.org\/CreativeWork\" ><div class='av-inner-masonry-sizer'><\/div><figure class='av-inner-masonry main_color'><div class=\"av-masonry-outerimage-container\"><div class='av-masonry-image-container' style=\"background-image: url(https:\/\/web.sanjuan.gob.ar\/tribunaldecuentas\/wp-content\/uploads\/sites\/19\/2026\/02\/DSC00303-705x396.jpg);\"  title=\"DSC00303\" ><\/div><\/div><figcaption class='av-inner-masonry-content site-background'><div class='av-inner-masonry-content-pos'><div class='av-inner-masonry-content-pos-content'><div class='avia-arrow'><\/div><h3 class='av-masonry-entry-title entry-title '  itemprop=\"headline\" >El Presidente del Tribunal de Cuentas particip\u00f3 de la Primera Reuni\u00f3n del\u00a0 Consejo Directivo del SPTCRA<\/h3><div class='av-masonry-entry-content entry-content'  itemprop=\"text\" >El Dr. Pablo Garcia Nieto,&nbsp; en su car\u00e1cter de Vocal\u2026<\/div><span class='av-masonry-date meta-color updated'>10 de febrero de 2026<\/span><span class=\"av-masonry-text-sep text-sep-author\">\/<\/span><span class='av-masonry-author meta-color author'><span class='fn'>por Pablo Junco<\/span><\/span><\/div><\/div><\/figcaption><\/figure><\/a><!--end av-masonry entry--><a href=\"https:\/\/web.sanjuan.gob.ar\/tribunaldecuentas\/2026\/01\/06\/1901\/\"  id='av-masonry-1-item-1901' data-av-masonry-item='1901' class='av-masonry-entry isotope-item post-1901 post type-post status-publish format-standard has-post-thumbnail hentry category-noticias  av-masonry-item-with-image' title=\"foto 1\"   itemscope=\"itemscope\" itemtype=\"https:\/\/schema.org\/CreativeWork\" ><div class='av-inner-masonry-sizer'><\/div><figure class='av-inner-masonry main_color'><div class=\"av-masonry-outerimage-container\"><div class='av-masonry-image-container' style=\"background-image: url(https:\/\/web.sanjuan.gob.ar\/tribunaldecuentas\/wp-content\/uploads\/sites\/19\/2026\/01\/foto-1-705x453.jpeg);\"  title=\"foto 1\" ><\/div><\/div><figcaption class='av-inner-masonry-content site-background'><div class='av-inner-masonry-content-pos'><div class='av-inner-masonry-content-pos-content'><div class='avia-arrow'><\/div><h3 class='av-masonry-entry-title entry-title '  itemprop=\"headline\" >UN CIERRE DE A\u00d1O PARA AGRADECER Y RECONOCER TRAYECTORIAS<\/h3><div class='av-masonry-entry-content entry-content'  itemprop=\"text\" >En el marco de cierre del a\u00f1o institucional, el Tribunal\u2026<\/div><span class='av-masonry-date meta-color updated'>6 de enero de 2026<\/span><span class=\"av-masonry-text-sep text-sep-author\">\/<\/span><span class='av-masonry-author meta-color author'><span class='fn'>por Pablo Junco<\/span><\/span><\/div><\/div><\/figcaption><\/figure><\/a><!--end av-masonry entry--><\/div><div class='av-masonry-pagination av-masonry-pagination-pagination'><nav class='pagination'><span class='pagination-meta'>P\u00e1gina 1 de 10<\/span><span class='current'>1<\/span><a href='https:\/\/web.sanjuan.gob.ar\/tribunaldecuentas\/wp-json\/wp\/v2\/pages\/344\/?avia-element-paging=2' class='inactive next_page' >2<\/a><a href='https:\/\/web.sanjuan.gob.ar\/tribunaldecuentas\/wp-json\/wp\/v2\/pages\/344\/?avia-element-paging=3' class='inactive' >3<\/a><a href='https:\/\/web.sanjuan.gob.ar\/tribunaldecuentas\/wp-json\/wp\/v2\/pages\/344\/?avia-element-paging=2'>&rsaquo;<\/a><a href='https:\/\/web.sanjuan.gob.ar\/tribunaldecuentas\/wp-json\/wp\/v2\/pages\/344\/?avia-element-paging=10'>&raquo;<\/a><\/nav>\n<\/div><\/div><\/div>\n<\/p>\n","protected":false},"excerpt":{"rendered":"","protected":false},"author":1,"featured_media":0,"parent":0,"menu_order":0,"comment_status":"closed","ping_status":"closed","template":"","meta":{"footnotes":""},"class_list":["post-344","page","type-page","status-publish","hentry"],"_links":{"self":[{"href":"https:\/\/web.sanjuan.gob.ar\/tribunaldecuentas\/wp-json\/wp\/v2\/pages\/344","targetHints":{"allow":["GET"]}}],"collection":[{"href":"https:\/\/web.sanjuan.gob.ar\/tribunaldecuentas\/wp-json\/wp\/v2\/pages"}],"about":[{"href":"https:\/\/web.sanjuan.gob.ar\/tribunaldecuentas\/wp-json\/wp\/v2\/types\/page"}],"author":[{"embeddable":true,"href":"https:\/\/web.sanjuan.gob.ar\/tribunaldecuentas\/wp-json\/wp\/v2\/users\/1"}],"replies":[{"embeddable":true,"href":"https:\/\/web.sanjuan.gob.ar\/tribunaldecuentas\/wp-json\/wp\/v2\/comments?post=344"}],"version-history":[{"count":3,"href":"https:\/\/web.sanjuan.gob.ar\/tribunaldecuentas\/wp-json\/wp\/v2\/pages\/344\/revisions"}],"predecessor-version":[{"id":975,"href":"https:\/\/web.sanjuan.gob.ar\/tribunaldecuentas\/wp-json\/wp\/v2\/pages\/344\/revisions\/975"}],"wp:attachment":[{"href":"https:\/\/web.sanjuan.gob.ar\/tribunaldecuentas\/wp-json\/wp\/v2\/media?parent=344"}],"curies":[{"name":"wp","href":"https:\/\/api.w.org\/{rel}","templated":true}]}}