{"id":824,"date":"2018-05-03T15:19:56","date_gmt":"2018-05-03T15:19:56","guid":{"rendered":"http:\/\/wpoffice\/enfold-lawyer\/?page_id=824"},"modified":"2024-05-20T14:56:46","modified_gmt":"2024-05-20T12:56:46","slug":"normas-legales","status":"publish","type":"page","link":"https:\/\/web.sanjuan.gob.ar\/tribunaldecuentas\/normas-legales\/","title":{"rendered":"Normas legales"},"content":{"rendered":"\n<style type=\"text\/css\" data-created_by=\"avia_inline_auto\" id=\"style-css-av-145nae-651eae05fb78bdd4dd273144f78011ac\">\n.avia-section.av-145nae-651eae05fb78bdd4dd273144f78011ac{\nbackground-repeat:no-repeat;\nbackground-image:url(https:\/\/web.sanjuan.gob.ar\/tribunaldecuentas\/wp-content\/uploads\/sites\/19\/2018\/05\/hero-blurred.jpg);\nbackground-position:50% 50%;\nbackground-attachment:scroll;\n}\n.avia-section.av-145nae-651eae05fb78bdd4dd273144f78011ac .av-section-color-overlay{\nopacity:0.6;\nbackground-color:#084a79;\n}\n<\/style>\n<div id='av_section_1'  class='avia-section av-145nae-651eae05fb78bdd4dd273144f78011ac main_color avia-section-default avia-no-border-styling  avia-builder-el-0  el_before_av_section  avia-builder-el-first  avia-full-stretch avia-bg-style-scroll av-section-color-overlay-active av-minimum-height av-minimum-height-custom av-height-custom  container_wrap fullsize'  data-section-bg-repeat='stretch' data-av_minimum_height_px='230'><div class=\"av-section-color-overlay-wrap\"><div class=\"av-section-color-overlay\"><\/div><div class='container av-section-cont-open' style='height:230px'><main  role=\"main\" itemprop=\"mainContentOfPage\"  class='template-page content  av-content-full alpha units'><div class='post-entry post-entry-type-page post-entry-824'><div class='entry-content-wrapper clearfix'>\n\n<style type=\"text\/css\" data-created_by=\"avia_inline_auto\" id=\"style-css-av-jgf3pjem-ee2a691ebc0a9a100bc99d372a9c72ca\">\n#top .flex_column.av-jgf3pjem-ee2a691ebc0a9a100bc99d372a9c72ca{\nmargin-top:0px;\nmargin-bottom:0px;\n}\n.flex_column.av-jgf3pjem-ee2a691ebc0a9a100bc99d372a9c72ca{\nborder-radius:0px 0px 0px 0px;\npadding:0px 0px 0px 0px;\n}\n.responsive #top #wrap_all .flex_column.av-jgf3pjem-ee2a691ebc0a9a100bc99d372a9c72ca{\nmargin-top:0px;\nmargin-bottom:0px;\n}\n<\/style>\n<div  class='flex_column av-jgf3pjem-ee2a691ebc0a9a100bc99d372a9c72ca av_one_full  avia-builder-el-1  avia-builder-el-no-sibling  first flex_column_div av-animated-generic left-to-right av-zero-column-padding  '     ><style type=\"text\/css\" data-created_by=\"avia_inline_auto\" id=\"style-css-av-jgs0mnr3-95e367d4b6bdb17a3f8451f03057b61f\">\n#top .av-special-heading.av-jgs0mnr3-95e367d4b6bdb17a3f8451f03057b61f{\nmargin:0 0 0 0;\npadding-bottom:0;\ncolor:#ffffff;\nfont-size:4vw;\n}\nbody .av-special-heading.av-jgs0mnr3-95e367d4b6bdb17a3f8451f03057b61f .av-special-heading-tag .heading-char{\nfont-size:25px;\n}\n#top #wrap_all .av-special-heading.av-jgs0mnr3-95e367d4b6bdb17a3f8451f03057b61f .av-special-heading-tag{\nfont-size:4vw;\n}\n.av-special-heading.av-jgs0mnr3-95e367d4b6bdb17a3f8451f03057b61f .special-heading-inner-border{\nborder-color:#ffffff;\n}\n.av-special-heading.av-jgs0mnr3-95e367d4b6bdb17a3f8451f03057b61f .av-subheading{\nfont-size:25px;\n}\n\n@media only screen and (min-width: 480px) and (max-width: 767px){ \n#top #wrap_all .av-special-heading.av-jgs0mnr3-95e367d4b6bdb17a3f8451f03057b61f .av-special-heading-tag{\nfont-size:0.8em;\n}\n}\n\n@media only screen and (max-width: 479px){ \n#top #wrap_all .av-special-heading.av-jgs0mnr3-95e367d4b6bdb17a3f8451f03057b61f .av-special-heading-tag{\nfont-size:0.8em;\n}\n}\n<\/style>\n<div  class='av-special-heading av-jgs0mnr3-95e367d4b6bdb17a3f8451f03057b61f av-special-heading-h2 custom-color-heading blockquote modern-quote modern-centered  avia-builder-el-2  avia-builder-el-no-sibling  av-inherit-size'><h2 class='av-special-heading-tag '  itemprop=\"headline\"  >Normas Legales<\/h2><div class=\"special-heading-border\"><div class=\"special-heading-inner-border\"><\/div><\/div><\/div><\/div>\n\n<\/div><\/div><\/main><!-- close content main element --><\/div><\/div><\/div><div id='av_section_2'  class='avia-section av-qet8u-83147d0d40d9d249d4aacaaedd222aa0 main_color avia-section-huge avia-no-border-styling  avia-builder-el-3  el_after_av_section  avia-builder-el-last  avia-bg-style-scroll container_wrap fullsize'  ><div class='container av-section-cont-open' ><div class='template-page content  av-content-full alpha units'><div class='post-entry post-entry-type-page post-entry-824'><div class='entry-content-wrapper clearfix'>\n<div class='flex_column_table av-9wkhy-e77a2d0b1adebd586939c9803dd19025 sc-av_one_third av-equal-height-column-flextable'>\n<style type=\"text\/css\" data-created_by=\"avia_inline_auto\" id=\"style-css-av-9wkhy-e77a2d0b1adebd586939c9803dd19025\">\n#top .flex_column_table.av-equal-height-column-flextable.av-9wkhy-e77a2d0b1adebd586939c9803dd19025{\nmargin-top:0px;\nmargin-bottom:70px;\n}\n.flex_column.av-9wkhy-e77a2d0b1adebd586939c9803dd19025{\nborder-radius:3px 3px 3px 3px;\npadding:40px 40px 40px 40px;\nbackground-color:#094978;\nbackground:linear-gradient( to top right, #094978, #105e96 );\n}\n<\/style>\n<div  class='flex_column av-9wkhy-e77a2d0b1adebd586939c9803dd19025 av_one_third  avia-builder-el-4  el_before_av_two_third  avia-builder-el-first  first flex_column_table_cell av-equal-height-column av-align-middle av-animated-generic left-to-right  '     ><p>\n<style type=\"text\/css\" data-created_by=\"avia_inline_auto\" id=\"style-css-av-jgf8v45f-5038d65e0557a91c3f218041b07c8437\">\n.av_font_icon.av-jgf8v45f-5038d65e0557a91c3f218041b07c8437{\ncolor:#ffffff;\nborder-color:#ffffff;\n}\n.avia-svg-icon.av-jgf8v45f-5038d65e0557a91c3f218041b07c8437 svg:first-child{\nstroke:#ffffff;\nfill:#ffffff;\n}\n.av_font_icon.av-jgf8v45f-5038d65e0557a91c3f218041b07c8437 .av-icon-char{\nfont-size:70px;\nline-height:70px;\n}\n<\/style>\n<span  class='av_font_icon av-jgf8v45f-5038d65e0557a91c3f218041b07c8437 avia_animate_when_visible av-icon-style- avia-icon-pos-center avia-iconfont avia-font-justice avia-icon-animate'><span class='av-icon-char' data-av_icon='\uf106' data-av_iconfont='justice' aria-hidden=\"true\" ><\/span><\/span><br \/>\n\n<style type=\"text\/css\" data-created_by=\"avia_inline_auto\" id=\"style-css-av-14oiuw-9a4a14589065cdb6bc05686e7937102b\">\n#top .av-special-heading.av-14oiuw-9a4a14589065cdb6bc05686e7937102b{\nmargin:25px 0 0 0;\npadding-bottom:10px;\ncolor:#ffffff;\n}\nbody .av-special-heading.av-14oiuw-9a4a14589065cdb6bc05686e7937102b .av-special-heading-tag .heading-char{\nfont-size:25px;\n}\n.av-special-heading.av-14oiuw-9a4a14589065cdb6bc05686e7937102b .special-heading-inner-border{\nborder-color:#ffffff;\n}\n.av-special-heading.av-14oiuw-9a4a14589065cdb6bc05686e7937102b .av-subheading{\nfont-size:15px;\n}\n<\/style>\n<div  class='av-special-heading av-14oiuw-9a4a14589065cdb6bc05686e7937102b av-special-heading-h2 custom-color-heading blockquote modern-quote modern-centered  avia-builder-el-6  el_after_av_font_icon  el_before_av_textblock '><h2 class='av-special-heading-tag '  itemprop=\"headline\"  >Normas Legales<\/h2><div class=\"special-heading-border\"><div class=\"special-heading-inner-border\"><\/div><\/div><\/div><br \/>\n\n<style type=\"text\/css\" data-created_by=\"avia_inline_auto\" id=\"style-css-av-jgds8wgh-82047cc9b8468f8a610c6f05453a1647\">\n#top .av_textblock_section.av-jgds8wgh-82047cc9b8468f8a610c6f05453a1647 .avia_textblock{\ncolor:#ffffff;\n}\n<\/style>\n<section  class='av_textblock_section av-jgds8wgh-82047cc9b8468f8a610c6f05453a1647 '   itemscope=\"itemscope\" itemtype=\"https:\/\/schema.org\/CreativeWork\" ><div class='avia_textblock av_inherit_color'  itemprop=\"text\" ><p style=\"text-align: center;\">En esta secci\u00f3n Ud. puede consultar y descargar la normativa aplicable al Tribunal de Cuentas de la Provincia de San Juan<\/p>\n<\/div><\/section><br \/>\n\n<style type=\"text\/css\" data-created_by=\"avia_inline_auto\" id=\"style-css-av-jgf4q5kq-825be37ac99d4b015f13ff5abc085756\">\n#top .hr.hr-invisible.av-jgf4q5kq-825be37ac99d4b015f13ff5abc085756{\nheight:20px;\n}\n<\/style>\n<div  class='hr av-jgf4q5kq-825be37ac99d4b015f13ff5abc085756 hr-invisible  avia-builder-el-8  el_after_av_textblock  avia-builder-el-last '><span class='hr-inner '><span class=\"hr-inner-style\"><\/span><\/span><\/div><\/p><\/div><div class='av-flex-placeholder'><\/div>\n<style type=\"text\/css\" data-created_by=\"avia_inline_auto\" id=\"style-css-av-9wkhy-8474f0e814d9d7d8939ab67e892e4db6\">\n#top .flex_column_table.av-equal-height-column-flextable.av-9wkhy-8474f0e814d9d7d8939ab67e892e4db6{\nmargin-top:0px;\nmargin-bottom:70px;\n}\n.flex_column.av-9wkhy-8474f0e814d9d7d8939ab67e892e4db6{\nborder-radius:3px 3px 3px 3px;\npadding:40px 40px 40px 40px;\nbackground-color:#f7f7f7;\n}\n<\/style>\n<div  class='flex_column av-9wkhy-8474f0e814d9d7d8939ab67e892e4db6 av_two_third  avia-builder-el-9  el_after_av_one_third  avia-builder-el-last  flex_column_table_cell av-equal-height-column av-align-middle av-animated-generic left-to-right  '     ><p>\n<style type=\"text\/css\" data-created_by=\"avia_inline_auto\" id=\"style-css-av-rz8o0-b826441c84fd29b356991ba2cd741a5f\">\n#top .av-special-heading.av-rz8o0-b826441c84fd29b356991ba2cd741a5f{\nmargin:25px 0 0 0;\npadding-bottom:10px;\n}\nbody .av-special-heading.av-rz8o0-b826441c84fd29b356991ba2cd741a5f .av-special-heading-tag .heading-char{\nfont-size:25px;\n}\n.av-special-heading.av-rz8o0-b826441c84fd29b356991ba2cd741a5f .av-subheading{\nfont-size:15px;\n}\n<\/style>\n<div  class='av-special-heading av-rz8o0-b826441c84fd29b356991ba2cd741a5f av-special-heading-h2 blockquote modern-quote  avia-builder-el-10  el_before_av_iconlist  avia-builder-el-first '><h2 class='av-special-heading-tag '  itemprop=\"headline\"  >Descargas<\/h2><div class=\"special-heading-border\"><div class=\"special-heading-inner-border\"><\/div><\/div><\/div><br \/>\n\n<style type=\"text\/css\" data-created_by=\"avia_inline_auto\" id=\"style-css-av-luqykqit-bf05ca58d23c351ef30589bb38e36056\">\n#top .avia-icon-list-container.av-luqykqit-bf05ca58d23c351ef30589bb38e36056 .iconlist_icon{\nbackground-color:#105e96;\n}\n<\/style>\n<div  class='avia-icon-list-container av-luqykqit-bf05ca58d23c351ef30589bb38e36056  avia-builder-el-11  el_after_av_heading  avia-builder-el-last '><ul class='avia-icon-list avia_animate_when_almost_visible avia-icon-list-left av-iconlist-big av-luqykqit-bf05ca58d23c351ef30589bb38e36056 avia-iconlist-animate'>\n<li><div class='iconlist_icon av-luqykikw-f93c9c6de60d4d556569cd627d9d9402 avia-font-entypo-fontello avia-iconfont avia-font-entypo-fontello'><span class='av-icon-char' data-av_icon='\ue84b' data-av_iconfont='entypo-fontello' aria-hidden=\"true\"><\/span><\/div><article class=\"article-icon-entry av-iconlist-empty\"  itemscope=\"itemscope\" itemtype=\"https:\/\/schema.org\/CreativeWork\" ><div class=\"iconlist_content_wrap\"><header class=\"entry-content-header\" aria-label=\"Icon: &lt;a href=&#039;https:\/\/web.sanjuan.gob.ar\/tribunaldecuentas\/wp-content\/uploads\/sites\/19\/2024\/05\/Constitucion-de-San-juan-art256_al_262.pdf&#039; title=&#039;Secci\u00f3n D\u00e9cima cap\u00edtulo \u00fanico Arts. 256 al 262 de la Consituci\u00f3n de San Juan&#039; target=&quot;_blank&quot;  rel=&quot;noopener noreferrer&quot;&gt;Secci\u00f3n D\u00e9cima cap\u00edtulo \u00fanico Arts. 256 al 262 de la Consituci\u00f3n de San Juan&lt;\/a&gt;\"><h4 class='av_iconlist_title iconlist_title  '  itemprop=\"headline\" ><a href='https:\/\/web.sanjuan.gob.ar\/tribunaldecuentas\/wp-content\/uploads\/sites\/19\/2024\/05\/Constitucion-de-San-juan-art256_al_262.pdf' title='Secci\u00f3n D\u00e9cima cap\u00edtulo \u00fanico Arts. 256 al 262 de la Consituci\u00f3n de San Juan' target=\"_blank\"  rel=\"noopener noreferrer\">Secci\u00f3n D\u00e9cima cap\u00edtulo \u00fanico Arts. 256 al 262 de la Consituci\u00f3n de San Juan<\/a><\/h4><\/header><div class='iconlist_content '  itemprop=\"text\" ><\/div><\/div><footer class=\"entry-footer\"><\/footer><\/article><div class=\"iconlist-timeline\"><\/div><\/li>\n<li><div class='iconlist_icon av-luqykikw-f9162f3492a163e1704d1ff97b6ed103 avia-font-entypo-fontello avia-iconfont avia-font-entypo-fontello'><span class='av-icon-char' data-av_icon='\ue84b' data-av_iconfont='entypo-fontello' aria-hidden=\"true\"><\/span><\/div><article class=\"article-icon-entry av-iconlist-empty\"  itemscope=\"itemscope\" itemtype=\"https:\/\/schema.org\/CreativeWork\" ><div class=\"iconlist_content_wrap\"><header class=\"entry-content-header\" aria-label=\"Icon: &lt;a href=&#039;https:\/\/web.sanjuan.gob.ar\/tribunaldecuentas\/wp-content\/uploads\/sites\/19\/2024\/04\/LP-1100-E.pdf&#039; title=&#039;Ley 1100-E - Ley Org\u00e1nica del Tribunal de Cuentas&#039; target=&quot;_blank&quot;  rel=&quot;noopener noreferrer&quot;&gt;Ley 1100-E - Ley Org\u00e1nica del Tribunal de Cuentas&lt;\/a&gt;\"><h4 class='av_iconlist_title iconlist_title  '  itemprop=\"headline\" ><a href='https:\/\/web.sanjuan.gob.ar\/tribunaldecuentas\/wp-content\/uploads\/sites\/19\/2024\/04\/LP-1100-E.pdf' title='Ley 1100-E - Ley Org\u00e1nica del Tribunal de Cuentas' target=\"_blank\"  rel=\"noopener noreferrer\">Ley 1100-E - Ley Org\u00e1nica del Tribunal de Cuentas<\/a><\/h4><\/header><div class='iconlist_content '  itemprop=\"text\" ><\/div><\/div><footer class=\"entry-footer\"><\/footer><\/article><div class=\"iconlist-timeline\"><\/div><\/li>\n<li><div class='iconlist_icon av-luqykikw-6198e2bccd5fbc1e3a9e4b13c9e2b395 avia-font-entypo-fontello avia-iconfont avia-font-entypo-fontello'><span class='av-icon-char' data-av_icon='\ue84b' data-av_iconfont='entypo-fontello' aria-hidden=\"true\"><\/span><\/div><article class=\"article-icon-entry av-iconlist-empty\"  itemscope=\"itemscope\" itemtype=\"https:\/\/schema.org\/CreativeWork\" ><div class=\"iconlist_content_wrap\"><header class=\"entry-content-header\" aria-label=\"Icon: &lt;a href=&#039;https:\/\/web.sanjuan.gob.ar\/tribunaldecuentas\/wp-content\/uploads\/sites\/19\/2024\/05\/Acta-404-Reglamento-Interno.pdf&#039; title=&#039;Reglamento Interno&#039; target=&quot;_blank&quot;  rel=&quot;noopener noreferrer&quot;&gt;Reglamento Interno&lt;\/a&gt;\"><h4 class='av_iconlist_title iconlist_title  '  itemprop=\"headline\" ><a href='https:\/\/web.sanjuan.gob.ar\/tribunaldecuentas\/wp-content\/uploads\/sites\/19\/2024\/05\/Acta-404-Reglamento-Interno.pdf' title='Reglamento Interno' target=\"_blank\"  rel=\"noopener noreferrer\">Reglamento Interno<\/a><\/h4><\/header><div class='iconlist_content '  itemprop=\"text\" ><\/div><\/div><footer class=\"entry-footer\"><\/footer><\/article><div class=\"iconlist-timeline\"><\/div><\/li>\n<\/ul><\/div><\/p><\/div><\/div><!--close column table wrapper. Autoclose: 1 -->\n","protected":false},"excerpt":{"rendered":"","protected":false},"author":1,"featured_media":0,"parent":0,"menu_order":0,"comment_status":"closed","ping_status":"closed","template":"","meta":{"footnotes":""},"class_list":["post-824","page","type-page","status-publish","hentry"],"_links":{"self":[{"href":"https:\/\/web.sanjuan.gob.ar\/tribunaldecuentas\/wp-json\/wp\/v2\/pages\/824","targetHints":{"allow":["GET"]}}],"collection":[{"href":"https:\/\/web.sanjuan.gob.ar\/tribunaldecuentas\/wp-json\/wp\/v2\/pages"}],"about":[{"href":"https:\/\/web.sanjuan.gob.ar\/tribunaldecuentas\/wp-json\/wp\/v2\/types\/page"}],"author":[{"embeddable":true,"href":"https:\/\/web.sanjuan.gob.ar\/tribunaldecuentas\/wp-json\/wp\/v2\/users\/1"}],"replies":[{"embeddable":true,"href":"https:\/\/web.sanjuan.gob.ar\/tribunaldecuentas\/wp-json\/wp\/v2\/comments?post=824"}],"version-history":[{"count":3,"href":"https:\/\/web.sanjuan.gob.ar\/tribunaldecuentas\/wp-json\/wp\/v2\/pages\/824\/revisions"}],"predecessor-version":[{"id":1095,"href":"https:\/\/web.sanjuan.gob.ar\/tribunaldecuentas\/wp-json\/wp\/v2\/pages\/824\/revisions\/1095"}],"wp:attachment":[{"href":"https:\/\/web.sanjuan.gob.ar\/tribunaldecuentas\/wp-json\/wp\/v2\/media?parent=824"}],"curies":[{"name":"wp","href":"https:\/\/api.w.org\/{rel}","templated":true}]}}