{"id":152,"date":"2019-11-20T09:48:19","date_gmt":"2019-11-20T12:48:19","guid":{"rendered":"https:\/\/web.sanjuan.gob.ar\/unide\/?page_id=152"},"modified":"2019-11-20T09:48:19","modified_gmt":"2019-11-20T12:48:19","slug":"geoservicios","status":"publish","type":"page","link":"https:\/\/web.sanjuan.gob.ar\/unide\/geoservicios\/","title":{"rendered":"Geoservicios"},"content":{"rendered":"<div class=\"wpb-content-wrapper\"><p>[vc_row][vc_column][vc_column_text]<\/p>\n<p style=\"text-align: justify;\">Servicios WMS<\/p>\n<p style=\"text-align: justify;\">El Servicio de Mapas en Web (WMS) permite la visualizaci\u00f3n de informaci\u00f3n geogr\u00e1fica a partir de una representaci\u00f3n de \u00e9sta, de una imagen del mundo real para un \u00e1rea solicitada por el usuario. Esta representaci\u00f3n puede provenir de un archivo vectorial de un SIG, un mapa digital, una ortofoto, una imagen de sat\u00e9lite, entre m\u00faltiples posibilidades. Puede organizarse en una o m\u00e1s capas de datos que pueden visualizarse u ocultarse una a una. Se puede consultar cierta informaci\u00f3n disponible y las caracter\u00edsticas de la imagen del mapa.<\/p>\n<p style=\"text-align: justify;\">URL WMS:<\/p>\n<p style=\"text-align: justify;\"><a href=\"https:\/\/unide.sanjuan.gob.ar\/geoserver\/wms\">https:\/\/unide.sanjuan.gob.ar\/geoserver\/wms<\/a><\/p>\n<p>[\/vc_column_text][\/vc_column][\/vc_row]<\/p>\n<\/div>","protected":false},"excerpt":{"rendered":"<p>[vc_row][vc_column][vc_column_text] Servicios WMS El Servicio de Mapas en Web (WMS) permite la visualizaci\u00f3n de informaci\u00f3n geogr\u00e1fica a partir de una representaci\u00f3n de \u00e9sta, de una imagen del mundo real para un \u00e1rea solicitada por el usuario. Esta representaci\u00f3n puede provenir de un archivo vectorial de un SIG, un mapa digital, una ortofoto, una imagen de [&hellip;]<\/p>\n","protected":false},"author":1,"featured_media":0,"parent":0,"menu_order":0,"comment_status":"closed","ping_status":"closed","template":"","meta":{"footnotes":""},"class_list":["post-152","page","type-page","status-publish","hentry"],"_links":{"self":[{"href":"https:\/\/web.sanjuan.gob.ar\/unide\/wp-json\/wp\/v2\/pages\/152","targetHints":{"allow":["GET"]}}],"collection":[{"href":"https:\/\/web.sanjuan.gob.ar\/unide\/wp-json\/wp\/v2\/pages"}],"about":[{"href":"https:\/\/web.sanjuan.gob.ar\/unide\/wp-json\/wp\/v2\/types\/page"}],"author":[{"embeddable":true,"href":"https:\/\/web.sanjuan.gob.ar\/unide\/wp-json\/wp\/v2\/users\/1"}],"replies":[{"embeddable":true,"href":"https:\/\/web.sanjuan.gob.ar\/unide\/wp-json\/wp\/v2\/comments?post=152"}],"version-history":[{"count":1,"href":"https:\/\/web.sanjuan.gob.ar\/unide\/wp-json\/wp\/v2\/pages\/152\/revisions"}],"predecessor-version":[{"id":153,"href":"https:\/\/web.sanjuan.gob.ar\/unide\/wp-json\/wp\/v2\/pages\/152\/revisions\/153"}],"wp:attachment":[{"href":"https:\/\/web.sanjuan.gob.ar\/unide\/wp-json\/wp\/v2\/media?parent=152"}],"curies":[{"name":"wp","href":"https:\/\/api.w.org\/{rel}","templated":true}]}}